{"id":11972,"date":"2023-10-04T05:54:52","date_gmt":"2023-10-04T05:54:52","guid":{"rendered":"https:\/\/www.sunkaraoke.hu\/?post_type=product&#038;p=11972"},"modified":"2025-03-31T10:10:18","modified_gmt":"2025-03-31T10:10:18","slug":"josh-feat-delta-gyere-csinald-meg","status":"publish","type":"product","link":"https:\/\/www.sunkaraoke.hu\/index.php\/termek\/josh-feat-delta-gyere-csinald-meg\/","title":{"rendered":"<div class=\"wcmp-player-container product-11972\"><audio controlslist=\"nodownload\" data-product=\"11972\"  volume=\"1\"  preload=\"none\" data-lazyloading=\"none\" class=\"wcmp-player track mejs-classic\" data-duration=\"0:32\" data-estimated_duration=\"4\"><source src=\"https:\/\/www.sunkaraoke.hu\/wp-content\/uploads\/2023\/10\/Gyere-csinald-meg-Delta_demo.mp3\" type=\"audio\/mp3\" \/><\/audio><\/div>Josh Feat Delta: Gyere csin\u00e1ld m\u00e9g (Original)"},"content":{"rendered":"<p><strong>03:42<\/strong>\u00a0| <strong><img loading=\"lazy\" decoding=\"async\" class=\"alignnone size-full wp-image-467\" src=\"https:\/\/www.sunkaraoke.hu\/wp-content\/uploads\/2022\/07\/choir_2-copy.webp\" alt=\"\" width=\"30\" height=\"30\" \/> <\/strong><\/p>\n","protected":false},"excerpt":{"rendered":"<h5><strong>Bits\u0171r\u0171s\u00e9g: 320kb\/s<\/strong><br \/>\n<strong>Hossz: 03:41<\/strong><br \/>\n<strong>Vok\u00e1lt tartalmaz: Nem <img loading=\"lazy\" decoding=\"async\" class=\"alignnone size-full wp-image-467\" src=\"http:\/\/www.sunkaraoke.hu\/wp-content\/uploads\/2022\/07\/choir_2-copy.png\" alt=\"\" width=\"30\" height=\"30\" \/><\/strong><strong style=\"font-size: 16px;\"><br \/>\n<\/strong><\/h5>\n<p>Sunkaraoke mp3 st\u00fadi\u00f3 \/ www.sunkaraoke.hu \/ Inf: Tel: 06 20 4275001<\/p>\n<p>&#8212;Intr\u00f3&#8212;<br \/>\nEz csak a kezdet, de nyitva a v\u00e9g,<br \/>\naz \u00e9jjel \u00fagy sz\u00e9p hogyha sokat \u00edg\u00e9r.<br \/>\nBaby r\u00e1zd j\u00f3l, ne sajn\u00e1ld,<br \/>\n\u00e9n lszek a kulcs \u00e9s te leszel a z\u00e1r!<br \/>\n\u00d3\u00f3\u00f3, \u00d3\u00f3\u00f3, \u00d3\u00f3\u00f3, \u00d3\u00f3\u00f3, gyere csin\u00e1ld m\u00e9g!<br \/>\n\u00d3\u00f3\u00f3, \u00d3\u00f3\u00f3, \u00d3\u00f3\u00f3, \u00d3\u00f3\u00f3, \u00e9nekelj vel\u00fcnk Baby!<br \/>\n\u00c9jjo! \u00c9jjo! Ez a buli pont j\u00f3,<br \/>\nrep\u00fcl a tanga, ez veszedelem.<br \/>\n\u00c9jjo! \u00c9jjo! Sz\u00e9d\u00edt\u0151 a temp\u00f3,<br \/>\nha tudn\u00e9k p\u00f6r\u00f6gn\u00e9k \u00e9n a fejemen.<br \/>\n\u00c9jjo! \u00c9jjo! Ez a buli pont j\u00f3,<br \/>\nrep\u00fcl a tanga, ez veszedelem.<br \/>\n\u00c9jjo! \u00c9jjo! Sz\u00e9d\u00edt\u0151 a temp\u00f3,<br \/>\nha tudn\u00e9k p\u00f6r\u00f6gn\u00e9k \u00e9n a fejemen.<br \/>\n&#8212;Sz\u00f3l\u00f3&#8212;<br \/>\nLapos k\u00fasz\u00e1s, \u00f6lelkez\u00e9s,<br \/>\na r\u00f3k\u00e1t elkergett\u00fck, boldog a n\u00e9p.<br \/>\nNek\u00fcnk \u00edgy j\u00f3, de ha el\u00e1zt\u00e1l,<br \/>\nholnap majd kigooglezod mibe m\u00e1szt\u00e1l.<br \/>\n\u00d3\u00f3\u00f3, \u00d3\u00f3\u00f3, \u00d3\u00f3\u00f3, \u00d3\u00f3\u00f3, gyere csin\u00e1ld m\u00e9g!<br \/>\n\u00d3\u00f3\u00f3, \u00d3\u00f3\u00f3, \u00d3\u00f3\u00f3, \u00d3\u00f3\u00f3, \u00e9nekelj vel\u00fcnk Baby!<br \/>\n\u00c9jjo! \u00c9jjo! Ez a buli pont j\u00f3,<br \/>\nrep\u00fcl a tanga, ez veszedelem.<br \/>\n\u00c9jjo! \u00c9jjo! Sz\u00e9d\u00edt\u0151 a temp\u00f3,<br \/>\nha tudn\u00e9k p\u00f6r\u00f6gn\u00e9k \u00e9n a fejemen.<br \/>\n\u00c9jjo! \u00c9jjo! Ez a buli pont j\u00f3,<br \/>\nrep\u00fcl a tanga, ez veszedelem.<br \/>\n\u00c9jjo! \u00c9jjo! Sz\u00e9d\u00edt\u0151 a temp\u00f3,<br \/>\nha tudn\u00e9k p\u00f6r\u00f6gn\u00e9k \u00e9n a fejemen.<br \/>\n\u00d6r\u00f6m a k\u00f6b\u00f6n ha egy\u00fctt vagyunk,<br \/>\nnem kell hogy t\u00f6bbr\u0151l sz\u00f3ljon a dalunk.<br \/>\nVeletek a legjobb meg\u0151r\u00fclni,<br \/>\nmeg az eg\u00e9sz \u00e9jszak\u00e1t \u00e1tt\u00e1ncolni<br \/>\nHagyjuk m\u00e1r a sztor\u00e9mi\u00e1t,<br \/>\nmikor a bulis zen\u00e9kre t\u00e1ncol a vil\u00e1g.<br \/>\nCsapasd vel\u00fcnk, csapasd vl\u00fcnk,<br \/>\nnincs m\u00e9g, m\u00e9gm\u00e9gm\u00e9gm\u00e9g ennyi nem el\u00e9g!<br \/>\n\u00c9jjo! \u00c9jjo! Ez a buli pont j\u00f3!<br \/>\n\u00c9jjo! \u00c9jjo! \u00c9jjo! \u00c9jjo! \u00e9nekelj vel\u00fcnk m\u00e9g, m\u00e9g!<br \/>\n\u00c9jjo! \u00c9jjo! Ez a buli pont j\u00f3,<br \/>\nrep\u00fcl a tanga, ez veszedelem.<br \/>\n\u00c9jjo! \u00c9jjo! Sz\u00e9d\u00edt\u0151 a temp\u00f3,<br \/>\nha tudn\u00e9k p\u00f6r\u00f6gn\u00e9k \u00e9n a fejemen.<br \/>\n&#8212;V\u00e9ge&#8212;<\/p>\n","protected":false},"featured_media":9005,"template":"","meta":{"site-sidebar-layout":"default","site-content-layout":"default","ast-site-content-layout":"default","site-content-style":"default","site-sidebar-style":"default","ast-global-header-display":"","ast-banner-title-visibility":"","ast-main-header-display":"","ast-hfb-above-header-display":"","ast-hfb-below-header-display":"","ast-hfb-mobile-header-display":"","site-post-title":"","ast-breadcrumbs-content":"","ast-featured-img":"","footer-sml-layout":"","theme-transparent-header-meta":"default","adv-header-id-meta":"","stick-header-meta":"","header-above-stick-meta":"","header-main-stick-meta":"","header-below-stick-meta":"","astra-migrate-meta-layouts":"set","ast-page-background-enabled":"default","ast-page-background-meta":{"desktop":{"background-color":"var(--ast-global-color-4)","background-image":"","background-repeat":"repeat","background-position":"center center","background-size":"auto","background-attachment":"scroll","background-type":"","background-media":"","overlay-type":"","overlay-color":"","overlay-opacity":"","overlay-gradient":""},"tablet":{"background-color":"","background-image":"","background-repeat":"repeat","background-position":"center center","background-size":"auto","background-attachment":"scroll","background-type":"","background-media":"","overlay-type":"","overlay-color":"","overlay-opacity":"","overlay-gradient":""},"mobile":{"background-color":"","background-image":"","background-repeat":"repeat","background-position":"center center","background-size":"auto","background-attachment":"scroll","background-type":"","background-media":"","overlay-type":"","overlay-color":"","overlay-opacity":"","overlay-gradient":""}},"ast-content-background-meta":{"desktop":{"background-color":"var(--ast-global-color-5)","background-image":"","background-repeat":"repeat","background-position":"center center","background-size":"auto","background-attachment":"scroll","background-type":"","background-media":"","overlay-type":"","overlay-color":"","overlay-opacity":"","overlay-gradient":""},"tablet":{"background-color":"var(--ast-global-color-5)","background-image":"","background-repeat":"repeat","background-position":"center center","background-size":"auto","background-attachment":"scroll","background-type":"","background-media":"","overlay-type":"","overlay-color":"","overlay-opacity":"","overlay-gradient":""},"mobile":{"background-color":"var(--ast-global-color-5)","background-image":"","background-repeat":"repeat","background-position":"center center","background-size":"auto","background-attachment":"scroll","background-type":"","background-media":"","overlay-type":"","overlay-color":"","overlay-opacity":"","overlay-gradient":""}}},"product_cat":[48],"product_tag":[],"class_list":["post-11972","product","type-product","status-publish","has-post-thumbnail","hentry","product_cat-sunkaraoke-dalok","desktop-align-left","tablet-align-left","mobile-align-left"],"_links":{"self":[{"href":"https:\/\/www.sunkaraoke.hu\/index.php\/wp-json\/wp\/v2\/product\/11972","targetHints":{"allow":["GET"]}}],"collection":[{"href":"https:\/\/www.sunkaraoke.hu\/index.php\/wp-json\/wp\/v2\/product"}],"about":[{"href":"https:\/\/www.sunkaraoke.hu\/index.php\/wp-json\/wp\/v2\/types\/product"}],"wp:featuredmedia":[{"embeddable":true,"href":"https:\/\/www.sunkaraoke.hu\/index.php\/wp-json\/wp\/v2\/media\/9005"}],"wp:attachment":[{"href":"https:\/\/www.sunkaraoke.hu\/index.php\/wp-json\/wp\/v2\/media?parent=11972"}],"wp:term":[{"taxonomy":"product_cat","embeddable":true,"href":"https:\/\/www.sunkaraoke.hu\/index.php\/wp-json\/wp\/v2\/product_cat?post=11972"},{"taxonomy":"product_tag","embeddable":true,"href":"https:\/\/www.sunkaraoke.hu\/index.php\/wp-json\/wp\/v2\/product_tag?post=11972"}],"curies":[{"name":"wp","href":"https:\/\/api.w.org\/{rel}","templated":true}]}}