{"id":11964,"date":"2023-10-02T14:27:55","date_gmt":"2023-10-02T14:27:55","guid":{"rendered":"https:\/\/www.sunkaraoke.hu\/?post_type=product&#038;p=11964"},"modified":"2025-05-13T12:38:07","modified_gmt":"2025-05-13T12:38:07","slug":"piros-bela-piros-mulatos-73-mix","status":"publish","type":"product","link":"https:\/\/www.sunkaraoke.hu\/index.php\/termek\/piros-bela-piros-mulatos-73-mix\/","title":{"rendered":"<div class=\"wcmp-player-container product-11964\"><audio controlslist=\"nodownload\" data-product=\"11964\"  volume=\"1\"  preload=\"none\" data-lazyloading=\"none\" class=\"wcmp-player track mejs-classic\" data-duration=\"0:35\" data-estimated_duration=\"4\"><source src=\"https:\/\/www.sunkaraoke.hu\/wp-content\/uploads\/2023\/10\/Piros-mulatos-mix-73-_demo.mp3\" type=\"audio\/mp3\" \/><\/audio><\/div>Piros B\u00e9la -Piros Mulat\u00f3s 73. Mix. (Original)"},"content":{"rendered":"<p><b>16:09<\/b>| <strong><img loading=\"lazy\" decoding=\"async\" class=\"alignnone size-full wp-image-467\" src=\"https:\/\/www.sunkaraoke.hu\/wp-content\/uploads\/2022\/07\/choir_2-copy.webp\" alt=\"\" width=\"30\" height=\"30\" \/> <\/strong><\/p>\n","protected":false},"excerpt":{"rendered":"<h6><strong>Bits\u0171r\u0171s\u00e9g: 320kb\/s<\/strong><br \/>\n<strong>Hossz: 16:09<\/strong><br \/>\n<strong>Vok\u00e1lt tartalmaz: Nem <img loading=\"lazy\" decoding=\"async\" class=\"alignnone size-full wp-image-467\" src=\"http:\/\/www.sunkaraoke.hu\/wp-content\/uploads\/2022\/07\/choir_2-copy.png\" alt=\"\" width=\"30\" height=\"30\" \/><\/strong><strong style=\"font-size: 16px;\"><br \/>\n<\/strong><\/h6>\n<p>Sunkaraoke mp3 st\u00fadi\u00f3 \/ www.sunkaraoke.hu \/ Inf: Tel: 06 20 4275001<\/p>\n<p>&#8212;Intr\u00f3&#8212;<br \/>\nS\u00e1rga a csik\u00f3,s\u00e1rga a nyereg rajta,most akartam hozz\u00e1d menni rajta.<br \/>\nMost akartam v\u00e9led besz\u00e9lgetni,itt van az id\u0151,el kell mas\u00edrozni!<br \/>\nMost akartam v\u00e9led besz\u00e9lgetni,itt van az id\u0151,el kell mas\u00edrozni!<br \/>\nAny\u00e1m,any\u00e1m,kedves \u00e9desany\u00e1m,de szomor\u00fa vas\u00e1rnap d\u00e9lut\u00e1n.<br \/>\nH\u00e1zunk el\u0151tt sz\u00e9pen muzsik\u00e1lnak,engemet pedig visznek katon\u00e1nak.<br \/>\nH\u00e1zunk el\u0151tt sz\u00e9pen muzsik\u00e1lnak,engemet pedig visznek katon\u00e1nak.<br \/>\nNe vigyenek engem katon\u00e1nak!Megszakad a sz\u00edve a bab\u00e1mnak.<br \/>\nMeghasad a bab\u00e1m gy\u00f6nge sz\u00edve,ha engemet elrabolnak t\u0151le.<br \/>\nMeghasad a bab\u00e1m gy\u00f6nge sz\u00edve,ha engemet elrabolnak t\u0151le.<br \/>\n&#8212;Sz\u00f3l\u00f3&#8212;-<br \/>\nL\u00e1nyok,a leg\u00e9nyt j\u00f3l megbecs\u00fclj\u00e9tek,ha r\u00e9szeg is,\u00e1gyba fektess\u00e9tek!<br \/>\nFektess\u00e9tek a z\u00f6ld paplanos \u00e1gyba,nyomjatok cs\u00f3kot a r\u00e9szeg pof\u00e1j\u00e1ra!<br \/>\nFektess\u00e9tek a z\u00f6ld paplanos \u00e1gyba,nyomjatok cs\u00f3kot a r\u00e9szeg pof\u00e1j\u00e1ra!<br \/>\n&#8212;Sz\u00f3l\u00f3&#8212;<br \/>\nSz\u00e9p a bab\u00e1m fekete szeme,r\u00e1 se tekint soha senkire!<br \/>\nHajnalcsillag az \u00e9gen, nem ragyogsz \u00fagy \u00e9n n\u00e9kem,mint a bab\u00e1m fekete szeme!<br \/>\nHajnalcsillag az \u00e9gen, nem ragyogsz \u00fagy \u00e9n n\u00e9kem,mint a bab\u00e1m fekete szeme!<br \/>\nHogyha v\u00e9gig megyek az utc\u00e1n,hej, de sokan kacsintanak r\u00e1m!<br \/>\nF\u00e9lren\u00e9zek nevetve, mindig az jut az eszembe,hogy szebb a bab\u00e1m fekete szeme!<br \/>\nF\u00e9lren\u00e9zek nevetve, mindig az jut az eszembe,hogy szebb a bab\u00e1m fekete szeme!<br \/>\n&#8212;Sz\u00f3l\u00f3&#8212;<br \/>\nF\u0171, fa, lomb, vir\u00e1g, sz\u00edvem \u00fagy im\u00e1d. Ny\u00e1ri z\u00f6ld lev\u00e9l, mondd, szeretsz-e m\u00e9g?<br \/>\nSz\u00e9p aranykal\u00e1sz, g\u00f3lyaf\u00e9szek sz\u00e1z, ny\u00e1ri z\u00f6ld lev\u00e9l, mondd, szeretsz-e m\u00e9g?<br \/>\nA h\u00e1zunk tetej\u00e9n zsupfed\u00e9l van,\u00e9s ha t\u00e9l van, \u00f6sszeb\u00fajunk, kicsi p\u00e1rom.<br \/>\nVas\u00e1rnap d\u00e9lut\u00e1n kis harang sz\u00f3l,\u00e9s ilyenkor te vagy az \u00e9n im\u00e1ds\u00e1gom.<br \/>\nBoldogs\u00e1gom l\u00e1tom a k\u00e9t szemeden, hidd el, r\u00f3zs\u00e1m, ez a igaz szerelem!<br \/>\nA h\u00e1zunk tetej\u00e9n zsupfed\u00e9l van, \u00e9s ha t\u00e9l van, \u00f6sszeb\u00fajunk, kicsi p\u00e1rom.<br \/>\nBoldogs\u00e1gom l\u00e1tom a k\u00e9t szemeden, hidd el, r\u00f3zs\u00e1m, ez a igaz szerelem!<br \/>\nA h\u00e1zunk tetej\u00e9n zsupfed\u00e9l van, \u00e9s ha t\u00e9l van, \u00f6sszeb\u00fajunk, kicsi p\u00e1rom.<br \/>\nF\u0171, fa, lomb, vir\u00e1g, sz\u00edvem \u00fagy im\u00e1d. Ny\u00e1ri z\u00f6ld lev\u00e9l, mondd, szeretsz-e m\u00e9g?<br \/>\nSz\u00e9p aranykal\u00e1sz, g\u00f3lyaf\u00e9szek sz\u00e1z, ny\u00e1ri z\u00f6ld lev\u00e9l, mondd, szeretsz-e m\u00e9g?<br \/>\nA h\u00e1zunk tetej\u00e9n zsupfed\u00e9l van, \u00e9s ha t\u00e9l van, \u00f6sszeb\u00fajunk, kicsi p\u00e1rom.<br \/>\nVas\u00e1rnap d\u00e9lut\u00e1n kis harang sz\u00f3l,\u00e9s ilyenkor te vagy az \u00e9n im\u00e1ds\u00e1gom.<br \/>\nBoldogs\u00e1gom l\u00e1tom a k\u00e9t szemeden, hidd el, r\u00f3zs\u00e1m, ez a igaz szerelem!<br \/>\nA h\u00e1zunk tetej\u00e9n zsupfed\u00e9l van,\u00e9s ha t\u00e9l van, \u00f6sszeb\u00fajunk, kicsi p\u00e1rom.<br \/>\nBoldogs\u00e1gom l\u00e1tom a k\u00e9t szemeden, hidd el, r\u00f3zs\u00e1m, ez a igaz szerelem!<br \/>\nA h\u00e1zunk tetej\u00e9n zsupfed\u00e9l van, \u00e9s ha t\u00e9l van, \u00f6sszeb\u00fajunk, kicsi p\u00e1rom.<br \/>\n&#8212;Sz\u00f3l\u00f3&#8212;<br \/>\nNem loptam \u00e9n \u00e9letemben, csak egy csik\u00f3t Debrecenben.<br \/>\nM\u00e9gis r\u00e1m vert\u00e9k a vasat, a bab\u00e1m sz\u00edve majd meghasadt.<br \/>\nM\u00e9gis r\u00e1m vert\u00e9k a vasat, a bab\u00e1m sz\u00edve majd meghasadt.<br \/>\nA bihari h\u00e1rmashat\u00e1r, ott leszek \u00e9n h\u00edres bety\u00e1r.<br \/>\nViselem a bety\u00e1r nevet, mert a bab\u00e1m m\u00e1r nem szeret.<br \/>\nViselem a bety\u00e1r nevet, mert a bab\u00e1m m\u00e1r nem szeret.<br \/>\nLoptam ty\u00fakot, loptam lovat, m\u00e9gsem vert\u00e9k r\u00e1m a vasat.<br \/>\nMost meg loptam egy szamarat, egyb\u0151l r\u00e1m vert\u00e9k a vasat.<br \/>\nMost meg loptam egy szamarat, egyb\u0151l r\u00e1m vert\u00e9k a vasat.<br \/>\n&#8212;-Sz\u00f3l\u00f3&#8211;<br \/>\nEzekkel a sof\u0151r\u00f6kkel baj van, baj van, pl\u00e1ne mikor a kocsiba csaj van, csaj van.<br \/>\nEzekkel a sof\u0151r\u00f6kkel baj van, baj van, pl\u00e1ne mikor a kocsiba csaj van, csaj van.<br \/>\nHazamegy az \u00f6reg sof\u0151r el\u00e1zva, azt hazudja jav\u00edtott a gar\u00e1zsba,<br \/>\nezekkel a sof\u0151r\u00f6kkel baj van, baj van, pl\u00e1ne mikor a kocsiba csaj van, csaj van.<br \/>\nHazamegy az \u00f6reg sof\u0151r el\u00e1zva, azt hazudja jav\u00edtott a gar\u00e1zsba,<br \/>\nezekkel a sof\u0151r\u00f6kkel baj van,pl\u00e1ne mikor a kocsiba csaj van, csaj van.<br \/>\nKom\u00e1masszony tizenh\u00e1rom ty\u00fakja, ty\u00fakja, kiszaladt a , kiszaladt az \u00fatra.<br \/>\nKom\u00e1masszony tizenh\u00e1rom ty\u00fakja, ty\u00fakja, kiszaladt a , kiszaladt az \u00fatra.<br \/>\nA kakasnak nem sz\u00e1m\u00edt a ker\u00edt\u00e9s, \u00e1tugorja megtoj\u00f3zza a j\u00e9rc\u00e9t,<br \/>\nkom\u00e1masszony tizenh\u00e1rom ty\u00fakja, ty\u00fakja, kiszaladt a , kiszaladt az \u00fatra.<br \/>\nA kakasnak nem sz\u00e1m\u00edt a ker\u00edt\u00e9s, \u00e1tugorja megtoj\u00f3zza a j\u00e9rc\u00e9t,<br \/>\nkom\u00e1masszony tizenh\u00e1rom ty\u00fakja, ty\u00fakja, kiszaladt a , kiszaladt az \u00fatra.<br \/>\n&#8212;Sz\u00f3l\u00f3&#8212;<br \/>\n\u00c9n vagyok a falu rossza egyed\u00fcl, csak n\u00e9kem heged\u00fcl a v\u00e9n cig\u00e1ny.<br \/>\n\u00c9n vagyok a falu rossza egyed\u00fcl, csak n\u00e9kem heged\u00fcl a v\u00e9n cig\u00e1ny.<br \/>\nHa nincsen p\u00e9nzem, iszom hitelbe\u2019, eny\u00e9m a legszebb le\u00e1ny szerelme.<br \/>\n\u00c9n vagyok a falu rossza egyed\u00fcl, csak n\u00e9kem heged\u00fcl a v\u00e9n cig\u00e1ny.<br \/>\nHa nincsen p\u00e9nzem, iszom hitelbe\u2019, eny\u00e9m a legszebb le\u00e1ny szerelme.<br \/>\n\u00c9n vagyok a falu rossza egyed\u00fcl, csak n\u00e9kem heged\u00fcl a v\u00e9n cig\u00e1ny.<br \/>\n&#8212;Sz\u00f3l\u00f3&#8212;<br \/>\nAranycip\u0151,aranyruha,romab\u00e1lba k\u00e9sz\u00fcl ma a cig\u00e1nycsapat.<br \/>\nAranygy\u0171r\u0171,aranyszalag \u00e9s a fej\u00e9n aranycsipk\u00e9s aranykalap.<br \/>\nCsukl\u00f3j\u00e1n meg aranykark\u00f6t\u0151,gy\u0171r\u0171j\u00e9ben ott ragyog a k\u0151.<br \/>\nCs\u00f6pp kis f\u00fcl\u00e9n aranykarika,jaj,de csinos ez a Marika!<br \/>\nCsukl\u00f3j\u00e1n meg aranykark\u00f6t\u0151,gy\u0171r\u0171j\u00e9ben ott ragyog a k\u0151.<br \/>\nCs\u00f6pp kis f\u00fcl\u00e9n aranykarika,jaj,de csinos ez a Marika!<br \/>\nNincs aranycip\u0151m,nincs aranyruh\u00e1m,a cs\u00f3r\u00f3s\u00e1gt\u00f3l kil\u00e1tszik a terembur\u00e1m.<br \/>\nNincs aranygy\u0171r\u0171m,nincs arany\u00f3r\u00e1m,a b\u00e1li ruha valahogyan sose j\u00f3 r\u00e1m.<br \/>\nCig\u00e1nyb\u00e1lba \u00fagyse megyek \u00e9n,kin\u00e9zn\u00e9nek m\u00e1r az elej\u00e9n.<br \/>\nJ\u00f3 itt nekem benn a faluban,a kocsm\u00e1ban cig\u00e1nyzene van.<br \/>\nCig\u00e1nyb\u00e1lba \u00fagyse megyek \u00e9n,kin\u00e9zn\u00e9nek m\u00e1r az elej\u00e9n.<br \/>\nJ\u00f3 itt nekem benn a faluban,a kocsm\u00e1ban cig\u00e1nyzene van.<br \/>\n&#8211;Sz\u00f3l\u00f3&#8212;<br \/>\nDr\u00e1ga Isten,arra k\u00e9rlek,aranyes\u0151 hulljon n\u00e9kem!Aranyes\u0151 a vir\u00e1gos r\u00e9ten.<br \/>\nAranyes\u0151 a sz\u00e9p kis h\u00e1zra,aranyes\u0151 a csal\u00e1domra,jaj,ha meghalok!<br \/>\nAranyes\u0151 a sz\u00e9p kis h\u00e1zra,aranyes\u0151 a csal\u00e1domra,jaj,ha meghalok!<br \/>\nVan nekem egy imak\u00f6nyvem,ha r\u00e1n\u00e9zek,hull a k\u00f6nnyem,<br \/>\nHull a k\u00f6nnyem,hogyha re\u00e1 n\u00e9zek.<br \/>\nAz van abba bele\u00edrva,a szerelem visz le a s\u00edrba,jaj,ha meghalok.<br \/>\nAz van abba bele\u00edrva,a szerelem visz le a s\u00edrba,jaj,ha meghalok.<br \/>\n&#8212;Sz\u00f3l\u00f3&#8212;<br \/>\nCig\u00e1nygyerek vagyok,git\u00e1rozni tudok,s\u00edr a git\u00e1r a kezemben.<br \/>\nGyere,r\u00e1nyi,\u00fclj az \u00f6lembe!<br \/>\nCig\u00e1nygyerek vagyok,heged\u00fclni tudok,s\u00edr a heged\u0171 a kezemben.<br \/>\nGyere,r\u00e1nyi,\u00fclj az \u00f6lembe!<br \/>\nCig\u00e1nygyerek vagyok,citer\u00e1zni tudok,s\u00edr a citera a kezemben.<br \/>\nGyere,r\u00e1nyi,\u00fclj az \u00f6lembe<br \/>\nCig\u00e1nygyerek vagyok,cimbalmozni tudok,s\u00edr a cimbalom a kezemben.<br \/>\nGyere,r\u00e1nyi,\u00fclj az \u00f6lembe!<br \/>\n&#8212;V\u00e9ge&#8212;<\/p>\n","protected":false},"featured_media":12989,"template":"","meta":{"site-sidebar-layout":"default","site-content-layout":"default","ast-site-content-layout":"default","site-content-style":"default","site-sidebar-style":"default","ast-global-header-display":"","ast-banner-title-visibility":"","ast-main-header-display":"","ast-hfb-above-header-display":"","ast-hfb-below-header-display":"","ast-hfb-mobile-header-display":"","site-post-title":"","ast-breadcrumbs-content":"","ast-featured-img":"","footer-sml-layout":"","theme-transparent-header-meta":"default","adv-header-id-meta":"","stick-header-meta":"","header-above-stick-meta":"","header-main-stick-meta":"","header-below-stick-meta":"","astra-migrate-meta-layouts":"set","ast-page-background-enabled":"default","ast-page-background-meta":{"desktop":{"background-color":"var(--ast-global-color-4)","background-image":"","background-repeat":"repeat","background-position":"center center","background-size":"auto","background-attachment":"scroll","background-type":"","background-media":"","overlay-type":"","overlay-color":"","overlay-opacity":"","overlay-gradient":""},"tablet":{"background-color":"","background-image":"","background-repeat":"repeat","background-position":"center center","background-size":"auto","background-attachment":"scroll","background-type":"","background-media":"","overlay-type":"","overlay-color":"","overlay-opacity":"","overlay-gradient":""},"mobile":{"background-color":"","background-image":"","background-repeat":"repeat","background-position":"center center","background-size":"auto","background-attachment":"scroll","background-type":"","background-media":"","overlay-type":"","overlay-color":"","overlay-opacity":"","overlay-gradient":""}},"ast-content-background-meta":{"desktop":{"background-color":"var(--ast-global-color-5)","background-image":"","background-repeat":"repeat","background-position":"center center","background-size":"auto","background-attachment":"scroll","background-type":"","background-media":"","overlay-type":"","overlay-color":"","overlay-opacity":"","overlay-gradient":""},"tablet":{"background-color":"var(--ast-global-color-5)","background-image":"","background-repeat":"repeat","background-position":"center center","background-size":"auto","background-attachment":"scroll","background-type":"","background-media":"","overlay-type":"","overlay-color":"","overlay-opacity":"","overlay-gradient":""},"mobile":{"background-color":"var(--ast-global-color-5)","background-image":"","background-repeat":"repeat","background-position":"center center","background-size":"auto","background-attachment":"scroll","background-type":"","background-media":"","overlay-type":"","overlay-color":"","overlay-opacity":"","overlay-gradient":""}}},"product_cat":[48],"product_tag":[],"class_list":["post-11964","product","type-product","status-publish","has-post-thumbnail","hentry","product_cat-sunkaraoke-dalok","desktop-align-left","tablet-align-left","mobile-align-left"],"_links":{"self":[{"href":"https:\/\/www.sunkaraoke.hu\/index.php\/wp-json\/wp\/v2\/product\/11964","targetHints":{"allow":["GET"]}}],"collection":[{"href":"https:\/\/www.sunkaraoke.hu\/index.php\/wp-json\/wp\/v2\/product"}],"about":[{"href":"https:\/\/www.sunkaraoke.hu\/index.php\/wp-json\/wp\/v2\/types\/product"}],"wp:featuredmedia":[{"embeddable":true,"href":"https:\/\/www.sunkaraoke.hu\/index.php\/wp-json\/wp\/v2\/media\/12989"}],"wp:attachment":[{"href":"https:\/\/www.sunkaraoke.hu\/index.php\/wp-json\/wp\/v2\/media?parent=11964"}],"wp:term":[{"taxonomy":"product_cat","embeddable":true,"href":"https:\/\/www.sunkaraoke.hu\/index.php\/wp-json\/wp\/v2\/product_cat?post=11964"},{"taxonomy":"product_tag","embeddable":true,"href":"https:\/\/www.sunkaraoke.hu\/index.php\/wp-json\/wp\/v2\/product_tag?post=11964"}],"curies":[{"name":"wp","href":"https:\/\/api.w.org\/{rel}","templated":true}]}}