{"id":11941,"date":"2023-09-28T06:14:36","date_gmt":"2023-09-28T06:14:36","guid":{"rendered":"https:\/\/www.sunkaraoke.hu\/?post_type=product&#038;p=11941"},"modified":"2025-04-14T05:34:08","modified_gmt":"2025-04-14T05:34:08","slug":"bodi-guszti-es-a-feketeszemek-nagyon-nagyon","status":"publish","type":"product","link":"https:\/\/www.sunkaraoke.hu\/index.php\/termek\/bodi-guszti-es-a-feketeszemek-nagyon-nagyon\/","title":{"rendered":"<div class=\"wcmp-player-container product-11941\"><audio controlslist=\"nodownload\" data-product=\"11941\"  volume=\"1\"  preload=\"none\" data-lazyloading=\"none\" class=\"wcmp-player track mejs-classic\" data-duration=\"0:32\" data-estimated_duration=\"4\"><source src=\"https:\/\/www.sunkaraoke.hu\/wp-content\/uploads\/2023\/09\/Nagyon-nagyon_demo.mp3\" type=\"audio\/mp3\" \/><\/audio><\/div>B\u00f3di Guszti \u00e9s a Feketeszemek &#8211; Nagyon nagyon (Original Palika Edition)"},"content":{"rendered":"<p><strong>03:31\/ <\/strong>\u00a0<strong><img loading=\"lazy\" decoding=\"async\" class=\"alignnone size-full wp-image-467\" src=\"https:\/\/www.sunkaraoke.hu\/wp-content\/uploads\/2022\/07\/choir_2-copy.webp\" alt=\"\" width=\"30\" height=\"30\" \/>\u00a0 \/\u00a0<\/strong><\/p>\n","protected":false},"excerpt":{"rendered":"<h6><strong>Bits\u0171r\u0171s\u00e9g: 320 kb\/s<\/strong><br \/>\n<strong>Hossz: 03:31<\/strong><br \/>\n<strong>Vok\u00e1lt tartalmaz: Nem <img loading=\"lazy\" decoding=\"async\" class=\"alignnone size-full wp-image-467\" src=\"http:\/\/www.sunkaraoke.hu\/wp-content\/uploads\/2022\/07\/choir_2-copy.png\" alt=\"\" width=\"30\" height=\"30\" \/><\/strong><\/h6>\n<p>Sunkaraoke mp3 st\u00fadi\u00f3 \/ www.sunkaraoke.hu \/ Inf: Tel: 06 20 4275001<\/p>\n<p>&#8212;Intr\u00f3&#8212;<br \/>\nVajon ki tal\u00e1lta ezt ki, p\u00e9nz\u00e9rt boldogs\u00e1got venni,<br \/>\nvajon hol van az igaz szerelem.<br \/>\nEz az \u00e9let m\u00e1r csak ilyen,boldogs\u00e1got kapni ingyen,<br \/>\nr\u00e1m tal\u00e1lt az igaz szerelem.<br \/>\nNagyon, nagyon, nagyon, nagyon szeretlek..<br \/>\nNagyon, nagyon, nagyon, nagyon..<br \/>\nAnnyira szeretlek, hogy megbolondulok,<br \/>\nnem b\u00e1nom \u00e9n, ez az igaz szerelem.<br \/>\nK\u00e1d\u00e9, k\u00e1d\u00e9, k\u00e1d\u00e9, b\u00e1r\u00e9sz k\u00e1m\u00e1vtu,<br \/>\nk\u00e1d\u00e9, k\u00e1d\u00e9, k\u00e1d\u00e9, d\u00e9vl\u00e1&#8230;<br \/>\nK\u00e1d\u00e9 k\u00e1m\u00e1vtu, t\u00e1b\u00e1 m\u00e9 ti\u00e1jv\u00e1,<br \/>\nn\u00e1jb\u00e1jo k\u00e1doj ocs\u00e1cso, k\u00e1mim\u00f3.<br \/>\nK\u00f6sz\u00f6n\u00f6m a sz\u00e9p \u00e9letet, mert itt vagy \u00e9nnekem,<br \/>\nazt szeretem aki szeret engem.<br \/>\nVajon ki tal\u00e1lta ezt ki, boldogs\u00e1got p\u00e9nz\u00e9rt venni,<br \/>\nvajon hol van az igaz szerelem.<br \/>\nNagyon, nagyon, nagyon, nagyon szeretlek..<br \/>\nNagyon, nagyon, nagyon, nagyon..<br \/>\nAnnyira szeretlek, hogy megbolondulok,<br \/>\nnem b\u00e1nom \u00e9n, ez az igaz szerelem.<br \/>\nK\u00e1d\u00e9, k\u00e1d\u00e9, k\u00e1d\u00e9, b\u00e1r\u00e9sz k\u00e1m\u00e1vtu,<br \/>\nk\u00e1d\u00e9, k\u00e1d\u00e9, k\u00e1d\u00e9, d\u00e9vl\u00e1..<br \/>\nK\u00e1d\u00e9 k\u00e1m\u00e1vtu, t\u00e1b\u00e1 m\u00e9 ti\u00e1jv\u00e1,<br \/>\nn\u00e1jb\u00e1jo k\u00e1doj, ocs\u00e1cso, k\u00e1mim\u00f3.<br \/>\n&#8212;Sz\u00f3l\u00f3&#8212;<br \/>\nNagyon, nagyon, nagyon, nagyon szeretlek..<br \/>\nNagyon, nagyon, nagyon, nagyon..<br \/>\nAnnyira szeretlek, hogy megbolondulok,<br \/>\nnem b\u00e1nom \u00e9n, ez az igaz szerelem.<br \/>\nK\u00e1d\u00e9, k\u00e1d\u00e9, k\u00e1d\u00e9, b\u00e1r\u00e9sz k\u00e1m\u00e1vtu,<br \/>\nk\u00e1d\u00e9, k\u00e1d\u00e9, k\u00e1d\u00e9, d\u00e9vl\u00e1&#8230;<br \/>\nK\u00e1d\u00e9 k\u00e1m\u00e1vtu, t\u00e1b\u00e1 m\u00e9 ti\u00e1jv\u00e1,<br \/>\nn\u00e1jb\u00e1jo k\u00e1doj, ocs\u00e1cso, k\u00e1mim\u00f3.<br \/>\n&#8212;V\u00e9ge&#8212;<\/p>\n","protected":false},"featured_media":8719,"template":"","meta":{"site-sidebar-layout":"default","site-content-layout":"default","ast-site-content-layout":"default","site-content-style":"default","site-sidebar-style":"default","ast-global-header-display":"","ast-banner-title-visibility":"","ast-main-header-display":"","ast-hfb-above-header-display":"","ast-hfb-below-header-display":"","ast-hfb-mobile-header-display":"","site-post-title":"","ast-breadcrumbs-content":"","ast-featured-img":"","footer-sml-layout":"","theme-transparent-header-meta":"default","adv-header-id-meta":"","stick-header-meta":"","header-above-stick-meta":"","header-main-stick-meta":"","header-below-stick-meta":"","astra-migrate-meta-layouts":"set","ast-page-background-enabled":"default","ast-page-background-meta":{"desktop":{"background-color":"var(--ast-global-color-4)","background-image":"","background-repeat":"repeat","background-position":"center center","background-size":"auto","background-attachment":"scroll","background-type":"","background-media":"","overlay-type":"","overlay-color":"","overlay-opacity":"","overlay-gradient":""},"tablet":{"background-color":"","background-image":"","background-repeat":"repeat","background-position":"center center","background-size":"auto","background-attachment":"scroll","background-type":"","background-media":"","overlay-type":"","overlay-color":"","overlay-opacity":"","overlay-gradient":""},"mobile":{"background-color":"","background-image":"","background-repeat":"repeat","background-position":"center center","background-size":"auto","background-attachment":"scroll","background-type":"","background-media":"","overlay-type":"","overlay-color":"","overlay-opacity":"","overlay-gradient":""}},"ast-content-background-meta":{"desktop":{"background-color":"var(--ast-global-color-5)","background-image":"","background-repeat":"repeat","background-position":"center center","background-size":"auto","background-attachment":"scroll","background-type":"","background-media":"","overlay-type":"","overlay-color":"","overlay-opacity":"","overlay-gradient":""},"tablet":{"background-color":"var(--ast-global-color-5)","background-image":"","background-repeat":"repeat","background-position":"center center","background-size":"auto","background-attachment":"scroll","background-type":"","background-media":"","overlay-type":"","overlay-color":"","overlay-opacity":"","overlay-gradient":""},"mobile":{"background-color":"var(--ast-global-color-5)","background-image":"","background-repeat":"repeat","background-position":"center center","background-size":"auto","background-attachment":"scroll","background-type":"","background-media":"","overlay-type":"","overlay-color":"","overlay-opacity":"","overlay-gradient":""}}},"product_cat":[48],"product_tag":[],"class_list":["post-11941","product","type-product","status-publish","has-post-thumbnail","hentry","product_cat-sunkaraoke-dalok","desktop-align-left","tablet-align-left","mobile-align-left"],"_links":{"self":[{"href":"https:\/\/www.sunkaraoke.hu\/index.php\/wp-json\/wp\/v2\/product\/11941","targetHints":{"allow":["GET"]}}],"collection":[{"href":"https:\/\/www.sunkaraoke.hu\/index.php\/wp-json\/wp\/v2\/product"}],"about":[{"href":"https:\/\/www.sunkaraoke.hu\/index.php\/wp-json\/wp\/v2\/types\/product"}],"wp:featuredmedia":[{"embeddable":true,"href":"https:\/\/www.sunkaraoke.hu\/index.php\/wp-json\/wp\/v2\/media\/8719"}],"wp:attachment":[{"href":"https:\/\/www.sunkaraoke.hu\/index.php\/wp-json\/wp\/v2\/media?parent=11941"}],"wp:term":[{"taxonomy":"product_cat","embeddable":true,"href":"https:\/\/www.sunkaraoke.hu\/index.php\/wp-json\/wp\/v2\/product_cat?post=11941"},{"taxonomy":"product_tag","embeddable":true,"href":"https:\/\/www.sunkaraoke.hu\/index.php\/wp-json\/wp\/v2\/product_tag?post=11941"}],"curies":[{"name":"wp","href":"https:\/\/api.w.org\/{rel}","templated":true}]}}