{"id":11917,"date":"2023-09-21T13:31:16","date_gmt":"2023-09-21T13:31:16","guid":{"rendered":"https:\/\/www.sunkaraoke.hu\/?post_type=product&#038;p=11917"},"modified":"2025-04-07T15:23:29","modified_gmt":"2025-04-07T15:23:29","slug":"piros-bela-piros-mulatos-72-mix-menyasszonytanc-2","status":"publish","type":"product","link":"https:\/\/www.sunkaraoke.hu\/index.php\/termek\/piros-bela-piros-mulatos-72-mix-menyasszonytanc-2\/","title":{"rendered":"<div class=\"wcmp-player-container product-11917\"><audio controlslist=\"nodownload\" data-product=\"11917\"  volume=\"1\"  preload=\"none\" data-lazyloading=\"none\" class=\"wcmp-player track mejs-classic\" data-duration=\"0:34\" data-estimated_duration=\"4\"><source src=\"https:\/\/www.sunkaraoke.hu\/wp-content\/uploads\/2023\/09\/Piros-mulatos-mix-72_demo-1.mp3\" type=\"audio\/mp3\" \/><\/audio><\/div>Piros B\u00e9la -Piros Mulat\u00f3s 72. Mix. \/Menyasszonyt\u00e1nc 2.\/ (Original)"},"content":{"rendered":"<p><b>13:01<\/b>| <strong><img loading=\"lazy\" decoding=\"async\" class=\"alignnone size-full wp-image-467\" src=\"https:\/\/www.sunkaraoke.hu\/wp-content\/uploads\/2022\/07\/choir_2-copy.webp\" alt=\"\" width=\"30\" height=\"30\" \/> <\/strong><\/p>\n","protected":false},"excerpt":{"rendered":"<h6><strong>Bits\u0171r\u0171s\u00e9g: 320kb\/s<\/strong><br \/>\n<strong>Hossz: 13:01<\/strong><br \/>\n<strong>Vok\u00e1lt tartalmaz: Nem <img loading=\"lazy\" decoding=\"async\" class=\"alignnone size-full wp-image-467\" src=\"http:\/\/www.sunkaraoke.hu\/wp-content\/uploads\/2022\/07\/choir_2-copy.png\" alt=\"\" width=\"30\" height=\"30\" \/><\/strong><strong style=\"font-size: 16px;\"><br \/>\n<\/strong><\/h6>\n<p>Sunkaraoke mp3 st\u00fadi\u00f3 \/ www.sunkaraoke.hu \/ Inf: Tel: 06 20 4275001<\/p>\n<p>\u2014Intr\u00f3\u2014\/\/00:32\/\/<br \/>\nEttetek is ittatok is m\u00e1r eleget,<br \/>\nhazamenni j\u00f3 emberek m\u00e9gsem lehet.<br \/>\nV\u0151f\u00e9ly uram tess\u00e9k k\u00e9rem fel\u00e1llni,<br \/>\na menyasszonyra kezdjen el licit\u00e1lni.<br \/>\nElad\u00f3 a menyasszony m\u00e9g \u00f6tsz\u00e1z\u00e9rt,<br \/>\na k\u00f6vetkez\u0151 elviheti dupl\u00e1\u00e9rt,<br \/>\nde aki a legv\u00e9g\u00e9re marad,<br \/>\nnem \u00fassza meg soha t\u00edz rongy alatt.<br \/>\nElad\u00f3 a menyasszony m\u00e9g \u00f6tsz\u00e1z\u00e9rt,<br \/>\na k\u00f6vetkez\u0151 elviheti dupl\u00e1\u00e9rt,<br \/>\nde aki a legv\u00e9g\u00e9re marad,<br \/>\nnem \u00fassza meg soha t\u00edz rongy alatt.<br \/>\n\u2014Sz\u00f3l\u00f3\u2014\/\/01:39\/\/<br \/>\nEttetek is ittatok is m\u00e1r eleget,<br \/>\nhazamenni j\u00f3 emberek m\u00e9gsem lehet.<br \/>\nV\u0151f\u00e9ly uram tess\u00e9k k\u00e9rem fel\u00e1llni,<br \/>\na menyasszonyra kezdjen el licit\u00e1lni.<br \/>\nElad\u00f3 a menyasszony m\u00e9g \u00f6tsz\u00e1z\u00e9rt,<br \/>\na k\u00f6vetkez\u0151 elviheti dupl\u00e1\u00e9rt,<br \/>\nde aki a legv\u00e9g\u00e9re marad,<br \/>\nnem \u00fassza meg soha t\u00edz rongy alatt.<br \/>\nElad\u00f3 a menyasszony m\u00e9g \u00f6tsz\u00e1z\u00e9rt,<br \/>\na k\u00f6vetkez\u0151 elviheti dupl\u00e1\u00e9rt,<br \/>\nde aki a legv\u00e9g\u00e9re marad,<br \/>\nnem \u00fassza meg soha t\u00edz rongy alatt.<br \/>\n\u2014Sz\u00f3l\u00f3\u2014\/\/02:50\/\/<br \/>\nUdvarom,udvarom, sz\u00e9p kerek udvarom,<br \/>\nnem s\u00f6p\u00f6r m\u00e1r t\u00f6bbet az \u00e9n gy\u00f6nge karom.<br \/>\nS\u00f6p\u00f6rtem eleget, s\u00f6p\u00f6rj\u00f6n m\u00e1r m\u00e1s is,<br \/>\n\u00f6leltem a bab\u00e1m, \u00f6lelje m\u00e1r m\u00e1s is!<br \/>\nS\u00f6p\u00f6rtem eleget, s\u00f6p\u00f6rj\u00f6n m\u00e1r m\u00e1s is,<br \/>\n\u00f6leltem a bab\u00e1m, \u00f6lelje m\u00e1r m\u00e1s is!<br \/>\nKis kertem, kis kertem, vir\u00e1gos kis kertem,<br \/>\nbenned de sok r\u00f3zs\u00e1t \u00f6nt\u00f6zgett\u00fcnk ketten.<br \/>\nLocsoltam vir\u00e1god, locsolja m\u00e1r m\u00e1s is!<br \/>\nSzerettelek bab\u00e1m, szeressen m\u00e1r m\u00e1s is!<br \/>\nLocsoltam vir\u00e1god, locsolja m\u00e1r m\u00e1s is!<br \/>\nSzerettelek bab\u00e1m, szeressen m\u00e1r m\u00e1s is!<br \/>\n&#8212;Sz\u00f3l\u00f3&#8212;\/\/04:19\/\/<br \/>\nCsillagok, csillagok, sz\u00e9pen ragyogjatok!<br \/>\nA szeg\u00e9nyleg\u00e9nynek utat mutassatok!<br \/>\nMutassatok utat a szeg\u00e9nyleg\u00e9nynek!<br \/>\nNem tal\u00e1lja h\u00e1z\u00e1t a szeret\u0151j\u00e9nek.<br \/>\nMutassatok utat a szeg\u00e9nyleg\u00e9nynek!<br \/>\nNem tal\u00e1lja h\u00e1z\u00e1t a szeret\u0151j\u00e9nek.<br \/>\nEste van, este van, de nem minden l\u00e1nynak,<br \/>\ncsak annak, akihez a leg\u00e9nyek j\u00e1rnak.<br \/>\nHozz\u00e1m nem j\u00e1r senki, n\u00e9kem nincs is este,<br \/>\nvil\u00e1gos az \u00e9gbolt, feh\u00e9rre van festve.<br \/>\nHozz\u00e1m nem j\u00e1r senki, n\u00e9kem nincs is este,<br \/>\nvil\u00e1gos az \u00e9gbolt, feh\u00e9rre van festve.<br \/>\n&#8212;Sz\u00f3l\u00f3&#8212;\/\/06:00\/\/<br \/>\nEttetek is ittatok is m\u00e1r eleget,<br \/>\nhazamenni j\u00f3 emberek m\u00e9gsem lehet.<br \/>\nV\u0151f\u00e9ly uram tess\u00e9k k\u00e9rem fel\u00e1llni,<br \/>\na menyasszonyra kezdjen el licit\u00e1lni.<br \/>\nElad\u00f3 a menyasszony m\u00e9g \u00f6tsz\u00e1z\u00e9rt,<br \/>\na k\u00f6vetkez\u0151 elviheti dupl\u00e1\u00e9rt,<br \/>\nde aki a legv\u00e9g\u00e9re marad,<br \/>\nnem \u00fassza meg soha t\u00edz rongy alatt.<br \/>\nElad\u00f3 a menyasszony m\u00e9g \u00f6tsz\u00e1z\u00e9rt,<br \/>\na k\u00f6vetkez\u0151 elviheti dupl\u00e1\u00e9rt,<br \/>\nde aki a legv\u00e9g\u00e9re marad,<br \/>\nnem \u00fassza meg soha t\u00edz rongy alatt.<br \/>\n\u2014Sz\u00f3l\u00f3\u2014\/\/07:09\/\/<br \/>\n\u0150sszel \u00e9rik, bab\u00e1m, a fekete sz\u0151l\u0151.<br \/>\nTe volt\u00e1l az igazi szeret\u0151m.<br \/>\nBocs\u00e1ss meg, ha vala-valaha v\u00e9tettem,<br \/>\nellenedre, bab\u00e1m, rosszat cselekedtem!<br \/>\nBocs\u00e1ss meg, ha vala-valaha v\u00e9tettem,<br \/>\nellenedre, bab\u00e1m, rosszat cselekedtem!<br \/>\nJaj, de sz\u00e9pen z\u00f6ldell a rim\u00f3ci hat\u00e1r,<br \/>\nk\u00f6zepibe legel egy kis b\u00e1r\u00e1ny.<br \/>\nK\u00f6zepibe sz\u00e9pen legel egy kis b\u00e1r\u00e1ny,<br \/>\njaj,de csinos,b\u00fcszke a rim\u00f3ci kisl\u00e1ny!<br \/>\nK\u00f6zepibe sz\u00e9pen legel egy kis b\u00e1r\u00e1ny,<br \/>\njaj,de csinos,b\u00fcszke a rim\u00f3ci kisl\u00e1ny!<br \/>\nKinek varrod, bab\u00e1m, azt a h\u00edmzett kend\u0151t?<br \/>\nNeked varrom, hogy legy\u00e9l szeret\u0151m!<br \/>\nN\u00e9gy sark\u00e1ba n\u00e9gy sz\u00e1l feh\u00e9r rozmaringot,<br \/>\nk\u00f6zepibe, bab\u00e1m, hogy szeret\u0151d vagyok.<br \/>\nN\u00e9gy sark\u00e1ba n\u00e9gy sz\u00e1l feh\u00e9r rozmaringot,<br \/>\nk\u00f6zepibe, bab\u00e1m, hogy szeret\u0151d vagyok.<br \/>\n&#8212;Sz\u00f3l\u00f3&#8212;\/\/09:04\/\/<br \/>\nAlma a fa alatt, ny\u00e1ri piros alma.<br \/>\nEngem gyal\u00e1z a szeret\u0151m \u00e9desanyja.<br \/>\nEngem gyal\u00e1z, engem tesz a-vesz a sz\u00f3ra.<br \/>\nSzeretem a l\u00e1ny\u00e1t, nem tehetek r\u00f3la.<br \/>\nEngem gyal\u00e1z, engem tesz a-vesz a sz\u00f3ra.<br \/>\nSzeretem a l\u00e1ny\u00e1t, nem tehetek r\u00f3la.<br \/>\nAlma a fa alatt, ny\u00e1ri piros alma.<br \/>\nNem gyal\u00e1z m\u00e1r a szeret\u0151m \u00e9desanyja.<br \/>\nNem gyal\u00e1z m\u00e1r, nem is tesz a vesz a sz\u00f3ra.<br \/>\nElvettem a l\u00e1ny\u00e1t b\u00e1r ne tettem volna.<br \/>\nNem gyal\u00e1z m\u00e1r, nem is tesz a vesz a sz\u00f3ra.<br \/>\nElvettem a l\u00e1ny\u00e1t b\u00e1r ne tettem volna.<br \/>\n&#8212;Sz\u00f3l\u00f3&#8212;\/\/10:31\/\/<br \/>\nAranyos B\u00f6zsik\u00e9m, fogsz te \u00e9rtem s\u00edrni,<br \/>\nmajd, ha engem katon\u00e1nak fognak vinni.<br \/>\nElrabolnak t\u0151led egy vas\u00e1rnap este.<br \/>\nSok p\u00e1ros cs\u00f3kod\u00e9rt \u00e1ldjon meg az Isten!<br \/>\nElrabolnak t\u0151led egy vas\u00e1rnap este.<br \/>\nSok p\u00e1ros cs\u00f3kod\u00e9rt \u00e1ldjon meg az Isten!<br \/>\nEz a kis barna l\u00e1ny, ha bemegy a boltba,<br \/>\nmegk\u00e9rdi, hogy van-e v\u0151leg\u00e9nybokr\u00e9ta?<br \/>\nA boltos \u00far, sej-haj, azt feleli n\u00e9ki:<br \/>\nT\u00e1n a szeret\u0151je el akarja venni?<br \/>\nA boltos \u00far, sej-haj, azt feleli n\u00e9ki:<br \/>\nT\u00e1n a szeret\u0151je el akarja venni?<br \/>\n&#8212;Sz\u00f3l\u00f3&#8212;\/\/11:49\/\/<br \/>\nAsszony, asszony, az akarok lenni,<br \/>\nn\u00e9kem abban nem parancsol senki.<br \/>\nSem ap\u00e1m, sem any\u00e1m,<br \/>\naz\u00e9 leszek, kit szeretek igaz\u00e1n.<br \/>\nSem ap\u00e1m, sem any\u00e1m,<br \/>\naz\u00e9 leszek, kit szeretek igaz\u00e1n.<br \/>\nErre gyere a szekerem ut\u00e1n!<br \/>\nMajd felveszlek valahol az utc\u00e1n.<br \/>\nMeg\u00e1llj, te fekete csik\u00f3!<br \/>\nHazamegyek, kifoglak a kocsimb\u00f3l.<br \/>\nMeg\u00e1llj, te fekete csik\u00f3!<br \/>\nHazamegyek, kifoglak a kocsimb\u00f3l.<br \/>\n\u0150sszel \u00e9rik a fekete retek,<br \/>\nm\u00e9g azt mondj\u00e1k, hogy sz\u0151k\u00e9t szeretek.<br \/>\nSe sz\u0151ke, se barna,<br \/>\ncsak a bab\u00e1m fekete g\u00f6nd\u00f6r haja.<br \/>\nSe sz\u0151ke, se barna,<br \/>\ncsak a bab\u00e1m fekete g\u00f6nd\u00f6r haja.<br \/>\n&#8212;V\u00e9ge&#8212;<\/p>\n","protected":false},"featured_media":12989,"template":"","meta":{"site-sidebar-layout":"default","site-content-layout":"default","ast-site-content-layout":"default","site-content-style":"default","site-sidebar-style":"default","ast-global-header-display":"","ast-banner-title-visibility":"","ast-main-header-display":"","ast-hfb-above-header-display":"","ast-hfb-below-header-display":"","ast-hfb-mobile-header-display":"","site-post-title":"","ast-breadcrumbs-content":"","ast-featured-img":"","footer-sml-layout":"","theme-transparent-header-meta":"default","adv-header-id-meta":"","stick-header-meta":"","header-above-stick-meta":"","header-main-stick-meta":"","header-below-stick-meta":"","astra-migrate-meta-layouts":"set","ast-page-background-enabled":"default","ast-page-background-meta":{"desktop":{"background-color":"var(--ast-global-color-4)","background-image":"","background-repeat":"repeat","background-position":"center center","background-size":"auto","background-attachment":"scroll","background-type":"","background-media":"","overlay-type":"","overlay-color":"","overlay-opacity":"","overlay-gradient":""},"tablet":{"background-color":"","background-image":"","background-repeat":"repeat","background-position":"center center","background-size":"auto","background-attachment":"scroll","background-type":"","background-media":"","overlay-type":"","overlay-color":"","overlay-opacity":"","overlay-gradient":""},"mobile":{"background-color":"","background-image":"","background-repeat":"repeat","background-position":"center center","background-size":"auto","background-attachment":"scroll","background-type":"","background-media":"","overlay-type":"","overlay-color":"","overlay-opacity":"","overlay-gradient":""}},"ast-content-background-meta":{"desktop":{"background-color":"var(--ast-global-color-5)","background-image":"","background-repeat":"repeat","background-position":"center center","background-size":"auto","background-attachment":"scroll","background-type":"","background-media":"","overlay-type":"","overlay-color":"","overlay-opacity":"","overlay-gradient":""},"tablet":{"background-color":"var(--ast-global-color-5)","background-image":"","background-repeat":"repeat","background-position":"center center","background-size":"auto","background-attachment":"scroll","background-type":"","background-media":"","overlay-type":"","overlay-color":"","overlay-opacity":"","overlay-gradient":""},"mobile":{"background-color":"var(--ast-global-color-5)","background-image":"","background-repeat":"repeat","background-position":"center center","background-size":"auto","background-attachment":"scroll","background-type":"","background-media":"","overlay-type":"","overlay-color":"","overlay-opacity":"","overlay-gradient":""}}},"product_cat":[48],"product_tag":[],"class_list":["post-11917","product","type-product","status-publish","has-post-thumbnail","hentry","product_cat-sunkaraoke-dalok","desktop-align-left","tablet-align-left","mobile-align-left"],"_links":{"self":[{"href":"https:\/\/www.sunkaraoke.hu\/index.php\/wp-json\/wp\/v2\/product\/11917","targetHints":{"allow":["GET"]}}],"collection":[{"href":"https:\/\/www.sunkaraoke.hu\/index.php\/wp-json\/wp\/v2\/product"}],"about":[{"href":"https:\/\/www.sunkaraoke.hu\/index.php\/wp-json\/wp\/v2\/types\/product"}],"wp:featuredmedia":[{"embeddable":true,"href":"https:\/\/www.sunkaraoke.hu\/index.php\/wp-json\/wp\/v2\/media\/12989"}],"wp:attachment":[{"href":"https:\/\/www.sunkaraoke.hu\/index.php\/wp-json\/wp\/v2\/media?parent=11917"}],"wp:term":[{"taxonomy":"product_cat","embeddable":true,"href":"https:\/\/www.sunkaraoke.hu\/index.php\/wp-json\/wp\/v2\/product_cat?post=11917"},{"taxonomy":"product_tag","embeddable":true,"href":"https:\/\/www.sunkaraoke.hu\/index.php\/wp-json\/wp\/v2\/product_tag?post=11917"}],"curies":[{"name":"wp","href":"https:\/\/api.w.org\/{rel}","templated":true}]}}