{"id":11762,"date":"2023-08-24T08:09:45","date_gmt":"2023-08-24T08:09:45","guid":{"rendered":"https:\/\/www.sunkaraoke.hu\/?post_type=product&#038;p=11762"},"modified":"2025-03-30T17:53:00","modified_gmt":"2025-03-30T17:53:00","slug":"ruzsa-magdi-szakacs-gergo-kek-a-szivem-palika-remix","status":"publish","type":"product","link":"https:\/\/www.sunkaraoke.hu\/index.php\/termek\/ruzsa-magdi-szakacs-gergo-kek-a-szivem-palika-remix\/","title":{"rendered":"<div class=\"wcmp-player-container product-11762\"><audio controlslist=\"nodownload\" data-product=\"11762\"  volume=\"1\"  preload=\"none\" data-lazyloading=\"none\" class=\"wcmp-player track mejs-classic\" data-duration=\"0:32\" data-estimated_duration=\"4\"><source src=\"https:\/\/www.sunkaraoke.hu\/wp-content\/uploads\/2023\/08\/Kek-a-szivem-N-Remix_demo-1.mp3\" type=\"audio\/mp3\" \/><\/audio><\/div>R\u00fazsa Magdi &#038; Szak\u00e1cs Gerg\u0151 &#8211; K\u00e9k a sz\u00edvem ( Palika Edition)"},"content":{"rendered":"<p><strong>02:33<\/strong>\u00a0 \/<strong><img loading=\"lazy\" decoding=\"async\" class=\"alignnone size-full wp-image-467\" src=\"https:\/\/www.sunkaraoke.hu\/wp-content\/uploads\/2022\/07\/choir_2-copy.webp\" alt=\"\" width=\"30\" height=\"30\" \/> \/\u00a0 \u00a0<img decoding=\"async\" src=\"https:\/\/www.sunkaraoke.hu\/wp-content\/uploads\/2022\/07\/transzponalas.webp\" \/>\u00a0 \/<\/strong><\/p>\n","protected":false},"excerpt":{"rendered":"<h6><strong>Bits\u0171r\u0171s\u00e9g: 320kb\/s<\/strong><br \/>\n<strong>Hossz:\u00a0 02:33<\/strong><br \/>\n<strong>Vok\u00e1lt tartalmaz: Nem <img loading=\"lazy\" decoding=\"async\" class=\"alignnone size-full wp-image-467\" src=\"http:\/\/www.sunkaraoke.hu\/wp-content\/uploads\/2022\/07\/choir_2-copy.png\" alt=\"\" width=\"30\" height=\"30\" \/><\/strong><\/h6>\n<p>Sunkaraoke mp3 st\u00fadi\u00f3 \/ www.sunkaraoke.hu \/ Inf: Tel: 06 20 4275001<\/p>\n<p>&#8212;Intr\u00f3&#8212;<br \/>\nHogy kinek mi a rossz, mi a j\u00f3,<br \/>\nnem l\u00e9tezik sz\u00f3, mindent \u00e1thidal\u00f3.<br \/>\nMert amit nem tartanak semmire sem,<br \/>\nnem is j\u00f3 semmire, nem hihetem.<br \/>\nVan az a t\u0171z, ami benned el\u00e9g,<br \/>\nbenned kev\u00e9s van, de bennem el\u00e9g.<br \/>\nMindegy, hogy mid van, mi bennem alig,<br \/>\na l\u00e9lek is, nem csak az elme valid.<\/p>\n<p>Mindig oda megyek, ahol van nekem mened\u00e9k,<br \/>\nmert a k\u00fclvil\u00e1g n\u00e9ha h\u0171tlen feles\u00e9g.<br \/>\nNeked lehet rendben, ami nekem szanasz\u00e9t,<br \/>\nnem mindenkinek ugyanaz a sz\u00e9p.<\/p>\n<p>Mikor befel\u00e9 n\u00e9z ,akit kintr\u0151l l\u00e1tunk,<br \/>\nlehet \u00e9ppen boldog,<br \/>\nhogy hogy van ez n\u00e1lad,\u00e9s hogy megy ez n\u00e1lunk,<br \/>\nezek csak n\u00e9z\u0151pontok.<br \/>\nMert ami neked semmi lehet,nekem minden,<br \/>\nmint a j\u00e9g, \u00fagy olvad le itt benn,<br \/>\na szavakon t\u00fal,\u00e9s a falakon innen,minden kincsem.<\/p>\n<p>Mindenben \u00fagy kell elmer\u00fclni,a k\u00fcls\u0151s\u00e9geket elker\u00fclni..<br \/>\nMert jobb \u00e1llni \u00e9s \u00e9lni bel\u00fcl, mint,megf\u00e1radtan egy t\u00e9vhiten \u00fclni,<br \/>\nha felragyog a hold szeme r\u00e1m,\u00fagy a csendn\u00e9l nincs szebb szeren\u00e1d,<br \/>\nlehet felem\u00e1s, de egy \u00e9letvitel,csak elfogadni, nem \u00e9rteni kell.<\/p>\n<p>Mindig oda megyek, ahol van nekem mened\u00e9k,<br \/>\nha k\u00fclvil\u00e1g h\u0171tlen f\u00e9rj \u00e9s nem egy\u00e9bb,<br \/>\nNeked lehet rendben, ami nekem szanasz\u00e9t,<br \/>\nnem mindenkinek ugyanaz a sz\u00e9p.<\/p>\n<p>Mikor befel\u00e9 n\u00e9z ,akit kintr\u0151l l\u00e1tunk,<br \/>\nlehet \u00e9ppen boldog,<br \/>\nhogy hogy van ez n\u00e1lad,\u00e9s hogy megy ez n\u00e1lunk,<br \/>\nezek csak n\u00e9z\u0151pontok.<br \/>\nMert ami neked semmi lehet,nekem minden,<br \/>\nmint a j\u00e9g, \u00fagy olvad le itt benn,<br \/>\na szavakon t\u00fal,\u00e9s a falakon innen,Nekem k\u00e9k a sz\u00edvem!<br \/>\n&#8212;V\u00e9ge&#8212;<\/p>\n","protected":false},"featured_media":11765,"template":"","meta":{"site-sidebar-layout":"default","site-content-layout":"default","ast-site-content-layout":"default","site-content-style":"default","site-sidebar-style":"default","ast-global-header-display":"","ast-banner-title-visibility":"","ast-main-header-display":"","ast-hfb-above-header-display":"","ast-hfb-below-header-display":"","ast-hfb-mobile-header-display":"","site-post-title":"","ast-breadcrumbs-content":"","ast-featured-img":"","footer-sml-layout":"","theme-transparent-header-meta":"default","adv-header-id-meta":"","stick-header-meta":"","header-above-stick-meta":"","header-main-stick-meta":"","header-below-stick-meta":"","astra-migrate-meta-layouts":"set","ast-page-background-enabled":"default","ast-page-background-meta":{"desktop":{"background-color":"var(--ast-global-color-4)","background-image":"","background-repeat":"repeat","background-position":"center center","background-size":"auto","background-attachment":"scroll","background-type":"","background-media":"","overlay-type":"","overlay-color":"","overlay-opacity":"","overlay-gradient":""},"tablet":{"background-color":"","background-image":"","background-repeat":"repeat","background-position":"center center","background-size":"auto","background-attachment":"scroll","background-type":"","background-media":"","overlay-type":"","overlay-color":"","overlay-opacity":"","overlay-gradient":""},"mobile":{"background-color":"","background-image":"","background-repeat":"repeat","background-position":"center center","background-size":"auto","background-attachment":"scroll","background-type":"","background-media":"","overlay-type":"","overlay-color":"","overlay-opacity":"","overlay-gradient":""}},"ast-content-background-meta":{"desktop":{"background-color":"var(--ast-global-color-5)","background-image":"","background-repeat":"repeat","background-position":"center center","background-size":"auto","background-attachment":"scroll","background-type":"","background-media":"","overlay-type":"","overlay-color":"","overlay-opacity":"","overlay-gradient":""},"tablet":{"background-color":"var(--ast-global-color-5)","background-image":"","background-repeat":"repeat","background-position":"center center","background-size":"auto","background-attachment":"scroll","background-type":"","background-media":"","overlay-type":"","overlay-color":"","overlay-opacity":"","overlay-gradient":""},"mobile":{"background-color":"var(--ast-global-color-5)","background-image":"","background-repeat":"repeat","background-position":"center center","background-size":"auto","background-attachment":"scroll","background-type":"","background-media":"","overlay-type":"","overlay-color":"","overlay-opacity":"","overlay-gradient":""}}},"product_cat":[48],"product_tag":[],"class_list":["post-11762","product","type-product","status-publish","has-post-thumbnail","hentry","product_cat-sunkaraoke-dalok","desktop-align-left","tablet-align-left","mobile-align-left"],"_links":{"self":[{"href":"https:\/\/www.sunkaraoke.hu\/index.php\/wp-json\/wp\/v2\/product\/11762","targetHints":{"allow":["GET"]}}],"collection":[{"href":"https:\/\/www.sunkaraoke.hu\/index.php\/wp-json\/wp\/v2\/product"}],"about":[{"href":"https:\/\/www.sunkaraoke.hu\/index.php\/wp-json\/wp\/v2\/types\/product"}],"wp:featuredmedia":[{"embeddable":true,"href":"https:\/\/www.sunkaraoke.hu\/index.php\/wp-json\/wp\/v2\/media\/11765"}],"wp:attachment":[{"href":"https:\/\/www.sunkaraoke.hu\/index.php\/wp-json\/wp\/v2\/media?parent=11762"}],"wp:term":[{"taxonomy":"product_cat","embeddable":true,"href":"https:\/\/www.sunkaraoke.hu\/index.php\/wp-json\/wp\/v2\/product_cat?post=11762"},{"taxonomy":"product_tag","embeddable":true,"href":"https:\/\/www.sunkaraoke.hu\/index.php\/wp-json\/wp\/v2\/product_tag?post=11762"}],"curies":[{"name":"wp","href":"https:\/\/api.w.org\/{rel}","templated":true}]}}