{"id":11699,"date":"2023-08-16T15:20:59","date_gmt":"2023-08-16T15:20:59","guid":{"rendered":"https:\/\/www.sunkaraoke.hu\/?post_type=product&#038;p=11699"},"modified":"2025-04-10T07:08:48","modified_gmt":"2025-04-10T07:08:48","slug":"didi-lamour-tegnap-este-almomban","status":"publish","type":"product","link":"https:\/\/www.sunkaraoke.hu\/index.php\/termek\/didi-lamour-tegnap-este-almomban\/","title":{"rendered":"<div class=\"wcmp-player-container product-11699\"><audio controlslist=\"nodownload\" data-product=\"11699\"  volume=\"1\"  preload=\"none\" data-lazyloading=\"none\" class=\"wcmp-player track mejs-classic\" data-duration=\"0:35\" data-estimated_duration=\"4\"><source src=\"https:\/\/www.sunkaraoke.hu\/wp-content\/uploads\/2023\/08\/Tegnap-este-Didi_demo.mp3\" type=\"audio\/mp3\" \/><\/audio><\/div>Didi Lamour &#8211; Tegnap este \u00e1lmomban  (Original)"},"content":{"rendered":"<p><strong>03:30 <\/strong>\/<img decoding=\"async\" src=\"https:\/\/www.sunkaraoke.hu\/wp-content\/uploads\/2022\/07\/choir_2-copy.webp\" \/> <strong>\u00a0\/<\/strong><\/p>\n","protected":false},"excerpt":{"rendered":"<h6><strong>Bits\u0171r\u0171s\u00e9g: 320 kb\/s<\/strong><br \/>\n<strong>Hossz: 03:30<\/strong><br \/>\n<strong>Vok\u00e1lt tartalmaz: Nem <img decoding=\"async\" src=\"https:\/\/www.sunkaraoke.hu\/wp-content\/uploads\/2022\/07\/choir_2-copy.png\" \/>\u00a0<\/strong><strong style=\"font-size: 16px;\"><br \/>\n<\/strong><\/h6>\n<p>Sunkaraoke mp3 st\u00fadi\u00f3 \/ www.sunkaraoke.hu \/ Inf: Tel: 06 20 4275001<\/p>\n<p>&#8212;Intr\u00f3&#8212;<br \/>\nTegnap este \u00e1lmomban \u00fajra, leg\u00e9ny voltam,<br \/>\nszabadon, mint a mad\u00e1r, v\u00edgan \u00edgy daloltam.<br \/>\nBety\u00e1ros kis kalapom a fejemre t\u00e9ve,<br \/>\nki\u00e1lltam a kapuba, a h\u00e1zunk el\u00e9be.<br \/>\nBety\u00e1ros kis kalapom, a fejemre t\u00e9ve,<br \/>\nki\u00e1lltam a kapuba, a h\u00e1zunk el\u00e9be.<br \/>\nArra j\u00f6tt a szeret\u0151m, a sok k\u00f6z\u00fcl az egyik,<br \/>\negy cs\u00f3k ut\u00e1n tov\u00e1bb \u00e1llt, azt\u00e1n j\u00f6tt a m\u00e1sik.<br \/>\nElj\u00f6tt volna mind a sz\u00e1z, de m\u00e1r akkor \u00e9bren voltam,<br \/>\nhov\u00e1 tettem az eszem, hogy megh\u00e1zasodtam.<br \/>\nElj\u00f6tt volna mind a sz\u00e1z, de m\u00e1r akkor \u00e9bren voltam,<br \/>\nhov\u00e1 tettem az eszem, hogy megh\u00e1zasodtam.<br \/>\n&#8212;Sz\u00f3l\u00f3&#8212;<br \/>\nTegnap este \u00e1lmomban \u00fajra leg\u00e9ny voltam,<br \/>\nszabadon, mint a mad\u00e1r, v\u00edgan \u00edgy daloltam.<br \/>\nBety\u00e1ros kis kalapom a fejemre t\u00e9ve,<br \/>\nki\u00e1lltam a kapuba, a h\u00e1zunk el\u00e9be.<br \/>\nBety\u00e1ros kis kalapom a fejemre t\u00e9ve,<br \/>\nki\u00e1lltam a kapuba, a h\u00e1zunk el\u00e9be.<br \/>\nArra j\u00f6tt a szeret\u0151m, a sok k\u00f6z\u00fcl az egyik,<br \/>\negy cs\u00f3k ut\u00e1n tov\u00e1bb \u00e1llt, azt\u00e1n j\u00f6tt a m\u00e1sik.<br \/>\nElj\u00f6tt volna mind a sz\u00e1z, de m\u00e1r akkor \u00e9bren voltam,<br \/>\nhov\u00e1 tettem az eszem, hogy megh\u00e1zasodtam.<br \/>\nElj\u00f6tt volna mind a sz\u00e1z, de m\u00e1r akkor \u00e9bren voltam,<br \/>\nhov\u00e1 tettem az eszem, hogy megh\u00e1zasodtam.<br \/>\nTegnap \u00e9jjel \u00e1lmomban \u00fajra leg\u00e9ny voltam,<br \/>\nszabadon, mint a mad\u00e1r, v\u00edgan \u00edgy daloltam.<br \/>\nBety\u00e1ros kis kalapom a fejemre t\u00e9ve,<br \/>\nki\u00e1lltam a kapuba, a h\u00e1zunk el\u00e9be.<br \/>\nBety\u00e1ros kis kalapom a fejemre t\u00e9ve,<br \/>\nki\u00e1lltam a kapuba, a h\u00e1zunk el\u00e9be.<br \/>\nBety\u00e1ros kis kalapom a fejemre t\u00e9ve,<br \/>\nki\u00e1lltam a kapuba, a h\u00e1zunk el\u00e9be.<br \/>\nBety\u00e1ros kis kalapom, a fejemre t\u00e9ve,<br \/>\nki\u00e1lltam a kapuba, a h\u00e1zunk el\u00e9be.<br \/>\n&#8212;V\u00e9ge&#8212;<\/p>\n","protected":false},"featured_media":721,"template":"","meta":{"site-sidebar-layout":"default","site-content-layout":"default","ast-site-content-layout":"default","site-content-style":"default","site-sidebar-style":"default","ast-global-header-display":"","ast-banner-title-visibility":"","ast-main-header-display":"","ast-hfb-above-header-display":"","ast-hfb-below-header-display":"","ast-hfb-mobile-header-display":"","site-post-title":"","ast-breadcrumbs-content":"","ast-featured-img":"","footer-sml-layout":"","theme-transparent-header-meta":"default","adv-header-id-meta":"","stick-header-meta":"","header-above-stick-meta":"","header-main-stick-meta":"","header-below-stick-meta":"","astra-migrate-meta-layouts":"set","ast-page-background-enabled":"default","ast-page-background-meta":{"desktop":{"background-color":"var(--ast-global-color-4)","background-image":"","background-repeat":"repeat","background-position":"center center","background-size":"auto","background-attachment":"scroll","background-type":"","background-media":"","overlay-type":"","overlay-color":"","overlay-opacity":"","overlay-gradient":""},"tablet":{"background-color":"","background-image":"","background-repeat":"repeat","background-position":"center center","background-size":"auto","background-attachment":"scroll","background-type":"","background-media":"","overlay-type":"","overlay-color":"","overlay-opacity":"","overlay-gradient":""},"mobile":{"background-color":"","background-image":"","background-repeat":"repeat","background-position":"center center","background-size":"auto","background-attachment":"scroll","background-type":"","background-media":"","overlay-type":"","overlay-color":"","overlay-opacity":"","overlay-gradient":""}},"ast-content-background-meta":{"desktop":{"background-color":"var(--ast-global-color-5)","background-image":"","background-repeat":"repeat","background-position":"center center","background-size":"auto","background-attachment":"scroll","background-type":"","background-media":"","overlay-type":"","overlay-color":"","overlay-opacity":"","overlay-gradient":""},"tablet":{"background-color":"var(--ast-global-color-5)","background-image":"","background-repeat":"repeat","background-position":"center center","background-size":"auto","background-attachment":"scroll","background-type":"","background-media":"","overlay-type":"","overlay-color":"","overlay-opacity":"","overlay-gradient":""},"mobile":{"background-color":"var(--ast-global-color-5)","background-image":"","background-repeat":"repeat","background-position":"center center","background-size":"auto","background-attachment":"scroll","background-type":"","background-media":"","overlay-type":"","overlay-color":"","overlay-opacity":"","overlay-gradient":""}}},"product_cat":[46],"product_tag":[],"class_list":["post-11699","product","type-product","status-publish","has-post-thumbnail","hentry","product_cat-eredeti-karaoke-dalok","desktop-align-left","tablet-align-left","mobile-align-left"],"_links":{"self":[{"href":"https:\/\/www.sunkaraoke.hu\/index.php\/wp-json\/wp\/v2\/product\/11699","targetHints":{"allow":["GET"]}}],"collection":[{"href":"https:\/\/www.sunkaraoke.hu\/index.php\/wp-json\/wp\/v2\/product"}],"about":[{"href":"https:\/\/www.sunkaraoke.hu\/index.php\/wp-json\/wp\/v2\/types\/product"}],"wp:featuredmedia":[{"embeddable":true,"href":"https:\/\/www.sunkaraoke.hu\/index.php\/wp-json\/wp\/v2\/media\/721"}],"wp:attachment":[{"href":"https:\/\/www.sunkaraoke.hu\/index.php\/wp-json\/wp\/v2\/media?parent=11699"}],"wp:term":[{"taxonomy":"product_cat","embeddable":true,"href":"https:\/\/www.sunkaraoke.hu\/index.php\/wp-json\/wp\/v2\/product_cat?post=11699"},{"taxonomy":"product_tag","embeddable":true,"href":"https:\/\/www.sunkaraoke.hu\/index.php\/wp-json\/wp\/v2\/product_tag?post=11699"}],"curies":[{"name":"wp","href":"https:\/\/api.w.org\/{rel}","templated":true}]}}