{"id":11694,"date":"2023-08-16T15:07:50","date_gmt":"2023-08-16T15:07:50","guid":{"rendered":"https:\/\/www.sunkaraoke.hu\/?post_type=product&#038;p=11694"},"modified":"2025-04-04T20:05:12","modified_gmt":"2025-04-04T20:05:12","slug":"didi-lamour-szeretem-a-lagy-csokodat","status":"publish","type":"product","link":"https:\/\/www.sunkaraoke.hu\/index.php\/termek\/didi-lamour-szeretem-a-lagy-csokodat\/","title":{"rendered":"<div class=\"wcmp-player-container product-11694\"><audio controlslist=\"nodownload\" data-product=\"11694\"  volume=\"1\"  preload=\"none\" data-lazyloading=\"none\" class=\"wcmp-player track mejs-classic\" data-duration=\"0:31\" data-estimated_duration=\"4\"><source src=\"https:\/\/www.sunkaraoke.hu\/wp-content\/uploads\/2023\/08\/Szeretem-a-lagy-csokoda_demo.mp3\" type=\"audio\/mp3\" \/><\/audio><\/div>Didi Lamour &#8211; Szeretem a l\u00e1gy cs\u00f3kodat  (Original)"},"content":{"rendered":"<p><strong>03:20 <\/strong>\/<img decoding=\"async\" src=\"https:\/\/www.sunkaraoke.hu\/wp-content\/uploads\/2022\/07\/choir_2-copy.webp\" \/> <strong>\u00a0\/<\/strong><\/p>\n","protected":false},"excerpt":{"rendered":"<h6><strong>Bits\u0171r\u0171s\u00e9g: 320 kb\/s<\/strong><br \/>\n<strong>Hossz: 03:20<\/strong><br \/>\n<strong>Vok\u00e1lt tartalmaz: Nem <img decoding=\"async\" src=\"https:\/\/www.sunkaraoke.hu\/wp-content\/uploads\/2022\/07\/choir_2-copy.png\" \/>\u00a0<\/strong><strong style=\"font-size: 16px;\"><br \/>\n<\/strong><\/h6>\n<p>Sunkaraoke mp3 st\u00fadi\u00f3 \/ www.sunkaraoke.hu \/ Inf: Tel: 06 20 4275001<\/p>\n<p>&#8212;Intr\u00f3&#8212;<br \/>\nEgy \u00e9j, melyen k\u00ednoz gy\u00f6t\u00f6r a v\u00e1gy,<br \/>\nhogy egy\u00fctt t\u00f6lts\u00fck el ezt az \u00e9jszak\u00e1t, cig\u00e1ny l\u00e1ny,<br \/>\nmert \u00fagy szeretlek \u00e9n, ahogy senki m\u00e1s,<br \/>\naz \u00e9gnek lehozn\u00e1m , minden csillag\u00e1t.<br \/>\nSzeretem a l\u00e1gy cs\u00f3kodat,<br \/>\nolyan mint a m\u00e9z, az \u00edze sz\u00e1mban olvad,<br \/>\nszeretni t\u00e9ged nem neh\u00e9z.<br \/>\nSzeretem a l\u00e1gy cs\u00f3kodat,<br \/>\nolyan mint a m\u00e9z, az \u00edze sz\u00e1mban olvad,<br \/>\nszeretni t\u00e9ged nem neh\u00e9z.<br \/>\n\u00c9n soha nem feledlek el, \u00e9rted odaadn\u00e1m az \u00e9letem,<br \/>\nhogyha kell, mert \u00fagy szeretlek \u00e9n, ahogy senki m\u00e1s,<br \/>\naz \u00e9gnek lehozn\u00e1m , minden csillag\u00e1t.<br \/>\nSzeretem a l\u00e1gy cs\u00f3kodat,<br \/>\nolyan mint a m\u00e9z, az \u00edze sz\u00e1mban olvad,<br \/>\nszeretni t\u00e9ged nem neh\u00e9z.<br \/>\nSzeretem a l\u00e1gy cs\u00f3kodat,<br \/>\nolyan mint a m\u00e9z, az \u00edze sz\u00e1mban olvad,<br \/>\nszeretni t\u00e9ged nem neh\u00e9z.<br \/>\n&#8212;Sz\u00f3l\u00f3&#8212;<br \/>\nSzeretem a l\u00e1gy cs\u00f3kodat,<br \/>\nolyan mint a m\u00e9z, az \u00edze sz\u00e1mban olvad,<br \/>\nszeretni t\u00e9ged nem neh\u00e9z.<br \/>\nSzeretem a l\u00e1gy cs\u00f3kodat,<br \/>\nolyan mint a m\u00e9z, az \u00edze sz\u00e1mban olvad,<br \/>\nszeretni t\u00e9ged nem neh\u00e9z.<br \/>\nSzeretem a l\u00e1gy cs\u00f3kodat,<br \/>\nolyan mint a m\u00e9z, az \u00edze sz\u00e1mban olvad,<br \/>\nszeretni t\u00e9ged nem neh\u00e9z.<br \/>\nSzeretem a l\u00e1gy cs\u00f3kodat,<br \/>\nolyan mint a m\u00e9z, az \u00edze sz\u00e1mban olvad,<br \/>\nszeretni t\u00e9ged nem neh\u00e9z.<br \/>\n&#8212;V\u00e9ge&#8212;<\/p>\n","protected":false},"featured_media":721,"template":"","meta":{"site-sidebar-layout":"default","site-content-layout":"default","ast-site-content-layout":"default","site-content-style":"default","site-sidebar-style":"default","ast-global-header-display":"","ast-banner-title-visibility":"","ast-main-header-display":"","ast-hfb-above-header-display":"","ast-hfb-below-header-display":"","ast-hfb-mobile-header-display":"","site-post-title":"","ast-breadcrumbs-content":"","ast-featured-img":"","footer-sml-layout":"","theme-transparent-header-meta":"default","adv-header-id-meta":"","stick-header-meta":"","header-above-stick-meta":"","header-main-stick-meta":"","header-below-stick-meta":"","astra-migrate-meta-layouts":"set","ast-page-background-enabled":"default","ast-page-background-meta":{"desktop":{"background-color":"var(--ast-global-color-4)","background-image":"","background-repeat":"repeat","background-position":"center center","background-size":"auto","background-attachment":"scroll","background-type":"","background-media":"","overlay-type":"","overlay-color":"","overlay-opacity":"","overlay-gradient":""},"tablet":{"background-color":"","background-image":"","background-repeat":"repeat","background-position":"center center","background-size":"auto","background-attachment":"scroll","background-type":"","background-media":"","overlay-type":"","overlay-color":"","overlay-opacity":"","overlay-gradient":""},"mobile":{"background-color":"","background-image":"","background-repeat":"repeat","background-position":"center center","background-size":"auto","background-attachment":"scroll","background-type":"","background-media":"","overlay-type":"","overlay-color":"","overlay-opacity":"","overlay-gradient":""}},"ast-content-background-meta":{"desktop":{"background-color":"var(--ast-global-color-5)","background-image":"","background-repeat":"repeat","background-position":"center center","background-size":"auto","background-attachment":"scroll","background-type":"","background-media":"","overlay-type":"","overlay-color":"","overlay-opacity":"","overlay-gradient":""},"tablet":{"background-color":"var(--ast-global-color-5)","background-image":"","background-repeat":"repeat","background-position":"center center","background-size":"auto","background-attachment":"scroll","background-type":"","background-media":"","overlay-type":"","overlay-color":"","overlay-opacity":"","overlay-gradient":""},"mobile":{"background-color":"var(--ast-global-color-5)","background-image":"","background-repeat":"repeat","background-position":"center center","background-size":"auto","background-attachment":"scroll","background-type":"","background-media":"","overlay-type":"","overlay-color":"","overlay-opacity":"","overlay-gradient":""}}},"product_cat":[46],"product_tag":[],"class_list":["post-11694","product","type-product","status-publish","has-post-thumbnail","hentry","product_cat-eredeti-karaoke-dalok","desktop-align-left","tablet-align-left","mobile-align-left"],"_links":{"self":[{"href":"https:\/\/www.sunkaraoke.hu\/index.php\/wp-json\/wp\/v2\/product\/11694","targetHints":{"allow":["GET"]}}],"collection":[{"href":"https:\/\/www.sunkaraoke.hu\/index.php\/wp-json\/wp\/v2\/product"}],"about":[{"href":"https:\/\/www.sunkaraoke.hu\/index.php\/wp-json\/wp\/v2\/types\/product"}],"wp:featuredmedia":[{"embeddable":true,"href":"https:\/\/www.sunkaraoke.hu\/index.php\/wp-json\/wp\/v2\/media\/721"}],"wp:attachment":[{"href":"https:\/\/www.sunkaraoke.hu\/index.php\/wp-json\/wp\/v2\/media?parent=11694"}],"wp:term":[{"taxonomy":"product_cat","embeddable":true,"href":"https:\/\/www.sunkaraoke.hu\/index.php\/wp-json\/wp\/v2\/product_cat?post=11694"},{"taxonomy":"product_tag","embeddable":true,"href":"https:\/\/www.sunkaraoke.hu\/index.php\/wp-json\/wp\/v2\/product_tag?post=11694"}],"curies":[{"name":"wp","href":"https:\/\/api.w.org\/{rel}","templated":true}]}}