{"id":11691,"date":"2023-08-16T14:54:38","date_gmt":"2023-08-16T14:54:38","guid":{"rendered":"https:\/\/www.sunkaraoke.hu\/?post_type=product&#038;p=11691"},"modified":"2025-04-04T20:05:36","modified_gmt":"2025-04-04T20:05:36","slug":"didi-lamour-piroska","status":"publish","type":"product","link":"https:\/\/www.sunkaraoke.hu\/index.php\/termek\/didi-lamour-piroska\/","title":{"rendered":"<div class=\"wcmp-player-container product-11691\"><audio controlslist=\"nodownload\" data-product=\"11691\"  volume=\"1\"  preload=\"none\" data-lazyloading=\"none\" class=\"wcmp-player track mejs-classic\" data-duration=\"0:35\" data-estimated_duration=\"4\"><source src=\"https:\/\/www.sunkaraoke.hu\/wp-content\/uploads\/2023\/08\/Piroska-Didi_demo.mp3\" type=\"audio\/mp3\" \/><\/audio><\/div>Didi Lamour &#8211; Piroska  (Original)"},"content":{"rendered":"<p><strong>03:25 <\/strong>\/<img decoding=\"async\" src=\"https:\/\/www.sunkaraoke.hu\/wp-content\/uploads\/2022\/07\/choir_2-copy.webp\" \/> <strong>\u00a0\/<\/strong><\/p>\n","protected":false},"excerpt":{"rendered":"<h6><strong>Bits\u0171r\u0171s\u00e9g: 320 kb\/s<\/strong><br \/>\n<strong>Hossz: 03:25<\/strong><br \/>\n<strong>Vok\u00e1lt tartalmaz: Nem <img decoding=\"async\" src=\"https:\/\/www.sunkaraoke.hu\/wp-content\/uploads\/2022\/07\/choir_2-copy.png\" \/>\u00a0<\/strong><strong style=\"font-size: 16px;\"><br \/>\n<\/strong><\/h6>\n<p>Sunkaraoke mp3 st\u00fadi\u00f3 \/ www.sunkaraoke.hu \/ Inf: Tel: 06 20 4275001<\/p>\n<p>&#8212;Intr\u00f3&#8212;<br \/>\nPiros s\u00e1l, piros sz\u00e1j, piros szoknya,<br \/>\nszerelmem, kedvesem, \u00f3h sz\u00e9p Piroska,<br \/>\ncsod\u00e1s arc, csod\u00e1s szem , sz\u00e9p tested,<br \/>\nbel\u00e9d z\u00fagtam teljesen egy szombat este.<br \/>\n\u00dagy d\u00fal a Love, kedvesem, \u00fagy im\u00e1dlak,<br \/>\n\u0151r\u00fclt h\u00f3dol\u00f3ja lettem Pirosk\u00e1nak.<br \/>\nGyer\u00fcnk baby \u00f6lelj \u00e1t, \u00e9lj a m\u00e1nak,<br \/>\ndobd le h\u00e1t az \u00f6sszes sz\u00e9p piros ruh\u00e1dat&#8230;<br \/>\nElj\u00f6tt az est, kettesben, v\u00e9gre n\u00e1lad,<br \/>\nt\u00e1rd ki ajtaj\u00e1t el\u0151ttem, kis szob\u00e1dnak.<br \/>\nGyertya f\u00e9ny, f\u00e9lhom\u00e1ly, titkos v\u00e1gyak,<br \/>\nparf\u00fcm\u00f6d illata fel\u00e9m, csak \u00fagy \u00e1rad.<br \/>\n\u00dagy d\u00fal a Love, kedvesem, \u00fagy im\u00e1dlak,<br \/>\n\u0151r\u00fclt h\u00f3dol\u00f3ja lettem Pirosk\u00e1nak.<br \/>\nGyer\u00fcnk baby \u00f6lelj \u00e1t, \u00e9lj a m\u00e1nak,<br \/>\ndobd le h\u00e1t az \u00f6sszes sz\u00e9p piros ruh\u00e1dat&#8230;<br \/>\n&#8212;Sz\u00f3l\u00f3&#8212;<br \/>\nSweet pezsg\u0151, cs\u00f3k kokt\u00e9l, percnyi m\u00e1mor,<br \/>\nforr\u00f3 cs\u00f3kod \u00edze elolvad a sz\u00e1mon.<br \/>\nPiros bl\u00faz, piros r\u00fazs, mint az \u00e1lom,<br \/>\neltal\u00e1lt \u00e9s sz\u00edven l\u0151tt nyil\u00e1val \u00c1mor.<br \/>\n\u00dagy d\u00fal a Love, kedvesem, \u00fagy im\u00e1dlak,<br \/>\n\u0151r\u00fclt h\u00f3dol\u00f3ja lettem Pirosk\u00e1nak.<br \/>\nGyer\u00fcnk baby \u00f6lelj \u00e1t, \u00e9lj a m\u00e1nak,<br \/>\ndobd le h\u00e1t az \u00f6sszes sz\u00e9p piros ruh\u00e1dat&#8230;<br \/>\n\u00dagy d\u00fal a Love, kedvesem, \u00fagy im\u00e1dlak,<br \/>\n\u0151r\u00fclt h\u00f3dol\u00f3ja lettem Pirosk\u00e1nak.<br \/>\nGyer\u00fcnk baby \u00f6lelj \u00e1t, \u00e9lj a m\u00e1nak,<br \/>\ndobd le h\u00e1t az \u00f6sszes sz\u00e9p piros ruh\u00e1dat&#8230;<br \/>\nDobd le h\u00e1t az \u00f6sszes sz\u00e9p piros ruh\u00e1dat&#8230;<br \/>\n&#8212;V\u00e9ge&#8212;<\/p>\n<p>&nbsp;<\/p>\n","protected":false},"featured_media":721,"template":"","meta":{"site-sidebar-layout":"default","site-content-layout":"default","ast-site-content-layout":"default","site-content-style":"default","site-sidebar-style":"default","ast-global-header-display":"","ast-banner-title-visibility":"","ast-main-header-display":"","ast-hfb-above-header-display":"","ast-hfb-below-header-display":"","ast-hfb-mobile-header-display":"","site-post-title":"","ast-breadcrumbs-content":"","ast-featured-img":"","footer-sml-layout":"","theme-transparent-header-meta":"default","adv-header-id-meta":"","stick-header-meta":"","header-above-stick-meta":"","header-main-stick-meta":"","header-below-stick-meta":"","astra-migrate-meta-layouts":"set","ast-page-background-enabled":"default","ast-page-background-meta":{"desktop":{"background-color":"var(--ast-global-color-4)","background-image":"","background-repeat":"repeat","background-position":"center center","background-size":"auto","background-attachment":"scroll","background-type":"","background-media":"","overlay-type":"","overlay-color":"","overlay-opacity":"","overlay-gradient":""},"tablet":{"background-color":"","background-image":"","background-repeat":"repeat","background-position":"center center","background-size":"auto","background-attachment":"scroll","background-type":"","background-media":"","overlay-type":"","overlay-color":"","overlay-opacity":"","overlay-gradient":""},"mobile":{"background-color":"","background-image":"","background-repeat":"repeat","background-position":"center center","background-size":"auto","background-attachment":"scroll","background-type":"","background-media":"","overlay-type":"","overlay-color":"","overlay-opacity":"","overlay-gradient":""}},"ast-content-background-meta":{"desktop":{"background-color":"var(--ast-global-color-5)","background-image":"","background-repeat":"repeat","background-position":"center center","background-size":"auto","background-attachment":"scroll","background-type":"","background-media":"","overlay-type":"","overlay-color":"","overlay-opacity":"","overlay-gradient":""},"tablet":{"background-color":"var(--ast-global-color-5)","background-image":"","background-repeat":"repeat","background-position":"center center","background-size":"auto","background-attachment":"scroll","background-type":"","background-media":"","overlay-type":"","overlay-color":"","overlay-opacity":"","overlay-gradient":""},"mobile":{"background-color":"var(--ast-global-color-5)","background-image":"","background-repeat":"repeat","background-position":"center center","background-size":"auto","background-attachment":"scroll","background-type":"","background-media":"","overlay-type":"","overlay-color":"","overlay-opacity":"","overlay-gradient":""}}},"product_cat":[46],"product_tag":[],"class_list":["post-11691","product","type-product","status-publish","has-post-thumbnail","hentry","product_cat-eredeti-karaoke-dalok","desktop-align-left","tablet-align-left","mobile-align-left"],"_links":{"self":[{"href":"https:\/\/www.sunkaraoke.hu\/index.php\/wp-json\/wp\/v2\/product\/11691","targetHints":{"allow":["GET"]}}],"collection":[{"href":"https:\/\/www.sunkaraoke.hu\/index.php\/wp-json\/wp\/v2\/product"}],"about":[{"href":"https:\/\/www.sunkaraoke.hu\/index.php\/wp-json\/wp\/v2\/types\/product"}],"wp:featuredmedia":[{"embeddable":true,"href":"https:\/\/www.sunkaraoke.hu\/index.php\/wp-json\/wp\/v2\/media\/721"}],"wp:attachment":[{"href":"https:\/\/www.sunkaraoke.hu\/index.php\/wp-json\/wp\/v2\/media?parent=11691"}],"wp:term":[{"taxonomy":"product_cat","embeddable":true,"href":"https:\/\/www.sunkaraoke.hu\/index.php\/wp-json\/wp\/v2\/product_cat?post=11691"},{"taxonomy":"product_tag","embeddable":true,"href":"https:\/\/www.sunkaraoke.hu\/index.php\/wp-json\/wp\/v2\/product_tag?post=11691"}],"curies":[{"name":"wp","href":"https:\/\/api.w.org\/{rel}","templated":true}]}}