{"id":11687,"date":"2023-08-16T14:33:04","date_gmt":"2023-08-16T14:33:04","guid":{"rendered":"https:\/\/www.sunkaraoke.hu\/?post_type=product&#038;p=11687"},"modified":"2025-04-04T20:06:02","modified_gmt":"2025-04-04T20:06:02","slug":"didi-lamour-kismadar-a-lombos-agon","status":"publish","type":"product","link":"https:\/\/www.sunkaraoke.hu\/index.php\/termek\/didi-lamour-kismadar-a-lombos-agon\/","title":{"rendered":"<div class=\"wcmp-player-container product-11687\"><audio controlslist=\"nodownload\" data-product=\"11687\"  volume=\"1\"  preload=\"none\" data-lazyloading=\"none\" class=\"wcmp-player track mejs-classic\" data-duration=\"0:32\" data-estimated_duration=\"4\"><source src=\"https:\/\/www.sunkaraoke.hu\/wp-content\/uploads\/2023\/08\/Kismadar_demo.mp3\" type=\"audio\/mp3\" \/><\/audio><\/div>Didi Lamour &#8211; Kismad\u00e1r a lombos \u00e1gon  (Original)"},"content":{"rendered":"<p><strong>03:22 <\/strong>\/<img decoding=\"async\" src=\"https:\/\/www.sunkaraoke.hu\/wp-content\/uploads\/2022\/07\/choir_2-copy.webp\" \/> <strong>\u00a0\/<\/strong><\/p>\n","protected":false},"excerpt":{"rendered":"<h6><strong>Bits\u0171r\u0171s\u00e9g: 320 kb\/s<\/strong><br \/>\n<strong>Hossz: 03:22<\/strong><br \/>\n<strong>Vok\u00e1lt tartalmaz: Nem <img decoding=\"async\" src=\"https:\/\/www.sunkaraoke.hu\/wp-content\/uploads\/2022\/07\/choir_2-copy.png\" \/>\u00a0<\/strong><strong style=\"font-size: 16px;\"><br \/>\n<\/strong><\/h6>\n<p>Sunkaraoke mp3 st\u00fadi\u00f3 \/ www.sunkaraoke.hu \/ Inf: Tel: 06 20 4275001<\/p>\n<p>&#8212;Intr\u00f3&#8212;<br \/>\nTavasszal sz\u00e9p a vil\u00e1g, a f\u00e1kon cseresznyevir\u00e1g,<br \/>\nragyog r\u00e1nk a f\u00e9nyl\u0151 napsug\u00e1r.<br \/>\n\u00dagy csillog a szemed, \u00e9n boldog vagyok veled,<br \/>\nforr\u00f3 cs\u00f3kod \u00edze oly csod\u00e1s.<br \/>\nKismad\u00e1r a lombos \u00e1gon, v\u00edgan \u00e9nekel,<br \/>\nszerelm\u00fcnket tavasz hozta el.<br \/>\nKismad\u00e1r a lombos \u00e1gon, vid\u00e1man dalol,<br \/>\naz \u00e9n sz\u00edvem szerelmes nagyon.<br \/>\n&#8212;Sz\u00f3l\u00f3&#8212;<br \/>\nMusk\u00e1tlis az ablakom, orgon\u00e1k az udvaron,<br \/>\na szerelmem tudja hogy hol lakom.<br \/>\nKiny\u00edlott minden vir\u00e1g,mi besz\u00edvjuk az illat\u00e1t,<br \/>\nsz\u00edv\u00fcnket boldogs\u00e1g j\u00e1rja \u00e1t.<br \/>\nKismad\u00e1r a lombos \u00e1gon, v\u00edgan \u00e9nekel,<br \/>\nszerelm\u00fcnket tavasz hozta el.<br \/>\nKismad\u00e1r a lombos \u00e1gon, vid\u00e1man dalol,<br \/>\naz \u00e9n sz\u00edvem szerelmes nagyon.<br \/>\nKismad\u00e1r a lombos \u00e1gon&#8230;.<br \/>\nKismad\u00e1r a lombos \u00e1gon&#8230;.<br \/>\nKismad\u00e1r a lombos \u00e1gon, v\u00edgan \u00e9nekel,<br \/>\nszerelm\u00fcnket tavasz hozta el.<br \/>\nKismad\u00e1r a lombos \u00e1gon, vid\u00e1man dalol,<br \/>\naz \u00e9n sz\u00edvem szerelmes nagyon.<br \/>\nKismad\u00e1r a lombos \u00e1gon, v\u00edgan \u00e9nekel,<br \/>\nszerelm\u00fcnket tavasz hozta el.<br \/>\nKismad\u00e1r a lombos \u00e1gon, vid\u00e1man dalol,<br \/>\naz \u00e9n sz\u00edvem szerelmes nagyon.<br \/>\n&#8212;V\u00e9ge&#8212;<\/p>\n","protected":false},"featured_media":721,"template":"","meta":{"site-sidebar-layout":"default","site-content-layout":"default","ast-site-content-layout":"default","site-content-style":"default","site-sidebar-style":"default","ast-global-header-display":"","ast-banner-title-visibility":"","ast-main-header-display":"","ast-hfb-above-header-display":"","ast-hfb-below-header-display":"","ast-hfb-mobile-header-display":"","site-post-title":"","ast-breadcrumbs-content":"","ast-featured-img":"","footer-sml-layout":"","theme-transparent-header-meta":"default","adv-header-id-meta":"","stick-header-meta":"","header-above-stick-meta":"","header-main-stick-meta":"","header-below-stick-meta":"","astra-migrate-meta-layouts":"set","ast-page-background-enabled":"default","ast-page-background-meta":{"desktop":{"background-color":"var(--ast-global-color-4)","background-image":"","background-repeat":"repeat","background-position":"center center","background-size":"auto","background-attachment":"scroll","background-type":"","background-media":"","overlay-type":"","overlay-color":"","overlay-opacity":"","overlay-gradient":""},"tablet":{"background-color":"","background-image":"","background-repeat":"repeat","background-position":"center center","background-size":"auto","background-attachment":"scroll","background-type":"","background-media":"","overlay-type":"","overlay-color":"","overlay-opacity":"","overlay-gradient":""},"mobile":{"background-color":"","background-image":"","background-repeat":"repeat","background-position":"center center","background-size":"auto","background-attachment":"scroll","background-type":"","background-media":"","overlay-type":"","overlay-color":"","overlay-opacity":"","overlay-gradient":""}},"ast-content-background-meta":{"desktop":{"background-color":"var(--ast-global-color-5)","background-image":"","background-repeat":"repeat","background-position":"center center","background-size":"auto","background-attachment":"scroll","background-type":"","background-media":"","overlay-type":"","overlay-color":"","overlay-opacity":"","overlay-gradient":""},"tablet":{"background-color":"var(--ast-global-color-5)","background-image":"","background-repeat":"repeat","background-position":"center center","background-size":"auto","background-attachment":"scroll","background-type":"","background-media":"","overlay-type":"","overlay-color":"","overlay-opacity":"","overlay-gradient":""},"mobile":{"background-color":"var(--ast-global-color-5)","background-image":"","background-repeat":"repeat","background-position":"center center","background-size":"auto","background-attachment":"scroll","background-type":"","background-media":"","overlay-type":"","overlay-color":"","overlay-opacity":"","overlay-gradient":""}}},"product_cat":[46],"product_tag":[],"class_list":["post-11687","product","type-product","status-publish","has-post-thumbnail","hentry","product_cat-eredeti-karaoke-dalok","desktop-align-left","tablet-align-left","mobile-align-left"],"_links":{"self":[{"href":"https:\/\/www.sunkaraoke.hu\/index.php\/wp-json\/wp\/v2\/product\/11687","targetHints":{"allow":["GET"]}}],"collection":[{"href":"https:\/\/www.sunkaraoke.hu\/index.php\/wp-json\/wp\/v2\/product"}],"about":[{"href":"https:\/\/www.sunkaraoke.hu\/index.php\/wp-json\/wp\/v2\/types\/product"}],"wp:featuredmedia":[{"embeddable":true,"href":"https:\/\/www.sunkaraoke.hu\/index.php\/wp-json\/wp\/v2\/media\/721"}],"wp:attachment":[{"href":"https:\/\/www.sunkaraoke.hu\/index.php\/wp-json\/wp\/v2\/media?parent=11687"}],"wp:term":[{"taxonomy":"product_cat","embeddable":true,"href":"https:\/\/www.sunkaraoke.hu\/index.php\/wp-json\/wp\/v2\/product_cat?post=11687"},{"taxonomy":"product_tag","embeddable":true,"href":"https:\/\/www.sunkaraoke.hu\/index.php\/wp-json\/wp\/v2\/product_tag?post=11687"}],"curies":[{"name":"wp","href":"https:\/\/api.w.org\/{rel}","templated":true}]}}