{"id":11683,"date":"2023-08-16T13:28:30","date_gmt":"2023-08-16T13:28:30","guid":{"rendered":"https:\/\/www.sunkaraoke.hu\/?post_type=product&#038;p=11683"},"modified":"2025-04-04T20:06:23","modified_gmt":"2025-04-04T20:06:23","slug":"didi-lamour-kicsi-meg-a-mi-lanyunk","status":"publish","type":"product","link":"https:\/\/www.sunkaraoke.hu\/index.php\/termek\/didi-lamour-kicsi-meg-a-mi-lanyunk\/","title":{"rendered":"<div class=\"wcmp-player-container product-11683\"><audio controlslist=\"nodownload\" data-product=\"11683\"  volume=\"1\"  preload=\"none\" data-lazyloading=\"none\" class=\"wcmp-player track mejs-classic\" data-duration=\"0:31\" data-estimated_duration=\"4\"><source src=\"https:\/\/www.sunkaraoke.hu\/wp-content\/uploads\/2023\/08\/Kicsi-meg-a-mi-lanyun_demo.mp3\" type=\"audio\/mp3\" \/><\/audio><\/div>Didi Lamour &#8211; Kicsi m\u00e9g a mi l\u00e1nyunk  (Original)"},"content":{"rendered":"<p><strong>02:45<\/strong>\u00a0 \/<img decoding=\"async\" src=\"https:\/\/www.sunkaraoke.hu\/wp-content\/uploads\/2022\/07\/choir_2-copy.webp\" \/> <strong>\u00a0\/<\/strong><\/p>\n","protected":false},"excerpt":{"rendered":"<h6><strong>Bits\u0171r\u0171s\u00e9g: 320 kb\/s<\/strong><br \/>\n<strong>Hossz: 03:45<\/strong><br \/>\n<strong>Vok\u00e1lt tartalmaz: Nem <img decoding=\"async\" src=\"https:\/\/www.sunkaraoke.hu\/wp-content\/uploads\/2022\/07\/choir_2-copy.png\" \/>\u00a0<\/strong><strong style=\"font-size: 16px;\"><br \/>\n<\/strong><\/h6>\n<p>Sunkaraoke mp3 st\u00fadi\u00f3 \/ www.sunkaraoke.hu \/ Inf: Tel: 06 20 4275001<\/p>\n<p>&#8212;Intr\u00f3&#8212;<br \/>\nKicsi m\u00e9g a mi l\u00e1nyunk,ne j\u00e1rjon kend min\u00e1lunk!<br \/>\nKicsi m\u00e9g a mi l\u00e1nyunk, ne j\u00e1rjon kend min\u00e1lunk!<br \/>\nMajd ha feln\u0151 a mi l\u00e1nyunk,akkor,akkor,akkor j\u00f6jj\u00f6n min\u00e1lunk!<br \/>\nMegn\u0151tt m\u00e1r a mi l\u00e1nyunk, j\u00e1rhat m\u00e1r kend min\u00e1lunk,<br \/>\nmegn\u0151tt m\u00e1r a mi l\u00e1nyunk, j\u00e1rhat m\u00e1r kend min\u00e1lunk.<br \/>\nSe nem kicsi se nem nagy , \u00e9ppen, \u00e9ppen, \u00e9ppen, hozz\u00e1m val\u00f3 vagy.<br \/>\n&#8212;Sz\u00f3l\u00f3&#8212;<br \/>\nKicsi m\u00e9g a mi l\u00e1nyunk,ne j\u00e1rjon kend min\u00e1lunk!<br \/>\nKicsi m\u00e9g a mi l\u00e1nyunk, ne j\u00e1rjon kend min\u00e1lunk!<br \/>\nMajd ha feln\u0151 a mi l\u00e1nyunk,akkor,akkor,akkor j\u00f6jj\u00f6n min\u00e1lunk!<br \/>\nMegn\u0151tt m\u00e1r a mi l\u00e1nyunk, j\u00e1rhat m\u00e1r kend min\u00e1lunk,<br \/>\nmegn\u0151tt m\u00e1r a mi l\u00e1nyunk, j\u00e1rhat m\u00e1r kend min\u00e1lunk.<br \/>\nSe nem kicsi se nem nagy , \u00e9ppen, \u00e9ppen, \u00e9ppen, hozz\u00e1m val\u00f3 vagy.<br \/>\n&#8212;Sz\u00f3l\u00f3&#8212;<br \/>\nKicsi m\u00e9g a mi l\u00e1nyunk,ne j\u00e1rjon kend min\u00e1lunk!<br \/>\nKicsi m\u00e9g a mi l\u00e1nyunk, ne j\u00e1rjon kend min\u00e1lunk!<br \/>\nMajd ha feln\u0151 a mi l\u00e1nyunk,akkor,akkor,akkor j\u00f6jj\u00f6n min\u00e1lunk!<br \/>\nMegn\u0151tt m\u00e1r a mi l\u00e1nyunk, j\u00e1rhat m\u00e1r kend min\u00e1lunk,<br \/>\nmegn\u0151tt m\u00e1r a mi l\u00e1nyunk, j\u00e1rhat m\u00e1r kend min\u00e1lunk.<br \/>\nSe nem kicsi se nem nagy , \u00e9ppen, \u00e9ppen, \u00e9ppen, hozz\u00e1m val\u00f3 vagy.<br \/>\n&#8212;V\u00e9ge&#8212;<\/p>\n","protected":false},"featured_media":721,"template":"","meta":{"site-sidebar-layout":"default","site-content-layout":"default","ast-site-content-layout":"default","site-content-style":"default","site-sidebar-style":"default","ast-global-header-display":"","ast-banner-title-visibility":"","ast-main-header-display":"","ast-hfb-above-header-display":"","ast-hfb-below-header-display":"","ast-hfb-mobile-header-display":"","site-post-title":"","ast-breadcrumbs-content":"","ast-featured-img":"","footer-sml-layout":"","theme-transparent-header-meta":"default","adv-header-id-meta":"","stick-header-meta":"","header-above-stick-meta":"","header-main-stick-meta":"","header-below-stick-meta":"","astra-migrate-meta-layouts":"set","ast-page-background-enabled":"default","ast-page-background-meta":{"desktop":{"background-color":"var(--ast-global-color-4)","background-image":"","background-repeat":"repeat","background-position":"center center","background-size":"auto","background-attachment":"scroll","background-type":"","background-media":"","overlay-type":"","overlay-color":"","overlay-opacity":"","overlay-gradient":""},"tablet":{"background-color":"","background-image":"","background-repeat":"repeat","background-position":"center center","background-size":"auto","background-attachment":"scroll","background-type":"","background-media":"","overlay-type":"","overlay-color":"","overlay-opacity":"","overlay-gradient":""},"mobile":{"background-color":"","background-image":"","background-repeat":"repeat","background-position":"center center","background-size":"auto","background-attachment":"scroll","background-type":"","background-media":"","overlay-type":"","overlay-color":"","overlay-opacity":"","overlay-gradient":""}},"ast-content-background-meta":{"desktop":{"background-color":"var(--ast-global-color-5)","background-image":"","background-repeat":"repeat","background-position":"center center","background-size":"auto","background-attachment":"scroll","background-type":"","background-media":"","overlay-type":"","overlay-color":"","overlay-opacity":"","overlay-gradient":""},"tablet":{"background-color":"var(--ast-global-color-5)","background-image":"","background-repeat":"repeat","background-position":"center center","background-size":"auto","background-attachment":"scroll","background-type":"","background-media":"","overlay-type":"","overlay-color":"","overlay-opacity":"","overlay-gradient":""},"mobile":{"background-color":"var(--ast-global-color-5)","background-image":"","background-repeat":"repeat","background-position":"center center","background-size":"auto","background-attachment":"scroll","background-type":"","background-media":"","overlay-type":"","overlay-color":"","overlay-opacity":"","overlay-gradient":""}}},"product_cat":[46],"product_tag":[],"class_list":["post-11683","product","type-product","status-publish","has-post-thumbnail","hentry","product_cat-eredeti-karaoke-dalok","desktop-align-left","tablet-align-left","mobile-align-left"],"_links":{"self":[{"href":"https:\/\/www.sunkaraoke.hu\/index.php\/wp-json\/wp\/v2\/product\/11683","targetHints":{"allow":["GET"]}}],"collection":[{"href":"https:\/\/www.sunkaraoke.hu\/index.php\/wp-json\/wp\/v2\/product"}],"about":[{"href":"https:\/\/www.sunkaraoke.hu\/index.php\/wp-json\/wp\/v2\/types\/product"}],"wp:featuredmedia":[{"embeddable":true,"href":"https:\/\/www.sunkaraoke.hu\/index.php\/wp-json\/wp\/v2\/media\/721"}],"wp:attachment":[{"href":"https:\/\/www.sunkaraoke.hu\/index.php\/wp-json\/wp\/v2\/media?parent=11683"}],"wp:term":[{"taxonomy":"product_cat","embeddable":true,"href":"https:\/\/www.sunkaraoke.hu\/index.php\/wp-json\/wp\/v2\/product_cat?post=11683"},{"taxonomy":"product_tag","embeddable":true,"href":"https:\/\/www.sunkaraoke.hu\/index.php\/wp-json\/wp\/v2\/product_tag?post=11683"}],"curies":[{"name":"wp","href":"https:\/\/api.w.org\/{rel}","templated":true}]}}