{"id":11675,"date":"2023-08-16T13:04:07","date_gmt":"2023-08-16T13:04:07","guid":{"rendered":"https:\/\/www.sunkaraoke.hu\/?post_type=product&#038;p=11675"},"modified":"2025-06-22T15:53:50","modified_gmt":"2025-06-22T13:53:50","slug":"didi-lamour-az-eso-bekopog","status":"publish","type":"product","link":"https:\/\/www.sunkaraoke.hu\/index.php\/termek\/didi-lamour-az-eso-bekopog\/","title":{"rendered":"<div class=\"wcmp-player-container product-11675\"><audio controlslist=\"nodownload\" data-product=\"11675\"  volume=\"1\"  preload=\"none\" data-lazyloading=\"none\" class=\"wcmp-player track mejs-classic\" data-duration=\"0:33\" data-estimated_duration=\"4\"><source src=\"https:\/\/www.sunkaraoke.hu\/wp-content\/uploads\/2023\/08\/Az-eso-bekopog_demo-1.mp3\" type=\"audio\/mp3\" \/><\/audio><\/div>Didi Lamour &#8211; Az es\u0151 bekopog  (Original)"},"content":{"rendered":"<p><strong>02:54<\/strong>\u00a0\/<img decoding=\"async\" src=\"https:\/\/www.sunkaraoke.hu\/wp-content\/uploads\/2022\/07\/choir_2-copy.webp\" \/> <strong>\u00a0\/<\/strong><\/p>\n","protected":false},"excerpt":{"rendered":"<h6><strong>Bits\u0171r\u0171s\u00e9g: 256kb\/s<\/strong><br \/>\n<strong>Hossz: 02:54<\/strong><br \/>\n<strong>Vok\u00e1lt tartalmaz: Nem <img decoding=\"async\" src=\"https:\/\/www.sunkaraoke.hu\/wp-content\/uploads\/2022\/07\/choir_2-copy.png\" \/>\u00a0<\/strong><strong style=\"font-size: 16px;\"><br \/>\n<\/strong><\/h6>\n<p>Sunkaraoke mp3 st\u00fadi\u00f3 \/ www.sunkaraoke.hu \/ Inf: Tel: 06 20 4275001<\/p>\n<p>&#8212;Intr\u00f3&#8212;<br \/>\nAz es\u0151 bekopog az ablakon ha nem vagy velem rossz agyon,<br \/>\nha l\u00e1tlak \u00f6r\u00f6m az \u00e9letem, szeretlek sz\u00e9p szem\u0171 kedvesem, \u00f3h Istenem.<br \/>\nMert a szerelem a szenved\u00e9ly,cs\u00f3kod \u00f6lel\u00e9sed v\u00e1rom \u00e9n,<br \/>\naz Istent csak arra k\u00e9rem \u00e9n, hogy szeress m\u00e9g.<br \/>\nMert a szerelem a szenved\u00e9ly,cs\u00f3kod \u00f6lel\u00e9sed v\u00e1rom \u00e9n,<br \/>\naz Istent csak arra k\u00e9rem \u00e9n, hogy szeress m\u00e9g.<br \/>\nSzerelmed ezeregy \u00e9jszaka, \u00fagy \u00e9rzem nem m\u00falik el soha,<br \/>\nte vagy a kincsem a mindenem, szeretlek \u00fagy mint az \u00e9letem, \u00d3h Istenem!<br \/>\nMert a szerelem a szenved\u00e9ly,cs\u00f3kod \u00f6lel\u00e9sed v\u00e1rom \u00e9n,<br \/>\naz Istent csak arra k\u00e9rem \u00e9n, hogy szeress m\u00e9g.<br \/>\nMert a szerelem a szenved\u00e9ly,cs\u00f3kod \u00f6lel\u00e9sed v\u00e1rom \u00e9n,<br \/>\naz Istent csak arra k\u00e9rem \u00e9n, hogy szeress m\u00e9g.<br \/>\n&#8212;Sz\u00f3l\u00f3&#8212;<br \/>\nMert a szerelem a szenved\u00e9ly,cs\u00f3kod \u00f6lel\u00e9sed v\u00e1rom \u00e9n,<br \/>\naz Istent csak arra k\u00e9rem \u00e9n, hogy szeress m\u00e9g.<br \/>\nMert a szerelem a szenved\u00e9ly,cs\u00f3kod \u00f6lel\u00e9sed v\u00e1rom \u00e9n,<br \/>\naz Istent csak arra k\u00e9rem \u00e9n, hogy szeress m\u00e9g.<br \/>\nMert a szerelem a szenved\u00e9ly,cs\u00f3kod \u00f6lel\u00e9sed v\u00e1rom \u00e9n,<br \/>\naz Istent csak arra k\u00e9rem \u00e9n, hogy szeress m\u00e9g.<br \/>\nMert a szerelem a szenved\u00e9ly,cs\u00f3kod \u00f6lel\u00e9sed v\u00e1rom \u00e9n,<br \/>\naz Istent csak arra k\u00e9rem \u00e9n, hogy szeress m\u00e9g,<br \/>\nhogy szeress m\u00e9g,<br \/>\nhogy szeress m\u00e9g.<br \/>\nhogy szeress m\u00e9g.<br \/>\n&#8212;V\u00e9ge&#8212;<\/p>\n","protected":false},"featured_media":721,"template":"","meta":{"site-sidebar-layout":"default","site-content-layout":"default","ast-site-content-layout":"default","site-content-style":"default","site-sidebar-style":"default","ast-global-header-display":"","ast-banner-title-visibility":"","ast-main-header-display":"","ast-hfb-above-header-display":"","ast-hfb-below-header-display":"","ast-hfb-mobile-header-display":"","site-post-title":"","ast-breadcrumbs-content":"","ast-featured-img":"","footer-sml-layout":"","theme-transparent-header-meta":"default","adv-header-id-meta":"","stick-header-meta":"","header-above-stick-meta":"","header-main-stick-meta":"","header-below-stick-meta":"","astra-migrate-meta-layouts":"set","ast-page-background-enabled":"default","ast-page-background-meta":{"desktop":{"background-color":"var(--ast-global-color-4)","background-image":"","background-repeat":"repeat","background-position":"center center","background-size":"auto","background-attachment":"scroll","background-type":"","background-media":"","overlay-type":"","overlay-color":"","overlay-opacity":"","overlay-gradient":""},"tablet":{"background-color":"","background-image":"","background-repeat":"repeat","background-position":"center center","background-size":"auto","background-attachment":"scroll","background-type":"","background-media":"","overlay-type":"","overlay-color":"","overlay-opacity":"","overlay-gradient":""},"mobile":{"background-color":"","background-image":"","background-repeat":"repeat","background-position":"center center","background-size":"auto","background-attachment":"scroll","background-type":"","background-media":"","overlay-type":"","overlay-color":"","overlay-opacity":"","overlay-gradient":""}},"ast-content-background-meta":{"desktop":{"background-color":"var(--ast-global-color-5)","background-image":"","background-repeat":"repeat","background-position":"center center","background-size":"auto","background-attachment":"scroll","background-type":"","background-media":"","overlay-type":"","overlay-color":"","overlay-opacity":"","overlay-gradient":""},"tablet":{"background-color":"var(--ast-global-color-5)","background-image":"","background-repeat":"repeat","background-position":"center center","background-size":"auto","background-attachment":"scroll","background-type":"","background-media":"","overlay-type":"","overlay-color":"","overlay-opacity":"","overlay-gradient":""},"mobile":{"background-color":"var(--ast-global-color-5)","background-image":"","background-repeat":"repeat","background-position":"center center","background-size":"auto","background-attachment":"scroll","background-type":"","background-media":"","overlay-type":"","overlay-color":"","overlay-opacity":"","overlay-gradient":""}}},"product_cat":[46],"product_tag":[],"class_list":["post-11675","product","type-product","status-publish","has-post-thumbnail","hentry","product_cat-eredeti-karaoke-dalok","desktop-align-left","tablet-align-left","mobile-align-left"],"_links":{"self":[{"href":"https:\/\/www.sunkaraoke.hu\/index.php\/wp-json\/wp\/v2\/product\/11675","targetHints":{"allow":["GET"]}}],"collection":[{"href":"https:\/\/www.sunkaraoke.hu\/index.php\/wp-json\/wp\/v2\/product"}],"about":[{"href":"https:\/\/www.sunkaraoke.hu\/index.php\/wp-json\/wp\/v2\/types\/product"}],"wp:featuredmedia":[{"embeddable":true,"href":"https:\/\/www.sunkaraoke.hu\/index.php\/wp-json\/wp\/v2\/media\/721"}],"wp:attachment":[{"href":"https:\/\/www.sunkaraoke.hu\/index.php\/wp-json\/wp\/v2\/media?parent=11675"}],"wp:term":[{"taxonomy":"product_cat","embeddable":true,"href":"https:\/\/www.sunkaraoke.hu\/index.php\/wp-json\/wp\/v2\/product_cat?post=11675"},{"taxonomy":"product_tag","embeddable":true,"href":"https:\/\/www.sunkaraoke.hu\/index.php\/wp-json\/wp\/v2\/product_tag?post=11675"}],"curies":[{"name":"wp","href":"https:\/\/api.w.org\/{rel}","templated":true}]}}