{"id":11670,"date":"2023-08-16T12:48:10","date_gmt":"2023-08-16T12:48:10","guid":{"rendered":"https:\/\/www.sunkaraoke.hu\/?post_type=product&#038;p=11670"},"modified":"2025-04-04T20:07:09","modified_gmt":"2025-04-04T20:07:09","slug":"didi-lamour-valamikor-reg","status":"publish","type":"product","link":"https:\/\/www.sunkaraoke.hu\/index.php\/termek\/didi-lamour-valamikor-reg\/","title":{"rendered":"<div class=\"wcmp-player-container product-11670\"><audio controlslist=\"nodownload\" data-product=\"11670\"  volume=\"1\"  preload=\"none\" data-lazyloading=\"none\" class=\"wcmp-player track mejs-classic\" data-duration=\"0:33\" data-estimated_duration=\"4\"><source src=\"https:\/\/www.sunkaraoke.hu\/wp-content\/uploads\/2023\/08\/Valamikor-reg-Didi._demo.mp3\" type=\"audio\/mp3\" \/><\/audio><\/div>Didi Lamour &#8211; Valamikor r\u00e9g  (Original)"},"content":{"rendered":"<p><strong>03:28<\/strong>\u00a0 \/<img decoding=\"async\" src=\"https:\/\/www.sunkaraoke.hu\/wp-content\/uploads\/2022\/07\/choir_2-copy.webp\" \/> <strong>\u00a0\/<\/strong><\/p>\n","protected":false},"excerpt":{"rendered":"<h6><strong>Bits\u0171r\u0171s\u00e9g: 256kb\/s<\/strong><br \/>\n<strong>Hossz: 03:28<\/strong><br \/>\n<strong>Vok\u00e1lt tartalmaz: Nem <img decoding=\"async\" src=\"https:\/\/www.sunkaraoke.hu\/wp-content\/uploads\/2022\/07\/choir_2-copy.png\" \/>\u00a0<\/strong><strong style=\"font-size: 16px;\"><br \/>\n<\/strong><\/h6>\n<p>Sunkaraoke mp3 st\u00fadi\u00f3 \/ www.sunkaraoke.hu \/ Inf: Tel: 06 20 4275001<\/p>\n<p>&#8212;Intr\u00f3&#8212;<br \/>\nValamikor r\u00e9g, egy\u00fctt k\u00f3sz\u00e1ltunk te meg \u00e9n,<br \/>\nj\u00e1rtuk a r\u00e9teket, n\u00e9zt\u00fck a k\u00e9k eget,<br \/>\nf\u00e1ba v\u00e9st\u00fcnk egy k\u00f6z\u00f6s ki jelet,<br \/>\nF\u00e1ba v\u00e9sett szerelem, eml\u00e9keim k\u00f6zt keresem,<br \/>\nszerelmi alkot\u00e1sok, vallom\u00e1sok, jelzik a sz\u00edveken.<br \/>\nF\u00e1ba v\u00e9sett szerelem, de soha el nem feledem,<br \/>\namikor sz\u00edvbe \u00edrtuk egym\u00e1s nev\u00e9t, azt hogy szeretem.<br \/>\nSoha el nem sz\u00e1llt, r\u00e9gi \u00e1lmom mindig vissza j\u00e1rt,<br \/>\n\u0151rzi az k\u00e9peket, sok szerelmes \u00e9veket,<br \/>\nf\u00e1ba v\u00e9sett k\u00f6z\u00f6s kis jelet.<br \/>\nF\u00e1ba v\u00e9sett szerelem, eml\u00e9keim k\u00f6zt keresem,<br \/>\nszerelmi alkot\u00e1sok, vallom\u00e1sok, jelzik a sz\u00edveken.<br \/>\nF\u00e1ba v\u00e9sett szerelem, de soha el nem feledem,<br \/>\namikor sz\u00edvbe \u00edrtuk egym\u00e1s nev\u00e9t, azt hogy szeretem.<br \/>\nSz\u00edvem \u00fajra \u00e9g, l\u00e1ngra lobbant benne az eml\u00e9k,<br \/>\ncsillog\u00f3 napsug\u00e1r, a z\u00f6ld mez\u0151k illat\u00e1n,<br \/>\nelhozza fel\u00e9nk, egy elm\u00falt boldogs\u00e1g.<br \/>\nF\u00e1ba v\u00e9sett szerelem, eml\u00e9keim k\u00f6zt keresem,<br \/>\nszerelmi alkot\u00e1sok, vallom\u00e1sok, jelzik a sz\u00edveken.<br \/>\nF\u00e1ba v\u00e9sett szerelem, de soha el nem feledem,<br \/>\namikor sz\u00edvbe \u00edrtuk egym\u00e1s nev\u00e9t, azt hogy szeretem.<br \/>\n&#8212;Sz\u00f3l\u00f3&#8212;<br \/>\nF\u00e1ba v\u00e9sett szerelem, eml\u00e9keim k\u00f6zt keresem,<br \/>\nszerelmi alkot\u00e1sok, vallom\u00e1sok, jelzik a sz\u00edveken.<br \/>\nF\u00e1ba v\u00e9sett szerelem, de soha el nem feledem,<br \/>\namikor sz\u00edvbe \u00edrtuk egym\u00e1s nev\u00e9t, azt hogy szeretem.<br \/>\n&#8212;V\u00e9ge&#8212;<\/p>\n<p>&nbsp;<\/p>\n","protected":false},"featured_media":721,"template":"","meta":{"site-sidebar-layout":"default","site-content-layout":"default","ast-site-content-layout":"default","site-content-style":"default","site-sidebar-style":"default","ast-global-header-display":"","ast-banner-title-visibility":"","ast-main-header-display":"","ast-hfb-above-header-display":"","ast-hfb-below-header-display":"","ast-hfb-mobile-header-display":"","site-post-title":"","ast-breadcrumbs-content":"","ast-featured-img":"","footer-sml-layout":"","theme-transparent-header-meta":"default","adv-header-id-meta":"","stick-header-meta":"","header-above-stick-meta":"","header-main-stick-meta":"","header-below-stick-meta":"","astra-migrate-meta-layouts":"set","ast-page-background-enabled":"default","ast-page-background-meta":{"desktop":{"background-color":"var(--ast-global-color-4)","background-image":"","background-repeat":"repeat","background-position":"center center","background-size":"auto","background-attachment":"scroll","background-type":"","background-media":"","overlay-type":"","overlay-color":"","overlay-opacity":"","overlay-gradient":""},"tablet":{"background-color":"","background-image":"","background-repeat":"repeat","background-position":"center center","background-size":"auto","background-attachment":"scroll","background-type":"","background-media":"","overlay-type":"","overlay-color":"","overlay-opacity":"","overlay-gradient":""},"mobile":{"background-color":"","background-image":"","background-repeat":"repeat","background-position":"center center","background-size":"auto","background-attachment":"scroll","background-type":"","background-media":"","overlay-type":"","overlay-color":"","overlay-opacity":"","overlay-gradient":""}},"ast-content-background-meta":{"desktop":{"background-color":"var(--ast-global-color-5)","background-image":"","background-repeat":"repeat","background-position":"center center","background-size":"auto","background-attachment":"scroll","background-type":"","background-media":"","overlay-type":"","overlay-color":"","overlay-opacity":"","overlay-gradient":""},"tablet":{"background-color":"var(--ast-global-color-5)","background-image":"","background-repeat":"repeat","background-position":"center center","background-size":"auto","background-attachment":"scroll","background-type":"","background-media":"","overlay-type":"","overlay-color":"","overlay-opacity":"","overlay-gradient":""},"mobile":{"background-color":"var(--ast-global-color-5)","background-image":"","background-repeat":"repeat","background-position":"center center","background-size":"auto","background-attachment":"scroll","background-type":"","background-media":"","overlay-type":"","overlay-color":"","overlay-opacity":"","overlay-gradient":""}}},"product_cat":[46],"product_tag":[],"class_list":["post-11670","product","type-product","status-publish","has-post-thumbnail","hentry","product_cat-eredeti-karaoke-dalok","desktop-align-left","tablet-align-left","mobile-align-left"],"_links":{"self":[{"href":"https:\/\/www.sunkaraoke.hu\/index.php\/wp-json\/wp\/v2\/product\/11670","targetHints":{"allow":["GET"]}}],"collection":[{"href":"https:\/\/www.sunkaraoke.hu\/index.php\/wp-json\/wp\/v2\/product"}],"about":[{"href":"https:\/\/www.sunkaraoke.hu\/index.php\/wp-json\/wp\/v2\/types\/product"}],"wp:featuredmedia":[{"embeddable":true,"href":"https:\/\/www.sunkaraoke.hu\/index.php\/wp-json\/wp\/v2\/media\/721"}],"wp:attachment":[{"href":"https:\/\/www.sunkaraoke.hu\/index.php\/wp-json\/wp\/v2\/media?parent=11670"}],"wp:term":[{"taxonomy":"product_cat","embeddable":true,"href":"https:\/\/www.sunkaraoke.hu\/index.php\/wp-json\/wp\/v2\/product_cat?post=11670"},{"taxonomy":"product_tag","embeddable":true,"href":"https:\/\/www.sunkaraoke.hu\/index.php\/wp-json\/wp\/v2\/product_tag?post=11670"}],"curies":[{"name":"wp","href":"https:\/\/api.w.org\/{rel}","templated":true}]}}