{"id":11666,"date":"2023-08-16T12:29:36","date_gmt":"2023-08-16T12:29:36","guid":{"rendered":"https:\/\/www.sunkaraoke.hu\/?post_type=product&#038;p=11666"},"modified":"2025-01-19T11:37:36","modified_gmt":"2025-01-19T11:37:36","slug":"didi-lamour-verzo-szivem-boldogsagra-var","status":"publish","type":"product","link":"https:\/\/www.sunkaraoke.hu\/index.php\/termek\/didi-lamour-verzo-szivem-boldogsagra-var\/","title":{"rendered":"<div class=\"wcmp-player-container product-11666\"><audio controlslist=\"nodownload\" data-product=\"11666\"  volume=\"1\"  preload=\"none\" data-lazyloading=\"none\" class=\"wcmp-player track mejs-classic\" data-duration=\"0:31\" data-estimated_duration=\"4\"><source src=\"https:\/\/www.sunkaraoke.hu\/wp-content\/uploads\/2023\/08\/Verzo-szivem-bolgsagra-var_demo.mp3\" type=\"audio\/mp3\" \/><\/audio><\/div>Didi Lamour &#8211; V\u00e9rz\u0151 sz\u00edvem boldogs\u00e1gra v\u00e1r"},"content":{"rendered":"<p><strong>03:21<\/strong>\u00a0 \/<img decoding=\"async\" src=\"https:\/\/www.sunkaraoke.hu\/wp-content\/uploads\/2022\/07\/choir_2-copy.webp\" \/> <strong>\u00a0\/<\/strong><\/p>\n","protected":false},"excerpt":{"rendered":"<h6><strong>Bits\u0171r\u0171s\u00e9g: 256kb\/s<\/strong><br \/>\n<strong>Hossz: 03:21<\/strong><br \/>\n<strong>Vok\u00e1lt tartalmaz: Nem <img decoding=\"async\" src=\"https:\/\/www.sunkaraoke.hu\/wp-content\/uploads\/2022\/07\/choir_2-copy.png\" \/>\u00a0<\/strong><strong style=\"font-size: 16px;\"><br \/>\n<\/strong><\/h6>\n<p>Sunkaraoke mp3 st\u00fadi\u00f3 \/ www.sunkaraoke.hu \/ Inf: Tel: 06 20 4275001<\/p>\n<p>&#8212;Intr\u00f3&#8212;<br \/>\nV\u00e9rz\u0151 sz\u00edvem boldogs\u00e1gra v\u00e1r,<br \/>\nnem gy\u00f3gyul be soha soha m\u00e1r.<br \/>\nEgy asszony tette t\u00f6nkre az \u00e9letem,<br \/>\nmert amit ny\u00fajtott nem volt szerelem.<br \/>\nBoldogs\u00e1gra v\u00e1r a sz\u00edvem devl\u00e1,<br \/>\nhozz\u00e1d \u00fczen fel a csillagokba.<br \/>\nMeg\u00e1tkozva j\u00e1rok kelek devl\u00e1,<br \/>\nsz\u00e9p asszonynak vagyok a bolondja.<br \/>\nCs\u00f3kjaidat nem feledem \u00e9n,<br \/>\nmert j\u00f3l tudom hogy nemcsak az eny\u00e9m.<br \/>\nSzemed sz\u00edne ha r\u00e1m nevetett,<br \/>\naz hamis volt, s nem engem szeretett.<br \/>\nBoldogs\u00e1gra v\u00e1r a sz\u00edvem devl\u00e1,<br \/>\nhozz\u00e1d \u00fczen fel a csillagokba.<br \/>\nMeg\u00e1tkozva j\u00e1rok kelek devl\u00e1,<br \/>\nsz\u00e9p asszonynak vagyok a bolondja.<br \/>\n&#8212;Sz\u00f3l\u00f3&#8212;<br \/>\nBoldogs\u00e1gra v\u00e1r a sz\u00edvem devl\u00e1,<br \/>\nhozz\u00e1d \u00fczen fel a csillagokba.<br \/>\nMeg\u00e1tkozva j\u00e1rok kelek devl\u00e1,<br \/>\nsz\u00e9p asszonynak vagyok a bolondja.<br \/>\nBoldogs\u00e1gra v\u00e1r a sz\u00edvem devl\u00e1,<br \/>\nhozz\u00e1d \u00fczen fel a csillagokba.<br \/>\nMeg\u00e1tkozva j\u00e1rok kelek devl\u00e1,<br \/>\nsz\u00e9p asszonynak vagyok a bolondja.<br \/>\n&#8212;V\u00e9ge&#8212;<\/p>\n","protected":false},"featured_media":721,"template":"","meta":{"site-sidebar-layout":"default","site-content-layout":"default","ast-site-content-layout":"","site-content-style":"default","site-sidebar-style":"default","ast-global-header-display":"","ast-banner-title-visibility":"","ast-main-header-display":"","ast-hfb-above-header-display":"","ast-hfb-below-header-display":"","ast-hfb-mobile-header-display":"","site-post-title":"","ast-breadcrumbs-content":"","ast-featured-img":"","footer-sml-layout":"","theme-transparent-header-meta":"default","adv-header-id-meta":"","stick-header-meta":"","header-above-stick-meta":"","header-main-stick-meta":"","header-below-stick-meta":"","astra-migrate-meta-layouts":"default","ast-page-background-enabled":"default","ast-page-background-meta":{"desktop":{"background-color":"var(--ast-global-color-4)","background-image":"","background-repeat":"repeat","background-position":"center center","background-size":"auto","background-attachment":"scroll","background-type":"","background-media":"","overlay-type":"","overlay-color":"","overlay-opacity":"","overlay-gradient":""},"tablet":{"background-color":"","background-image":"","background-repeat":"repeat","background-position":"center center","background-size":"auto","background-attachment":"scroll","background-type":"","background-media":"","overlay-type":"","overlay-color":"","overlay-opacity":"","overlay-gradient":""},"mobile":{"background-color":"","background-image":"","background-repeat":"repeat","background-position":"center center","background-size":"auto","background-attachment":"scroll","background-type":"","background-media":"","overlay-type":"","overlay-color":"","overlay-opacity":"","overlay-gradient":""}},"ast-content-background-meta":{"desktop":{"background-color":"var(--ast-global-color-5)","background-image":"","background-repeat":"repeat","background-position":"center center","background-size":"auto","background-attachment":"scroll","background-type":"","background-media":"","overlay-type":"","overlay-color":"","overlay-opacity":"","overlay-gradient":""},"tablet":{"background-color":"var(--ast-global-color-5)","background-image":"","background-repeat":"repeat","background-position":"center center","background-size":"auto","background-attachment":"scroll","background-type":"","background-media":"","overlay-type":"","overlay-color":"","overlay-opacity":"","overlay-gradient":""},"mobile":{"background-color":"var(--ast-global-color-5)","background-image":"","background-repeat":"repeat","background-position":"center center","background-size":"auto","background-attachment":"scroll","background-type":"","background-media":"","overlay-type":"","overlay-color":"","overlay-opacity":"","overlay-gradient":""}}},"product_cat":[46],"product_tag":[],"class_list":["post-11666","product","type-product","status-publish","has-post-thumbnail","hentry","product_cat-eredeti-karaoke-dalok","desktop-align-left","tablet-align-left","mobile-align-left"],"_links":{"self":[{"href":"https:\/\/www.sunkaraoke.hu\/index.php\/wp-json\/wp\/v2\/product\/11666","targetHints":{"allow":["GET"]}}],"collection":[{"href":"https:\/\/www.sunkaraoke.hu\/index.php\/wp-json\/wp\/v2\/product"}],"about":[{"href":"https:\/\/www.sunkaraoke.hu\/index.php\/wp-json\/wp\/v2\/types\/product"}],"wp:featuredmedia":[{"embeddable":true,"href":"https:\/\/www.sunkaraoke.hu\/index.php\/wp-json\/wp\/v2\/media\/721"}],"wp:attachment":[{"href":"https:\/\/www.sunkaraoke.hu\/index.php\/wp-json\/wp\/v2\/media?parent=11666"}],"wp:term":[{"taxonomy":"product_cat","embeddable":true,"href":"https:\/\/www.sunkaraoke.hu\/index.php\/wp-json\/wp\/v2\/product_cat?post=11666"},{"taxonomy":"product_tag","embeddable":true,"href":"https:\/\/www.sunkaraoke.hu\/index.php\/wp-json\/wp\/v2\/product_tag?post=11666"}],"curies":[{"name":"wp","href":"https:\/\/api.w.org\/{rel}","templated":true}]}}