{"id":11631,"date":"2023-08-11T08:00:47","date_gmt":"2023-08-11T08:00:47","guid":{"rendered":"https:\/\/www.sunkaraoke.hu\/?post_type=product&#038;p=11631"},"modified":"2025-04-10T07:08:47","modified_gmt":"2025-04-10T07:08:47","slug":"halott-penz-szetszeretlek-2023-cover","status":"publish","type":"product","link":"https:\/\/www.sunkaraoke.hu\/index.php\/termek\/halott-penz-szetszeretlek-2023-cover\/","title":{"rendered":"<div class=\"wcmp-player-container product-11631\"><audio controlslist=\"nodownload\" data-product=\"11631\"  volume=\"1\"  preload=\"none\" data-lazyloading=\"none\" class=\"wcmp-player track mejs-classic\" data-duration=\"0:34\" data-estimated_duration=\"4\"><source src=\"https:\/\/www.sunkaraoke.hu\/wp-content\/uploads\/2023\/08\/Szetszeretlek-2023.-Cover-_demo.mp3\" type=\"audio\/mp3\" \/><\/audio><\/div>Halott p\u00e9nz : Sz\u00e9tszeretlek 2023. Cover"},"content":{"rendered":"<p><strong>03:18<\/strong>\u00a0| <strong><img loading=\"lazy\" decoding=\"async\" class=\"alignnone size-full wp-image-467\" src=\"https:\/\/www.sunkaraoke.hu\/wp-content\/uploads\/2022\/07\/choir_2-copy.webp\" alt=\"\" width=\"30\" height=\"30\" \/> \u00a0<\/strong><\/p>\n","protected":false},"excerpt":{"rendered":"<h6><strong>Bits\u0171r\u0171s\u00e9g: 320kb\/s<\/strong><br \/>\n<strong>Hossz: 03:18<\/strong><\/h6>\n<h6><strong>Vok\u00e1lt tartalmaz: Nem <img loading=\"lazy\" decoding=\"async\" class=\"alignnone size-full wp-image-467\" src=\"http:\/\/www.sunkaraoke.hu\/wp-content\/uploads\/2022\/07\/choir_2-copy.png\" alt=\"\" width=\"30\" height=\"30\" \/><\/strong><\/h6>\n<p>Sunkaraoke mp3 st\u00fadi\u00f3 \/ www.sunkaraoke.hu \/ Inf: Tel: 06 20 4275001<\/p>\n<p>&#8212;Intr\u00f3&#8212;<br \/>\nB\u00e1rcsak tudn\u00e1m, mi j\u00e1r egy n\u0151 fej\u00e9ben,<br \/>\nak\u00e1rmit teszek, esk\u00fcsz\u00f6m, nem \u00e9rtem.<br \/>\nAk\u00e1rmit mondtam, m\u00e9gis valahogy mell\u00e9ment,<br \/>\nde ak\u00e1rmit mondasz, nem menek\u00fclsz el\u0151lem.<br \/>\nB\u00e1rcsak tudn\u00e1m, mi j\u00e1r egy sr\u00e1c fej\u00e9ben,<br \/>\nvir\u00e1got venn\u00e9k, nem okoskodn\u00e9k a hely\u00e9ben.<br \/>\nHa elt\u0171nne n\u00e9ha, ok\u00e9, valahogy t\u00fal\u00e9lem,<br \/>\nde ak\u00e1rmit mondasz, nem menek\u00fclsz el\u0151lem.<br \/>\nMert \u00fagyis sz\u00e9tszeretlek, sz\u00e9tszeretlek \u00e9n.<br \/>\n\u00dagyis sz\u00e9tszeretlek, sz\u00e9tszeretlek \u00e9n..<br \/>\n\u00dagyis sz\u00e9tszeretlek, sz\u00e9tszeretlek \u00e9n..<br \/>\n\u00dagyis sz\u00e9tszeretlek, sz\u00e9tszeretlek \u00e9n..<br \/>\n&#8212;Sz\u00f3l\u00f3&#8212;<br \/>\nB\u00e1rcsak tudn\u00e1m, mi j\u00e1r egy n\u0151 fej\u00e9ben,<br \/>\nak\u00e1rmit teszek, esk\u00fcsz\u00f6m, nem \u00e9rtem.<br \/>\nAk\u00e1rmit mondtam, m\u00e9gis valahogy mell\u00e9ment,<br \/>\nde ak\u00e1rmit mondasz, nem menek\u00fclsz el\u0151lem.<br \/>\nB\u00e1rcsak tudn\u00e1m, mi j\u00e1r egy sr\u00e1c fej\u00e9ben,<br \/>\nvir\u00e1got venn\u00e9k, nem okoskodn\u00e9k a hely\u00e9ben.<br \/>\nHa elt\u0171nne n\u00e9ha, ok\u00e9, valahogy t\u00fal\u00e9lem,<br \/>\nde ak\u00e1rmit mondasz, nem menek\u00fclsz el\u0151lem.<br \/>\nMert \u00fagyis sz\u00e9tszeretlek, sz\u00e9tszeretlek \u00e9n.<br \/>\n\u00dagyis sz\u00e9tszeretlek, sz\u00e9tszeretlek \u00e9n..<br \/>\n\u00dagyis sz\u00e9tszeretlek, sz\u00e9tszeretlek \u00e9n..<br \/>\n\u00dagyis sz\u00e9tszeretlek, sz\u00e9tszeretlek \u00e9n..<br \/>\nMert \u00fagyis sz\u00e9tszeretlek, sz\u00e9tszeretlek \u00e9n.<br \/>\n\u00dagyis sz\u00e9tszeretlek, sz\u00e9tszeretlek \u00e9n..<br \/>\n\u00dagyis sz\u00e9tszeretlek, sz\u00e9tszeretlek \u00e9n..<br \/>\n\u00dagyis sz\u00e9tszeretlek, sz\u00e9tszeretlek \u00e9n..<br \/>\n&#8212;V\u00e9ge&#8212;<\/p>\n","protected":false},"featured_media":11632,"template":"","meta":{"site-sidebar-layout":"default","site-content-layout":"default","ast-site-content-layout":"","site-content-style":"default","site-sidebar-style":"default","ast-global-header-display":"","ast-banner-title-visibility":"","ast-main-header-display":"","ast-hfb-above-header-display":"","ast-hfb-below-header-display":"","ast-hfb-mobile-header-display":"","site-post-title":"","ast-breadcrumbs-content":"","ast-featured-img":"","footer-sml-layout":"","theme-transparent-header-meta":"default","adv-header-id-meta":"","stick-header-meta":"","header-above-stick-meta":"","header-main-stick-meta":"","header-below-stick-meta":"","astra-migrate-meta-layouts":"default","ast-page-background-enabled":"default","ast-page-background-meta":{"desktop":{"background-color":"var(--ast-global-color-4)","background-image":"","background-repeat":"repeat","background-position":"center center","background-size":"auto","background-attachment":"scroll","background-type":"","background-media":"","overlay-type":"","overlay-color":"","overlay-opacity":"","overlay-gradient":""},"tablet":{"background-color":"","background-image":"","background-repeat":"repeat","background-position":"center center","background-size":"auto","background-attachment":"scroll","background-type":"","background-media":"","overlay-type":"","overlay-color":"","overlay-opacity":"","overlay-gradient":""},"mobile":{"background-color":"","background-image":"","background-repeat":"repeat","background-position":"center center","background-size":"auto","background-attachment":"scroll","background-type":"","background-media":"","overlay-type":"","overlay-color":"","overlay-opacity":"","overlay-gradient":""}},"ast-content-background-meta":{"desktop":{"background-color":"var(--ast-global-color-5)","background-image":"","background-repeat":"repeat","background-position":"center center","background-size":"auto","background-attachment":"scroll","background-type":"","background-media":"","overlay-type":"","overlay-color":"","overlay-opacity":"","overlay-gradient":""},"tablet":{"background-color":"var(--ast-global-color-5)","background-image":"","background-repeat":"repeat","background-position":"center center","background-size":"auto","background-attachment":"scroll","background-type":"","background-media":"","overlay-type":"","overlay-color":"","overlay-opacity":"","overlay-gradient":""},"mobile":{"background-color":"var(--ast-global-color-5)","background-image":"","background-repeat":"repeat","background-position":"center center","background-size":"auto","background-attachment":"scroll","background-type":"","background-media":"","overlay-type":"","overlay-color":"","overlay-opacity":"","overlay-gradient":""}}},"product_cat":[48],"product_tag":[],"class_list":["post-11631","product","type-product","status-publish","has-post-thumbnail","hentry","product_cat-sunkaraoke-dalok","desktop-align-left","tablet-align-left","mobile-align-left"],"_links":{"self":[{"href":"https:\/\/www.sunkaraoke.hu\/index.php\/wp-json\/wp\/v2\/product\/11631","targetHints":{"allow":["GET"]}}],"collection":[{"href":"https:\/\/www.sunkaraoke.hu\/index.php\/wp-json\/wp\/v2\/product"}],"about":[{"href":"https:\/\/www.sunkaraoke.hu\/index.php\/wp-json\/wp\/v2\/types\/product"}],"wp:featuredmedia":[{"embeddable":true,"href":"https:\/\/www.sunkaraoke.hu\/index.php\/wp-json\/wp\/v2\/media\/11632"}],"wp:attachment":[{"href":"https:\/\/www.sunkaraoke.hu\/index.php\/wp-json\/wp\/v2\/media?parent=11631"}],"wp:term":[{"taxonomy":"product_cat","embeddable":true,"href":"https:\/\/www.sunkaraoke.hu\/index.php\/wp-json\/wp\/v2\/product_cat?post=11631"},{"taxonomy":"product_tag","embeddable":true,"href":"https:\/\/www.sunkaraoke.hu\/index.php\/wp-json\/wp\/v2\/product_tag?post=11631"}],"curies":[{"name":"wp","href":"https:\/\/api.w.org\/{rel}","templated":true}]}}