{"id":11596,"date":"2023-08-05T13:54:27","date_gmt":"2023-08-05T13:54:27","guid":{"rendered":"https:\/\/www.sunkaraoke.hu\/?post_type=product&#038;p=11596"},"modified":"2025-04-10T07:08:49","modified_gmt":"2025-04-10T07:08:49","slug":"tesok-attila-ne-haragudj-ram","status":"publish","type":"product","link":"https:\/\/www.sunkaraoke.hu\/index.php\/termek\/tesok-attila-ne-haragudj-ram\/","title":{"rendered":"<div class=\"wcmp-player-container product-11596\"><audio controlslist=\"nodownload\" data-product=\"11596\"  volume=\"1\"  preload=\"none\" data-lazyloading=\"none\" class=\"wcmp-player track mejs-classic\" data-duration=\"0:35\" data-estimated_duration=\"4\"><source src=\"https:\/\/www.sunkaraoke.hu\/wp-content\/uploads\/2023\/08\/Tesok-Ne-haragudj-ram_demou.mp3\" type=\"audio\/mp3\" \/><\/audio><\/div>Tes\u00f3k Attila- Ne haragudj r\u00e1m (Original)"},"content":{"rendered":"<p><strong>03:35<\/strong>\u00a0| <strong><img loading=\"lazy\" decoding=\"async\" class=\"alignnone size-full wp-image-467\" src=\"https:\/\/www.sunkaraoke.hu\/wp-content\/uploads\/2022\/07\/choir_2-copy.webp\" alt=\"\" width=\"30\" height=\"30\" \/> \u00a0<\/strong><\/p>\n","protected":false},"excerpt":{"rendered":"<h6><strong>Bits\u0171r\u0171s\u00e9g: 320kb\/s<\/strong><br \/>\n<strong>Hossz: 03:36<\/strong><\/h6>\n<h6><strong>Vok\u00e1lt tartalmaz: Nem <img loading=\"lazy\" decoding=\"async\" class=\"alignnone size-full wp-image-467\" src=\"http:\/\/www.sunkaraoke.hu\/wp-content\/uploads\/2022\/07\/choir_2-copy.png\" alt=\"\" width=\"30\" height=\"30\" \/><\/strong><\/h6>\n<p>Sunkaraoke mp3 st\u00fadi\u00f3 \/ www.sunkaraoke.hu \/ Inf: Tel: 06 20 4275001<\/p>\n<p>&#8212;Intr\u00f3&#8212;<br \/>\n\u00d6nz\u0151 voltam, ma sem \u00e9rtem,<br \/>\na t\u00fck\u00f6rbe sose n\u00e9ztem,<br \/>\na v\u00e9rem hajtott \u00e9jszak\u00e1kon \u00e1t.<br \/>\nTe mindig \u00f3vt\u00e1l v\u00e9dt\u00e9l engem,<br \/>\nt\u00e1mogatt\u00e1l b\u00e1rmit tettem,<br \/>\nk\u00f6sz\u00f6n\u00f6m, hogy kitart\u00f3 volt\u00e1l.<\/p>\n<p>Ne haragudj r\u00e1m Szerelmem \u00edg\u00e9rem most megv\u00e1ltozom,<br \/>\nz\u00fclleni az \u00e9jszak\u00e1ban \u00e9n m\u00e1r t\u00f6bb\u00e9 nem fogok.<br \/>\nTudom azt hogy \u00e9n voltam hib\u00e1s, csakis \u00e9n rontottam el,<br \/>\nh\u00e1t arra k\u00e9rlek, kezdj\u00fck, kezdj\u00fck \u00fajra el.<br \/>\n&#8212;Sz\u00f3l\u00f3&#8212;<br \/>\nHa kellett ha nem, mindig mentem,<br \/>\nsose volt egy nyugodt percem,<br \/>\nnem figyeltem el\u00e9gg\u00e9 ter\u00e1d.<br \/>\nM\u00e9gis gondoztad a lelkem,<br \/>\nfelvid\u00edtottad a kedvem,<br \/>\nk\u00f6sz\u00f6n\u00f6m, hogy kitart\u00f3 volt\u00e1l.<\/p>\n<p>Ne haragudj r\u00e1m Szerelmem \u00edg\u00e9rem most megv\u00e1ltozom,<br \/>\nz\u00fclleni az \u00e9jszak\u00e1ban \u00e9n m\u00e1r t\u00f6bb\u00e9 nem fogok.<br \/>\nTudom azt hogy \u00e9n voltam hib\u00e1s, csakis \u00e9n rontottam el,<br \/>\nh\u00e1t arra k\u00e9rlek, kezdj\u00fck, kezdj\u00fck \u00fajra el.<br \/>\n&#8212;Sz\u00f3l\u00f3&#8212;<br \/>\nHa adsz m\u00e9g egyszer es\u00e9lyt, \u00e9n megadom amit csak k\u00e9rsz,<br \/>\n\u00e9s \u00fajra te leszel,az \u00e9letem, a mindenem.<\/p>\n<p>Ne haragudj r\u00e1m Szerelmem, \u00edg\u00e9rem most megv\u00e1ltozom,<br \/>\nz\u00fclleni az \u00e9jszak\u00e1ban \u00e9n m\u00e1r t\u00f6bb\u00e9 nem fogok.<br \/>\nTudom azt hogy \u00e9n voltam hib\u00e1s, csakis \u00e9n rontottam el,<br \/>\nh\u00e1t arra k\u00e9rlek, kezdj\u00fck, kezdj\u00fck \u00fajra el.<\/p>\n<p>Ne haragudj r\u00e1m Szerelmem, \u00edg\u00e9rem most megv\u00e1ltozom,<br \/>\nz\u00fclleni az \u00e9jszak\u00e1ban \u00e9n m\u00e1r t\u00f6bb\u00e9 nem fogok.<br \/>\nTudom azt hogy \u00e9n voltam hib\u00e1s, csakis \u00e9n rontottam el,<br \/>\nh\u00e1t arra k\u00e9rlek, kezdj\u00fck, kezdj\u00fck \u00fajra el.<br \/>\n&#8212;V\u00e9ge&#8212;<\/p>\n","protected":false},"featured_media":8715,"template":"","meta":{"site-sidebar-layout":"default","site-content-layout":"default","ast-site-content-layout":"default","site-content-style":"default","site-sidebar-style":"default","ast-global-header-display":"","ast-banner-title-visibility":"","ast-main-header-display":"","ast-hfb-above-header-display":"","ast-hfb-below-header-display":"","ast-hfb-mobile-header-display":"","site-post-title":"","ast-breadcrumbs-content":"","ast-featured-img":"","footer-sml-layout":"","theme-transparent-header-meta":"default","adv-header-id-meta":"","stick-header-meta":"","header-above-stick-meta":"","header-main-stick-meta":"","header-below-stick-meta":"","astra-migrate-meta-layouts":"set","ast-page-background-enabled":"default","ast-page-background-meta":{"desktop":{"background-color":"var(--ast-global-color-4)","background-image":"","background-repeat":"repeat","background-position":"center center","background-size":"auto","background-attachment":"scroll","background-type":"","background-media":"","overlay-type":"","overlay-color":"","overlay-opacity":"","overlay-gradient":""},"tablet":{"background-color":"","background-image":"","background-repeat":"repeat","background-position":"center center","background-size":"auto","background-attachment":"scroll","background-type":"","background-media":"","overlay-type":"","overlay-color":"","overlay-opacity":"","overlay-gradient":""},"mobile":{"background-color":"","background-image":"","background-repeat":"repeat","background-position":"center center","background-size":"auto","background-attachment":"scroll","background-type":"","background-media":"","overlay-type":"","overlay-color":"","overlay-opacity":"","overlay-gradient":""}},"ast-content-background-meta":{"desktop":{"background-color":"var(--ast-global-color-5)","background-image":"","background-repeat":"repeat","background-position":"center center","background-size":"auto","background-attachment":"scroll","background-type":"","background-media":"","overlay-type":"","overlay-color":"","overlay-opacity":"","overlay-gradient":""},"tablet":{"background-color":"var(--ast-global-color-5)","background-image":"","background-repeat":"repeat","background-position":"center center","background-size":"auto","background-attachment":"scroll","background-type":"","background-media":"","overlay-type":"","overlay-color":"","overlay-opacity":"","overlay-gradient":""},"mobile":{"background-color":"var(--ast-global-color-5)","background-image":"","background-repeat":"repeat","background-position":"center center","background-size":"auto","background-attachment":"scroll","background-type":"","background-media":"","overlay-type":"","overlay-color":"","overlay-opacity":"","overlay-gradient":""}}},"product_cat":[48],"product_tag":[],"class_list":["post-11596","product","type-product","status-publish","has-post-thumbnail","hentry","product_cat-sunkaraoke-dalok","desktop-align-left","tablet-align-left","mobile-align-left"],"_links":{"self":[{"href":"https:\/\/www.sunkaraoke.hu\/index.php\/wp-json\/wp\/v2\/product\/11596","targetHints":{"allow":["GET"]}}],"collection":[{"href":"https:\/\/www.sunkaraoke.hu\/index.php\/wp-json\/wp\/v2\/product"}],"about":[{"href":"https:\/\/www.sunkaraoke.hu\/index.php\/wp-json\/wp\/v2\/types\/product"}],"wp:featuredmedia":[{"embeddable":true,"href":"https:\/\/www.sunkaraoke.hu\/index.php\/wp-json\/wp\/v2\/media\/8715"}],"wp:attachment":[{"href":"https:\/\/www.sunkaraoke.hu\/index.php\/wp-json\/wp\/v2\/media?parent=11596"}],"wp:term":[{"taxonomy":"product_cat","embeddable":true,"href":"https:\/\/www.sunkaraoke.hu\/index.php\/wp-json\/wp\/v2\/product_cat?post=11596"},{"taxonomy":"product_tag","embeddable":true,"href":"https:\/\/www.sunkaraoke.hu\/index.php\/wp-json\/wp\/v2\/product_tag?post=11596"}],"curies":[{"name":"wp","href":"https:\/\/api.w.org\/{rel}","templated":true}]}}