{"id":11542,"date":"2023-07-21T09:58:46","date_gmt":"2023-07-21T09:58:46","guid":{"rendered":"https:\/\/www.sunkaraoke.hu\/?post_type=product&#038;p=11542"},"modified":"2025-08-16T06:09:11","modified_gmt":"2025-08-16T04:09:11","slug":"betty-love-olyan-mint-a-mez-2023-cover","status":"publish","type":"product","link":"https:\/\/www.sunkaraoke.hu\/index.php\/termek\/betty-love-olyan-mint-a-mez-2023-cover\/","title":{"rendered":"<div class=\"wcmp-player-container product-11542\"><audio controlslist=\"nodownload\" data-product=\"11542\"  volume=\"1\"  preload=\"none\" data-lazyloading=\"none\" class=\"wcmp-player track mejs-classic\" data-duration=\"0:32\" data-estimated_duration=\"4\"><source src=\"https:\/\/www.sunkaraoke.hu\/wp-content\/uploads\/2023\/07\/Olyan-mint-a-mez-2023.-Cover-_demo.mp3\" type=\"audio\/mp3\" \/><\/audio><\/div>Betty Love &#8211; Olyan mint a m\u00e9z NEW ( PB. Mulat\u00f3s Cover)"},"content":{"rendered":"<p><strong>03:09<\/strong>\u00a0| <strong><img loading=\"lazy\" decoding=\"async\" class=\"alignnone size-full wp-image-467\" src=\"https:\/\/www.sunkaraoke.hu\/wp-content\/uploads\/2022\/07\/choir_2-copy.webp\" alt=\"\" width=\"30\" height=\"30\" \/> <strong> | <img loading=\"lazy\" decoding=\"async\" class=\"alignnone size-full wp-image-613\" src=\"https:\/\/www.sunkaraoke.hu\/wp-content\/uploads\/2022\/07\/transzponalas.webp\" alt=\"\" width=\"30\" height=\"30\" \/> -5<\/strong><\/strong><\/p>\n","protected":false},"excerpt":{"rendered":"<h6><strong>Bits\u0171r\u0171s\u00e9g: 320kb\/s<\/strong><br \/>\n<strong>Hossz: 03:09<\/strong><br \/>\n<strong>Vok\u00e1lt tartalmaz: Nem <img loading=\"lazy\" decoding=\"async\" class=\"alignnone size-full wp-image-467\" src=\"http:\/\/www.sunkaraoke.hu\/wp-content\/uploads\/2022\/07\/choir_2-copy.png\" alt=\"\" width=\"30\" height=\"30\" \/><\/strong><br \/>\n<strong>Transzpon\u00e1l\u00e1s: <img loading=\"lazy\" decoding=\"async\" class=\"alignnone size-full wp-image-613\" src=\"http:\/\/www.sunkaraoke.hu\/wp-content\/uploads\/2022\/07\/transzponalas.png\" alt=\"\" width=\"30\" height=\"30\" \/> -5<\/strong><\/h6>\n<p>Sunkaraoke mp3 st\u00fadi\u00f3 \/ www.sunkaraoke.hu \/ Inf: Tel: 06 20 4275001<\/p>\n<p>&#8212;Intr\u00f3&#8212; \/\/Cm \/\/<br \/>\nOlyan mint a m\u00e9z, olyan \u00e9des,<br \/>\nolyan sz\u00e9p volt minden \u00e9j.<br \/>\nDarabokra t\u00f6rted \u00f6ssze a sz\u00edvem,<br \/>\nmikor v\u00e9gleg elment\u00e9l!<br \/>\nOlyan mint a m\u00e9z, olyan \u00e9des,<br \/>\nolyan sz\u00e9p volt minden \u00e9j.<br \/>\nDarabokra t\u00f6rted \u00f6ssze a sz\u00edvem,<br \/>\nmikor v\u00e9gleg elment\u00e9l!<\/p>\n<p>V\u00e9gtelen \u00e9jszak\u00e1kat \u00e1lmodoztunk \u00e1t,<br \/>\nan\u00e9lk\u00fcl, hogy tudtuk volna, mit hoz a holnap.<br \/>\nSz\u00edv\u00fcnk egy ritmusra dobbant,<br \/>\ntest\u00fcnk \u00e9gett, mint a t\u0171z,<br \/>\n\u00e9s \u00e1lmodoztunk, v\u00e1gyakoztunk,<br \/>\nki tudja milyen csod\u00e1t v\u00e1rtunk.<\/p>\n<p>Olyan mint a m\u00e9z, olyan \u00e9des,<br \/>\nolyan sz\u00e9p volt minden \u00e9j.<br \/>\nDarabokra t\u00f6rted \u00f6ssze a sz\u00edvem,<br \/>\nmikor v\u00e9gleg elment\u00e9l!<br \/>\nOlyan mint a m\u00e9z, olyan \u00e9des,<br \/>\nolyan sz\u00e9p volt minden \u00e9j.<br \/>\nDarabokra t\u00f6rted \u00f6ssze a sz\u00edvem,<br \/>\nmikor v\u00e9gleg elment\u00e9l!<br \/>\n&#8212;Sz\u00f3l\u00f3&#8212;<br \/>\nCsod\u00e1k t\u00f6rt\u00e9nhetnek, ha hiszel benn\u00fck m\u00e9g,<br \/>\n\u00e1lmodban a f\u00e9nyt l\u00e1tod, \u00e9s van m\u00e9g rem\u00e9ny.<br \/>\nTudod s\u00edrnom k\u00e9ne most m\u00e9g, de az \u00e9let megy tov\u00e1bb,<br \/>\nhogy \u00e1lmodozzak, v\u00e1gyakozzak \u00e9s v\u00e1rjak egy \u00faj csod\u00e1t!<\/p>\n<p>Olyan mint a m\u00e9z, olyan \u00e9des,<br \/>\nolyan sz\u00e9p volt minden \u00e9j.<br \/>\nDarabokra t\u00f6rted \u00f6ssze a sz\u00edvem,<br \/>\nmikor v\u00e9gleg elment\u00e9l!<br \/>\nOlyan mint a m\u00e9z, olyan \u00e9des,<br \/>\nolyan sz\u00e9p volt minden \u00e9j.<br \/>\nDarabokra t\u00f6rted \u00f6ssze a sz\u00edvem,<br \/>\nmikor v\u00e9gleg elment\u00e9l!<\/p>\n<p>Olyan mint a m\u00e9z, olyan \u00e9des,<br \/>\nolyan sz\u00e9p volt minden \u00e9j.<br \/>\nDarabokra t\u00f6rted \u00f6ssze a sz\u00edvem,<br \/>\nmikor v\u00e9gleg elment\u00e9l!<br \/>\nOlyan mint a m\u00e9z, olyan \u00e9des,<br \/>\nolyan sz\u00e9p volt minden \u00e9j.<br \/>\nDarabokra t\u00f6rted \u00f6ssze a sz\u00edvem,<br \/>\nmikor v\u00e9gleg elment\u00e9l!<br \/>\n&#8212;V\u00e9ge&#8212;<\/p>\n","protected":false},"featured_media":10554,"template":"","meta":{"site-sidebar-layout":"default","site-content-layout":"default","ast-site-content-layout":"default","site-content-style":"default","site-sidebar-style":"default","ast-global-header-display":"","ast-banner-title-visibility":"","ast-main-header-display":"","ast-hfb-above-header-display":"","ast-hfb-below-header-display":"","ast-hfb-mobile-header-display":"","site-post-title":"","ast-breadcrumbs-content":"","ast-featured-img":"","footer-sml-layout":"","theme-transparent-header-meta":"default","adv-header-id-meta":"","stick-header-meta":"","header-above-stick-meta":"","header-main-stick-meta":"","header-below-stick-meta":"","astra-migrate-meta-layouts":"set","ast-page-background-enabled":"default","ast-page-background-meta":{"desktop":{"background-color":"var(--ast-global-color-4)","background-image":"","background-repeat":"repeat","background-position":"center center","background-size":"auto","background-attachment":"scroll","background-type":"","background-media":"","overlay-type":"","overlay-color":"","overlay-opacity":"","overlay-gradient":""},"tablet":{"background-color":"","background-image":"","background-repeat":"repeat","background-position":"center center","background-size":"auto","background-attachment":"scroll","background-type":"","background-media":"","overlay-type":"","overlay-color":"","overlay-opacity":"","overlay-gradient":""},"mobile":{"background-color":"","background-image":"","background-repeat":"repeat","background-position":"center center","background-size":"auto","background-attachment":"scroll","background-type":"","background-media":"","overlay-type":"","overlay-color":"","overlay-opacity":"","overlay-gradient":""}},"ast-content-background-meta":{"desktop":{"background-color":"var(--ast-global-color-5)","background-image":"","background-repeat":"repeat","background-position":"center center","background-size":"auto","background-attachment":"scroll","background-type":"","background-media":"","overlay-type":"","overlay-color":"","overlay-opacity":"","overlay-gradient":""},"tablet":{"background-color":"var(--ast-global-color-5)","background-image":"","background-repeat":"repeat","background-position":"center center","background-size":"auto","background-attachment":"scroll","background-type":"","background-media":"","overlay-type":"","overlay-color":"","overlay-opacity":"","overlay-gradient":""},"mobile":{"background-color":"var(--ast-global-color-5)","background-image":"","background-repeat":"repeat","background-position":"center center","background-size":"auto","background-attachment":"scroll","background-type":"","background-media":"","overlay-type":"","overlay-color":"","overlay-opacity":"","overlay-gradient":""}}},"product_cat":[48],"product_tag":[],"class_list":["post-11542","product","type-product","status-publish","has-post-thumbnail","hentry","product_cat-sunkaraoke-dalok","desktop-align-left","tablet-align-left","mobile-align-left"],"_links":{"self":[{"href":"https:\/\/www.sunkaraoke.hu\/index.php\/wp-json\/wp\/v2\/product\/11542","targetHints":{"allow":["GET"]}}],"collection":[{"href":"https:\/\/www.sunkaraoke.hu\/index.php\/wp-json\/wp\/v2\/product"}],"about":[{"href":"https:\/\/www.sunkaraoke.hu\/index.php\/wp-json\/wp\/v2\/types\/product"}],"wp:featuredmedia":[{"embeddable":true,"href":"https:\/\/www.sunkaraoke.hu\/index.php\/wp-json\/wp\/v2\/media\/10554"}],"wp:attachment":[{"href":"https:\/\/www.sunkaraoke.hu\/index.php\/wp-json\/wp\/v2\/media?parent=11542"}],"wp:term":[{"taxonomy":"product_cat","embeddable":true,"href":"https:\/\/www.sunkaraoke.hu\/index.php\/wp-json\/wp\/v2\/product_cat?post=11542"},{"taxonomy":"product_tag","embeddable":true,"href":"https:\/\/www.sunkaraoke.hu\/index.php\/wp-json\/wp\/v2\/product_tag?post=11542"}],"curies":[{"name":"wp","href":"https:\/\/api.w.org\/{rel}","templated":true}]}}