{"id":11530,"date":"2023-07-18T09:57:25","date_gmt":"2023-07-18T09:57:25","guid":{"rendered":"https:\/\/www.sunkaraoke.hu\/?post_type=product&#038;p=11530"},"modified":"2025-04-02T05:09:55","modified_gmt":"2025-04-02T05:09:55","slug":"korda-gyorgy-sajnalom-nem-te-vagy-az-elso-2023-cover","status":"publish","type":"product","link":"https:\/\/www.sunkaraoke.hu\/index.php\/termek\/korda-gyorgy-sajnalom-nem-te-vagy-az-elso-2023-cover\/","title":{"rendered":"<div class=\"wcmp-player-container product-11530\"><audio controlslist=\"nodownload\" data-product=\"11530\"  volume=\"1\"  preload=\"none\" data-lazyloading=\"none\" class=\"wcmp-player track mejs-classic\" data-duration=\"0:31\" data-estimated_duration=\"4\"><source src=\"https:\/\/www.sunkaraoke.hu\/wp-content\/uploads\/2023\/07\/Sajnalom-nem-te_demo.mp3\" type=\"audio\/mp3\" \/><\/audio><\/div>Korda Gy\u00f6rgy &#8211; Sajn\u00e1lom nem te vagy az els\u0151 (Original)"},"content":{"rendered":"<p><strong>04:16<\/strong>\u00a0| <strong><img loading=\"lazy\" decoding=\"async\" class=\"alignnone size-full wp-image-467\" src=\"https:\/\/www.sunkaraoke.hu\/wp-content\/uploads\/2022\/07\/choir_2-copy.webp\" alt=\"\" width=\"30\" height=\"30\" \/> <\/strong><\/p>\n","protected":false},"excerpt":{"rendered":"<h5><strong>Bits\u0171r\u0171s\u00e9g: 320kb\/s<\/strong><br \/>\n<strong>Hossz: 04:16<\/strong><br \/>\n<strong>Vok\u00e1lt tartalmaz: Nem <img loading=\"lazy\" decoding=\"async\" class=\"alignnone size-full wp-image-467\" src=\"http:\/\/www.sunkaraoke.hu\/wp-content\/uploads\/2022\/07\/choir_2-copy.png\" alt=\"\" width=\"30\" height=\"30\" \/><\/strong><strong style=\"font-size: 16px;\"><br \/>\n<\/strong><\/h5>\n<p>Sunkaraoke mp3 st\u00fadi\u00f3 \/ www.sunkaraoke.hu \/ Inf: Tel: 06 20 4275001<\/p>\n<p>&#8212;Intr\u00f3&#8212;<br \/>\nNem te vagy az els\u0151, akiben csal\u00f3dtam,<br \/>\ntan\u00edtottak s\u00edrni m\u00e1sok is m\u00e1r,<br \/>\ngyerekfejjel kezdtem, gyakorlom az\u00f3ta,<br \/>\nmost is csak ez t\u00f6rt\u00e9nt, m\u00e9gis f\u00e1j!<br \/>\nSajn\u00e1lom! Nem te vagy az els\u0151, akir\u0151l lemondtam,<br \/>\nbecsuktam az ajt\u00f3t, magam ut\u00e1n.<br \/>\nKi\u00e1lthattak \u00e9rtem, ezerszer ut\u00f3lag,<br \/>\nnekem az b\u00facs\u00fasz\u00f3, volt csup\u00e1n.<br \/>\nJ\u00e1rom az utam, ki tudja meddig \u00edgy tov\u00e1bb,<br \/>\nmenni, ha lehet, nem visszan\u00e9zni r\u00e1d.<br \/>\nF\u00fcrdik a szemem, mag\u00e1ba z\u00e1r sok \u00faj csod\u00e1t.<br \/>\nn\u00e9zi, hogy hov\u00e1 t\u0171nt a boldogs\u00e1g.<br \/>\nNem te vagy az els\u0151, akiben csal\u00f3dtam,<br \/>\ntan\u00edtottak s\u00edrni m\u00e1sok is m\u00e1r,<br \/>\ngyerekfejjel kezdtem, gyakorlom az\u00f3ta,<br \/>\nmost is csak ez t\u00f6rt\u00e9nt, m\u00e9gis f\u00e1j!<br \/>\nSajn\u00e1lom! Nem te vagy az els\u0151, akir\u0151l lemondtam,<br \/>\nbecsuktam az ajt\u00f3t magam ut\u00e1n.<br \/>\nKi\u00e1lthattak \u00e9rtem, ezerszer ut\u00f3lag,<br \/>\nnekem az b\u00facs\u00fasz\u00f3, volt csup\u00e1n.<br \/>\nJ\u00e1rom az utam, ki tudja meddig \u00edgy tov\u00e1bb,<br \/>\nmenni, ha lehet, nem visszan\u00e9zni r\u00e1d.<br \/>\nF\u00fcrdik a szemem, mag\u00e1ba z\u00e1r sok \u00faj csod\u00e1t.<br \/>\nn\u00e9zi, hogy hov\u00e1 t\u0171nt a boldogs\u00e1g.<br \/>\n&#8212;Sz\u00f3l\u00f3&#8212;\/03:20\/\/<br \/>\nJ\u00e1rom az utam, ki tudja meddig \u00edgy tov\u00e1bb,<br \/>\nmenni, ha lehet nem visszan\u00e9zni r\u00e1d.<br \/>\nF\u00fcrdik a szemem, mag\u00e1ba z\u00e1r sok \u00faj csod\u00e1t.<br \/>\nn\u00e9zi, hogy hov\u00e1 t\u0171nt a boldogs\u00e1g.<br \/>\nJ\u00e1rom az utam, ki tudja meddig \u00edgy tov\u00e1bb,<br \/>\nmenni, ha lehet nem visszan\u00e9zni r\u00e1d.<br \/>\nF\u00fcrdik a szemem, mag\u00e1ba z\u00e1r sok \u00faj csod\u00e1t.<br \/>\nn\u00e9zi, hogy hov\u00e1 t\u0171nt a boldogs\u00e1g.<br \/>\n&#8212;V\u00e9ge&#8212;<\/p>\n","protected":false},"featured_media":8824,"template":"","meta":{"site-sidebar-layout":"default","site-content-layout":"default","ast-site-content-layout":"default","site-content-style":"default","site-sidebar-style":"default","ast-global-header-display":"","ast-banner-title-visibility":"","ast-main-header-display":"","ast-hfb-above-header-display":"","ast-hfb-below-header-display":"","ast-hfb-mobile-header-display":"","site-post-title":"","ast-breadcrumbs-content":"","ast-featured-img":"","footer-sml-layout":"","theme-transparent-header-meta":"default","adv-header-id-meta":"","stick-header-meta":"","header-above-stick-meta":"","header-main-stick-meta":"","header-below-stick-meta":"","astra-migrate-meta-layouts":"set","ast-page-background-enabled":"default","ast-page-background-meta":{"desktop":{"background-color":"var(--ast-global-color-4)","background-image":"","background-repeat":"repeat","background-position":"center center","background-size":"auto","background-attachment":"scroll","background-type":"","background-media":"","overlay-type":"","overlay-color":"","overlay-opacity":"","overlay-gradient":""},"tablet":{"background-color":"","background-image":"","background-repeat":"repeat","background-position":"center center","background-size":"auto","background-attachment":"scroll","background-type":"","background-media":"","overlay-type":"","overlay-color":"","overlay-opacity":"","overlay-gradient":""},"mobile":{"background-color":"","background-image":"","background-repeat":"repeat","background-position":"center center","background-size":"auto","background-attachment":"scroll","background-type":"","background-media":"","overlay-type":"","overlay-color":"","overlay-opacity":"","overlay-gradient":""}},"ast-content-background-meta":{"desktop":{"background-color":"var(--ast-global-color-5)","background-image":"","background-repeat":"repeat","background-position":"center center","background-size":"auto","background-attachment":"scroll","background-type":"","background-media":"","overlay-type":"","overlay-color":"","overlay-opacity":"","overlay-gradient":""},"tablet":{"background-color":"var(--ast-global-color-5)","background-image":"","background-repeat":"repeat","background-position":"center center","background-size":"auto","background-attachment":"scroll","background-type":"","background-media":"","overlay-type":"","overlay-color":"","overlay-opacity":"","overlay-gradient":""},"mobile":{"background-color":"var(--ast-global-color-5)","background-image":"","background-repeat":"repeat","background-position":"center center","background-size":"auto","background-attachment":"scroll","background-type":"","background-media":"","overlay-type":"","overlay-color":"","overlay-opacity":"","overlay-gradient":""}}},"product_cat":[48],"product_tag":[],"class_list":["post-11530","product","type-product","status-publish","has-post-thumbnail","hentry","product_cat-sunkaraoke-dalok","desktop-align-left","tablet-align-left","mobile-align-left"],"_links":{"self":[{"href":"https:\/\/www.sunkaraoke.hu\/index.php\/wp-json\/wp\/v2\/product\/11530","targetHints":{"allow":["GET"]}}],"collection":[{"href":"https:\/\/www.sunkaraoke.hu\/index.php\/wp-json\/wp\/v2\/product"}],"about":[{"href":"https:\/\/www.sunkaraoke.hu\/index.php\/wp-json\/wp\/v2\/types\/product"}],"wp:featuredmedia":[{"embeddable":true,"href":"https:\/\/www.sunkaraoke.hu\/index.php\/wp-json\/wp\/v2\/media\/8824"}],"wp:attachment":[{"href":"https:\/\/www.sunkaraoke.hu\/index.php\/wp-json\/wp\/v2\/media?parent=11530"}],"wp:term":[{"taxonomy":"product_cat","embeddable":true,"href":"https:\/\/www.sunkaraoke.hu\/index.php\/wp-json\/wp\/v2\/product_cat?post=11530"},{"taxonomy":"product_tag","embeddable":true,"href":"https:\/\/www.sunkaraoke.hu\/index.php\/wp-json\/wp\/v2\/product_tag?post=11530"}],"curies":[{"name":"wp","href":"https:\/\/api.w.org\/{rel}","templated":true}]}}