{"id":11484,"date":"2023-07-07T11:31:11","date_gmt":"2023-07-07T11:31:11","guid":{"rendered":"https:\/\/www.sunkaraoke.hu\/?post_type=product&#038;p=11484"},"modified":"2025-04-10T07:08:47","modified_gmt":"2025-04-10T07:08:47","slug":"bitto-duo-ne-hoditsd-tovabb-2023","status":"publish","type":"product","link":"https:\/\/www.sunkaraoke.hu\/index.php\/termek\/bitto-duo-ne-hoditsd-tovabb-2023\/","title":{"rendered":"<div class=\"wcmp-player-container product-11484\"><audio controlslist=\"nodownload\" data-product=\"11484\"  volume=\"1\"  preload=\"none\" data-lazyloading=\"none\" class=\"wcmp-player track mejs-classic\" data-duration=\"0:31\" data-estimated_duration=\"4\"><source src=\"https:\/\/www.sunkaraoke.hu\/wp-content\/uploads\/2023\/07\/Ne-hoditsd-tovabb-2023_demo.mp3\" type=\"audio\/mp3\" \/><\/audio><\/div>Bitt\u00f3 Du\u00f3 -Ne h\u00f3d\u00edtsd tov\u00e1bb 2023."},"content":{"rendered":"<p><strong>03:11<\/strong>\u00a0| <strong><img loading=\"lazy\" decoding=\"async\" class=\"alignnone size-full wp-image-467\" src=\"https:\/\/www.sunkaraoke.hu\/wp-content\/uploads\/2022\/07\/choir_2-copy.webp\" alt=\"\" width=\"30\" height=\"30\" \/> <\/strong><\/p>\n","protected":false},"excerpt":{"rendered":"<h5>Bits\u0171r\u0171s\u00e9g: 320kb\/s<\/h5>\n<h5>Hossz: 03:11<\/h5>\n<h5>Vok\u00e1l: Nem <img loading=\"lazy\" decoding=\"async\" class=\"alignnone size-full wp-image-467\" src=\"http:\/\/www.sunkaraoke.hu\/wp-content\/uploads\/2022\/07\/choir_2-copy.png\" alt=\"\" width=\"30\" height=\"30\" \/><\/h5>\n<p>Sunkaraoke mp3 st\u00fadi\u00f3 \/ www.sunkaraoke.hu \/ Inf: Tel: 06 20 4275001<\/p>\n<p>&#8212;Intr\u00f3&#8212;<br \/>\nNe h\u00f3d\u00edtsd tov\u00e1bb, az \u00e9n sz\u00edvemet,<br \/>\nmert hal\u00e1losan szeretlek dr\u00e1g\u00e1m, t\u00e9gedet.<br \/>\nNe h\u00f3d\u00edtsd tov\u00e1bb, az \u00e9n sz\u00edvemet,<br \/>\nmert hal\u00e1losan szeretlek dr\u00e1g\u00e1m, t\u00e9gedet.<\/p>\n<p>Cic\u00e1m, cic\u00e1m, cic\u00e1m, mit tett\u00e9l velem.<br \/>\nMegh\u00f3d\u00edtottad az \u00e9n sz\u00edvemet.<br \/>\nCic\u00e1m, cic\u00e1m, cic\u00e1m, mit tett\u00e9l velem.<br \/>\nMegh\u00f3d\u00edtottad az \u00e9n sz\u00edvemet.<\/p>\n<p>Ne h\u00f3d\u00edtsd tov\u00e1bb, az \u00e9n sz\u00edvemet,<br \/>\nmert hal\u00e1losan szeretlek dr\u00e1g\u00e1m, t\u00e9gedet.<br \/>\nNe h\u00f3d\u00edtsd tov\u00e1bb, az \u00e9n sz\u00edvemet,<br \/>\nmert hal\u00e1losan szeretlek dr\u00e1g\u00e1m, t\u00e9gedet.<\/p>\n<p>Cic\u00e1m, cic\u00e1m, cic\u00e1m, mit tett\u00e9l velem.<br \/>\nMegh\u00f3d\u00edtottad az \u00e9n sz\u00edvemet.<br \/>\nCic\u00e1m, cic\u00e1m, cic\u00e1m, mit tett\u00e9l velem.<br \/>\nMegh\u00f3d\u00edtottad az \u00e9n sz\u00edvemet.<br \/>\n&#8212;Sz\u00f3l\u00f3&#8212;<br \/>\nNe h\u00f3d\u00edtsd tov\u00e1bb, az \u00e9n sz\u00edvemet,<br \/>\nmert hal\u00e1losan szeretlek dr\u00e1g\u00e1m, t\u00e9gedet.<br \/>\nNe h\u00f3d\u00edtsd tov\u00e1bb, az \u00e9n sz\u00edvemet,<br \/>\nmert hal\u00e1losan szeretlek dr\u00e1g\u00e1m, t\u00e9gedet.<\/p>\n<p>Cic\u00e1m, cic\u00e1m, cic\u00e1m, mit tett\u00e9l velem.<br \/>\nMegh\u00f3d\u00edtottad az \u00e9n sz\u00edvemet.<br \/>\nCic\u00e1m, cic\u00e1m, cic\u00e1m, mit tett\u00e9l velem.<br \/>\nMegh\u00f3d\u00edtottad az \u00e9n sz\u00edvemet.<br \/>\n&#8212;V\u00e9ge&#8212;<\/p>\n","protected":false},"featured_media":11406,"template":"","meta":{"site-sidebar-layout":"default","site-content-layout":"default","ast-site-content-layout":"default","site-content-style":"default","site-sidebar-style":"default","ast-global-header-display":"","ast-banner-title-visibility":"","ast-main-header-display":"","ast-hfb-above-header-display":"","ast-hfb-below-header-display":"","ast-hfb-mobile-header-display":"","site-post-title":"","ast-breadcrumbs-content":"","ast-featured-img":"","footer-sml-layout":"","theme-transparent-header-meta":"default","adv-header-id-meta":"","stick-header-meta":"","header-above-stick-meta":"","header-main-stick-meta":"","header-below-stick-meta":"","astra-migrate-meta-layouts":"set","ast-page-background-enabled":"default","ast-page-background-meta":{"desktop":{"background-color":"var(--ast-global-color-4)","background-image":"","background-repeat":"repeat","background-position":"center center","background-size":"auto","background-attachment":"scroll","background-type":"","background-media":"","overlay-type":"","overlay-color":"","overlay-opacity":"","overlay-gradient":""},"tablet":{"background-color":"","background-image":"","background-repeat":"repeat","background-position":"center center","background-size":"auto","background-attachment":"scroll","background-type":"","background-media":"","overlay-type":"","overlay-color":"","overlay-opacity":"","overlay-gradient":""},"mobile":{"background-color":"","background-image":"","background-repeat":"repeat","background-position":"center center","background-size":"auto","background-attachment":"scroll","background-type":"","background-media":"","overlay-type":"","overlay-color":"","overlay-opacity":"","overlay-gradient":""}},"ast-content-background-meta":{"desktop":{"background-color":"var(--ast-global-color-5)","background-image":"","background-repeat":"repeat","background-position":"center center","background-size":"auto","background-attachment":"scroll","background-type":"","background-media":"","overlay-type":"","overlay-color":"","overlay-opacity":"","overlay-gradient":""},"tablet":{"background-color":"var(--ast-global-color-5)","background-image":"","background-repeat":"repeat","background-position":"center center","background-size":"auto","background-attachment":"scroll","background-type":"","background-media":"","overlay-type":"","overlay-color":"","overlay-opacity":"","overlay-gradient":""},"mobile":{"background-color":"var(--ast-global-color-5)","background-image":"","background-repeat":"repeat","background-position":"center center","background-size":"auto","background-attachment":"scroll","background-type":"","background-media":"","overlay-type":"","overlay-color":"","overlay-opacity":"","overlay-gradient":""}}},"product_cat":[48],"product_tag":[],"class_list":["post-11484","product","type-product","status-publish","has-post-thumbnail","hentry","product_cat-sunkaraoke-dalok","desktop-align-left","tablet-align-left","mobile-align-left"],"_links":{"self":[{"href":"https:\/\/www.sunkaraoke.hu\/index.php\/wp-json\/wp\/v2\/product\/11484","targetHints":{"allow":["GET"]}}],"collection":[{"href":"https:\/\/www.sunkaraoke.hu\/index.php\/wp-json\/wp\/v2\/product"}],"about":[{"href":"https:\/\/www.sunkaraoke.hu\/index.php\/wp-json\/wp\/v2\/types\/product"}],"wp:featuredmedia":[{"embeddable":true,"href":"https:\/\/www.sunkaraoke.hu\/index.php\/wp-json\/wp\/v2\/media\/11406"}],"wp:attachment":[{"href":"https:\/\/www.sunkaraoke.hu\/index.php\/wp-json\/wp\/v2\/media?parent=11484"}],"wp:term":[{"taxonomy":"product_cat","embeddable":true,"href":"https:\/\/www.sunkaraoke.hu\/index.php\/wp-json\/wp\/v2\/product_cat?post=11484"},{"taxonomy":"product_tag","embeddable":true,"href":"https:\/\/www.sunkaraoke.hu\/index.php\/wp-json\/wp\/v2\/product_tag?post=11484"}],"curies":[{"name":"wp","href":"https:\/\/api.w.org\/{rel}","templated":true}]}}