{"id":11468,"date":"2023-07-03T08:48:33","date_gmt":"2023-07-03T08:48:33","guid":{"rendered":"https:\/\/www.sunkaraoke.hu\/?post_type=product&#038;p=11468"},"modified":"2025-04-10T07:08:47","modified_gmt":"2025-04-10T07:08:47","slug":"balkan-fanatik-parno-graszt-fuj-meg-szel-2023-cover","status":"publish","type":"product","link":"https:\/\/www.sunkaraoke.hu\/index.php\/termek\/balkan-fanatik-parno-graszt-fuj-meg-szel-2023-cover\/","title":{"rendered":"<div class=\"wcmp-player-container product-11468\"><audio controlslist=\"nodownload\" data-product=\"11468\"  volume=\"1\"  preload=\"none\" data-lazyloading=\"none\" class=\"wcmp-player track mejs-classic\" data-duration=\"0:32\" data-estimated_duration=\"4\"><source src=\"https:\/\/www.sunkaraoke.hu\/wp-content\/uploads\/2023\/07\/Fuj-meg-szel-2023._demo.mp3\" type=\"audio\/mp3\" \/><\/audio><\/div>Balk\u00e1n Fanatik &#038; Parno Graszt &#8211; F\u00faj meg sz\u00e9l 2023. Cover."},"content":{"rendered":"<p><strong>03:46<\/strong>\u00a0| <strong><img loading=\"lazy\" decoding=\"async\" class=\"alignnone size-full wp-image-467\" src=\"https:\/\/www.sunkaraoke.hu\/wp-content\/uploads\/2022\/07\/choir_2-copy.webp\" alt=\"\" width=\"30\" height=\"30\" \/> <strong> | \u00a0<\/strong><\/strong><\/p>\n","protected":false},"excerpt":{"rendered":"<h5><strong>Bits\u0171r\u0171s\u00e9g: 320kb\/s<\/strong><br \/>\n<strong>Hossz: 03:46<\/strong><\/h5>\n<h5><strong>Vok\u00e1lt tartalmaz: Nem <img loading=\"lazy\" decoding=\"async\" class=\"alignnone size-full wp-image-467\" src=\"http:\/\/www.sunkaraoke.hu\/wp-content\/uploads\/2022\/07\/choir_2-copy.png\" alt=\"\" width=\"30\" height=\"30\" \/><\/strong><strong style=\"font-size: 16px;\"><br \/>\n<\/strong><\/h5>\n<p>Sunkaraoke mp3 st\u00fadi\u00f3 \/ www.sunkaraoke.hu \/ Inf: Tel: 06 20 4275001<\/p>\n<p>&#8212;Intr\u00f3&#8212;<br \/>\nM\u00e9gis hogyan mondjam el neked,<br \/>\nel\u0151fordul az ember megremeg,<br \/>\nelbotlik, majd fel\u00e1ll \u0151 mag\u00e1t\u00f3l,<br \/>\ns\u00fct r\u00e1ja m\u00e9g Nap az \u00e9jszak\u00e1b\u00f3l.<\/p>\n<p>Azt k\u00e9rdezik t\u0151le milyen volt,<br \/>\nmikor lent j\u00e1rt milyen n\u00f3ta sz\u00f3lt,<br \/>\nsiratt\u00e1k, vagy m\u00falatt\u00e1k tal\u00e1n,<br \/>\nnevettek-e bolondnak baj\u00e1n.<\/p>\n<p>S egyszerre mindenki feln\u00e9z,\u00e9s az \u00e9gen a j\u00f3 Isten,<br \/>\nha tudn\u00e1, hogy mit tegyen,hogy maradjon, vagy menjen.<\/p>\n<p>Azt mondj\u00e1k r\u00e9szeges vagyok,<br \/>\npedig csak sz\u0171nni akarok,<br \/>\negy kicsit elhagyni magam,<br \/>\nhogy azt\u00e1n ny\u00edljon alattam.<\/p>\n<p>Meg a vil\u00e1g, meg a f\u0171 \u00e9s a f\u00e1k, gy\u00f6ny\u00f6r\u0171,<br \/>\n\u00e9s a t\u00e9l ami nincs, gyere ny\u00e1r betekints.<br \/>\nF\u00fajj meg sz\u00e9l ahol \u00e9rsz, sz\u00e9p le\u00e1ny megig\u00e9zz,<br \/>\nkeser\u0171t, \u00e9deset, azt amit csak lehet.<br \/>\nMeg a vil\u00e1g, meg a f\u0171 \u00e9s a f\u00e1k, gy\u00f6ny\u00f6r\u0171,<br \/>\n\u00e9s a t\u00e9l ami nincs, gyere ny\u00e1r betekints.<br \/>\nF\u00fajj meg sz\u00e9l ahol \u00e9rsz, sz\u00e9p le\u00e1ny megig\u00e9zz,<br \/>\nkeser\u0171t, \u00e9deset, azt amit csak lehet.<br \/>\n&#8212;Sz\u00f3l\u00f3&#8212;<br \/>\nLesz m\u00e9g \u00edgy se s \u00fagy is j\u00f3 lesz t\u00e1n,<br \/>\nt\u00f6lts m\u00e9g egy bort l\u00e9gy oly kedves, \u00e1m,<br \/>\nne t\u00fal sokat, jusson a fellegekbe,<br \/>\nh\u00e1tha esik es\u0151 a kertekbe.<\/p>\n<p>Vir\u00e1got hozz onnan csokorba,<br \/>\nszirmait a sz\u00e9l hadd hordozza,<br \/>\negy ajt\u00f3 ma nyitva \u00e1ll el\u0151ttem,<br \/>\n\u00e9desany\u00e1m cs\u00f3kolom, megj\u00f6ttem.<\/p>\n<p>\u00c9s mindenki feln\u00e9z, \u00e9s az \u00e9gen a j\u00f3 Isten,<br \/>\nmintha \u00e9ppen int nekem,s a hold felkel csendesen.<\/p>\n<p>Meg a vil\u00e1g, meg a f\u0171 \u00e9s a f\u00e1k, gy\u00f6ny\u00f6r\u0171,<br \/>\n\u00e9s a t\u00e9l ami nincs, gyere ny\u00e1r betekints.<br \/>\nF\u00fajj meg sz\u00e9l ahol \u00e9rsz, sz\u00e9p le\u00e1ny megig\u00e9zz,<br \/>\nkeser\u0171t, \u00e9deset, azt amit csak lehet.<br \/>\nMeg a vil\u00e1g, meg a f\u0171 \u00e9s a f\u00e1k, gy\u00f6ny\u00f6r\u0171,<br \/>\n\u00e9s a t\u00e9l ami nincs, gyere ny\u00e1r betekints.<br \/>\nF\u00fajj meg sz\u00e9l ahol \u00e9rsz, sz\u00e9p le\u00e1ny megig\u00e9zz,<br \/>\nkeser\u0171t, \u00e9deset, azt amit csak lehet.<br \/>\n&#8212;Sz\u00f3l\u00f3&#8212;<br \/>\nMeg a vil\u00e1g, meg a f\u0171 \u00e9s a f\u00e1k, gy\u00f6ny\u00f6r\u0171,<br \/>\n\u00e9s a t\u00e9l ami nincs, gyere ny\u00e1r betekints.<br \/>\nF\u00fajj meg sz\u00e9l ahol \u00e9rsz, sz\u00e9p le\u00e1ny megig\u00e9zz,<br \/>\nkeser\u0171t, \u00e9deset, azt amit csak lehet.<br \/>\nMeg a vil\u00e1g, meg a f\u0171 \u00e9s a f\u00e1k, gy\u00f6ny\u00f6r\u0171,<br \/>\n\u00e9s a t\u00e9l ami nincs, gyere ny\u00e1r betekints.<br \/>\nF\u00fajj meg sz\u00e9l ahol \u00e9rsz, sz\u00e9p le\u00e1ny megig\u00e9zz,<br \/>\nkeser\u0171t, \u00e9deset, azt amit csak lehet.<br \/>\n&#8212;V\u00e9ge&#8212;<\/p>\n","protected":false},"featured_media":11471,"template":"","meta":{"site-sidebar-layout":"default","site-content-layout":"default","ast-site-content-layout":"","site-content-style":"default","site-sidebar-style":"default","ast-global-header-display":"","ast-banner-title-visibility":"","ast-main-header-display":"","ast-hfb-above-header-display":"","ast-hfb-below-header-display":"","ast-hfb-mobile-header-display":"","site-post-title":"","ast-breadcrumbs-content":"","ast-featured-img":"","footer-sml-layout":"","theme-transparent-header-meta":"default","adv-header-id-meta":"","stick-header-meta":"","header-above-stick-meta":"","header-main-stick-meta":"","header-below-stick-meta":"","astra-migrate-meta-layouts":"default","ast-page-background-enabled":"default","ast-page-background-meta":{"desktop":{"background-color":"var(--ast-global-color-4)","background-image":"","background-repeat":"repeat","background-position":"center center","background-size":"auto","background-attachment":"scroll","background-type":"","background-media":"","overlay-type":"","overlay-color":"","overlay-opacity":"","overlay-gradient":""},"tablet":{"background-color":"","background-image":"","background-repeat":"repeat","background-position":"center center","background-size":"auto","background-attachment":"scroll","background-type":"","background-media":"","overlay-type":"","overlay-color":"","overlay-opacity":"","overlay-gradient":""},"mobile":{"background-color":"","background-image":"","background-repeat":"repeat","background-position":"center center","background-size":"auto","background-attachment":"scroll","background-type":"","background-media":"","overlay-type":"","overlay-color":"","overlay-opacity":"","overlay-gradient":""}},"ast-content-background-meta":{"desktop":{"background-color":"var(--ast-global-color-5)","background-image":"","background-repeat":"repeat","background-position":"center center","background-size":"auto","background-attachment":"scroll","background-type":"","background-media":"","overlay-type":"","overlay-color":"","overlay-opacity":"","overlay-gradient":""},"tablet":{"background-color":"var(--ast-global-color-5)","background-image":"","background-repeat":"repeat","background-position":"center center","background-size":"auto","background-attachment":"scroll","background-type":"","background-media":"","overlay-type":"","overlay-color":"","overlay-opacity":"","overlay-gradient":""},"mobile":{"background-color":"var(--ast-global-color-5)","background-image":"","background-repeat":"repeat","background-position":"center center","background-size":"auto","background-attachment":"scroll","background-type":"","background-media":"","overlay-type":"","overlay-color":"","overlay-opacity":"","overlay-gradient":""}}},"product_cat":[48],"product_tag":[],"class_list":["post-11468","product","type-product","status-publish","has-post-thumbnail","hentry","product_cat-sunkaraoke-dalok","desktop-align-left","tablet-align-left","mobile-align-left"],"_links":{"self":[{"href":"https:\/\/www.sunkaraoke.hu\/index.php\/wp-json\/wp\/v2\/product\/11468","targetHints":{"allow":["GET"]}}],"collection":[{"href":"https:\/\/www.sunkaraoke.hu\/index.php\/wp-json\/wp\/v2\/product"}],"about":[{"href":"https:\/\/www.sunkaraoke.hu\/index.php\/wp-json\/wp\/v2\/types\/product"}],"wp:featuredmedia":[{"embeddable":true,"href":"https:\/\/www.sunkaraoke.hu\/index.php\/wp-json\/wp\/v2\/media\/11471"}],"wp:attachment":[{"href":"https:\/\/www.sunkaraoke.hu\/index.php\/wp-json\/wp\/v2\/media?parent=11468"}],"wp:term":[{"taxonomy":"product_cat","embeddable":true,"href":"https:\/\/www.sunkaraoke.hu\/index.php\/wp-json\/wp\/v2\/product_cat?post=11468"},{"taxonomy":"product_tag","embeddable":true,"href":"https:\/\/www.sunkaraoke.hu\/index.php\/wp-json\/wp\/v2\/product_tag?post=11468"}],"curies":[{"name":"wp","href":"https:\/\/api.w.org\/{rel}","templated":true}]}}