{"id":11418,"date":"2023-06-19T09:52:20","date_gmt":"2023-06-19T09:52:20","guid":{"rendered":"https:\/\/www.sunkaraoke.hu\/?post_type=product&#038;p=11418"},"modified":"2025-06-22T15:53:50","modified_gmt":"2025-06-22T13:53:50","slug":"gypo-circus-x-szirota-jennifer-gyere-kicsi-kozelebb-2023-cover","status":"publish","type":"product","link":"https:\/\/www.sunkaraoke.hu\/index.php\/termek\/gypo-circus-x-szirota-jennifer-gyere-kicsi-kozelebb-2023-cover\/","title":{"rendered":"<div class=\"wcmp-player-container product-11418\"><audio controlslist=\"nodownload\" data-product=\"11418\"  volume=\"1\"  preload=\"none\" data-lazyloading=\"none\" class=\"wcmp-player track mejs-classic\" data-duration=\"0:33\" data-estimated_duration=\"4\"><source src=\"https:\/\/www.sunkaraoke.hu\/wp-content\/uploads\/2023\/06\/Gyere-kicsi-kozelebb-2023_demou.mp3\" type=\"audio\/mp3\" \/><\/audio><\/div>Gypo Circus x Szirota Jennifer &#8211; Gyere Kicsi k\u00f6zelebb 2023. Cover."},"content":{"rendered":"<p><strong>03:34<\/strong>\u00a0| <strong><img loading=\"lazy\" decoding=\"async\" class=\"alignnone size-full wp-image-467\" src=\"https:\/\/www.sunkaraoke.hu\/wp-content\/uploads\/2022\/07\/choir_2-copy.webp\" alt=\"\" width=\"30\" height=\"30\" \/> <\/strong><\/p>\n","protected":false},"excerpt":{"rendered":"<h5>Bits\u0171r\u0171s\u00e9g: 320kb\/s<\/h5>\n<h5>Hossz: 03:34<\/h5>\n<h5>Vok\u00e1l: Nem <img loading=\"lazy\" decoding=\"async\" class=\"alignnone size-full wp-image-467\" src=\"http:\/\/www.sunkaraoke.hu\/wp-content\/uploads\/2022\/07\/choir_2-copy.png\" alt=\"\" width=\"30\" height=\"30\" \/><\/h5>\n<p>Sunkaraoke mp3 st\u00fadi\u00f3 \/ www.sunkaraoke.hu \/ Inf: Tel: 06 20 4275001<\/p>\n<p>&#8212;Intr\u00f3&#8212;<br \/>\nKicsi gyere k\u00f6zelebb,<br \/>\nt\u00fal messze vagy nem hallom a hangodat.<br \/>\nGyere m\u00e9g k\u00f6zelebb,<br \/>\nnem l\u00e1tom tiszt\u00e1n az arcodat.<br \/>\nKicsi, gyere k\u00f6zelebb,<br \/>\nt\u00fal r\u00e9gen nem besz\u00e9lt\u00fck m\u00e1r.<br \/>\nKicsi gyere k\u00f6zelebb,<br \/>\negy kicsit gyere k\u00f6zelebb.<\/p>\n<p>Kicsi, gyere k\u00f6zelebb,<br \/>\ntudod, mindig nyitva az ajt\u00f3.<br \/>\nGyere, m\u00e9g k\u00f6zelebb,<br \/>\nne f\u00e9lj kiadni magadb\u00f3l.<br \/>\nMes\u00e9ld el mi van veled,<br \/>\nahogy akartad \u00fagy, \u00e9led-e az \u00e9leted,<br \/>\nkicsi gyere k\u00f6zelebb,egy kicsit gyere k\u00f6zelebb.<\/p>\n<p>Oly r\u00e9g v\u00e1rtam, hogy megfogjam a kezedet,<br \/>\n\u00e1ztam-f\u00e1ztam, m\u00e1r v\u00e1rtam r\u00e1d eleget.<br \/>\nHa \u00faj sz\u00e9l f\u00faj, mondd \u00e9s \u00e9n majd tov\u00e1bb megyek,<br \/>\nde tudnod kell, mindenben, csak t\u00e9ged kerestelek.<\/p>\n<p>Kicsi gyere k\u00f6zelebb,<br \/>\nt\u00fal messze vagy nem hallom a hangodat.<br \/>\nGyere m\u00e9g k\u00f6zelebb,<br \/>\nnem l\u00e1tom tiszt\u00e1n az arcodat.<br \/>\nMes\u00e9ld el, hogy mi van veled,<br \/>\nahogy akartad \u00fagy, \u00e9led-e az \u00e9leted?<br \/>\nKicsi gyere k\u00f6zelebb,gyere k\u00f6zelebb.<\/p>\n<p>Oly r\u00e9g v\u00e1rtam, hogy megfogjam a kezedet,<br \/>\n\u00e1ztam-f\u00e1ztam, m\u00e1r v\u00e1rtam r\u00e1d eleget.<br \/>\nHa \u00faj sz\u00e9l f\u00faj, mondd \u00e9s \u00e9n majd tov\u00e1bb megyek,<br \/>\nde tudnod kell, mindenben, csak t\u00e9ged kerestelek.<br \/>\n&#8212;Sz\u00f3l\u00f3&#8212;<br \/>\nOly r\u00e9g v\u00e1rtam, hogy megfogjam a kezedet,<br \/>\n\u00e1ztam-f\u00e1ztam, m\u00e1r v\u00e1rtam r\u00e1d eleget.<br \/>\nHa \u00faj sz\u00e9l f\u00faj, mondd \u00e9s \u00e9n majd tov\u00e1bb megyek,<br \/>\nde tudnod kell, mindenben, mindenben, csak t\u00e9ged kerestelek.<br \/>\n&#8212;V\u00e9ge&#8212;<\/p>\n","protected":false},"featured_media":11420,"template":"","meta":{"site-sidebar-layout":"default","site-content-layout":"default","ast-site-content-layout":"default","site-content-style":"default","site-sidebar-style":"default","ast-global-header-display":"","ast-banner-title-visibility":"","ast-main-header-display":"","ast-hfb-above-header-display":"","ast-hfb-below-header-display":"","ast-hfb-mobile-header-display":"","site-post-title":"","ast-breadcrumbs-content":"","ast-featured-img":"","footer-sml-layout":"","theme-transparent-header-meta":"default","adv-header-id-meta":"","stick-header-meta":"","header-above-stick-meta":"","header-main-stick-meta":"","header-below-stick-meta":"","astra-migrate-meta-layouts":"set","ast-page-background-enabled":"default","ast-page-background-meta":{"desktop":{"background-color":"var(--ast-global-color-4)","background-image":"","background-repeat":"repeat","background-position":"center center","background-size":"auto","background-attachment":"scroll","background-type":"","background-media":"","overlay-type":"","overlay-color":"","overlay-opacity":"","overlay-gradient":""},"tablet":{"background-color":"","background-image":"","background-repeat":"repeat","background-position":"center center","background-size":"auto","background-attachment":"scroll","background-type":"","background-media":"","overlay-type":"","overlay-color":"","overlay-opacity":"","overlay-gradient":""},"mobile":{"background-color":"","background-image":"","background-repeat":"repeat","background-position":"center center","background-size":"auto","background-attachment":"scroll","background-type":"","background-media":"","overlay-type":"","overlay-color":"","overlay-opacity":"","overlay-gradient":""}},"ast-content-background-meta":{"desktop":{"background-color":"var(--ast-global-color-5)","background-image":"","background-repeat":"repeat","background-position":"center center","background-size":"auto","background-attachment":"scroll","background-type":"","background-media":"","overlay-type":"","overlay-color":"","overlay-opacity":"","overlay-gradient":""},"tablet":{"background-color":"var(--ast-global-color-5)","background-image":"","background-repeat":"repeat","background-position":"center center","background-size":"auto","background-attachment":"scroll","background-type":"","background-media":"","overlay-type":"","overlay-color":"","overlay-opacity":"","overlay-gradient":""},"mobile":{"background-color":"var(--ast-global-color-5)","background-image":"","background-repeat":"repeat","background-position":"center center","background-size":"auto","background-attachment":"scroll","background-type":"","background-media":"","overlay-type":"","overlay-color":"","overlay-opacity":"","overlay-gradient":""}}},"product_cat":[48],"product_tag":[],"class_list":["post-11418","product","type-product","status-publish","has-post-thumbnail","hentry","product_cat-sunkaraoke-dalok","desktop-align-left","tablet-align-left","mobile-align-left"],"_links":{"self":[{"href":"https:\/\/www.sunkaraoke.hu\/index.php\/wp-json\/wp\/v2\/product\/11418","targetHints":{"allow":["GET"]}}],"collection":[{"href":"https:\/\/www.sunkaraoke.hu\/index.php\/wp-json\/wp\/v2\/product"}],"about":[{"href":"https:\/\/www.sunkaraoke.hu\/index.php\/wp-json\/wp\/v2\/types\/product"}],"wp:featuredmedia":[{"embeddable":true,"href":"https:\/\/www.sunkaraoke.hu\/index.php\/wp-json\/wp\/v2\/media\/11420"}],"wp:attachment":[{"href":"https:\/\/www.sunkaraoke.hu\/index.php\/wp-json\/wp\/v2\/media?parent=11418"}],"wp:term":[{"taxonomy":"product_cat","embeddable":true,"href":"https:\/\/www.sunkaraoke.hu\/index.php\/wp-json\/wp\/v2\/product_cat?post=11418"},{"taxonomy":"product_tag","embeddable":true,"href":"https:\/\/www.sunkaraoke.hu\/index.php\/wp-json\/wp\/v2\/product_tag?post=11418"}],"curies":[{"name":"wp","href":"https:\/\/api.w.org\/{rel}","templated":true}]}}