{"id":11396,"date":"2023-06-12T14:11:28","date_gmt":"2023-06-12T14:11:28","guid":{"rendered":"https:\/\/www.sunkaraoke.hu\/?post_type=product&#038;p=11396"},"modified":"2024-12-04T12:51:02","modified_gmt":"2024-12-04T12:51:02","slug":"galamb-jozsef-szurke-eniko-kis-papirhajo","status":"publish","type":"product","link":"https:\/\/www.sunkaraoke.hu\/index.php\/termek\/galamb-jozsef-szurke-eniko-kis-papirhajo\/","title":{"rendered":"<div class=\"wcmp-player-container product-11396\"><audio controlslist=\"nodownload\" data-product=\"11396\"  volume=\"1\"  preload=\"none\" data-lazyloading=\"none\" class=\"wcmp-player track mejs-classic\" data-duration=\"0:37\" data-estimated_duration=\"4\"><source src=\"https:\/\/www.sunkaraoke.hu\/wp-content\/uploads\/2023\/06\/Kis-papirhajo-voc-Galamb_demo-1.mp3\" type=\"audio\/mp3\" \/><\/audio><\/div>Galamb J\u00f3zsef &#038; Sz\u00fcrke Enik\u0151 &#8211; Kis pap\u00edrhaj\u00f3"},"content":{"rendered":"<p><b>04:05<\/b>| <strong><img loading=\"lazy\" decoding=\"async\" class=\"alignnone size-full wp-image-466\" src=\"https:\/\/www.sunkaraoke.hu\/wp-content\/uploads\/2022\/07\/choir_1-copy.webp\" alt=\"\" width=\"30\" height=\"30\" \/> <\/strong><\/p>\n","protected":false},"excerpt":{"rendered":"<h5><strong>Bits\u0171r\u0171s\u00e9g: 320 kb\/s<\/strong><br \/>\n<strong>Hossz: 04:10<\/strong><br \/>\n<strong>Vok\u00e1lt tartalmaz: Igen <img loading=\"lazy\" decoding=\"async\" class=\"alignnone size-full wp-image-466\" src=\"http:\/\/www.sunkaraoke.hu\/wp-content\/uploads\/2022\/07\/choir_1-copy.png\" alt=\"\" width=\"30\" height=\"30\" \/><\/strong><strong style=\"font-size: 16px;\"><br \/>\n<\/strong><\/h5>\n<p>Sunkaraoke mp3 st\u00fadi\u00f3 \/ www.sunkaraoke.hu \/ Inf: Tel: 06 20 4275001<\/p>\n<p>Kis pap\u00edrhaj\u00f3 &#8211; Em<br \/>\n&gt;PR\u00d3ZA&lt;<br \/>\n\u00c1llok a parton, s kezemben tartom<br \/>\nUtols\u00f3 leveledet<br \/>\nEgyetlen eml\u00e9k, amivel \u00e9n m\u00e9g nem tudom<br \/>\nMit is tegyek<br \/>\nEl k\u00e9ne t\u00e9pnem, nincs er\u0151m, \u00e9rzem<br \/>\nSajn\u00e1lom, nem is teszem<br \/>\nLegyen bel\u0151le pap\u00edrhaj\u00f3<br \/>\nS \u00fatj\u00e1ra elengedem<br \/>\nKis pap\u00edrhaj\u00f3, lebeg a v\u00edzen<br \/>\nForgatja a sz\u00e9l, viszi sebesen<br \/>\nSok hazugs\u00e1g, Isten veled<br \/>\nVigye el a v\u00edz, hazug leveled<br \/>\nAzt \u00edrtad n\u00e9kem, nem is r\u00e9g, \u00f6r\u00f6kk\u00e9 szeretsz<br \/>\nS nem tudom, azt se m\u00e1r, hol lehetsz<br \/>\nElmossa a v\u00edz, majd a bet\u0171ket<br \/>\nElfelejtem \u00e9n, a te nevedet<br \/>\nSok hazugs\u00e1g, Isten veled<br \/>\nTovarohan\u00f3, kis pap\u00edrhaj\u00f3<br \/>\n&#8212;Sz\u00f3l\u00f3&#8212;<br \/>\nAzt \u00edrtad n\u00e9kem, nem is r\u00e9g, \u00f6r\u00f6kk\u00e9 szeretsz<br \/>\nS nem tudom, azt se m\u00e1r, hol lehetsz<br \/>\nKis pap\u00edrhaj\u00f3, lebeg a v\u00edzen<br \/>\nForgatja a sz\u00e9l, viszi sebesen<br \/>\nSok hazugs\u00e1g, Isten veled<br \/>\nVigye el a v\u00edz, hazug leveled<br \/>\nAzt \u00edrtad n\u00e9kem, nem is r\u00e9g, \u00f6r\u00f6kk\u00e9 szeretsz<br \/>\nS nem tudom, azt se m\u00e1r, hol lehetsz<br \/>\nElmossa a v\u00edz, majd a bet\u0171ket<br \/>\nElfelejtem \u00e9n, a te nevedet<br \/>\nSok hazugs\u00e1g, Isten veled<br \/>\nTovarohan\u00f3, kis pap\u00edrhaj\u00f3<br \/>\nSok hazugs\u00e1g, Isten veled<br \/>\nTovarohan\u00f3, kis pap\u00edrhaj\u00f3<br \/>\nTovarohan\u00f3, kis pap\u00edrhaj\u00f3<br \/>\n&#8212;V\u00e9ge&#8212;<\/p>\n","protected":false},"featured_media":6363,"template":"","meta":{"site-sidebar-layout":"default","site-content-layout":"default","ast-site-content-layout":"default","site-content-style":"default","site-sidebar-style":"default","ast-global-header-display":"","ast-banner-title-visibility":"","ast-main-header-display":"","ast-hfb-above-header-display":"","ast-hfb-below-header-display":"","ast-hfb-mobile-header-display":"","site-post-title":"","ast-breadcrumbs-content":"","ast-featured-img":"","footer-sml-layout":"","theme-transparent-header-meta":"default","adv-header-id-meta":"","stick-header-meta":"","header-above-stick-meta":"","header-main-stick-meta":"","header-below-stick-meta":"","astra-migrate-meta-layouts":"set","ast-page-background-enabled":"default","ast-page-background-meta":{"desktop":{"background-color":"var(--ast-global-color-4)","background-image":"","background-repeat":"repeat","background-position":"center center","background-size":"auto","background-attachment":"scroll","background-type":"","background-media":"","overlay-type":"","overlay-color":"","overlay-opacity":"","overlay-gradient":""},"tablet":{"background-color":"","background-image":"","background-repeat":"repeat","background-position":"center center","background-size":"auto","background-attachment":"scroll","background-type":"","background-media":"","overlay-type":"","overlay-color":"","overlay-opacity":"","overlay-gradient":""},"mobile":{"background-color":"","background-image":"","background-repeat":"repeat","background-position":"center center","background-size":"auto","background-attachment":"scroll","background-type":"","background-media":"","overlay-type":"","overlay-color":"","overlay-opacity":"","overlay-gradient":""}},"ast-content-background-meta":{"desktop":{"background-color":"var(--ast-global-color-5)","background-image":"","background-repeat":"repeat","background-position":"center center","background-size":"auto","background-attachment":"scroll","background-type":"","background-media":"","overlay-type":"","overlay-color":"","overlay-opacity":"","overlay-gradient":""},"tablet":{"background-color":"var(--ast-global-color-5)","background-image":"","background-repeat":"repeat","background-position":"center center","background-size":"auto","background-attachment":"scroll","background-type":"","background-media":"","overlay-type":"","overlay-color":"","overlay-opacity":"","overlay-gradient":""},"mobile":{"background-color":"var(--ast-global-color-5)","background-image":"","background-repeat":"repeat","background-position":"center center","background-size":"auto","background-attachment":"scroll","background-type":"","background-media":"","overlay-type":"","overlay-color":"","overlay-opacity":"","overlay-gradient":""}}},"product_cat":[69],"product_tag":[],"class_list":["post-11396","product","type-product","status-publish","has-post-thumbnail","hentry","product_cat-galamb-joci","desktop-align-left","tablet-align-left","mobile-align-left"],"_links":{"self":[{"href":"https:\/\/www.sunkaraoke.hu\/index.php\/wp-json\/wp\/v2\/product\/11396","targetHints":{"allow":["GET"]}}],"collection":[{"href":"https:\/\/www.sunkaraoke.hu\/index.php\/wp-json\/wp\/v2\/product"}],"about":[{"href":"https:\/\/www.sunkaraoke.hu\/index.php\/wp-json\/wp\/v2\/types\/product"}],"wp:featuredmedia":[{"embeddable":true,"href":"https:\/\/www.sunkaraoke.hu\/index.php\/wp-json\/wp\/v2\/media\/6363"}],"wp:attachment":[{"href":"https:\/\/www.sunkaraoke.hu\/index.php\/wp-json\/wp\/v2\/media?parent=11396"}],"wp:term":[{"taxonomy":"product_cat","embeddable":true,"href":"https:\/\/www.sunkaraoke.hu\/index.php\/wp-json\/wp\/v2\/product_cat?post=11396"},{"taxonomy":"product_tag","embeddable":true,"href":"https:\/\/www.sunkaraoke.hu\/index.php\/wp-json\/wp\/v2\/product_tag?post=11396"}],"curies":[{"name":"wp","href":"https:\/\/api.w.org\/{rel}","templated":true}]}}