{"id":11392,"date":"2023-06-12T13:33:20","date_gmt":"2023-06-12T13:33:20","guid":{"rendered":"https:\/\/www.sunkaraoke.hu\/?post_type=product&#038;p=11392"},"modified":"2025-04-07T15:22:10","modified_gmt":"2025-04-07T15:22:10","slug":"piros-bela-piros-mulatos-71-mix","status":"publish","type":"product","link":"https:\/\/www.sunkaraoke.hu\/index.php\/termek\/piros-bela-piros-mulatos-71-mix\/","title":{"rendered":"<div class=\"wcmp-player-container product-11392\"><audio controlslist=\"nodownload\" data-product=\"11392\"  volume=\"1\"  preload=\"none\" data-lazyloading=\"none\" class=\"wcmp-player track mejs-classic\" data-duration=\"0:32\" data-estimated_duration=\"4\"><source src=\"https:\/\/www.sunkaraoke.hu\/wp-content\/uploads\/2023\/06\/Piros-mulatos-mix-71.PB_demo.mp3\" type=\"audio\/mp3\" \/><\/audio><\/div>Piros B\u00e9la -Piros Mulat\u00f3s 71. Mix. (Original)"},"content":{"rendered":"<p><b>10:05<\/b>| <strong><img loading=\"lazy\" decoding=\"async\" class=\"alignnone size-full wp-image-467\" src=\"https:\/\/www.sunkaraoke.hu\/wp-content\/uploads\/2022\/07\/choir_2-copy.webp\" alt=\"\" width=\"30\" height=\"30\" \/> <\/strong><\/p>\n","protected":false},"excerpt":{"rendered":"<h6><strong>Bits\u0171r\u0171s\u00e9g: 320kb\/s<\/strong><br \/>\n<strong>Hossz: 10:05<\/strong><br \/>\n<strong>Vok\u00e1lt tartalmaz: Nem <img loading=\"lazy\" decoding=\"async\" class=\"alignnone size-full wp-image-467\" src=\"http:\/\/www.sunkaraoke.hu\/wp-content\/uploads\/2022\/07\/choir_2-copy.png\" alt=\"\" width=\"30\" height=\"30\" \/><\/strong><strong style=\"font-size: 16px;\"><br \/>\n<\/strong><\/h6>\n<p>Sunkaraoke mp3 st\u00fadi\u00f3 \/ www.sunkaraoke.hu \/ Inf: Tel: 06 20 4275001<\/p>\n<p>&#8212;Intr\u00f3&#8212; \/\/00:21\/\/<br \/>\nNagy a feje, b\u00fasuljon a l\u00f3! Egy kisl\u00e1ny\u00e9rt b\u00fasulni nem j\u00f3.<br \/>\nGombh\u00e1z, hej, ha leszakad, egy hely\u00e9be sz\u00e1z is akad.<br \/>\nGombh\u00e1z, hej, ha leszakad, egy hely\u00e9be sz\u00e1z is akad.<br \/>\nAzt mondja a t\u00edzparancsolat: Szeresd a felebar\u00e1todat!<br \/>\nKisangyalom, szeress teh\u00e1t! \u00c9n vagyok a felebar\u00e1t.<br \/>\nKisangyalom, szeress teh\u00e1t! \u00c9n vagyok a felebar\u00e1t.<br \/>\nElt\u00f6r\u00f6tt a kocsi kereke, mivel megy\u00fcnk ki a Ligetbe?<br \/>\nZsupkocsival, h\u00e1rom csacsival, v\u00e1rnak a l\u00e1nyok a cvikipuszival.<br \/>\nZsupkocsival, h\u00e1rom csacsival, v\u00e1rnak a l\u00e1nyok a cvikipuszival.<br \/>\n&#8212;Sz\u00f3l\u00f3&#8212;\/\/02:06\/\/<br \/>\n\u0150sszel \u00e9rik, bab\u00e1m, a fekete sz\u0151l\u0151. Te volt\u00e1l az igazi szeret\u0151m.<br \/>\nBocs\u00e1ss meg, ha vala-valaha v\u00e9tettem, ellenedre, bab\u00e1m, rosszat cselekedtem!<br \/>\nBocs\u00e1ss meg, ha vala-valaha v\u00e9tettem, ellenedre, bab\u00e1m, rosszat cselekedtem!<br \/>\nJaj, de sz\u00e9pen z\u00f6ldell a panyolai hat\u00e1r, k\u00f6zepibe legel egy kis b\u00e1r\u00e1ny.<br \/>\nK\u00f6zepibe sz\u00e9pen legel egy kis b\u00e1r\u00e1ny, jaj,de csinos,b\u00fcszke a panyolai kisl\u00e1ny!<br \/>\nK\u00f6zepibe sz\u00e9pen legel egy kis b\u00e1r\u00e1ny, jaj,de csinos,b\u00fcszke a panyolai kisl\u00e1ny!<br \/>\nKinek varrod, bab\u00e1m, azt a h\u00edmzett kend\u0151t? Neked varrom, hogy legy\u00e9l szeret\u0151m!<br \/>\nN\u00e9gy sark\u00e1ba n\u00e9gy sz\u00e1l feh\u00e9r rozmaringot, k\u00f6zepibe, bab\u00e1m, hogy szeret\u0151d vagyok.<br \/>\nN\u00e9gy sark\u00e1ba n\u00e9gy sz\u00e1l feh\u00e9r rozmaringot, k\u00f6zepibe, bab\u00e1m, hogy szeret\u0151d vagyok.<br \/>\n&#8212;Sz\u00f3l\u00f3&#8212;\/\/04:07\/\/<br \/>\nEgy asszonynak kilenc l\u00e1nya, nem gy\u0151zi sz\u00e1ml\u00e1lni.<br \/>\nMinden este ki\u00e1ll a kapuba, \u00edgy kezd kiab\u00e1lni:<br \/>\nErzsi, Piri, S\u00e1ri, Mariska, Roz\u00e1li, Ella, Bella, Juci, Karolina, gyertek vacsor\u00e1zni !<br \/>\nErzsi, Piri, S\u00e1ri, Mariska, Roz\u00e1li,<br \/>\nElla, Bella, Juci, Karolina, gyertek vacsor\u00e1zni !<br \/>\nHa v\u00e9gigmegyek a f\u0151utc\u00e1n, kacagnak a l\u00e1nyok,<br \/>\nAzt kacagj\u00e1k, hogy \u00e9n mindig csak egyed\u00fcl j\u00e1rok.<br \/>\nKacagjatok, l\u00e1nyok, debreceni l\u00e1nyok.<br \/>\nHa megl\u00e1tn\u00e1tok a budapesti bab\u00e1m, s\u00edrva fakadn\u00e1tok.<br \/>\nKacagjatok, l\u00e1nyok, debreceni l\u00e1nyok.<br \/>\nHa megl\u00e1tn\u00e1tok a budapesti bab\u00e1m, s\u00edrva fakadn\u00e1tok.<br \/>\nHa v\u00e9gigmegyek a f\u0151utc\u00e1n, kacagnak a l\u00e1nyok,<br \/>\nAzt kacagj\u00e1k, hogy \u00e9n mindig r\u00e9szegesen j\u00e1rok.<br \/>\nKacagjatok, l\u00e1nyok, f\u0151utcai l\u00e1nyok!<br \/>\nNem b\u00e1nn\u00e1tok, ha r\u00e9szegen is, csak j\u00e1rn\u00e9k hozz\u00e1tok.<br \/>\nKacagjatok, l\u00e1nyok, f\u0151utcai l\u00e1nyok!<br \/>\nNem b\u00e1nn\u00e1tok, ha r\u00e9szegen is, csak j\u00e1rn\u00e9k hozz\u00e1tok.<br \/>\n&#8212;Sz\u00f3l\u00f3&#8212; \/\/06:08\/\/<br \/>\nNem vagyok egy j\u00f3 gyerek, de szeretnek az emberek,<br \/>\ncsak a dr\u00e1ga j\u00f3 any\u00e1m, sirat minden \u00e9jszak\u00e1n.<br \/>\nNe s\u00edrj any\u00e1m megv\u00e1ltozom, egyszer j\u00f3 leszek,<br \/>\na vil\u00e1gon egyed\u00fcl m\u00e1r csak benned hiszek.<br \/>\nT\u00f6nkretettek a sz\u00e9p l\u00e1nyok, csak az\u00e9rt iszom,<br \/>\na sz\u00edvemet \u00e9n m\u00e1r m\u00e1sra, t\u00f6bb\u00e9 nem b\u00edzom.<br \/>\nMeg\u00edg\u00e9rtem megteszem, megv\u00e1ltozom teljesen,<br \/>\nmikor azt m\u00e9g nem tudom, j\u00f3 Istenem r\u00e1d b\u00edzom.<br \/>\nNe s\u00edrj any\u00e1m megv\u00e1ltozom, egyszer j\u00f3 leszek,<br \/>\na vil\u00e1gon egyed\u00fcl m\u00e1r csak benned hiszek.<br \/>\nT\u00f6nkretettek a sz\u00e9p l\u00e1nyok, csak az\u00e9rt iszom,<br \/>\na sz\u00edvemet \u00e9n m\u00e1r m\u00e1sra, t\u00f6bb\u00e9 nem b\u00edzom.<br \/>\nNe s\u00edrj any\u00e1m megv\u00e1ltozom, egyszer j\u00f3 leszek,<br \/>\na vil\u00e1gon egyed\u00fcl m\u00e1r csak benned hiszek.<br \/>\nT\u00f6nkretettek a sz\u00e9p l\u00e1nyok, csak az\u00e9rt iszom,<br \/>\na sz\u00edvemet \u00e9n m\u00e1r m\u00e1sra, t\u00f6bb\u00e9 nem b\u00edzom.<br \/>\n&#8212;Sz\u00f3l\u00f3&#8211;\/\/07:55\/\/<br \/>\n\u00d6r\u00f6k a t\u0171z, am\u00edg \u00e9lsz, dobog a sz\u00edved,<br \/>\na szerelem \u0151rzi, m\u00edg \u00e9lsz, \u00e9s nem alszik el.<br \/>\nNem m\u00falik el, \u00e9letre kel, nem t\u0171nik el, \u00fajabb j\u00f6n el.<br \/>\nBye, bye l\u00e1ny, bye, bye love, gondolj r\u00e1m minden nap,<br \/>\nnem kell m\u00e1r, hogy j\u00f3 legy\u00e9l,<br \/>\na szerelem mennyit is \u00e9r.<br \/>\nBye, bye l\u00e1ny, bye, bye love, gondolj r\u00e1m minden nap,<br \/>\nnem kell m\u00e1r, hogy j\u00f3 legy\u00e9l, a szerelem mennyit is \u00e9r.<br \/>\nForog a f\u00f6ld, am\u00edg \u00e9lsz, szerelem \u00e9rhet,<br \/>\nha v\u00e9get is \u00e9r, j\u00f6n egy \u00faj, megy\u00fcnk tov\u00e1bb.<br \/>\nFutunk tov\u00e1bb, a percek\u00e9rt,megy\u00fcnk tov\u00e1bb, ha v\u00e9get \u00e9r.<br \/>\nBye, bye l\u00e1ny, bye, bye love, gondolj r\u00e1m minden nap,<br \/>\nnem kell m\u00e1r, hogy j\u00f3 legy\u00e9l, a szerelem mennyit is \u00e9r.<br \/>\nBye, bye l\u00e1ny, bye, bye love, gondolj r\u00e1m minden nap,<br \/>\nnem kell m\u00e1r, hogy j\u00f3 legy\u00e9l, a szerelem mennyit is \u00e9r.<br \/>\nBye, bye l\u00e1ny, bye, bye love, gondolj r\u00e1m minden nap,<br \/>\nnem kell m\u00e1r, hogy j\u00f3 legy\u00e9l,<br \/>\na szerelem mennyit is \u00e9r.<br \/>\nBye, bye l\u00e1ny, bye, bye love, gondolj r\u00e1m minden nap,<br \/>\nnem kell m\u00e1r, hogy j\u00f3 legy\u00e9l, a szerelem mennyit is \u00e9r.<br \/>\n&#8212;V\u00e9ge&#8212;<\/p>\n","protected":false},"featured_media":12989,"template":"","meta":{"site-sidebar-layout":"default","site-content-layout":"default","ast-site-content-layout":"default","site-content-style":"default","site-sidebar-style":"default","ast-global-header-display":"","ast-banner-title-visibility":"","ast-main-header-display":"","ast-hfb-above-header-display":"","ast-hfb-below-header-display":"","ast-hfb-mobile-header-display":"","site-post-title":"","ast-breadcrumbs-content":"","ast-featured-img":"","footer-sml-layout":"","theme-transparent-header-meta":"default","adv-header-id-meta":"","stick-header-meta":"","header-above-stick-meta":"","header-main-stick-meta":"","header-below-stick-meta":"","astra-migrate-meta-layouts":"set","ast-page-background-enabled":"default","ast-page-background-meta":{"desktop":{"background-color":"var(--ast-global-color-4)","background-image":"","background-repeat":"repeat","background-position":"center center","background-size":"auto","background-attachment":"scroll","background-type":"","background-media":"","overlay-type":"","overlay-color":"","overlay-opacity":"","overlay-gradient":""},"tablet":{"background-color":"","background-image":"","background-repeat":"repeat","background-position":"center center","background-size":"auto","background-attachment":"scroll","background-type":"","background-media":"","overlay-type":"","overlay-color":"","overlay-opacity":"","overlay-gradient":""},"mobile":{"background-color":"","background-image":"","background-repeat":"repeat","background-position":"center center","background-size":"auto","background-attachment":"scroll","background-type":"","background-media":"","overlay-type":"","overlay-color":"","overlay-opacity":"","overlay-gradient":""}},"ast-content-background-meta":{"desktop":{"background-color":"var(--ast-global-color-5)","background-image":"","background-repeat":"repeat","background-position":"center center","background-size":"auto","background-attachment":"scroll","background-type":"","background-media":"","overlay-type":"","overlay-color":"","overlay-opacity":"","overlay-gradient":""},"tablet":{"background-color":"var(--ast-global-color-5)","background-image":"","background-repeat":"repeat","background-position":"center center","background-size":"auto","background-attachment":"scroll","background-type":"","background-media":"","overlay-type":"","overlay-color":"","overlay-opacity":"","overlay-gradient":""},"mobile":{"background-color":"var(--ast-global-color-5)","background-image":"","background-repeat":"repeat","background-position":"center center","background-size":"auto","background-attachment":"scroll","background-type":"","background-media":"","overlay-type":"","overlay-color":"","overlay-opacity":"","overlay-gradient":""}}},"product_cat":[48],"product_tag":[],"class_list":["post-11392","product","type-product","status-publish","has-post-thumbnail","hentry","product_cat-sunkaraoke-dalok","desktop-align-left","tablet-align-left","mobile-align-left"],"_links":{"self":[{"href":"https:\/\/www.sunkaraoke.hu\/index.php\/wp-json\/wp\/v2\/product\/11392","targetHints":{"allow":["GET"]}}],"collection":[{"href":"https:\/\/www.sunkaraoke.hu\/index.php\/wp-json\/wp\/v2\/product"}],"about":[{"href":"https:\/\/www.sunkaraoke.hu\/index.php\/wp-json\/wp\/v2\/types\/product"}],"wp:featuredmedia":[{"embeddable":true,"href":"https:\/\/www.sunkaraoke.hu\/index.php\/wp-json\/wp\/v2\/media\/12989"}],"wp:attachment":[{"href":"https:\/\/www.sunkaraoke.hu\/index.php\/wp-json\/wp\/v2\/media?parent=11392"}],"wp:term":[{"taxonomy":"product_cat","embeddable":true,"href":"https:\/\/www.sunkaraoke.hu\/index.php\/wp-json\/wp\/v2\/product_cat?post=11392"},{"taxonomy":"product_tag","embeddable":true,"href":"https:\/\/www.sunkaraoke.hu\/index.php\/wp-json\/wp\/v2\/product_tag?post=11392"}],"curies":[{"name":"wp","href":"https:\/\/api.w.org\/{rel}","templated":true}]}}