{"id":11365,"date":"2023-06-05T14:22:40","date_gmt":"2023-06-05T14:22:40","guid":{"rendered":"https:\/\/www.sunkaraoke.hu\/?post_type=product&#038;p=11365"},"modified":"2023-06-05T14:27:05","modified_gmt":"2023-06-05T14:27:05","slug":"kis-didi-csokko-gipsy-style","status":"publish","type":"product","link":"https:\/\/www.sunkaraoke.hu\/index.php\/termek\/kis-didi-csokko-gipsy-style\/","title":{"rendered":"<div class=\"wcmp-player-container product-11365\"><audio controlslist=\"nodownload\" data-product=\"11365\"  volume=\"1\"  preload=\"none\" data-lazyloading=\"none\" class=\"wcmp-player track mejs-classic\" data-duration=\"0:31\" data-estimated_duration=\"4\"><source src=\"https:\/\/www.sunkaraoke.hu\/wp-content\/uploads\/wcmp\/a5c41346ba465267424ddeacb71969b5.mp3\" type=\"audio\/mp3\" \/><\/audio><\/div>Kis Didi: Csokko Csokko ( Gipsy Style )"},"content":{"rendered":"<p><strong>02:40<\/strong>\u00a0| <strong><img loading=\"lazy\" decoding=\"async\" class=\"alignnone size-full wp-image-467\" src=\"https:\/\/www.sunkaraoke.hu\/wp-content\/uploads\/2022\/07\/choir_2-copy.webp\" alt=\"\" width=\"30\" height=\"30\" \/> <\/strong><\/p>\n","protected":false},"excerpt":{"rendered":"<h5>Bits\u0171r\u0171s\u00e9g: 320kb\/s<\/h5>\n<h5>Hossz: 02:40<\/h5>\n<h5>Vok\u00e1l: Nem <img loading=\"lazy\" decoding=\"async\" class=\"alignnone size-full wp-image-467\" src=\"http:\/\/www.sunkaraoke.hu\/wp-content\/uploads\/2022\/07\/choir_2-copy.png\" alt=\"\" width=\"30\" height=\"30\" \/><\/h5>\n<p>Sunkaraoke mp3 st\u00fadi\u00f3 \/ www.sunkaraoke.hu \/ Inf: Tel: 06 20 4275001<\/p>\n<p>&#8212;Intr\u00f3&#8212;<br \/>\nVan ez a l\u00e1ny, \u00e9n is ismerem,<br \/>\nszeretik a rossz emberek.<br \/>\nMert a v\u00e9re az az, amfetamin,<br \/>\na cs\u00f3kj\u00e1t\u00f3l bep\u00f6r\u00f6g a sz\u00edvem.<br \/>\nA b\u0151re barna, a haja fekete,<br \/>\nhuncut l\u00e1ny, nem \u00e1ll j\u00f3l a szeme se.<br \/>\nEs\u00e9lyed nincs sok, nevet a fejeden,<br \/>\nengedd el, neki ez a szerepe.<\/p>\n<p>Csokko csokko csokko babus.<br \/>\nCsokko csokko csokko l\u00e1ny.<br \/>\nCsokko csokko csokko babus.<br \/>\nCsokko csokko csokko l\u00e1ny.<\/p>\n<p>Haver, a l\u00e1ny t\u00e9ged nem szeret,<br \/>\ncsak engem, most vele denszelek.<br \/>\nA feneke az fitnesz, sportszelet,<br \/>\nmegesz\u00fcnk most \u0151 is meg \u00e9n is egy felet.<br \/>\nA b\u0151re barna, a haja fekete,<br \/>\nfl\u00f6rt\u00f6l\u00fcnk, nem igaz a fele se.<br \/>\nFentr\u0151l n\u00e9zi, az \u00e9g, fekete,<br \/>\nmajd reggel lesz bel\u0151l\u00fcnk elege.<\/p>\n<p>Csokko csokko csokko babus.<br \/>\nCsokko csokko csokko l\u00e1ny.<br \/>\nCsokko csokko csokko babus.<br \/>\nCsokko csokko csokko l\u00e1ny.<\/p>\n<p>\u00c9s denszel\u00fcnk,m\u00edg a hold vil\u00e1g\u00edt ott fenn nek\u00fcnk.<br \/>\nDe j\u00f3 nek\u00fcnk,mert az l\u00e1tszik, hogy j\u00f3 az \u00e9let\u00fcnk.<\/p>\n<p>Most szerelmes a nino amigo,<br \/>\na sz\u00e1ja a sz\u00e1mon, ez bing\u00f3.<br \/>\n\u0150 is \u00e9rzi, hogy ez m\u00e1s flow,<br \/>\nhelyettem senki m\u00e1s nem j\u00f3.<\/p>\n<p>Csokko csokko csokko babus.<br \/>\nCsokko csokko csokko l\u00e1ny.<br \/>\nCsokko csokko csokko babus.<br \/>\nCsokko csokko csokko l\u00e1ny.<br \/>\nCsokko csokko csokko babus.<br \/>\nCsokko csokko csokko l\u00e1ny.<br \/>\nCsokko csokko csokko babus.<br \/>\nCsokko csokko csokko l\u00e1ny.<br \/>\n&#8211;Sz\u00f3l\u00f3&#8212;<br \/>\nCsokko csokko csokko babus.<br \/>\nCsokko csokko csokko l\u00e1ny.<br \/>\nCsokko csokko csokko babus.<br \/>\nCsokko csokko csokko l\u00e1ny.<br \/>\n&#8212;V\u00e9ge&#8212;<\/p>\n","protected":false},"featured_media":11368,"template":"","meta":{"site-sidebar-layout":"default","site-content-layout":"default","ast-site-content-layout":"","site-content-style":"default","site-sidebar-style":"default","ast-global-header-display":"","ast-banner-title-visibility":"","ast-main-header-display":"","ast-hfb-above-header-display":"","ast-hfb-below-header-display":"","ast-hfb-mobile-header-display":"","site-post-title":"","ast-breadcrumbs-content":"","ast-featured-img":"","footer-sml-layout":"","theme-transparent-header-meta":"default","adv-header-id-meta":"","stick-header-meta":"","header-above-stick-meta":"","header-main-stick-meta":"","header-below-stick-meta":"","astra-migrate-meta-layouts":"default","ast-page-background-enabled":"default","ast-page-background-meta":{"desktop":{"background-color":"var(--ast-global-color-4)","background-image":"","background-repeat":"repeat","background-position":"center center","background-size":"auto","background-attachment":"scroll","background-type":"","background-media":"","overlay-type":"","overlay-color":"","overlay-opacity":"","overlay-gradient":""},"tablet":{"background-color":"","background-image":"","background-repeat":"repeat","background-position":"center center","background-size":"auto","background-attachment":"scroll","background-type":"","background-media":"","overlay-type":"","overlay-color":"","overlay-opacity":"","overlay-gradient":""},"mobile":{"background-color":"","background-image":"","background-repeat":"repeat","background-position":"center center","background-size":"auto","background-attachment":"scroll","background-type":"","background-media":"","overlay-type":"","overlay-color":"","overlay-opacity":"","overlay-gradient":""}},"ast-content-background-meta":{"desktop":{"background-color":"var(--ast-global-color-5)","background-image":"","background-repeat":"repeat","background-position":"center center","background-size":"auto","background-attachment":"scroll","background-type":"","background-media":"","overlay-type":"","overlay-color":"","overlay-opacity":"","overlay-gradient":""},"tablet":{"background-color":"var(--ast-global-color-5)","background-image":"","background-repeat":"repeat","background-position":"center center","background-size":"auto","background-attachment":"scroll","background-type":"","background-media":"","overlay-type":"","overlay-color":"","overlay-opacity":"","overlay-gradient":""},"mobile":{"background-color":"var(--ast-global-color-5)","background-image":"","background-repeat":"repeat","background-position":"center center","background-size":"auto","background-attachment":"scroll","background-type":"","background-media":"","overlay-type":"","overlay-color":"","overlay-opacity":"","overlay-gradient":""}}},"product_cat":[46],"product_tag":[],"class_list":["post-11365","product","type-product","status-publish","has-post-thumbnail","hentry","product_cat-eredeti-karaoke-dalok","desktop-align-left","tablet-align-left","mobile-align-left"],"_links":{"self":[{"href":"https:\/\/www.sunkaraoke.hu\/index.php\/wp-json\/wp\/v2\/product\/11365","targetHints":{"allow":["GET"]}}],"collection":[{"href":"https:\/\/www.sunkaraoke.hu\/index.php\/wp-json\/wp\/v2\/product"}],"about":[{"href":"https:\/\/www.sunkaraoke.hu\/index.php\/wp-json\/wp\/v2\/types\/product"}],"wp:featuredmedia":[{"embeddable":true,"href":"https:\/\/www.sunkaraoke.hu\/index.php\/wp-json\/wp\/v2\/media\/11368"}],"wp:attachment":[{"href":"https:\/\/www.sunkaraoke.hu\/index.php\/wp-json\/wp\/v2\/media?parent=11365"}],"wp:term":[{"taxonomy":"product_cat","embeddable":true,"href":"https:\/\/www.sunkaraoke.hu\/index.php\/wp-json\/wp\/v2\/product_cat?post=11365"},{"taxonomy":"product_tag","embeddable":true,"href":"https:\/\/www.sunkaraoke.hu\/index.php\/wp-json\/wp\/v2\/product_tag?post=11365"}],"curies":[{"name":"wp","href":"https:\/\/api.w.org\/{rel}","templated":true}]}}