{"id":11326,"date":"2023-05-31T08:14:59","date_gmt":"2023-05-31T08:14:59","guid":{"rendered":"https:\/\/www.sunkaraoke.hu\/?post_type=product&#038;p=11326"},"modified":"2025-04-07T15:21:20","modified_gmt":"2025-04-07T15:21:20","slug":"piros-bela-piros-mulatos-69-mix","status":"publish","type":"product","link":"https:\/\/www.sunkaraoke.hu\/index.php\/termek\/piros-bela-piros-mulatos-69-mix\/","title":{"rendered":"<div class=\"wcmp-player-container product-11326\"><audio controlslist=\"nodownload\" data-product=\"11326\"  volume=\"1\"  preload=\"none\" data-lazyloading=\"none\" class=\"wcmp-player track mejs-classic\" data-duration=\"0:36\" data-estimated_duration=\"4\"><source src=\"https:\/\/www.sunkaraoke.hu\/wp-content\/uploads\/2023\/05\/Piros-mulatos-mix-69-_demo.mp3\" type=\"audio\/mp3\" \/><\/audio><\/div>Piros B\u00e9la -Piros Mulat\u00f3s 69. Mix. (Original)"},"content":{"rendered":"<p><b>11:13<\/b>| <strong><img loading=\"lazy\" decoding=\"async\" class=\"alignnone size-full wp-image-467\" src=\"https:\/\/www.sunkaraoke.hu\/wp-content\/uploads\/2022\/07\/choir_2-copy.webp\" alt=\"\" width=\"30\" height=\"30\" \/> <\/strong><\/p>\n","protected":false},"excerpt":{"rendered":"<h6><strong>Bits\u0171r\u0171s\u00e9g: 320kb\/s<\/strong><br \/>\n<strong>Hossz: 11:13<\/strong><br \/>\n<strong>Vok\u00e1lt tartalmaz: Nem <img loading=\"lazy\" decoding=\"async\" class=\"alignnone size-full wp-image-467\" src=\"http:\/\/www.sunkaraoke.hu\/wp-content\/uploads\/2022\/07\/choir_2-copy.png\" alt=\"\" width=\"30\" height=\"30\" \/><\/strong><strong style=\"font-size: 16px;\"><br \/>\n<\/strong><\/h6>\n<p>Sunkaraoke mp3 st\u00fadi\u00f3 \/ www.sunkaraoke.hu \/ Inf: Tel: 06 20 4275001<\/p>\n<p>&#8212;Intr\u00f3&#8212;\/\/00:16\/\/<br \/>\nNe legyek elfeledett sz\u00e9p eml\u00e9ked neked,<br \/>\n\u00e9n legyek aki\u00e9rt \u00fagy dobog most a sz\u00edved,<br \/>\nha kell a csillagokat lehozom \u00e9n neked,<br \/>\ncsak hogy kifejezzem a h\u0171 szerelmemet.<br \/>\nSz\u00e9p szerelmem k\u00e9rlek ne mondj nekem nemet,<br \/>\nsz\u00edvem k\u00f6zep\u00e9be bev\u00e9stem a neved,<br \/>\ns nagyon f\u00e1jni fog, ha m\u00e9gsem leszel eny\u00e9m,<br \/>\nhallgasd h\u00e1t sz\u00e9p szerelemem, sz\u00edvb\u0151l sz\u00f3l a zen\u00e9m.<br \/>\nEg\u00e9sz \u00e9letemben hidd el csak r\u00e1d v\u00e1rtam,<br \/>\nm\u00e1s l\u00e1nyok el\u0151l a sz\u00edvem kulcsra z\u00e1rtam,<br \/>\nbebizony\u00edtom, nem kell az \u00edg\u00e9ret,<br \/>\nnem csal\u00f3dsz majd bennem, dr\u00e1ga feles\u00e9gem,<br \/>\ndr\u00e1ga feles\u00e9gem!<br \/>\n&#8212;Sz\u00f3l\u00f3&#8212;\/\/01:12\/\/<br \/>\nNe legyek elfeledett sz\u00e9p eml\u00e9ked neked,<br \/>\n\u00e9n legyek aki\u00e9rt \u00fagy dobog most a sz\u00edved,<br \/>\nha kell a csillagokat lehozom \u00e9n neked,<br \/>\ncsak hogy kifejezzem a h\u0171 szerelmemet.<br \/>\nSz\u00e9p szerelmem k\u00e9rlek ne mondj nekem nemet,<br \/>\nsz\u00edvem k\u00f6zep\u00e9be bev\u00e9stem a neved,<br \/>\ns nagyon f\u00e1jni fog, ha m\u00e9gsem leszel eny\u00e9m,<br \/>\nhallgasd h\u00e1t sz\u00e9p szerelemem, sz\u00edvb\u0151l sz\u00f3l a zen\u00e9m.<br \/>\nEg\u00e9sz \u00e9letemben hidd el csak r\u00e1d v\u00e1rtam,<br \/>\nm\u00e1s l\u00e1nyok el\u0151l a sz\u00edvem kulcsra z\u00e1rtam,<br \/>\nbebizony\u00edtom, nem kell az \u00edg\u00e9ret,<br \/>\nnem csal\u00f3dsz majd bennem, dr\u00e1ga feles\u00e9gem,<br \/>\ndr\u00e1ga feles\u00e9gem!<br \/>\n&#8212;Sz\u00f3l\u00f3&#8212;\/\/02:35\/\/<br \/>\n\u00d6reg ember vagyok \u00e9n m\u00e1r,\u0151sz a hajam sz\u00e1la.<br \/>\nFiatal a feles\u00e9gem,b\u00fcszke vagyok r\u00e1ja.<br \/>\nA hajamat lev\u00e1gatom,ki is ondol\u00e1lom,<br \/>\nazt sajn\u00e1lom,nem a r\u00e9gi p\u00e1rom,elhagyott a ny\u00e1ron.<br \/>\nA hajamat lev\u00e1gatom,ki is ondol\u00e1lom,<br \/>\nazt sajn\u00e1lom,nem a r\u00e9gi p\u00e1rom,elhagyott a ny\u00e1ron.<br \/>\nVan nekem egy feles\u00e9gem,b\u00fcszke vagyok r\u00e1ja,<br \/>\nkor\u00e1n reggel,mikor felkel,mindig j\u00e1r a sz\u00e1ja.<br \/>\nKor\u00e1n reggel,mikor felkel,mindig veszekedik velem.<br \/>\n\u0150 k\u00e9sik el a reggelivel,m\u00e9gis nekem perel.<br \/>\nKor\u00e1n reggel,mikor felkel,mindig veszekedik velem.<br \/>\n\u0150 k\u00e9sik el a reggelivel,m\u00e9gis nekem perel.<br \/>\n&#8212;Sz\u00f3l\u00f3&#8212;\/\/04:26\/\/<br \/>\n\u00d6reg ember vagyok \u00e9n m\u00e1r,\u0151sz a hajam sz\u00e1la.<br \/>\nFiatal a feles\u00e9gem,b\u00fcszke vagyok r\u00e1ja.<br \/>\nA hajamat lev\u00e1gatom,ki is ondol\u00e1lom,<br \/>\nazt sajn\u00e1lom,nem a r\u00e9gi p\u00e1rom,elhagyott a ny\u00e1ron.<br \/>\nA hajamat lev\u00e1gatom,ki is ondol\u00e1lom,<br \/>\nazt sajn\u00e1lom,nem a r\u00e9gi p\u00e1rom,elhagyott a ny\u00e1ron.<br \/>\nVan nekem egy feles\u00e9gem,b\u00fcszke vagyok r\u00e1ja,<br \/>\nkor\u00e1n reggel,mikor felkel,mindig j\u00e1r a sz\u00e1ja.<br \/>\nKor\u00e1n reggel,mikor felkel,mindig veszekedik velem.<br \/>\n\u0150 k\u00e9sik el a reggelivel,m\u00e9gis nekem perel.<br \/>\nKor\u00e1n reggel,mikor felkel,mindig veszekedik velem.<br \/>\n\u0150 k\u00e9sik el a reggelivel,m\u00e9gis nekem perel.<br \/>\n&#8212;Sz\u00f3l\u00f3&#8212;\/\/06:06\/\/<br \/>\nSej, felsz\u00e1llott a kakas a l\u00e9tr\u00e1ra,<br \/>\nkukor\u00e9kol hajnalhasadt\u00e1ra.<br \/>\nHajnal hasad, f\u00e9nyes csillag ragyog,<br \/>\nsej, \u00e9n m\u00e9g most is a bab\u00e1mn\u00e1l vagyok.<br \/>\nHajnal hasad, f\u00e9nyes csillag ragyog,<br \/>\nsej, \u00e9n m\u00e9g most is a bab\u00e1mn\u00e1l vagyok.<br \/>\nSej, arra al\u00e1 d\u00f6r\u00f6g az \u00e9g alja,<br \/>\nharagszik a r\u00f3zs\u00e1m \u00e9desanyja.<br \/>\nHa haragszik nem tehetek r\u00f3la,<br \/>\nsej, \u00fagysem leszek a l\u00e1ny\u00e1\u00e9 soha.<br \/>\nHa haragszik nem tehetek r\u00f3la,<br \/>\nsej, \u00fagysem leszek a l\u00e1ny\u00e1\u00e9 soha.<br \/>\n&#8212;Sz\u00f3l\u00f3&#8212;\/\/07:17\/\/<br \/>\nL\u00e1tod, bab\u00e1m, azt a tear\u00f3zs\u00e1t?<br \/>\nNappal ny\u00edlik, este j\u00e1rok hozz\u00e1d.<br \/>\nEste j\u00e1rok, mikor senki sem l\u00e1t,<br \/>\nm\u00e9g is irigy r\u00e1m az eg\u00e9sz vil\u00e1g.<br \/>\nEste j\u00e1rok, mikor senki sem l\u00e1t,<br \/>\nm\u00e9g is irigy r\u00e1m az eg\u00e9sz vil\u00e1g.<br \/>\nSej, mikor engem katon\u00e1nak visznek,<br \/>\naz \u00e1rokban m\u00e9g a v\u00edz is reszket.<br \/>\nAz \u00e1rokban a v\u00edz hadd reszkessen,<br \/>\nsej, csak a bab\u00e1m igaz\u00e1n szeressen!<br \/>\nAz \u00e1rokban a v\u00edz hadd reszkessen,<br \/>\nsej, csak a bab\u00e1m igaz\u00e1n szeressen!<br \/>\n&#8212;Sz\u00f3l\u00f3&#8212;\/\/08:28\/\/<br \/>\nElk\u00f6vettem egy, k\u00e9t hib\u00e1t, ma sem tudom m\u00e9g az ok\u00e1t.<br \/>\nKattant a bilincs a k\u00e9t kezemen, jaj Istenem, mi lesz velem.<br \/>\nSmasszer uram csak azt k\u00e9rem, engedjen ki, mert meghal \u00e9rtem.<br \/>\nMeghal \u00e9rtem az a barna l\u00e1ny, ha nem cs\u00f3kolhat, ha nem v\u00e1r.<br \/>\nSmasszer uram csak azt k\u00e9rem, engedjen ki, mert meghal \u00e9rtem.<br \/>\nMeghal \u00e9rtem az a barna l\u00e1ny, ha nem cs\u00f3kolhat, ha nem v\u00e1r.<br \/>\nJaj, de hossz\u00fa az el\u0151zetes,f\u00e9l \u00e9ve m\u00e1r, hogy bent leszek.<br \/>\n\u00cdt\u00e9letre v\u00e1rakozom, azt mondj\u00e1k, hogy majd megszokom.<br \/>\nB\u00edr\u00f3 uram kegyelmezzen, ne b\u00fcntessen, ha lehet.<br \/>\nEl\u00e9g nagy a b\u00fcntet\u00e9sem, mert megcsalj\u00e1k a sz\u00edvemet.<br \/>\nB\u00edr\u00f3 uram kegyelmezzen, ne b\u00fcntessen, ha lehet.<br \/>\nEl\u00e9g nagy a b\u00fcntet\u00e9sem, mert megcsalj\u00e1k a sz\u00edvemet.<br \/>\n&#8212;Sz\u00f3l\u00f3&#8212;\/\/10:03\/\/<br \/>\nJaj, de hossz\u00fa a b\u00f6rt\u00f6n \u00e9let, h\u00e1rom \u00e9vig bent leszek.<br \/>\nNem v\u00e1r m\u00e1r az a barna kisl\u00e1ny, m\u00e1r r\u00e9g\u00f3ta m\u00e1st szeret.<br \/>\nSmasszer uram csak azt k\u00e9rem, engedjen ki, mert meghal \u00e9rtem.<br \/>\nMeghal \u00e9rtem az a barna l\u00e1ny, ha nem cs\u00f3kolhat, hanem v\u00e1r.<br \/>\nSmasszer uram csak azt k\u00e9rem, engedjen ki, mert meghal \u00e9rtem.<br \/>\nMeghal \u00e9rtem az a barna l\u00e1ny, ha nem cs\u00f3kolhat, hanem v\u00e1r.<br \/>\nSmasszer uram csak azt k\u00e9rem, engedjen ki, mert meghal \u00e9rtem.<br \/>\nMeghal \u00e9rtem az a barna l\u00e1ny, ha nem cs\u00f3kolhat, hanem v\u00e1r.<br \/>\nSmasszer uram csak azt k\u00e9rem, engedjen ki, mert meghal \u00e9rtem.<br \/>\nMeghal \u00e9rtem az a barna l\u00e1ny, ha nem cs\u00f3kolhat, hanem v\u00e1r.<br \/>\n&#8212;V\u00e9ge&#8212;<\/p>\n","protected":false},"featured_media":12989,"template":"","meta":{"site-sidebar-layout":"default","site-content-layout":"default","ast-site-content-layout":"default","site-content-style":"default","site-sidebar-style":"default","ast-global-header-display":"","ast-banner-title-visibility":"","ast-main-header-display":"","ast-hfb-above-header-display":"","ast-hfb-below-header-display":"","ast-hfb-mobile-header-display":"","site-post-title":"","ast-breadcrumbs-content":"","ast-featured-img":"","footer-sml-layout":"","theme-transparent-header-meta":"default","adv-header-id-meta":"","stick-header-meta":"","header-above-stick-meta":"","header-main-stick-meta":"","header-below-stick-meta":"","astra-migrate-meta-layouts":"set","ast-page-background-enabled":"default","ast-page-background-meta":{"desktop":{"background-color":"var(--ast-global-color-4)","background-image":"","background-repeat":"repeat","background-position":"center center","background-size":"auto","background-attachment":"scroll","background-type":"","background-media":"","overlay-type":"","overlay-color":"","overlay-opacity":"","overlay-gradient":""},"tablet":{"background-color":"","background-image":"","background-repeat":"repeat","background-position":"center center","background-size":"auto","background-attachment":"scroll","background-type":"","background-media":"","overlay-type":"","overlay-color":"","overlay-opacity":"","overlay-gradient":""},"mobile":{"background-color":"","background-image":"","background-repeat":"repeat","background-position":"center center","background-size":"auto","background-attachment":"scroll","background-type":"","background-media":"","overlay-type":"","overlay-color":"","overlay-opacity":"","overlay-gradient":""}},"ast-content-background-meta":{"desktop":{"background-color":"var(--ast-global-color-5)","background-image":"","background-repeat":"repeat","background-position":"center center","background-size":"auto","background-attachment":"scroll","background-type":"","background-media":"","overlay-type":"","overlay-color":"","overlay-opacity":"","overlay-gradient":""},"tablet":{"background-color":"var(--ast-global-color-5)","background-image":"","background-repeat":"repeat","background-position":"center center","background-size":"auto","background-attachment":"scroll","background-type":"","background-media":"","overlay-type":"","overlay-color":"","overlay-opacity":"","overlay-gradient":""},"mobile":{"background-color":"var(--ast-global-color-5)","background-image":"","background-repeat":"repeat","background-position":"center center","background-size":"auto","background-attachment":"scroll","background-type":"","background-media":"","overlay-type":"","overlay-color":"","overlay-opacity":"","overlay-gradient":""}}},"product_cat":[48],"product_tag":[],"class_list":["post-11326","product","type-product","status-publish","has-post-thumbnail","hentry","product_cat-sunkaraoke-dalok","desktop-align-left","tablet-align-left","mobile-align-left"],"_links":{"self":[{"href":"https:\/\/www.sunkaraoke.hu\/index.php\/wp-json\/wp\/v2\/product\/11326","targetHints":{"allow":["GET"]}}],"collection":[{"href":"https:\/\/www.sunkaraoke.hu\/index.php\/wp-json\/wp\/v2\/product"}],"about":[{"href":"https:\/\/www.sunkaraoke.hu\/index.php\/wp-json\/wp\/v2\/types\/product"}],"wp:featuredmedia":[{"embeddable":true,"href":"https:\/\/www.sunkaraoke.hu\/index.php\/wp-json\/wp\/v2\/media\/12989"}],"wp:attachment":[{"href":"https:\/\/www.sunkaraoke.hu\/index.php\/wp-json\/wp\/v2\/media?parent=11326"}],"wp:term":[{"taxonomy":"product_cat","embeddable":true,"href":"https:\/\/www.sunkaraoke.hu\/index.php\/wp-json\/wp\/v2\/product_cat?post=11326"},{"taxonomy":"product_tag","embeddable":true,"href":"https:\/\/www.sunkaraoke.hu\/index.php\/wp-json\/wp\/v2\/product_tag?post=11326"}],"curies":[{"name":"wp","href":"https:\/\/api.w.org\/{rel}","templated":true}]}}