{"id":11300,"date":"2023-05-25T17:25:01","date_gmt":"2023-05-25T17:25:01","guid":{"rendered":"https:\/\/www.sunkaraoke.hu\/?post_type=product&#038;p=11300"},"modified":"2023-05-25T17:27:33","modified_gmt":"2023-05-25T17:27:33","slug":"csonno-imre-millionyi-lovedek-2023-cover","status":"publish","type":"product","link":"https:\/\/www.sunkaraoke.hu\/index.php\/termek\/csonno-imre-millionyi-lovedek-2023-cover\/","title":{"rendered":"<div class=\"wcmp-player-container product-11300\"><audio controlslist=\"nodownload\" data-product=\"11300\"  volume=\"1\"  preload=\"none\" data-lazyloading=\"none\" class=\"wcmp-player track mejs-classic\" data-duration=\"0:32\" data-estimated_duration=\"4\"><source src=\"https:\/\/www.sunkaraoke.hu\/wp-content\/uploads\/2023\/05\/Millionyi-lovedek-2023.-Cover-PB._demo.mp3\" type=\"audio\/mp3\" \/><\/audio><\/div>Csonn\u00f3 Imre : Milli\u00f3nyi l\u00f6ved\u00e9k 2023. ( Cover )"},"content":{"rendered":"<p><strong>03:18<\/strong>\u00a0\/\u00a0<img decoding=\"async\" src=\"https:\/\/www.sunkaraoke.hu\/wp-content\/uploads\/2022\/07\/choir_2-copy.webp\" \/> \/<\/p>\n","protected":false},"excerpt":{"rendered":"<h5><strong>Bits\u0171r\u0171s\u00e9g: 320kb\/s<\/strong><br \/>\n<strong>Hossz: 03:18<\/strong><br \/>\n<strong>Vok\u00e1lt tartalmaz: Nem <img decoding=\"async\" src=\"https:\/\/www.sunkaraoke.hu\/wp-content\/uploads\/2022\/07\/choir_2-copy.png\" \/><\/strong><\/h5>\n<p>&#8212;Intr\u00f3&#8212;<br \/>\nMilli\u00f3nyi l\u00f6ved\u00e9k, r\u00e1m p\u00e1m p\u00e1m,<br \/>\na sz\u00edvem t\u00e9pte darabokra sz\u00e9t, r\u00e1m, p\u00e1m, p\u00e1m,<br \/>\nolyan volt mint egy rossz t\u00e9ved\u00e9s, r\u00e1m, p\u00e1m, p\u00e1m,<br \/>\na sz\u00edvem t\u00e9pte darabokra sz\u00e9t, \u00f3h, \u00f3h, \u00f3h, \u00f3h, \u00f3h..<br \/>\nBaby ez nem csak r\u00f3lad, sz\u00f3l \u00e9rtsd meg,<br \/>\napr\u00f3 kis hazugs\u00e1gokr\u00f3l v\u00e9gleg,<br \/>\nfelejts most el k\u00e9rlek, nem l\u00e1tsz t\u00f6bb\u00e9 engem, v\u00e9ge.<br \/>\nMinden apr\u00f3 eml\u00e9keket, most darabokra t\u00e9pek \u00e9n, sz\u00e9jjel,<br \/>\nne h\u00edvj t\u00f6bbet k\u00e9rlek, nem ismerlek t\u00e9ged m\u00e1r \u00e9n.<\/p>\n<p>Milli\u00f3nyi l\u00f6ved\u00e9k, r\u00e1m p\u00e1m p\u00e1m,<br \/>\na sz\u00edvem t\u00e9pte darabokra sz\u00e9t, r\u00e1m, p\u00e1m, p\u00e1m,<br \/>\nolyan volt mint egy rossz t\u00e9ved\u00e9s, r\u00e1m, p\u00e1m, p\u00e1m,<br \/>\na sz\u00edvem t\u00e9pte darabokra sz\u00e9t, \u00f3h, \u00f3h, \u00f3h, \u00f3h, \u00f3h..<br \/>\nMilli\u00f3nyi l\u00f6ved\u00e9k, r\u00e1m p\u00e1m p\u00e1m,<br \/>\na sz\u00edvem t\u00e9pte darabokra sz\u00e9t, r\u00e1m, p\u00e1m, p\u00e1m,<br \/>\nolyan volt mint egy rossz t\u00e9ved\u00e9s, r\u00e1m, p\u00e1m, p\u00e1m,<br \/>\na sz\u00edvem t\u00e9pte darabokra sz\u00e9t, \u00f3h, \u00f3h, \u00f3h, \u00f3h, \u00f3h..<\/p>\n<p>Baby ez nem csak r\u00f3lad sz\u00f3l, \u00e9rtsd meg,<br \/>\napr\u00f3 kis hazugs\u00e1gokr\u00f3l, v\u00e9gleg,<br \/>\nfelejts most el k\u00e9rlek, nem l\u00e1tsz t\u00f6bb\u00e9 engem v\u00e9ge.<br \/>\nMinden apr\u00f3 eml\u00e9keket, most darabokra t\u00e9pek \u00e9n, sz\u00e9jjel,<br \/>\nne h\u00edvj t\u00f6bbet k\u00e9rlek, nem ismerlek t\u00e9ged m\u00e1r \u00e9n.<\/p>\n<p>Milli\u00f3nyi l\u00f6ved\u00e9k, r\u00e1m p\u00e1m p\u00e1m,<br \/>\na sz\u00edvem t\u00e9pte darabokra sz\u00e9t, r\u00e1m, p\u00e1m, p\u00e1m,<br \/>\nolyan volt mint egy rossz t\u00e9ved\u00e9s, r\u00e1m, p\u00e1m, p\u00e1m,<br \/>\na sz\u00edvem t\u00e9pte darabokra sz\u00e9t, \u00f3h, \u00f3h, \u00f3h, \u00f3h, \u00f3h..<br \/>\nMilli\u00f3nyi l\u00f6ved\u00e9k, r\u00e1m p\u00e1m p\u00e1m,<br \/>\na sz\u00edvem t\u00e9pte darabokra sz\u00e9t, r\u00e1m, p\u00e1m, p\u00e1m,<br \/>\nolyan volt mint egy rossz t\u00e9ved\u00e9s, r\u00e1m, p\u00e1m, p\u00e1m,<br \/>\na sz\u00edvem t\u00e9pte darabokra sz\u00e9t, \u00f3h, \u00f3h, \u00f3h, \u00f3h, \u00f3h..<br \/>\nMilli\u00f3nyi l\u00f6ved\u00e9k, r\u00e1m p\u00e1m p\u00e1m,<br \/>\na sz\u00edvem t\u00e9pte darabokra sz\u00e9t, r\u00e1m, p\u00e1m, p\u00e1m,<br \/>\nolyan volt mint egy rossz t\u00e9ved\u00e9s, r\u00e1m, p\u00e1m, p\u00e1m,<br \/>\na sz\u00edvem t\u00e9pte darabokra sz\u00e9t, \u00f3h, \u00f3h, \u00f3h, \u00f3h, \u00f3h..<br \/>\nMilli\u00f3nyi l\u00f6ved\u00e9k, r\u00e1m p\u00e1m p\u00e1m,<br \/>\na sz\u00edvem t\u00e9pte darabokra sz\u00e9t, r\u00e1m, p\u00e1m, p\u00e1m,<br \/>\nolyan volt mint egy rossz t\u00e9ved\u00e9s, r\u00e1m, p\u00e1m, p\u00e1m,<br \/>\na sz\u00edvem t\u00e9pte darabokra sz\u00e9t, \u00f3h, \u00f3h, \u00f3h, \u00f3h, \u00f3h..<br \/>\n&#8212;V\u00e9ge&#8212;<\/p>\n<p>&nbsp;<\/p>\n<p>&nbsp;<\/p>\n","protected":false},"featured_media":11303,"template":"","meta":{"site-sidebar-layout":"default","site-content-layout":"default","ast-site-content-layout":"","site-content-style":"default","site-sidebar-style":"default","ast-global-header-display":"","ast-banner-title-visibility":"","ast-main-header-display":"","ast-hfb-above-header-display":"","ast-hfb-below-header-display":"","ast-hfb-mobile-header-display":"","site-post-title":"","ast-breadcrumbs-content":"","ast-featured-img":"","footer-sml-layout":"","theme-transparent-header-meta":"default","adv-header-id-meta":"","stick-header-meta":"","header-above-stick-meta":"","header-main-stick-meta":"","header-below-stick-meta":"","astra-migrate-meta-layouts":"default","ast-page-background-enabled":"default","ast-page-background-meta":{"desktop":{"background-color":"var(--ast-global-color-4)","background-image":"","background-repeat":"repeat","background-position":"center center","background-size":"auto","background-attachment":"scroll","background-type":"","background-media":"","overlay-type":"","overlay-color":"","overlay-opacity":"","overlay-gradient":""},"tablet":{"background-color":"","background-image":"","background-repeat":"repeat","background-position":"center center","background-size":"auto","background-attachment":"scroll","background-type":"","background-media":"","overlay-type":"","overlay-color":"","overlay-opacity":"","overlay-gradient":""},"mobile":{"background-color":"","background-image":"","background-repeat":"repeat","background-position":"center center","background-size":"auto","background-attachment":"scroll","background-type":"","background-media":"","overlay-type":"","overlay-color":"","overlay-opacity":"","overlay-gradient":""}},"ast-content-background-meta":{"desktop":{"background-color":"var(--ast-global-color-5)","background-image":"","background-repeat":"repeat","background-position":"center center","background-size":"auto","background-attachment":"scroll","background-type":"","background-media":"","overlay-type":"","overlay-color":"","overlay-opacity":"","overlay-gradient":""},"tablet":{"background-color":"var(--ast-global-color-5)","background-image":"","background-repeat":"repeat","background-position":"center center","background-size":"auto","background-attachment":"scroll","background-type":"","background-media":"","overlay-type":"","overlay-color":"","overlay-opacity":"","overlay-gradient":""},"mobile":{"background-color":"var(--ast-global-color-5)","background-image":"","background-repeat":"repeat","background-position":"center center","background-size":"auto","background-attachment":"scroll","background-type":"","background-media":"","overlay-type":"","overlay-color":"","overlay-opacity":"","overlay-gradient":""}}},"product_cat":[48],"product_tag":[],"class_list":["post-11300","product","type-product","status-publish","has-post-thumbnail","hentry","product_cat-sunkaraoke-dalok","desktop-align-left","tablet-align-left","mobile-align-left"],"_links":{"self":[{"href":"https:\/\/www.sunkaraoke.hu\/index.php\/wp-json\/wp\/v2\/product\/11300","targetHints":{"allow":["GET"]}}],"collection":[{"href":"https:\/\/www.sunkaraoke.hu\/index.php\/wp-json\/wp\/v2\/product"}],"about":[{"href":"https:\/\/www.sunkaraoke.hu\/index.php\/wp-json\/wp\/v2\/types\/product"}],"wp:featuredmedia":[{"embeddable":true,"href":"https:\/\/www.sunkaraoke.hu\/index.php\/wp-json\/wp\/v2\/media\/11303"}],"wp:attachment":[{"href":"https:\/\/www.sunkaraoke.hu\/index.php\/wp-json\/wp\/v2\/media?parent=11300"}],"wp:term":[{"taxonomy":"product_cat","embeddable":true,"href":"https:\/\/www.sunkaraoke.hu\/index.php\/wp-json\/wp\/v2\/product_cat?post=11300"},{"taxonomy":"product_tag","embeddable":true,"href":"https:\/\/www.sunkaraoke.hu\/index.php\/wp-json\/wp\/v2\/product_tag?post=11300"}],"curies":[{"name":"wp","href":"https:\/\/api.w.org\/{rel}","templated":true}]}}