{"id":11286,"date":"2023-05-21T15:16:24","date_gmt":"2023-05-21T15:16:24","guid":{"rendered":"https:\/\/www.sunkaraoke.hu\/?post_type=product&#038;p=11286"},"modified":"2024-12-04T12:50:32","modified_gmt":"2024-12-04T12:50:32","slug":"galamb-jozsef-szurke-eniko-piros-az-alma","status":"publish","type":"product","link":"https:\/\/www.sunkaraoke.hu\/index.php\/termek\/galamb-jozsef-szurke-eniko-piros-az-alma\/","title":{"rendered":"<div class=\"wcmp-player-container product-11286\"><audio controlslist=\"nodownload\" data-product=\"11286\"  volume=\"1\"  preload=\"none\" data-lazyloading=\"none\" class=\"wcmp-player track mejs-classic\" data-duration=\"0:32\" data-estimated_duration=\"4\"><source src=\"https:\/\/www.sunkaraoke.hu\/wp-content\/uploads\/2023\/05\/Piros-az-alma-_demo.mp3\" type=\"audio\/mp3\" \/><\/audio><\/div>Galamb J\u00f3zsef &#038; Sz\u00fcrke Enik\u0151 &#8211; Piros az alma"},"content":{"rendered":"<p><b>03:26<\/b>| <strong><img loading=\"lazy\" decoding=\"async\" class=\"alignnone size-full wp-image-466\" src=\"https:\/\/www.sunkaraoke.hu\/wp-content\/uploads\/2022\/07\/choir_1-copy.webp\" alt=\"\" width=\"30\" height=\"30\" \/> <\/strong><\/p>\n","protected":false},"excerpt":{"rendered":"<h5><strong>Bits\u0171r\u0171s\u00e9g: 320 kb\/s<\/strong><br \/>\n<strong>Hossz: 03:26<\/strong><br \/>\n<strong>Vok\u00e1lt tartalmaz: Igen <img loading=\"lazy\" decoding=\"async\" class=\"alignnone size-full wp-image-466\" src=\"http:\/\/www.sunkaraoke.hu\/wp-content\/uploads\/2022\/07\/choir_1-copy.png\" alt=\"\" width=\"30\" height=\"30\" \/><\/strong><strong style=\"font-size: 16px;\"><br \/>\n<\/strong><\/h5>\n<p>Sunkaraoke mp3 st\u00fadi\u00f3 \/ www.sunkaraoke.hu \/ Inf: Tel: 06 20 4275001<\/p>\n<p>Piros az alma &#8211; Dm<br \/>\n&#8212;Intr\u00f3&#8212;<br \/>\nPiros az alma, s\u00e1rga a k\u00f6rte,<br \/>\nvan egy kisl\u00e1ny, j\u00f3 asszony lesz bel\u0151le.<br \/>\nR\u00f6vid a haja, m\u00e9rges a cs\u00f3kja,<br \/>\nha megl\u00e1tom, \u00e9n menek\u00fcl\u0151k el\u0151le.<br \/>\nMert ez a kisl\u00e1ny, m\u00e1r nem is kisl\u00e1ny,<br \/>\nolyan \u00f6reg, mint az ezer\u00e9ves orsz\u00e1g\u00fat.<br \/>\nDe, ak\u00e1r h\u00e1nyszor megl\u00e1t engem,<br \/>\nazt mondja, hogy l\u00e9gy a f\u00e9rjem,<br \/>\nfigyelj mama, elmondom, hogy mi\u00e9rt nem.<\/p>\n<p>Mert, van nekem egy hatalmas nagy h\u00e1zam,<br \/>\nbenne lakunk legal\u00e1bb vagy sz\u00e1zan.<br \/>\nVan k\u00f6z\u00f6tt\u00fck, fekete, meg barna,<br \/>\nh\u00e1t, van k\u00f6z\u00f6tt\u00fck, feh\u00e9r is, meg tarka.<br \/>\nReggel, este, etetni kell \u0151ket,<br \/>\nsz\u00e1ntani, meg m\u0171velni a f\u00f6ldet.<br \/>\nEgy asszony k\u00e9ne, j\u00f3l tudom,<br \/>\nde nem maga, dr\u00e1ga angyalom.<br \/>\n&#8211;Sz\u00f3l\u00f3&#8212;<br \/>\nPiros az alma, s\u00e1rga a k\u00f6rte,<br \/>\naz a kisl\u00e1ny f\u00e9rjhez ment, de k\u00e1r \u00e9rte.<br \/>\nHossz\u00fa a haja, \u00e9des a cs\u00f3kja,<br \/>\nb\u00e1rmelyik l\u00e1ny a nyom\u00e1ba nem \u00e9rne.<br \/>\nMert az a kisl\u00e1ny, m\u00e1r nem boszork\u00e1ny,<br \/>\na leg\u00e9nyek f\u00fcty\u00f6r\u00e9sznek ut\u00e1na.<br \/>\nDe ak\u00e1r h\u00e1nyszor megl\u00e1t engem,<br \/>\nazt mondja, de k\u00e1r, mit tettem,<br \/>\nkinevet \u00e9s v\u00edgan f\u00fajja a n\u00f3t\u00e1t.<\/p>\n<p>Mert, van nekem egy hatalmas nagy h\u00e1zam,<br \/>\nbenne lakunk legal\u00e1bb vagy sz\u00e1zan.<br \/>\nVan k\u00f6z\u00f6tt\u00fck, fekete, meg barna,<br \/>\nh\u00e1t, van k\u00f6z\u00f6tt\u00fck, feh\u00e9r is, meg tarka.<br \/>\nReggel, este, megetetem \u0151ket,<br \/>\nsz\u00e1ntok, vetek, m\u0171velem a f\u00f6ldet.<br \/>\nEgy asszony k\u00e9ne, j\u00f3l tudom,<br \/>\nde nem mag\u00e1nak, dr\u00e1ga angyalom.<br \/>\n&#8212;Sz\u00f3l\u00f3&#8212;<br \/>\nMert, van nekem egy hatalmas nagy h\u00e1zam,<br \/>\nbenne lakunk legal\u00e1bb vagy sz\u00e1zan.<br \/>\nVan k\u00f6z\u00f6tt\u00fck, fekete, meg barna,<br \/>\nh\u00e1t, van k\u00f6z\u00f6tt\u00fck, feh\u00e9r is, meg tarka.<br \/>\nReggel, este, megetetem \u0151ket,<br \/>\nsz\u00e1ntok, vetek, m\u0171velem a f\u00f6ldet.<br \/>\nEgy asszony k\u00e9ne, j\u00f3l tudom,<br \/>\nde nem mag\u00e1nak, dr\u00e1ga angyalom-<br \/>\n&#8212;V\u00e9ge&#8212;<\/p>\n","protected":false},"featured_media":6363,"template":"","meta":{"site-sidebar-layout":"default","site-content-layout":"default","ast-site-content-layout":"default","site-content-style":"default","site-sidebar-style":"default","ast-global-header-display":"","ast-banner-title-visibility":"","ast-main-header-display":"","ast-hfb-above-header-display":"","ast-hfb-below-header-display":"","ast-hfb-mobile-header-display":"","site-post-title":"","ast-breadcrumbs-content":"","ast-featured-img":"","footer-sml-layout":"","theme-transparent-header-meta":"default","adv-header-id-meta":"","stick-header-meta":"","header-above-stick-meta":"","header-main-stick-meta":"","header-below-stick-meta":"","astra-migrate-meta-layouts":"set","ast-page-background-enabled":"default","ast-page-background-meta":{"desktop":{"background-color":"var(--ast-global-color-4)","background-image":"","background-repeat":"repeat","background-position":"center center","background-size":"auto","background-attachment":"scroll","background-type":"","background-media":"","overlay-type":"","overlay-color":"","overlay-opacity":"","overlay-gradient":""},"tablet":{"background-color":"","background-image":"","background-repeat":"repeat","background-position":"center center","background-size":"auto","background-attachment":"scroll","background-type":"","background-media":"","overlay-type":"","overlay-color":"","overlay-opacity":"","overlay-gradient":""},"mobile":{"background-color":"","background-image":"","background-repeat":"repeat","background-position":"center center","background-size":"auto","background-attachment":"scroll","background-type":"","background-media":"","overlay-type":"","overlay-color":"","overlay-opacity":"","overlay-gradient":""}},"ast-content-background-meta":{"desktop":{"background-color":"var(--ast-global-color-5)","background-image":"","background-repeat":"repeat","background-position":"center center","background-size":"auto","background-attachment":"scroll","background-type":"","background-media":"","overlay-type":"","overlay-color":"","overlay-opacity":"","overlay-gradient":""},"tablet":{"background-color":"var(--ast-global-color-5)","background-image":"","background-repeat":"repeat","background-position":"center center","background-size":"auto","background-attachment":"scroll","background-type":"","background-media":"","overlay-type":"","overlay-color":"","overlay-opacity":"","overlay-gradient":""},"mobile":{"background-color":"var(--ast-global-color-5)","background-image":"","background-repeat":"repeat","background-position":"center center","background-size":"auto","background-attachment":"scroll","background-type":"","background-media":"","overlay-type":"","overlay-color":"","overlay-opacity":"","overlay-gradient":""}}},"product_cat":[69],"product_tag":[],"class_list":["post-11286","product","type-product","status-publish","has-post-thumbnail","hentry","product_cat-galamb-joci","desktop-align-left","tablet-align-left","mobile-align-left"],"_links":{"self":[{"href":"https:\/\/www.sunkaraoke.hu\/index.php\/wp-json\/wp\/v2\/product\/11286","targetHints":{"allow":["GET"]}}],"collection":[{"href":"https:\/\/www.sunkaraoke.hu\/index.php\/wp-json\/wp\/v2\/product"}],"about":[{"href":"https:\/\/www.sunkaraoke.hu\/index.php\/wp-json\/wp\/v2\/types\/product"}],"wp:featuredmedia":[{"embeddable":true,"href":"https:\/\/www.sunkaraoke.hu\/index.php\/wp-json\/wp\/v2\/media\/6363"}],"wp:attachment":[{"href":"https:\/\/www.sunkaraoke.hu\/index.php\/wp-json\/wp\/v2\/media?parent=11286"}],"wp:term":[{"taxonomy":"product_cat","embeddable":true,"href":"https:\/\/www.sunkaraoke.hu\/index.php\/wp-json\/wp\/v2\/product_cat?post=11286"},{"taxonomy":"product_tag","embeddable":true,"href":"https:\/\/www.sunkaraoke.hu\/index.php\/wp-json\/wp\/v2\/product_tag?post=11286"}],"curies":[{"name":"wp","href":"https:\/\/api.w.org\/{rel}","templated":true}]}}