{"id":11221,"date":"2023-05-05T09:08:50","date_gmt":"2023-05-05T09:08:50","guid":{"rendered":"https:\/\/www.sunkaraoke.hu\/?post_type=product&#038;p=11221"},"modified":"2025-08-16T06:09:11","modified_gmt":"2025-08-16T04:09:11","slug":"ruzsa-magdi-elmegyek-cover","status":"publish","type":"product","link":"https:\/\/www.sunkaraoke.hu\/index.php\/termek\/ruzsa-magdi-elmegyek-cover\/","title":{"rendered":"<div class=\"wcmp-player-container product-11221\"><audio controlslist=\"nodownload\" data-product=\"11221\"  volume=\"1\"  preload=\"none\" data-lazyloading=\"none\" class=\"wcmp-player track mejs-classic\" data-duration=\"0:34\" data-estimated_duration=\"4\"><source src=\"https:\/\/www.sunkaraoke.hu\/wp-content\/uploads\/2023\/05\/Elmegyek-Cover-Ruzsa-TRSZ-PB_demo.mp3\" type=\"audio\/mp3\" \/><\/audio><\/div>R\u00fazsa Magdi &#8211; Elmegyek ( PB Edition)"},"content":{"rendered":"<p><strong>03:03<\/strong>\u00a0 \/<strong><img loading=\"lazy\" decoding=\"async\" class=\"alignnone size-full wp-image-467\" src=\"https:\/\/www.sunkaraoke.hu\/wp-content\/uploads\/2022\/07\/choir_2-copy.webp\" alt=\"\" width=\"30\" height=\"30\" \/> \/\u00a0 \u00a0<img decoding=\"async\" src=\"https:\/\/www.sunkaraoke.hu\/wp-content\/uploads\/2022\/07\/transzponalas.webp\" \/> -4 \/<\/strong><\/p>\n","protected":false},"excerpt":{"rendered":"<h6><strong>Bits\u0171r\u0171s\u00e9g: 320kb\/s<\/strong><br \/>\n<strong>Hossz:\u00a0 03:22<\/strong><br \/>\n<strong>Vok\u00e1lt tartalmaz: Nem <img loading=\"lazy\" decoding=\"async\" class=\"alignnone size-full wp-image-467\" src=\"http:\/\/www.sunkaraoke.hu\/wp-content\/uploads\/2022\/07\/choir_2-copy.png\" alt=\"\" width=\"30\" height=\"30\" \/><\/strong><\/h6>\n<h6><strong>Transzpon\u00e1l\u00e1s: <img decoding=\"async\" src=\"https:\/\/www.sunkaraoke.hu\/wp-content\/uploads\/2022\/07\/transzponalas.png\" \/>\u00a0 -4<\/strong><\/h6>\n<p>Sunkaraoke mp3 st\u00fadi\u00f3 \/ www.sunkaraoke.hu \/ Inf: Tel: 06 20 4275001<\/p>\n<p>&#8212;Intr\u00f3&#8212;<br \/>\nElmegyek, visz a hajnali gyors,<br \/>\nmajd n\u00e9zheted, mik\u00e9nt t\u00f6rleszt a sors.<br \/>\nElmegyek,emelem poharam r\u00e1d,<br \/>\n\u00fagy pezseg, ahogy bennem, a szombat esti l\u00e1z.<\/p>\n<p>Ne v\u00e1rj, v\u00e1rj, v\u00e1rj,<br \/>\n\u00e9n nem j\u00f6v\u00f6k t\u00f6bb\u00e9 vissza m\u00e1r.<br \/>\n\u00d3 l\u00e1sd, l\u00e1sd, l\u00e1sd,<br \/>\nahogyan t\u00e1ncolok, a hamvaink por\u00e1n.<br \/>\nSzokny\u00e1m p\u00f6r\u00f6g \u00e9s t\u00e1mad k\u00f3sza sz\u00e9l,<br \/>\nne v\u00e1rj, v\u00e1rj, v\u00e1rj,<br \/>\nhozz\u00e1m m\u00e1r nem lesz, hidd el,<br \/>\nsoha t\u00f6bbet szerencs\u00e9d.<\/p>\n<p>Elmegyek ,viszem a sz\u00edvem tov\u00e1bb,<br \/>\nn\u00e9lk\u00fcled is kerek lesz majd a vil\u00e1g.<br \/>\nElmegyek,mondok majd \u00e9rted im\u00e1t,<br \/>\nmegcs\u00f3kolod te m\u00e9g,a l\u00e9ptem nyom\u00e1t.<\/p>\n<p>Ne v\u00e1rj, v\u00e1rj, v\u00e1rj,<br \/>\n\u00e9n nem j\u00f6v\u00f6k t\u00f6bb\u00e9 vissza m\u00e1r.<br \/>\n\u00d3 l\u00e1sd, l\u00e1sd, l\u00e1sd,<br \/>\nahogyan t\u00e1ncolok a hamvaink por\u00e1n.<br \/>\nSzokny\u00e1m p\u00f6r\u00f6g \u00e9s t\u00e1mad k\u00f3sza sz\u00e9l,<br \/>\nne v\u00e1rj, v\u00e1rj, v\u00e1rj,<br \/>\nhozz\u00e1m m\u00e1r nem lesz, hidd el,<br \/>\nsoha t\u00f6bbet szerencs\u00e9d.<br \/>\n&#8212;Sz\u00f3l\u00f3&#8212;<br \/>\nNe v\u00e1rj, v\u00e1rj, v\u00e1rj,<br \/>\n\u00e9n nem j\u00f6v\u00f6k t\u00f6bb\u00e9 vissza m\u00e1r.<br \/>\n\u00d3 l\u00e1sd, l\u00e1sd, l\u00e1sd,<br \/>\nahogyan t\u00e1ncolok a hamvaink por\u00e1n.<br \/>\nSzokny\u00e1m p\u00f6r\u00f6g \u00e9s t\u00e1mad k\u00f3sza sz\u00e9l,<br \/>\nne v\u00e1rj, v\u00e1rj, v\u00e1rj,<br \/>\nhozz\u00e1m m\u00e1r nem lesz, hidd el,<br \/>\nsoha t\u00f6bbet szerencs\u00e9d.<br \/>\n&#8212;V\u00e9ge&#8212;<\/p>\n","protected":false},"featured_media":8717,"template":"","meta":{"site-sidebar-layout":"default","site-content-layout":"default","ast-site-content-layout":"default","site-content-style":"default","site-sidebar-style":"default","ast-global-header-display":"","ast-banner-title-visibility":"","ast-main-header-display":"","ast-hfb-above-header-display":"","ast-hfb-below-header-display":"","ast-hfb-mobile-header-display":"","site-post-title":"","ast-breadcrumbs-content":"","ast-featured-img":"","footer-sml-layout":"","theme-transparent-header-meta":"default","adv-header-id-meta":"","stick-header-meta":"","header-above-stick-meta":"","header-main-stick-meta":"","header-below-stick-meta":"","astra-migrate-meta-layouts":"set","ast-page-background-enabled":"default","ast-page-background-meta":{"desktop":{"background-color":"var(--ast-global-color-4)","background-image":"","background-repeat":"repeat","background-position":"center center","background-size":"auto","background-attachment":"scroll","background-type":"","background-media":"","overlay-type":"","overlay-color":"","overlay-opacity":"","overlay-gradient":""},"tablet":{"background-color":"","background-image":"","background-repeat":"repeat","background-position":"center center","background-size":"auto","background-attachment":"scroll","background-type":"","background-media":"","overlay-type":"","overlay-color":"","overlay-opacity":"","overlay-gradient":""},"mobile":{"background-color":"","background-image":"","background-repeat":"repeat","background-position":"center center","background-size":"auto","background-attachment":"scroll","background-type":"","background-media":"","overlay-type":"","overlay-color":"","overlay-opacity":"","overlay-gradient":""}},"ast-content-background-meta":{"desktop":{"background-color":"var(--ast-global-color-5)","background-image":"","background-repeat":"repeat","background-position":"center center","background-size":"auto","background-attachment":"scroll","background-type":"","background-media":"","overlay-type":"","overlay-color":"","overlay-opacity":"","overlay-gradient":""},"tablet":{"background-color":"var(--ast-global-color-5)","background-image":"","background-repeat":"repeat","background-position":"center center","background-size":"auto","background-attachment":"scroll","background-type":"","background-media":"","overlay-type":"","overlay-color":"","overlay-opacity":"","overlay-gradient":""},"mobile":{"background-color":"var(--ast-global-color-5)","background-image":"","background-repeat":"repeat","background-position":"center center","background-size":"auto","background-attachment":"scroll","background-type":"","background-media":"","overlay-type":"","overlay-color":"","overlay-opacity":"","overlay-gradient":""}}},"product_cat":[48],"product_tag":[],"class_list":["post-11221","product","type-product","status-publish","has-post-thumbnail","hentry","product_cat-sunkaraoke-dalok","desktop-align-left","tablet-align-left","mobile-align-left"],"_links":{"self":[{"href":"https:\/\/www.sunkaraoke.hu\/index.php\/wp-json\/wp\/v2\/product\/11221","targetHints":{"allow":["GET"]}}],"collection":[{"href":"https:\/\/www.sunkaraoke.hu\/index.php\/wp-json\/wp\/v2\/product"}],"about":[{"href":"https:\/\/www.sunkaraoke.hu\/index.php\/wp-json\/wp\/v2\/types\/product"}],"wp:featuredmedia":[{"embeddable":true,"href":"https:\/\/www.sunkaraoke.hu\/index.php\/wp-json\/wp\/v2\/media\/8717"}],"wp:attachment":[{"href":"https:\/\/www.sunkaraoke.hu\/index.php\/wp-json\/wp\/v2\/media?parent=11221"}],"wp:term":[{"taxonomy":"product_cat","embeddable":true,"href":"https:\/\/www.sunkaraoke.hu\/index.php\/wp-json\/wp\/v2\/product_cat?post=11221"},{"taxonomy":"product_tag","embeddable":true,"href":"https:\/\/www.sunkaraoke.hu\/index.php\/wp-json\/wp\/v2\/product_tag?post=11221"}],"curies":[{"name":"wp","href":"https:\/\/api.w.org\/{rel}","templated":true}]}}