{"id":11212,"date":"2023-04-29T09:37:53","date_gmt":"2023-04-29T09:37:53","guid":{"rendered":"https:\/\/www.sunkaraoke.hu\/?post_type=product&#038;p=11212"},"modified":"2023-04-29T09:39:54","modified_gmt":"2023-04-29T09:39:54","slug":"piros-bela-piros-mulatos-68-mix-korda-mix","status":"publish","type":"product","link":"https:\/\/www.sunkaraoke.hu\/index.php\/termek\/piros-bela-piros-mulatos-68-mix-korda-mix\/","title":{"rendered":"<div class=\"wcmp-player-container product-11212\"><audio controlslist=\"nodownload\" data-product=\"11212\"  volume=\"1\"  preload=\"none\" data-lazyloading=\"none\" class=\"wcmp-player track mejs-classic\" data-duration=\"0:31\" data-estimated_duration=\"4\"><source src=\"https:\/\/www.sunkaraoke.hu\/wp-content\/uploads\/2023\/04\/Piros-Mulatos-Mix-68-Korda-Mi_dwemo.mp3\" type=\"audio\/mp3\" \/><\/audio><\/div>Piros B\u00e9la -Piros Mulat\u00f3s 68. Mix. ( Korda Mix)"},"content":{"rendered":"<p><b>08:38<\/b>| <strong><img loading=\"lazy\" decoding=\"async\" class=\"alignnone size-full wp-image-467\" src=\"https:\/\/www.sunkaraoke.hu\/wp-content\/uploads\/2022\/07\/choir_2-copy.webp\" alt=\"\" width=\"30\" height=\"30\" \/> <\/strong><\/p>\n","protected":false},"excerpt":{"rendered":"<h6><strong>Bits\u0171r\u0171s\u00e9g: 320kb\/s<\/strong><br \/>\n<strong>Hossz: 08:37<\/strong><br \/>\n<strong>Vok\u00e1lt tartalmaz: Nem <img loading=\"lazy\" decoding=\"async\" class=\"alignnone size-full wp-image-467\" src=\"http:\/\/www.sunkaraoke.hu\/wp-content\/uploads\/2022\/07\/choir_2-copy.png\" alt=\"\" width=\"30\" height=\"30\" \/><\/strong><strong style=\"font-size: 16px;\"><br \/>\n<\/strong><\/h6>\n<p>Sunkaraoke mp3 st\u00fadi\u00f3 \/ www.sunkaraoke.hu \/ Inf: Tel: 06 20 4275001<br \/>\n&#8212;Intr\u00f3&#8212;\/\/00:24\/\/<br \/>\nHadd legyek ma \u00e9jjel szerelmes bel\u00e9d,<br \/>\na szerelemb\u0151l cs\u00f3kb\u00f3l nem lehet el\u00e9g,<br \/>\nr\u00e1nk mosolyog fent a holdvil\u00e1g, ez\u00fcst f\u00e9ny ter\u00edt el\u00e9m.<br \/>\nhadd legyek ma \u00e9jjel szerelmes bel\u00e9d.<br \/>\nHadd legyek ma \u00e9jjel az ki \u00e1tkarol,<br \/>\nnevedet suttogja \u00e9s f\u00f6l\u00e9d hajol,<br \/>\nj\u00f3 bar\u00e1tnak hisznek benn\u00fcnket, ez n\u00e9kem nem el\u00e9g,<br \/>\nhadd legyek ma \u00e9jjel szerelmes bel\u00e9d.<br \/>\nHadd legyek ma \u00e9jjel szerelmes bel\u00e9d,<br \/>\na szerelemb\u0151l cs\u00f3kb\u00f3l nem lehet el\u00e9g,<br \/>\nr\u00e1nk mosolyog fent a holdvil\u00e1g, ez\u00fcst f\u00e9ny ter\u00edt el\u00e9m.<br \/>\nhadd legyek ma \u00e9jjel szerelmes bel\u00e9d.<br \/>\n&#8212;Sz\u00f3l\u00f3&#8212;<br \/>\nHadd legyek ma \u00e9jjel szerelmes bel\u00e9d,<br \/>\na szerelemb\u0151l cs\u00f3kb\u00f3l nem lehet el\u00e9g,<br \/>\nr\u00e1nk mosolyog fent a holdvil\u00e1g, ez\u00fcst f\u00e9ny ter\u00edt el\u00e9m.<br \/>\nhadd legyek ma \u00e9jjel szerelmes bel\u00e9d.<br \/>\nHadd legyek ma \u00e9jjel az ki \u00e1tkarol,<br \/>\nnevedet suttogja \u00e9s f\u00f6l\u00e9d hajol,<br \/>\nj\u00f3 bar\u00e1tnak hisznek benn\u00fcnket, ez n\u00e9kem nem el\u00e9g,<br \/>\nhadd legyek ma \u00e9jjel szerelmes bel\u00e9d.<br \/>\nHadd legyek ma \u00e9jjel szerelmes bel\u00e9d,<br \/>\na szerelemb\u0151l cs\u00f3kb\u00f3l nem lehet el\u00e9g,<br \/>\nr\u00e1nk mosolyog fent a holdvil\u00e1g, ez\u00fcst f\u00e9ny ter\u00edt el\u00e9m,<br \/>\nhadd legyek ma \u00e9jjel szerelmes bel\u00e9d.<br \/>\n&#8212;Sz\u00f3l\u00f3&#8212;-\/\/03:20\/\/<br \/>\nVir\u00e1ges\u0151 hulljon re\u00e1d,<br \/>\nk\u00f6sz\u00f6ntse f\u00e9ny l\u00e1bad nyom\u00e1t.<br \/>\nAmerre j\u00e1rsz,ter\u00f3lad suttogjon a sz\u00e9l,<br \/>\nsuttogja azt, hogy dr\u00e1g\u00e1bb vagy mindenkin\u00e9l.<br \/>\nVir\u00e1ges\u0151 hulljon re\u00e1d,<br \/>\nlegyen ti\u00e9d a boldogs\u00e1g.<br \/>\nLegyen ti\u00e9d, minden \u00e1lmom,<br \/>\nhidd el m\u00e1r csak arra v\u00e1gyom,<br \/>\nhogy am\u00edg \u00e9lek, mellettem legy\u00e9l,<br \/>\nmert enn\u00e9l szebbet, semmi nem \u00edg\u00e9r.<br \/>\n&#8212;Sz\u00f3l\u00f3&#8212;\/\/04:31\/\/<br \/>\nVir\u00e1ges\u0151 hulljon re\u00e1d,<br \/>\nlegyen ti\u00e9d a boldogs\u00e1g.<br \/>\nLegyen \u00e1ldott minden l\u00e9pted,<br \/>\n\u00e9n csak ennyit k\u00e9rek,<br \/>\n\u00e9s im\u00e1dkozom minden perced\u00e9rt,<br \/>\nmert senkivel sem \u00e9lhettem \u00edgy m\u00e9g,<br \/>\nmert senkivel sem \u00e9lhettem \u00edgy m\u00e9g.<br \/>\n&#8212;Sz\u00f3l\u00f3&#8212;\/\/05:27\/\/<br \/>\nMost arra k\u00e9rlek, hogy hallgass meg v\u00e9gre,<br \/>\nmost arra k\u00e9rlek, hogy ne szak\u00edts f\u00e9lbe.<br \/>\nMost arra k\u00e9rlek, hogy adj nekem sanszot,<br \/>\nha megsz\u00f3l\u00edtlak, ne ford\u00edtsd el az arcod.<br \/>\nCsak annyit mondj, hogy mit akarsz t\u0151lem,<br \/>\ncsak annyit mondj nekem, de ne nagyon b\u0151ven.<br \/>\nCsak annyit mondj, hogy tudsz-e nevetni,<br \/>\ns ha megszeretlek, h\u0171s\u00e9ges lenni.<br \/>\nMa ma ma ma ,ma, Maria ma,<br \/>\nma ma ma ,ma Ma ria ma !<br \/>\nMa ma ma , ma ma Ma ria , ma,<br \/>\nma ma ma , ma ma Maria!<br \/>\nMa ma ma ma ,ma, Maria ma,<br \/>\nma ma ma ,ma Ma ria ma!<br \/>\nMa ma ma , ma ma Ma ria , ma,<br \/>\nma ma ma , ma ma Maria!<br \/>\nHa szerelemre v\u00e1gysz, \u00f6lelj \u00e1t nyomban,<br \/>\nha szerelemre v\u00e1gysz, h\u00e1t szeress\u00e9l jobban.<br \/>\nHa szerelemre v\u00e1rsz, ne f\u00e9lj a cs\u00f3kt\u00f3l,<br \/>\nmost itt az alkalom, mer\u00edts a j\u00f3b\u00f3l.<br \/>\nEsk\u00fcsz\u00f6m neked, a felh\u0151tlen \u00e9gre,<br \/>\nesk\u00fcsz\u00f6m neked, hogy sose lesz v\u00e9ge.<br \/>\nEsk\u00fcsz\u00f6m neked, m\u00e1r nem kell, hogy f\u00e9lj\u00fcnk,<br \/>\nha h\u0171s\u00e9ges leszel, boldogan \u00e9l\u00fcnk!<br \/>\nMa ma ma ma ,ma, Maria ma,<br \/>\nma ma ma ,ma Ma ria ma!<br \/>\nMa ma ma , ma ma Ma ria , ma,<br \/>\nma ma ma , ma ma Maria!<br \/>\nMa ma ma ma ,ma, Maria ma,<br \/>\nma ma ma ,ma Ma ria ma!<br \/>\nMa ma ma , ma ma Ma ria , ma,<br \/>\nma ma ma , ma ma Maria!<br \/>\n&#8212;Sz\u00f3l\u00f3&#8212;\/\/07:18\/\/<br \/>\nEsk\u00fcsz\u00f6m neked, a felh\u0151tlen \u00e9gre,<br \/>\nesk\u00fcsz\u00f6m neked, hogy sose lesz v\u00e9ge.<br \/>\nEsk\u00fcsz\u00f6m neked, m\u00e1r nem kell, hogy f\u00e9lj\u00fcnk,<br \/>\nha h\u0171s\u00e9ges leszel, boldogan \u00e9l\u00fcnk!<br \/>\nHa nem hiszel nekem, majd megb\u00e1nod v\u00e9g\u00fcl,<br \/>\nha nem hiszel nekem, a te fejed sz\u00e9d\u00fcl.<br \/>\nHa nem hiszel nekem ,nos ak\u00e1rmit tettem,<br \/>\nelhiszed ugye, hogy a f\u00e9rjed lettem!<br \/>\nMa ma ma ma ,ma, Maria ma,<br \/>\nma ma ma ,ma Ma ria ma!<br \/>\nMa ma ma , ma, ma Ma ria , ma,<br \/>\nma ma ma , ma, ma Maria!<br \/>\nMa ma ma ma ,ma, Maria ma,<br \/>\nma ma ma ,ma Ma ria ma!<br \/>\nMa ma ma , ma, ma Ma ria , ma,<br \/>\nma ma ma , ma, ma Maria!<br \/>\n&#8212;V\u00e9ge&#8212;<\/p>\n","protected":false},"featured_media":12989,"template":"","meta":{"site-sidebar-layout":"default","site-content-layout":"default","ast-site-content-layout":"","site-content-style":"default","site-sidebar-style":"default","ast-global-header-display":"","ast-banner-title-visibility":"","ast-main-header-display":"","ast-hfb-above-header-display":"","ast-hfb-below-header-display":"","ast-hfb-mobile-header-display":"","site-post-title":"","ast-breadcrumbs-content":"","ast-featured-img":"","footer-sml-layout":"","theme-transparent-header-meta":"default","adv-header-id-meta":"","stick-header-meta":"","header-above-stick-meta":"","header-main-stick-meta":"","header-below-stick-meta":"","astra-migrate-meta-layouts":"default","ast-page-background-enabled":"default","ast-page-background-meta":{"desktop":{"background-color":"var(--ast-global-color-4)","background-image":"","background-repeat":"repeat","background-position":"center center","background-size":"auto","background-attachment":"scroll","background-type":"","background-media":"","overlay-type":"","overlay-color":"","overlay-opacity":"","overlay-gradient":""},"tablet":{"background-color":"","background-image":"","background-repeat":"repeat","background-position":"center center","background-size":"auto","background-attachment":"scroll","background-type":"","background-media":"","overlay-type":"","overlay-color":"","overlay-opacity":"","overlay-gradient":""},"mobile":{"background-color":"","background-image":"","background-repeat":"repeat","background-position":"center center","background-size":"auto","background-attachment":"scroll","background-type":"","background-media":"","overlay-type":"","overlay-color":"","overlay-opacity":"","overlay-gradient":""}},"ast-content-background-meta":{"desktop":{"background-color":"var(--ast-global-color-5)","background-image":"","background-repeat":"repeat","background-position":"center center","background-size":"auto","background-attachment":"scroll","background-type":"","background-media":"","overlay-type":"","overlay-color":"","overlay-opacity":"","overlay-gradient":""},"tablet":{"background-color":"var(--ast-global-color-5)","background-image":"","background-repeat":"repeat","background-position":"center center","background-size":"auto","background-attachment":"scroll","background-type":"","background-media":"","overlay-type":"","overlay-color":"","overlay-opacity":"","overlay-gradient":""},"mobile":{"background-color":"var(--ast-global-color-5)","background-image":"","background-repeat":"repeat","background-position":"center center","background-size":"auto","background-attachment":"scroll","background-type":"","background-media":"","overlay-type":"","overlay-color":"","overlay-opacity":"","overlay-gradient":""}}},"product_cat":[48],"product_tag":[],"class_list":["post-11212","product","type-product","status-publish","has-post-thumbnail","hentry","product_cat-sunkaraoke-dalok","desktop-align-left","tablet-align-left","mobile-align-left"],"_links":{"self":[{"href":"https:\/\/www.sunkaraoke.hu\/index.php\/wp-json\/wp\/v2\/product\/11212","targetHints":{"allow":["GET"]}}],"collection":[{"href":"https:\/\/www.sunkaraoke.hu\/index.php\/wp-json\/wp\/v2\/product"}],"about":[{"href":"https:\/\/www.sunkaraoke.hu\/index.php\/wp-json\/wp\/v2\/types\/product"}],"wp:featuredmedia":[{"embeddable":true,"href":"https:\/\/www.sunkaraoke.hu\/index.php\/wp-json\/wp\/v2\/media\/12989"}],"wp:attachment":[{"href":"https:\/\/www.sunkaraoke.hu\/index.php\/wp-json\/wp\/v2\/media?parent=11212"}],"wp:term":[{"taxonomy":"product_cat","embeddable":true,"href":"https:\/\/www.sunkaraoke.hu\/index.php\/wp-json\/wp\/v2\/product_cat?post=11212"},{"taxonomy":"product_tag","embeddable":true,"href":"https:\/\/www.sunkaraoke.hu\/index.php\/wp-json\/wp\/v2\/product_tag?post=11212"}],"curies":[{"name":"wp","href":"https:\/\/api.w.org\/{rel}","templated":true}]}}