{"id":11205,"date":"2023-04-28T09:15:58","date_gmt":"2023-04-28T09:15:58","guid":{"rendered":"https:\/\/www.sunkaraoke.hu\/?post_type=product&#038;p=11205"},"modified":"2025-04-14T05:22:29","modified_gmt":"2025-04-14T05:22:29","slug":"aranyszemek-hababi-2023-cover","status":"publish","type":"product","link":"https:\/\/www.sunkaraoke.hu\/index.php\/termek\/aranyszemek-hababi-2023-cover\/","title":{"rendered":"<div class=\"wcmp-player-container product-11205\"><audio controlslist=\"nodownload\" data-product=\"11205\"  volume=\"1\"  preload=\"none\" data-lazyloading=\"none\" class=\"wcmp-player track mejs-classic\" data-duration=\"0:31\" data-estimated_duration=\"4\"><source src=\"https:\/\/www.sunkaraoke.hu\/wp-content\/uploads\/2023\/04\/Hababi-2023.-Cover-voc_demo.mp3\" type=\"audio\/mp3\" \/><\/audio><\/div>Aranyszemek-Hababi (Original PB. Cover)"},"content":{"rendered":"<p><strong>03:37<\/strong>\u00a0| <img decoding=\"async\" src=\"https:\/\/www.sunkaraoke.hu\/wp-content\/uploads\/2022\/07\/choir_1-copy.webp\" \/><strong>\u00a0<strong>|\u00a0<\/strong><\/strong><\/p>\n","protected":false},"excerpt":{"rendered":"<h6><strong>Bits\u0171r\u0171s\u00e9g: 320kb\/s<\/strong><br \/>\n<strong>Hossz: 03:37<\/strong><br \/>\n<strong>Vok\u00e1lt tartalmaz: Igen\u00a0 <img decoding=\"async\" src=\"https:\/\/www.sunkaraoke.hu\/wp-content\/uploads\/2022\/07\/choir_1-copy.png\" \/><\/strong><strong style=\"font-size: 16px;\"><br \/>\n<\/strong><\/h6>\n<p>Sunkaraoke mp3 st\u00fadi\u00f3 \/ www.sunkaraoke.hu \/ Inf: Tel: 06 20 4275001<\/p>\n<p>&#8212;Intr\u00f3&#8212;<br \/>\nTe vagy az a de sz\u00e9p cig\u00e1nyl \u00e1ny,<br \/>\naki\u00e9rt m\u00e9g most is az \u00e9n sz\u00edvem f\u00e1j, \u00f3h, Devla l\u00e9j,<\/p>\n<p>M\u00e1snak mondom azt, hogy sz\u00e1ndili, sz\u00e1ndili,<br \/>\nneked mondom azt, hogy habibi, habibi.<br \/>\nMani-mani-mani szi love, szi love,<br \/>\nazzal n\u00e1lad nem \u00e9rtem semmit, el semmit.<br \/>\nM\u00e1mo-m\u00e1mo-m\u00e1mo szoker\u00f3, szoker\u00f3,<br \/>\np\u00e1l\u00e1l\u00e1tt\u00e9 \u00e1b\u00e1 memer\u00f3, memer\u00f3.<br \/>\nM\u00e1snak mondom azt, hogy sz\u00e1ndili, sz\u00e1ndili,<br \/>\nneked mondom azt, hogy habibi, habibi.<\/p>\n<p>A szerelem boldogg\u00e1 tud tenni,<br \/>\nboldogs\u00e1got p\u00e9nz\u00e9rt nem tudsz kapni,\u00f3h, Devla l\u00e9j,<\/p>\n<p>M\u00e1snak mondom azt, hogy sz\u00e1ndili, sz\u00e1ndili,<br \/>\nneked mondom azt, hogy habibi, habibi.<br \/>\nMani-mani-mani szi love, szi love,<br \/>\nazzal n\u00e1lad nem \u00e9rtem semmit, el semmit.<br \/>\nM\u00e1mo-m\u00e1mo-m\u00e1mo szoker\u00f3, szoker\u00f3,<br \/>\np\u00e1l\u00e1l\u00e1tt\u00e9 \u00e1b\u00e1, memer\u00f3, memer\u00f3.<br \/>\nM\u00e1snak mondom azt, hogy sz\u00e1ndili, sz\u00e1ndili,<br \/>\nneked mondom azt, hogy habibi, habibi.<\/p>\n<p>\u00d3o\u00f3 seje, p\u00e1l\u00e1 tutti mezs\u00e1,<br \/>\nmuro jilo tusz\u00e1, p\u00e1r\u00e1 tuti j\u00e1jl\u00e1.<br \/>\n\u00d3o\u00f3 seje, muro jilo tusz\u00e1,<br \/>\np\u00e1l\u00e1 tutti mezs\u00e1, m\u00e1n\u00e1 tuti j\u00e1jb\u00e1.<\/p>\n<p>M\u00e1snak mondom azt, hogy sz\u00e1ndili, sz\u00e1ndili,<br \/>\nneked mondom azt, hogy habibi, habibi.<br \/>\nMani-mani-mani szi love, szi love,<br \/>\nazzal n\u00e1lad nem \u00e9rtem semmit, el semmit.<br \/>\nM\u00e1mo-m\u00e1mo-m\u00e1mo szoker\u00f3, szoker\u00f3,<br \/>\np\u00e1l\u00e1l\u00e1tt\u00e9 \u00e1b\u00e1, memer\u00f3, memer\u00f3.<br \/>\nM\u00e1snak mondom azt, hogy sz\u00e1ndili, sz\u00e1ndili,<br \/>\nneked mondom azt, hogy habibi, habibi.<br \/>\n&#8212;Sz\u00f3l\u00f3&#8212;<br \/>\nTe vagy az a de sz\u00e9p cig\u00e1nyl\u00e1ny,<br \/>\naki\u00e9rt m\u00e9g most is az \u00e9n sz\u00edvem f\u00e1j, \u00f3h, Devla l\u00e9j,<\/p>\n<p>M\u00e1snak mondom azt, hogy sz\u00e1ndili, sz\u00e1ndili,<br \/>\nneked mondom azt, hogy habibi, habibi.<br \/>\nMani-mani-mani szi love, szi love,<br \/>\nazzal n\u00e1lad nem \u00e9rtem semmit, el semmit.<br \/>\nM\u00e1mo-m\u00e1mo-m\u00e1mo szoker\u00f3, szoker\u00f3,<br \/>\np\u00e1l\u00e1l\u00e1tt\u00e9 \u00e1b\u00e1 memer\u00f3, memer\u00f3.<br \/>\nM\u00e1snak mondom azt, hogy sz\u00e1ndili, sz\u00e1ndili,<br \/>\nneked mondom azt, hogy habibi, habibi.<br \/>\nM\u00e1snak mondom azt, hogy sz\u00e1ndili, sz\u00e1ndili,<br \/>\nneked mondom azt, hogy habibi, habibi.<br \/>\nMani-mani-mani szi love, szi love,<br \/>\nazzal n\u00e1lad nem \u00e9rtem semmit, el semmit.<br \/>\nM\u00e1mo-m\u00e1mo-m\u00e1mo szoker\u00f3, szoker\u00f3,<br \/>\np\u00e1l\u00e1l\u00e1tt\u00e9 \u00e1b\u00e1 memer\u00f3, memer\u00f3.<br \/>\nM\u00e1snak mondom azt, hogy sz\u00e1ndili, sz\u00e1ndili,<br \/>\nneked mondom azt, hogy habibi, habibi.<br \/>\n&#8212;V\u00e9ge&#8212;<\/p>\n<p>&nbsp;<\/p>\n<p>&nbsp;<\/p>\n","protected":false},"featured_media":11209,"template":"","meta":{"site-sidebar-layout":"default","site-content-layout":"default","ast-site-content-layout":"default","site-content-style":"default","site-sidebar-style":"default","ast-global-header-display":"","ast-banner-title-visibility":"","ast-main-header-display":"","ast-hfb-above-header-display":"","ast-hfb-below-header-display":"","ast-hfb-mobile-header-display":"","site-post-title":"","ast-breadcrumbs-content":"","ast-featured-img":"","footer-sml-layout":"","theme-transparent-header-meta":"default","adv-header-id-meta":"","stick-header-meta":"","header-above-stick-meta":"","header-main-stick-meta":"","header-below-stick-meta":"","astra-migrate-meta-layouts":"set","ast-page-background-enabled":"default","ast-page-background-meta":{"desktop":{"background-color":"var(--ast-global-color-4)","background-image":"","background-repeat":"repeat","background-position":"center center","background-size":"auto","background-attachment":"scroll","background-type":"","background-media":"","overlay-type":"","overlay-color":"","overlay-opacity":"","overlay-gradient":""},"tablet":{"background-color":"","background-image":"","background-repeat":"repeat","background-position":"center center","background-size":"auto","background-attachment":"scroll","background-type":"","background-media":"","overlay-type":"","overlay-color":"","overlay-opacity":"","overlay-gradient":""},"mobile":{"background-color":"","background-image":"","background-repeat":"repeat","background-position":"center center","background-size":"auto","background-attachment":"scroll","background-type":"","background-media":"","overlay-type":"","overlay-color":"","overlay-opacity":"","overlay-gradient":""}},"ast-content-background-meta":{"desktop":{"background-color":"var(--ast-global-color-5)","background-image":"","background-repeat":"repeat","background-position":"center center","background-size":"auto","background-attachment":"scroll","background-type":"","background-media":"","overlay-type":"","overlay-color":"","overlay-opacity":"","overlay-gradient":""},"tablet":{"background-color":"var(--ast-global-color-5)","background-image":"","background-repeat":"repeat","background-position":"center center","background-size":"auto","background-attachment":"scroll","background-type":"","background-media":"","overlay-type":"","overlay-color":"","overlay-opacity":"","overlay-gradient":""},"mobile":{"background-color":"var(--ast-global-color-5)","background-image":"","background-repeat":"repeat","background-position":"center center","background-size":"auto","background-attachment":"scroll","background-type":"","background-media":"","overlay-type":"","overlay-color":"","overlay-opacity":"","overlay-gradient":""}}},"product_cat":[48],"product_tag":[],"class_list":["post-11205","product","type-product","status-publish","has-post-thumbnail","hentry","product_cat-sunkaraoke-dalok","desktop-align-left","tablet-align-left","mobile-align-left"],"_links":{"self":[{"href":"https:\/\/www.sunkaraoke.hu\/index.php\/wp-json\/wp\/v2\/product\/11205","targetHints":{"allow":["GET"]}}],"collection":[{"href":"https:\/\/www.sunkaraoke.hu\/index.php\/wp-json\/wp\/v2\/product"}],"about":[{"href":"https:\/\/www.sunkaraoke.hu\/index.php\/wp-json\/wp\/v2\/types\/product"}],"wp:featuredmedia":[{"embeddable":true,"href":"https:\/\/www.sunkaraoke.hu\/index.php\/wp-json\/wp\/v2\/media\/11209"}],"wp:attachment":[{"href":"https:\/\/www.sunkaraoke.hu\/index.php\/wp-json\/wp\/v2\/media?parent=11205"}],"wp:term":[{"taxonomy":"product_cat","embeddable":true,"href":"https:\/\/www.sunkaraoke.hu\/index.php\/wp-json\/wp\/v2\/product_cat?post=11205"},{"taxonomy":"product_tag","embeddable":true,"href":"https:\/\/www.sunkaraoke.hu\/index.php\/wp-json\/wp\/v2\/product_tag?post=11205"}],"curies":[{"name":"wp","href":"https:\/\/api.w.org\/{rel}","templated":true}]}}