{"id":11200,"date":"2023-04-27T08:31:00","date_gmt":"2023-04-27T08:31:00","guid":{"rendered":"https:\/\/www.sunkaraoke.hu\/?post_type=product&#038;p=11200"},"modified":"2025-04-14T05:23:22","modified_gmt":"2025-04-14T05:23:22","slug":"csore-bela-megszerettem-egy-barna-haju-kislanyt-2023-cover","status":"publish","type":"product","link":"https:\/\/www.sunkaraoke.hu\/index.php\/termek\/csore-bela-megszerettem-egy-barna-haju-kislanyt-2023-cover\/","title":{"rendered":"<div class=\"wcmp-player-container product-11200\"><audio controlslist=\"nodownload\" data-product=\"11200\"  volume=\"1\"  preload=\"none\" data-lazyloading=\"none\" class=\"wcmp-player track mejs-classic\" data-duration=\"0:31\" data-estimated_duration=\"4\"><source src=\"https:\/\/www.sunkaraoke.hu\/wp-content\/uploads\/2023\/04\/Megszerettem-egy-barna-2023-Cover-_demo.mp3\" type=\"audio\/mp3\" \/><\/audio><\/div>Cs\u00f3r\u00e9 B\u00e9la &#8211; Megszerettem egy barna haj\u00fa kisl\u00e1nyt (Original PB Cover.)"},"content":{"rendered":"<p><strong>04:41 <\/strong>\/ <strong><img loading=\"lazy\" decoding=\"async\" class=\"alignnone size-full wp-image-467\" src=\"https:\/\/www.sunkaraoke.hu\/wp-content\/uploads\/2022\/07\/choir_2-copy.webp\" alt=\"\" width=\"30\" height=\"30\" \/> \/\u00a0\u00a0<\/strong><\/p>\n","protected":false},"excerpt":{"rendered":"<h6><strong>Bits\u0171r\u0171s\u00e9g: 320kb\/s<\/strong><\/h6>\n<h6><strong>Hossz: 04:41<\/strong><br \/>\n<strong>Vok\u00e1lt tartalmaz: Nem <img loading=\"lazy\" decoding=\"async\" class=\"alignnone size-full wp-image-467\" src=\"http:\/\/www.sunkaraoke.hu\/wp-content\/uploads\/2022\/07\/choir_2-copy.png\" alt=\"\" width=\"30\" height=\"30\" \/><\/strong><\/h6>\n<p>Sunkaraoke mp3 st\u00fadi\u00f3 \/ www.sunkaraoke.hu \/ Inf: Tel: 06 20 4275001<\/p>\n<p>&#8212;Intr\u00f3&#8212;<br \/>\nMegszerettem ,egy barna haj\u00fa kisl\u00e1nyt,<br \/>\nazt hittem, hogy szeretni fog engem.<br \/>\nK\u00e9s\u0151bb j\u00f6ttek, a boldogtalan percek,<br \/>\nazt mondtad, hogy most m\u00e1r elmehetsz.<\/p>\n<p>Azt\u00e1n mikor elzavart\u00e1l engem,<br \/>\n\u00e9n azt hittem, hogy tr\u00e9f\u00e1lsz csak velem.<br \/>\nR\u00e1j\u00f6ttem, hogy minden mind hi\u00e1ba,<br \/>\nmajdcsak egyszer elj\u00f6n az id\u0151.<\/p>\n<p>Kisle\u00e1ny mondd, m\u00e9rt lett\u00e9l a m\u00e1s\u00e9,<br \/>\nrosszat tettem veled, \u00e9n nem tudom.<br \/>\nS\u00edratni foglak, az \u00e9letemben mindig,<br \/>\nlegyen az \u00e9let,ink\u00e1bb csak f\u00e1jdalom.<\/p>\n<p>Kisle\u00e1ny mondd, m\u00e9rt lett\u00e9l a m\u00e1s\u00e9,<br \/>\nmit tettem \u00e9n veled, \u00e9n nem tudom.<br \/>\nS\u00edratni foglak, az \u00e9letemben mindig,<br \/>\nlegyen az \u00e9let, ink\u00e1bb csak f\u00e1jdalom.<br \/>\n&#8212;Sz\u00f3l\u00f3&#8212;<br \/>\nMegszerettem ,egy barna haj\u00fa kisl\u00e1nyt,<br \/>\nazt hittem, hogy szeretni fog engem.<br \/>\nR\u00e1j\u00f6ttem, hogy minden mind hi\u00e1ba,<br \/>\nmajdcsak egyszer elj\u00f6n az id\u0151.<\/p>\n<p>Azt\u00e1n mikor elzavart\u00e1l engem,<br \/>\n\u00e9n azt hittem, hogy tr\u00e9f\u00e1sz csak velem.<br \/>\nAzt\u00e1n j\u00f6ttek a boldogtalan percek,<br \/>\nazt mondtad, hogy most m\u00e1r elmehetsz.<\/p>\n<p>Kisle\u00e1ny, most m\u00e9rt lett\u00e9l a m\u00e1s\u00e9,<br \/>\nmit tettem \u00e9n veled, \u00e9n nem tudom.<br \/>\nS\u00edratni foglak az \u00e9letemben mindig,<br \/>\nlegyen az \u00e9let ,ink\u00e1bb csak f\u00e1jdalom.<\/p>\n<p>Kisle\u00e1ny, most m\u00e9rt lett\u00e9l a m\u00e1s\u00e9,<br \/>\nrosszat tettem \u00e9n veled, \u00e9n nem tudom.<br \/>\nS\u00edratni foglak az \u00e9letemben mindig,<br \/>\nlegyen az \u00e9let,ink\u00e1bb csak f\u00e1jdalom.<br \/>\n&#8212;V\u00e9ge&#8212;<\/p>\n","protected":false},"featured_media":8991,"template":"","meta":{"site-sidebar-layout":"default","site-content-layout":"default","ast-site-content-layout":"default","site-content-style":"default","site-sidebar-style":"default","ast-global-header-display":"","ast-banner-title-visibility":"","ast-main-header-display":"","ast-hfb-above-header-display":"","ast-hfb-below-header-display":"","ast-hfb-mobile-header-display":"","site-post-title":"","ast-breadcrumbs-content":"","ast-featured-img":"","footer-sml-layout":"","theme-transparent-header-meta":"default","adv-header-id-meta":"","stick-header-meta":"","header-above-stick-meta":"","header-main-stick-meta":"","header-below-stick-meta":"","astra-migrate-meta-layouts":"set","ast-page-background-enabled":"default","ast-page-background-meta":{"desktop":{"background-color":"var(--ast-global-color-4)","background-image":"","background-repeat":"repeat","background-position":"center center","background-size":"auto","background-attachment":"scroll","background-type":"","background-media":"","overlay-type":"","overlay-color":"","overlay-opacity":"","overlay-gradient":""},"tablet":{"background-color":"","background-image":"","background-repeat":"repeat","background-position":"center center","background-size":"auto","background-attachment":"scroll","background-type":"","background-media":"","overlay-type":"","overlay-color":"","overlay-opacity":"","overlay-gradient":""},"mobile":{"background-color":"","background-image":"","background-repeat":"repeat","background-position":"center center","background-size":"auto","background-attachment":"scroll","background-type":"","background-media":"","overlay-type":"","overlay-color":"","overlay-opacity":"","overlay-gradient":""}},"ast-content-background-meta":{"desktop":{"background-color":"var(--ast-global-color-5)","background-image":"","background-repeat":"repeat","background-position":"center center","background-size":"auto","background-attachment":"scroll","background-type":"","background-media":"","overlay-type":"","overlay-color":"","overlay-opacity":"","overlay-gradient":""},"tablet":{"background-color":"var(--ast-global-color-5)","background-image":"","background-repeat":"repeat","background-position":"center center","background-size":"auto","background-attachment":"scroll","background-type":"","background-media":"","overlay-type":"","overlay-color":"","overlay-opacity":"","overlay-gradient":""},"mobile":{"background-color":"var(--ast-global-color-5)","background-image":"","background-repeat":"repeat","background-position":"center center","background-size":"auto","background-attachment":"scroll","background-type":"","background-media":"","overlay-type":"","overlay-color":"","overlay-opacity":"","overlay-gradient":""}}},"product_cat":[48],"product_tag":[],"class_list":["post-11200","product","type-product","status-publish","has-post-thumbnail","hentry","product_cat-sunkaraoke-dalok","desktop-align-left","tablet-align-left","mobile-align-left"],"_links":{"self":[{"href":"https:\/\/www.sunkaraoke.hu\/index.php\/wp-json\/wp\/v2\/product\/11200","targetHints":{"allow":["GET"]}}],"collection":[{"href":"https:\/\/www.sunkaraoke.hu\/index.php\/wp-json\/wp\/v2\/product"}],"about":[{"href":"https:\/\/www.sunkaraoke.hu\/index.php\/wp-json\/wp\/v2\/types\/product"}],"wp:featuredmedia":[{"embeddable":true,"href":"https:\/\/www.sunkaraoke.hu\/index.php\/wp-json\/wp\/v2\/media\/8991"}],"wp:attachment":[{"href":"https:\/\/www.sunkaraoke.hu\/index.php\/wp-json\/wp\/v2\/media?parent=11200"}],"wp:term":[{"taxonomy":"product_cat","embeddable":true,"href":"https:\/\/www.sunkaraoke.hu\/index.php\/wp-json\/wp\/v2\/product_cat?post=11200"},{"taxonomy":"product_tag","embeddable":true,"href":"https:\/\/www.sunkaraoke.hu\/index.php\/wp-json\/wp\/v2\/product_tag?post=11200"}],"curies":[{"name":"wp","href":"https:\/\/api.w.org\/{rel}","templated":true}]}}