{"id":11189,"date":"2023-04-23T14:11:04","date_gmt":"2023-04-23T14:11:04","guid":{"rendered":"https:\/\/www.sunkaraoke.hu\/?post_type=product&#038;p=11189"},"modified":"2025-04-07T15:20:54","modified_gmt":"2025-04-07T15:20:54","slug":"piros-bela-piros-mulatos-67-mix-betyar-csardas","status":"publish","type":"product","link":"https:\/\/www.sunkaraoke.hu\/index.php\/termek\/piros-bela-piros-mulatos-67-mix-betyar-csardas\/","title":{"rendered":"<div class=\"wcmp-player-container product-11189\"><audio controlslist=\"nodownload\" data-product=\"11189\"  volume=\"1\"  preload=\"none\" data-lazyloading=\"none\" class=\"wcmp-player track mejs-classic\" data-duration=\"0:31\" data-estimated_duration=\"4\"><source src=\"https:\/\/www.sunkaraoke.hu\/wp-content\/uploads\/2023\/04\/Piros-mulatos-67.-_demo.mp3\" type=\"audio\/mp3\" \/><\/audio><\/div>Piros B\u00e9la -Piros Mulat\u00f3s 67. Mix. \/Bety\u00e1r cs\u00e1rd\u00e1s \/ ( Original)"},"content":{"rendered":"<p><b>08:38<\/b>| <strong><img loading=\"lazy\" decoding=\"async\" class=\"alignnone size-full wp-image-467\" src=\"https:\/\/www.sunkaraoke.hu\/wp-content\/uploads\/2022\/07\/choir_2-copy.webp\" alt=\"\" width=\"30\" height=\"30\" \/> <\/strong><\/p>\n","protected":false},"excerpt":{"rendered":"<h6><strong>Bits\u0171r\u0171s\u00e9g: 320kb\/s<\/strong><br \/>\n<strong>Hossz: 08:38<\/strong><br \/>\n<strong>Vok\u00e1lt tartalmaz: Nem <img loading=\"lazy\" decoding=\"async\" class=\"alignnone size-full wp-image-467\" src=\"http:\/\/www.sunkaraoke.hu\/wp-content\/uploads\/2022\/07\/choir_2-copy.png\" alt=\"\" width=\"30\" height=\"30\" \/><\/strong><strong style=\"font-size: 16px;\"><br \/>\n<\/strong><\/h6>\n<p>Sunkaraoke mp3 st\u00fadi\u00f3 \/ www.sunkaraoke.hu \/ Inf: Tel: 06 20 4275001<\/p>\n<p>Vereked\u00e9s fog l\u00f6nni, vereked\u00e9s fog l\u00f6nni,<br \/>\nv\u00e9rbe fogok f\u00fcrdeni, v\u00e9rbe fogok f\u00fcrdeni!<br \/>\nVereked\u00e9s fog l\u00f6nni, vereked\u00e9s fog l\u00f6nni,<br \/>\nv\u00e9rbe fogok f\u00fcrdeni, v\u00e9rbe fogok f\u00fcrdeni!<br \/>\n&#8212;Sz\u00f3l\u00f3&#8212;\/\/00:49\/\/<br \/>\nElmegyek a cs\u00e1rd\u00e1ba,elmegyek a cs\u00e1rd\u00e1ba,<br \/>\nmeg\u00e1llok az ajt\u00f3ba, meg\u00e1llok az ajt\u00f3ba.<br \/>\nH\u00e1rom bety\u00e1r ott mulat, a negyedik r\u00e1m mutat,<br \/>\nker\u00fcld kutya kezemet, bet\u00f6r\u00f6m a fejedet.<br \/>\nVereked\u00e9s fog l\u00f6nni, vereked\u00e9s fog l\u00f6nni,<br \/>\nv\u00e9rbe fogok f\u00fcrdeni, v\u00e9rbe fogok f\u00fcrdeni!<br \/>\nVereked\u00e9s fog l\u00f6nni, vereked\u00e9s fog l\u00f6nni,<br \/>\nv\u00e9rbe fogok f\u00fcrdeni, v\u00e9rbe fogok f\u00fcrdeni!<br \/>\n&#8212;Sz\u00f3l\u00f3&#8212;\/\/02:09\/\/<br \/>\n\u00c9desany\u00e1m meggy\u00fcttem, \u00e9desany\u00e1m meggy\u00fcttem,<br \/>\nvan-e ingem szennyesem, van-e ingem szennyesem.<br \/>\nHa nincs ingem szennyesem, ha nincs ingem szennyesem,<br \/>\nhoztam egyet v\u00e9r\u00f6sen, hoztam egyet v\u00e9r\u00f6sen.<br \/>\nVereked\u00e9s fog l\u00f6nni, vereked\u00e9s fog l\u00f6nni,<br \/>\nv\u00e9rbe fogok f\u00fcrdeni, v\u00e9rbe fogok f\u00fcrdeni!<br \/>\nVereked\u00e9s fog l\u00f6nni, vereked\u00e9s fog l\u00f6nni,<br \/>\nv\u00e9rbe fogok f\u00fcrdeni, v\u00e9rbe fogok f\u00fcrdeni!<br \/>\n&#8212;Sz\u00f3l\u00f3&#8212;\/\/03:16\/\/<br \/>\nFenyves erd\u0151 gy\u00e1szba van,fenyves erd\u0151 gy\u00e1szba van,<br \/>\nmert egy bety\u00e1r halva van, mert egy bety\u00e1r halva van.<br \/>\nFenyves erd\u0151 gy\u00e1szba van,fenyves erd\u0151 gy\u00e1szba van,<br \/>\nmert egy bety\u00e1r halva van, mert egy bety\u00e1r halva van.<br \/>\n&#8212;Sz\u00f3l\u00f3&#8212;\/\/04:11\/\/<br \/>\nAblakomba ablakomba, bes\u00fct\u00f6tt a holdvil\u00e1g,<br \/>\naki kett\u0151t h\u00e1rmat szeret, sosincs arra j\u00f3 vil\u00e1g.<br \/>\nL\u00e1m \u00e9n csak egyet szeretek, m\u00e9gis de sokat szenvedek,<br \/>\naz a \u00e1lnok barna kisl\u00e1ny,csalta meg a sz\u00edvemet.<br \/>\nL\u00e1m \u00e9n csak egyet szeretek, m\u00e9gis de sokat szenvedek.<br \/>\naz a \u00e1lnok barna kisl\u00e1ny,csalta meg a sz\u00edvemet.<br \/>\nGyarmat fel\u0151l Gyarmat fel\u0151l, j\u00f6n egy fekete felh\u0151.<br \/>\nSzaladj kisl\u00e1ny szaladj kisl\u00e1ny mert megver a nagy es\u0151.<br \/>\nNem szaladok, olyan nagyon, f\u00e1j a sz\u00edvem sajog nagyon,<br \/>\nmost tudom m\u00e1r mi\u00e9rt sajog: elhagyott a galambom.<br \/>\nNem szaladok, olyan nagyon, f\u00e1j a sz\u00edvem sajog nagyon,<br \/>\nmost tudom m\u00e1r mi\u00e9rt sajog: elhagyott a galambom.<br \/>\n&#8212;Sz\u00f3l\u00f3&#8212;\/\/05:13\/\/<br \/>\nJ\u00e1szkuns\u00e1gi gyerek vagyok,J\u00e1szkuns\u00e1gon sz\u00fclettem.<br \/>\nKis koromt\u00f3l nagy koromig benne felnevel\u0151dtem.<br \/>\nKilenc zsand\u00e1r k\u00eds\u00e9r engem a j\u00e1szkuns\u00e1gi f\u0151utc\u00e1n.<br \/>\nM\u00e9g akkor is bekacsintok a kisangyalom ablak\u00e1n<br \/>\nM\u00e9g akkor is ut\u00e1nam sz\u00f3l, te barna bety\u00e1r be!<br \/>\nAdj egy cs\u00f3kot,egy utols\u00f3t ,kacsints\u00e1l a szemembe.<br \/>\nNem mehetek be kedves r\u00f3zs\u00e1m,mert be vagyok sorozva.<br \/>\nA j\u00e1szkuns\u00e1gi b\u00f6rt\u00f6nkapu a nyitva vana sz\u00e1momra<br \/>\nFelsz\u00e1ntatom,felsz\u00e1ntatom a j\u00e1szkuns\u00e1gi f\u0151utc\u00e1t.<br \/>\nVetek bele,vetek bele piros p\u00fcnk\u00f6sdi r\u00f3zs\u00e1t.<br \/>\nHa az a f\u00f6ld,fekete f\u00f6ld piros r\u00f3zs\u00e1t teremne,<br \/>\nminden sz\u0151ke,barna kisl\u00e1ny csak engemet szeretne!<br \/>\n&#8212;Sz\u00f3l\u00f3&#8212;\/\/07:28\/\/<br \/>\nR\u00e1m\u00e1s csizm\u00e1t visel a bab\u00e1m,szeret is az engem igaz\u00e1n.<br \/>\nR\u00e1m\u00e1s csizm\u00e1t visel a bab\u00e1m,szeret is az engem igaz\u00e1n.<br \/>\nR\u00e1m\u00e1s csizma hadd szakadjon el,csak a bab\u00e1m sose hagyjon el.<br \/>\nR\u00e1m\u00e1s csizm\u00e1t visel a bab\u00e1m,szeret is az engem igaz\u00e1n.<br \/>\nNagy a vil\u00e1g,de van k\u00f6zepe,az \u00e9n r\u00f3zs\u00e1m fekete szeme.<br \/>\nNagy a vil\u00e1g,de van k\u00f6zepe,az \u00e9n r\u00f3zs\u00e1m fekete szeme.<br \/>\nEz a vil\u00e1g semmire se j\u00f3,ha nincs kisl\u00e1ny \u00e9nnekem val\u00f3.<br \/>\nNagy a vil\u00e1g,de van k\u00f6zepe,az \u00e9n r\u00f3zs\u00e1m fekete szeme.<br \/>\nEz a vil\u00e1g semmire se j\u00f3,ha nincs kisl\u00e1ny \u00e9nnekem val\u00f3.<br \/>\nNagy a vil\u00e1g,de van k\u00f6zepe,az \u00e9n r\u00f3zs\u00e1m fekete szeme.<br \/>\n&#8212;V\u00e9ge&#8212;<\/p>\n<p>&nbsp;<\/p>\n<p>&nbsp;<\/p>\n","protected":false},"featured_media":12989,"template":"","meta":{"site-sidebar-layout":"default","site-content-layout":"default","ast-site-content-layout":"default","site-content-style":"default","site-sidebar-style":"default","ast-global-header-display":"","ast-banner-title-visibility":"","ast-main-header-display":"","ast-hfb-above-header-display":"","ast-hfb-below-header-display":"","ast-hfb-mobile-header-display":"","site-post-title":"","ast-breadcrumbs-content":"","ast-featured-img":"","footer-sml-layout":"","theme-transparent-header-meta":"default","adv-header-id-meta":"","stick-header-meta":"","header-above-stick-meta":"","header-main-stick-meta":"","header-below-stick-meta":"","astra-migrate-meta-layouts":"set","ast-page-background-enabled":"default","ast-page-background-meta":{"desktop":{"background-color":"var(--ast-global-color-4)","background-image":"","background-repeat":"repeat","background-position":"center center","background-size":"auto","background-attachment":"scroll","background-type":"","background-media":"","overlay-type":"","overlay-color":"","overlay-opacity":"","overlay-gradient":""},"tablet":{"background-color":"","background-image":"","background-repeat":"repeat","background-position":"center center","background-size":"auto","background-attachment":"scroll","background-type":"","background-media":"","overlay-type":"","overlay-color":"","overlay-opacity":"","overlay-gradient":""},"mobile":{"background-color":"","background-image":"","background-repeat":"repeat","background-position":"center center","background-size":"auto","background-attachment":"scroll","background-type":"","background-media":"","overlay-type":"","overlay-color":"","overlay-opacity":"","overlay-gradient":""}},"ast-content-background-meta":{"desktop":{"background-color":"var(--ast-global-color-5)","background-image":"","background-repeat":"repeat","background-position":"center center","background-size":"auto","background-attachment":"scroll","background-type":"","background-media":"","overlay-type":"","overlay-color":"","overlay-opacity":"","overlay-gradient":""},"tablet":{"background-color":"var(--ast-global-color-5)","background-image":"","background-repeat":"repeat","background-position":"center center","background-size":"auto","background-attachment":"scroll","background-type":"","background-media":"","overlay-type":"","overlay-color":"","overlay-opacity":"","overlay-gradient":""},"mobile":{"background-color":"var(--ast-global-color-5)","background-image":"","background-repeat":"repeat","background-position":"center center","background-size":"auto","background-attachment":"scroll","background-type":"","background-media":"","overlay-type":"","overlay-color":"","overlay-opacity":"","overlay-gradient":""}}},"product_cat":[48],"product_tag":[],"class_list":["post-11189","product","type-product","status-publish","has-post-thumbnail","hentry","product_cat-sunkaraoke-dalok","desktop-align-left","tablet-align-left","mobile-align-left"],"_links":{"self":[{"href":"https:\/\/www.sunkaraoke.hu\/index.php\/wp-json\/wp\/v2\/product\/11189","targetHints":{"allow":["GET"]}}],"collection":[{"href":"https:\/\/www.sunkaraoke.hu\/index.php\/wp-json\/wp\/v2\/product"}],"about":[{"href":"https:\/\/www.sunkaraoke.hu\/index.php\/wp-json\/wp\/v2\/types\/product"}],"wp:featuredmedia":[{"embeddable":true,"href":"https:\/\/www.sunkaraoke.hu\/index.php\/wp-json\/wp\/v2\/media\/12989"}],"wp:attachment":[{"href":"https:\/\/www.sunkaraoke.hu\/index.php\/wp-json\/wp\/v2\/media?parent=11189"}],"wp:term":[{"taxonomy":"product_cat","embeddable":true,"href":"https:\/\/www.sunkaraoke.hu\/index.php\/wp-json\/wp\/v2\/product_cat?post=11189"},{"taxonomy":"product_tag","embeddable":true,"href":"https:\/\/www.sunkaraoke.hu\/index.php\/wp-json\/wp\/v2\/product_tag?post=11189"}],"curies":[{"name":"wp","href":"https:\/\/api.w.org\/{rel}","templated":true}]}}