{"id":11183,"date":"2023-04-21T15:39:15","date_gmt":"2023-04-21T15:39:15","guid":{"rendered":"https:\/\/www.sunkaraoke.hu\/?post_type=product&#038;p=11183"},"modified":"2025-04-07T15:20:23","modified_gmt":"2025-04-07T15:20:23","slug":"piros-bela-piros-mulatos-66-mix-lagzi-nyito","status":"publish","type":"product","link":"https:\/\/www.sunkaraoke.hu\/index.php\/termek\/piros-bela-piros-mulatos-66-mix-lagzi-nyito\/","title":{"rendered":"<div class=\"wcmp-player-container product-11183\"><audio controlslist=\"nodownload\" data-product=\"11183\"  volume=\"1\"  preload=\"none\" data-lazyloading=\"none\" class=\"wcmp-player track mejs-classic\" data-duration=\"0:33\" data-estimated_duration=\"4\"><source src=\"https:\/\/www.sunkaraoke.hu\/wp-content\/uploads\/2023\/04\/Piros-mulatos-66-Lagis-nyito_demo.mp3\" type=\"audio\/mp3\" \/><\/audio><\/div>Piros B\u00e9la -Piros Mulat\u00f3s 66 Mix. \/Lagzi nyit\u00f3\/ (Original)"},"content":{"rendered":"<p><b>09:49<\/b>| <strong><img loading=\"lazy\" decoding=\"async\" class=\"alignnone size-full wp-image-467\" src=\"https:\/\/www.sunkaraoke.hu\/wp-content\/uploads\/2022\/07\/choir_2-copy.webp\" alt=\"\" width=\"30\" height=\"30\" \/> <\/strong><\/p>\n","protected":false},"excerpt":{"rendered":"<h6><strong>Bits\u0171r\u0171s\u00e9g: 320kb\/s<\/strong><br \/>\n<strong>Hossz: 09:49<\/strong><br \/>\n<strong>Vok\u00e1lt tartalmaz: Nem <img loading=\"lazy\" decoding=\"async\" class=\"alignnone size-full wp-image-467\" src=\"http:\/\/www.sunkaraoke.hu\/wp-content\/uploads\/2022\/07\/choir_2-copy.png\" alt=\"\" width=\"30\" height=\"30\" \/><\/strong><strong style=\"font-size: 16px;\"><br \/>\n<\/strong><\/h6>\n<p>Sunkaraoke mp3 st\u00fadi\u00f3 \/ www.sunkaraoke.hu \/ Inf: Tel: 06 20 4275001<\/p>\n<p>&#8212;Intr\u00f3&#8212;<br \/>\nNyisd ki bab\u00e1m az ajt\u00f3d,<br \/>\ncsendesen mert meghallj\u00e1k a szomsz\u00e9dok.<br \/>\nNyisd ki bab\u00e1m az ajt\u00f3d,<br \/>\ncsendesen mert meghallj\u00e1k a szomsz\u00e9dok.<br \/>\nHa meg hallj\u00e1k hadd hallj\u00e1k,<br \/>\n\u00fagyis tudja m\u00e1r a vil\u00e1g,<br \/>\nhogy \u00e9n t\u00e9ged szeretlek,<br \/>\nhogy \u00e9n t\u00e9ged soha el nem feledlek.<br \/>\nB\u00e1nom is \u00e9n hadd hallj\u00e1k,<br \/>\n\u00fagyis tudja m\u00e1r a vil\u00e1g,<br \/>\nhogy \u00e9n t\u00e9ged szeretlek,<br \/>\nhogy \u00e9n t\u00e9ged soha el nem feledlek.<br \/>\nNyisd ki bab\u00e1m az ajt\u00f3d,<br \/>\ncsendesen mert meghallj\u00e1k a szomsz\u00e9dok.<br \/>\nNyisd ki bab\u00e1m az ajt\u00f3d,<br \/>\ncsendesen mert meghallj\u00e1k a szomsz\u00e9dok.<br \/>\nHa meg hallj\u00e1k hadd hallj\u00e1k,<br \/>\n\u00fagyis tudja m\u00e1r a vil\u00e1g,<br \/>\nhogy \u00e9n t\u00e9ged szeretlek,<br \/>\nhogy \u00e9n t\u00e9ged soha el nem feledlek.<br \/>\nB\u00e1nom is \u00e9n hadd hallj\u00e1k,<br \/>\n\u00fagyis tudja m\u00e1r a vil\u00e1g,<br \/>\nhogy \u00e9n t\u00e9ged szeretlek,<br \/>\nhogy \u00e9n t\u00e9ged soha el nem feledlek.<br \/>\n&#8212;Sz\u00f3l\u00f3&#8212;<br \/>\nLakodalom van a mi utc\u00e1nkba,<br \/>\nide hallik cseng\u0151 muzsik\u00e1ja,<br \/>\nhivatalos vagyok oda \u00e9n is,<br \/>\nnem menn\u00e9k el ha sz\u00e1zszor \u00fczenn\u00e9k is.<br \/>\nHivatalos vagyok oda \u00e9n is,<br \/>\nnem menn\u00e9k el ha sz\u00e1zszor \u00fczenn\u00e9k is.<\/p>\n<p>V\u00e9ge van m\u00e1r a lakodalomnak,<br \/>\nnagy b\u00e1nata van a menyasszonynak,<br \/>\nforgatja a karika gy\u0171r\u0171j\u00e9t,<br \/>\nsajn\u00e1lja a r\u00e9gi szeret\u0151j\u00e9t!<br \/>\nForgatja a karika gy\u0171r\u0171j\u00e9t,<br \/>\nsajn\u00e1lja a r\u00e9gi szeret\u0151j\u00e9t!<\/p>\n<p>Este viszik a menyasszony \u00e1gy\u00e1t,<br \/>\nellopt\u00e1k a nyoszolya n\u00e9gy l\u00e1b\u00e1t,<br \/>\naddig asszony nem fekszel az \u00e1gyra,<br \/>\nm\u00edg meg nem lesz a nyoszolya n\u00e9gy l\u00e1ba.<br \/>\nAddig asszony nem fekszel az \u00e1gyra,<br \/>\nm\u00edg meg nem lesz a nyoszolya n\u00e9gy l\u00e1ba.<br \/>\n&#8212;Sz\u00f3l\u00f3&#8212;<br \/>\nMeg van m\u00e1r a nyoszolya n\u00e9gy l\u00e1ba,<br \/>\nmost m\u00e1r asszony lefekhetsz az \u00e1gyba,<br \/>\ntedd a l\u00e1bad v &#8211; bet\u0171 form\u00e1ba,<br \/>\noszt hadd mozogjon a nyoszolya n\u00e9gy l\u00e1ba.<br \/>\nTedd a l\u00e1bad v- bet\u0171 form\u00e1ba,<br \/>\noszt hadd mozogjon a nyoszolya n\u00e9gy l\u00e1ba.<br \/>\n&#8212;Sz\u00f3l\u00f3&#8212;<br \/>\nEgyszer van egy \u00e9vben nagy lakodalom,<br \/>\negyszer van egy \u00e9vben , ilyen vigalom.<br \/>\nViszik a menyasszonyt, vacsora ut\u00e1n,<br \/>\nholnapt\u00f3l m\u00e1r asszony lesz majd ezut\u00e1n.<br \/>\nViszik a menyasszonyt , vacsora ut\u00e1n,<br \/>\nholnapt\u00f3l m\u00e1r asszony lesz majd ezut\u00e1n.<\/p>\n<p>Egyszer van egy \u00e9vben, ilyen esem\u00e9ny,<br \/>\naz asztalon torta, s teas\u00fctem\u00e9ny.<br \/>\nFolyik a sok pezsg\u0151, t\u00e1ntorog a n\u00e9p,<br \/>\nma \u00e9jszaka m\u00e9g, az any\u00f3som is sz\u00e9p.<br \/>\nFolyik a sok pezsg\u0151, t\u00e1ntorog a n\u00e9p,<br \/>\nma \u00e9jszaka m\u00e9g, az any\u00f3som is sz\u00e9p.<br \/>\n&#8212;Sz\u00f3l\u00f3&#8212;<br \/>\nEgyszer van egy \u00e9vben nagy lakodalom,<br \/>\negyszer van egy \u00e9vben , ilyen vigalom.<br \/>\nViszik a menyasszonyt, vacsora ut\u00e1n,<br \/>\nholnapt\u00f3l m\u00e1r asszony lesz majd ezut\u00e1n.<br \/>\nViszik a menyasszonyt , vacsora ut\u00e1n,<br \/>\nholnapt\u00f3l m\u00e1r asszony lesz majd ezut\u00e1n.<\/p>\n<p>Egyszer van egy \u00e9vben, ilyen esem\u00e9ny,<br \/>\naz asztalon torta, s teas\u00fctem\u00e9ny.<br \/>\nFolyik a sok pezsg\u0151, t\u00e1ntorog a n\u00e9p,<br \/>\nma \u00e9jszaka m\u00e9g, az any\u00f3som is sz\u00e9p.<br \/>\nFolyik a sok pezsg\u0151, t\u00e1ntorog a n\u00e9p,<br \/>\nma \u00e9jszaka m\u00e9g, az any\u00f3som is sz\u00e9p.<br \/>\n&#8212;Sz\u00f3l\u00f3&#8212;<br \/>\nSud\u00e1r magas, sud\u00e1r magas a ny\u00e1rfa teteje,<br \/>\nhalv\u00e1ny s\u00e1rga, de halv\u00e1ny s\u00e1rga annak levele.<\/p>\n<p>\u00c9n is olyan, \u00e9n is olyan, halv\u00e1ny s\u00e1rga vagyok,<br \/>\nvolt szeret\u0151m, egy csinos barna kisl\u00e1ny,de m\u00e1r r\u00e9g elhagyott.<\/p>\n<p>Majd ha egykor h\u0171tlen bab\u00e1m, \u00f6sszetal\u00e1lkozunk,<br \/>\n\u00fagy megy\u00fcnk el egym\u00e1s mellet, m\u00e9g csak nem is sz\u00f3lunk.<br \/>\n&#8212;Sz\u00f3l\u00f3&#8212;<br \/>\nTe m\u00e9gy jobbra, h\u0171tlen bab\u00e1m, \u00e9n megyek balra,<br \/>\ns\u00e1rba taposom f\u00e9nyk\u00e9pedet, nem veszlek el soha.<\/p>\n<p>Barna kisl\u00e1ny feh\u00e9r \u00e1gy\u00e1t magasra vetette,<br \/>\nhonv\u00e9d baka a sapk\u00e1j\u00e1t rajta felejtette.<\/p>\n<p>Add ki bab\u00e1m a sapk\u00e1mat, hadd tegyem fejembe,<br \/>\nhogy ne n\u00e9zzen m\u00e1s bab\u00e1ja a kacsint\u00f3s szemembe.<\/p>\n<p>&#8212;Sz\u00f3l\u00f3&#8212;<br \/>\nKicsi m\u00e9g a mi l\u00e1nyunk,ne j\u00e1rjon kend min\u00e1lunk!<br \/>\nKicsi m\u00e9g a mi l\u00e1nyunk,ne j\u00e1rjon kend min\u00e1lunk!<br \/>\nMajd ha feln\u0151 a mi l\u00e1nyunk,akkor,akkor,akkor j\u00f6jj\u00f6n min\u00e1lunk!<br \/>\nMajd ha feln\u0151 a mi l\u00e1nyunk,akkor,akkor,akkor j\u00f6jj\u00f6n min\u00e1lunk!<\/p>\n<p>Megn\u0151tt m\u00e1r a mi l\u00e1nyunk, j\u00e1rhat m\u00e1r kend min\u00e1lunk,<br \/>\nmegn\u0151tt m\u00e1r a mi l\u00e1nyunk, j\u00e1rhat m\u00e1r kend min\u00e1lunk.<br \/>\nSe nem kicsi se nem nagy , \u00e9ppen, \u00e9ppen, \u00e9ppen, hozz\u00e1m val\u00f3 vagy,<br \/>\nse nem kicsi se nem nagy , \u00e9ppen, \u00e9ppen, \u00e9ppen, hozz\u00e1m val\u00f3 vagy,<br \/>\n&#8212;V\u00e9ge&#8212;<\/p>\n","protected":false},"featured_media":12989,"template":"","meta":{"site-sidebar-layout":"default","site-content-layout":"default","ast-site-content-layout":"default","site-content-style":"default","site-sidebar-style":"default","ast-global-header-display":"","ast-banner-title-visibility":"","ast-main-header-display":"","ast-hfb-above-header-display":"","ast-hfb-below-header-display":"","ast-hfb-mobile-header-display":"","site-post-title":"","ast-breadcrumbs-content":"","ast-featured-img":"","footer-sml-layout":"","theme-transparent-header-meta":"default","adv-header-id-meta":"","stick-header-meta":"","header-above-stick-meta":"","header-main-stick-meta":"","header-below-stick-meta":"","astra-migrate-meta-layouts":"set","ast-page-background-enabled":"default","ast-page-background-meta":{"desktop":{"background-color":"var(--ast-global-color-4)","background-image":"","background-repeat":"repeat","background-position":"center center","background-size":"auto","background-attachment":"scroll","background-type":"","background-media":"","overlay-type":"","overlay-color":"","overlay-opacity":"","overlay-gradient":""},"tablet":{"background-color":"","background-image":"","background-repeat":"repeat","background-position":"center center","background-size":"auto","background-attachment":"scroll","background-type":"","background-media":"","overlay-type":"","overlay-color":"","overlay-opacity":"","overlay-gradient":""},"mobile":{"background-color":"","background-image":"","background-repeat":"repeat","background-position":"center center","background-size":"auto","background-attachment":"scroll","background-type":"","background-media":"","overlay-type":"","overlay-color":"","overlay-opacity":"","overlay-gradient":""}},"ast-content-background-meta":{"desktop":{"background-color":"var(--ast-global-color-5)","background-image":"","background-repeat":"repeat","background-position":"center center","background-size":"auto","background-attachment":"scroll","background-type":"","background-media":"","overlay-type":"","overlay-color":"","overlay-opacity":"","overlay-gradient":""},"tablet":{"background-color":"var(--ast-global-color-5)","background-image":"","background-repeat":"repeat","background-position":"center center","background-size":"auto","background-attachment":"scroll","background-type":"","background-media":"","overlay-type":"","overlay-color":"","overlay-opacity":"","overlay-gradient":""},"mobile":{"background-color":"var(--ast-global-color-5)","background-image":"","background-repeat":"repeat","background-position":"center center","background-size":"auto","background-attachment":"scroll","background-type":"","background-media":"","overlay-type":"","overlay-color":"","overlay-opacity":"","overlay-gradient":""}}},"product_cat":[48],"product_tag":[],"class_list":["post-11183","product","type-product","status-publish","has-post-thumbnail","hentry","product_cat-sunkaraoke-dalok","desktop-align-left","tablet-align-left","mobile-align-left"],"_links":{"self":[{"href":"https:\/\/www.sunkaraoke.hu\/index.php\/wp-json\/wp\/v2\/product\/11183","targetHints":{"allow":["GET"]}}],"collection":[{"href":"https:\/\/www.sunkaraoke.hu\/index.php\/wp-json\/wp\/v2\/product"}],"about":[{"href":"https:\/\/www.sunkaraoke.hu\/index.php\/wp-json\/wp\/v2\/types\/product"}],"wp:featuredmedia":[{"embeddable":true,"href":"https:\/\/www.sunkaraoke.hu\/index.php\/wp-json\/wp\/v2\/media\/12989"}],"wp:attachment":[{"href":"https:\/\/www.sunkaraoke.hu\/index.php\/wp-json\/wp\/v2\/media?parent=11183"}],"wp:term":[{"taxonomy":"product_cat","embeddable":true,"href":"https:\/\/www.sunkaraoke.hu\/index.php\/wp-json\/wp\/v2\/product_cat?post=11183"},{"taxonomy":"product_tag","embeddable":true,"href":"https:\/\/www.sunkaraoke.hu\/index.php\/wp-json\/wp\/v2\/product_tag?post=11183"}],"curies":[{"name":"wp","href":"https:\/\/api.w.org\/{rel}","templated":true}]}}