{"id":11134,"date":"2023-04-11T12:48:17","date_gmt":"2023-04-11T12:48:17","guid":{"rendered":"https:\/\/www.sunkaraoke.hu\/?post_type=product&#038;p=11134"},"modified":"2025-06-22T15:53:50","modified_gmt":"2025-06-22T13:53:50","slug":"szandi-tinedzser-lamour-2023-cover","status":"publish","type":"product","link":"https:\/\/www.sunkaraoke.hu\/index.php\/termek\/szandi-tinedzser-lamour-2023-cover\/","title":{"rendered":"<div class=\"wcmp-player-container product-11134\"><audio controlslist=\"nodownload\" data-product=\"11134\"  volume=\"1\"  preload=\"none\" data-lazyloading=\"none\" class=\"wcmp-player track mejs-classic\" data-duration=\"0:32\" data-estimated_duration=\"4\"><source src=\"https:\/\/www.sunkaraoke.hu\/wp-content\/uploads\/2023\/04\/Tinedzser-Lamour-2023._demo.mp3\" type=\"audio\/mp3\" \/><\/audio><\/div>Szandi &#8211; Tin\u00e9dzser lamour (Original PB Cover. Edition)"},"content":{"rendered":"<p><strong>03:20<\/strong> \/ <img decoding=\"async\" src=\"https:\/\/www.sunkaraoke.hu\/wp-content\/uploads\/2022\/07\/choir_2-copy.webp\" \/> \/<\/p>\n","protected":false},"excerpt":{"rendered":"<h5>Bits\u0171r\u0171s\u00e9g: 320kb\/s<br \/>\nHossz: 03:20<\/h5>\n<p><strong>Vok\u00e1lt tartalmaz: <img decoding=\"async\" src=\"https:\/\/www.sunkaraoke.hu\/wp-content\/uploads\/2022\/07\/choir_2-copy.png\" \/>Nem<\/strong><\/p>\n<p>Sunkaraoke mp3 st\u00fadi\u00f3 \/ www.sunkaraoke.hu \/ Inf: Tel: 06 20 4275001<\/p>\n<p>&#8212;Intr\u00f3&#8212; \/\/ Fis dur\/\/ \/\/00:26\/\/<br \/>\n\u00daj j\u00e1t\u00e9kot j\u00e1tszik velem az \u00e9let,<br \/>\naz \u00fagy volt, hogy csak szemezni kezdtem v\u00e9led.<br \/>\nTudod az a l\u00e9nyeg,hogy f\u00e9lre ne n\u00e9zz,<br \/>\nde a sz\u00edv megdobban \u00e9s volt-nincs m\u00e1r az \u00e9sz.<br \/>\nTin\u00e9dzser l&#8217;amour, igazi tin\u00e9dzser l&#8217;amour,<br \/>\nszabad a sz\u00edv, valaki h\u00edv, na mit l\u00e9psz v\u00e1laszul?<br \/>\nTin\u00e9dzser l&#8217;amour, igazi tin\u00e9dzser l&#8217;amour,<br \/>\nfellobban \u00e9s l\u00e1ngra gy\u00fal.<br \/>\nKezd\u0151 vagyok a kikezd\u00e9sben \u00e9rted,<br \/>\nhogy meddig menjek,s honnan legyek s\u00e9rtett.<br \/>\nEllen\u00e1llni k\u00e9ne, m\u00e9gis engedek,<br \/>\nszemtelen vagy,de t\u00fal j\u00f3l \u00e1ll neked.<br \/>\nTin\u00e9dzser l&#8217;amour, igazi tin\u00e9dzser l&#8217;amour,<br \/>\nszabad a sz\u00edv,valaki h\u00edv, na mit l\u00e9psz v\u00e1laszul ?<br \/>\nTin\u00e9dzser l&#8217;amour, igazi tin\u00e9dzser l&#8217;amour,<br \/>\nfellobban \u00e9s l\u00e1ngra gy\u00fal.<br \/>\n&#8212;Sz\u00f3l\u00f3&#8212;\/\/02:27\/\/<br \/>\nTin\u00e9dzser l&#8217;amour, igazi tin\u00e9dzser l&#8217;amour,<br \/>\nszabad a sz\u00edv,valaki h\u00edv, na mit l\u00e9psz v\u00e1laszul ?<br \/>\nTin\u00e9dzser l&#8217;amour, igazi tin\u00e9dzser l&#8217;amour,<br \/>\nfellobban \u00e9s l\u00e1ngra gy\u00fal.<br \/>\nTin\u00e9dzser l&#8217;amour, igazi tin\u00e9dzser l&#8217;amour,<br \/>\nszabad a sz\u00edv,valaki h\u00edv, na mit l\u00e9psz v\u00e1laszul ?<br \/>\nTin\u00e9dzser l&#8217;amour, igazi tin\u00e9dzser l&#8217;amour,<br \/>\nfellobban \u00e9s l\u00e1ngra gy\u00fal.<br \/>\n&#8212;V\u00e9ge&#8212;<\/p>\n<p>&nbsp;<\/p>\n<p>&nbsp;<\/p>\n<p>&#8212;Intr\u00f3&#8212;<br \/>\n\u00daj j\u00e1t\u00e9kot j\u00e1tszik velem az \u00e9let,<br \/>\naz \u00fagy volt, hogy csak szemezni kezdtem v\u00e9led.<br \/>\nTudod az a l\u00e9nyeg,hogy f\u00e9lre ne n\u00e9zz,<br \/>\nde a sz\u00edv megdobban \u00e9s volt-nincs m\u00e1r az \u00e9sz.<\/p>\n<p>Tin\u00e9dzser l&#8217;amour, igazi tin\u00e9dzser l&#8217;amour,<br \/>\nszabad a sz\u00edv, valaki h\u00edv, na mit l\u00e9psz v\u00e1laszul?<br \/>\nTin\u00e9dzser l&#8217;amour, igazi tin\u00e9dzser l&#8217;amour,<br \/>\nfellobban \u00e9s l\u00e1ngra gy\u00fal.<br \/>\n&#8212;Sz\u00f3l\u00f3&#8212;<br \/>\nKezd\u0151 vagyok a kikezd\u00e9sben \u00e9rted,<br \/>\nhogy meddig menjek,s honnan legyek s\u00e9rtett.<br \/>\nEllen\u00e1llni k\u00e9ne, m\u00e9gis engedek,<br \/>\nszemtelen vagy,de t\u00fal j\u00f3l \u00e1ll neked.<\/p>\n<p>Tin\u00e9dzser l&#8217;amour, igazi tin\u00e9dzser l&#8217;amour,<br \/>\nszabad a sz\u00edv,valaki h\u00edv, na mit l\u00e9psz v\u00e1laszul ?<br \/>\nTin\u00e9dzser l&#8217;amour, igazi tin\u00e9dzser l&#8217;amour,<br \/>\nfellobban \u00e9s l\u00e1ngra gy\u00fal.<\/p>\n<p>Szerintem ez a szerelem pont nek\u00fcnk val\u00f3,<br \/>\nfene tudja, kell e r\u00e1 jobb sz\u00f3, l\u00e9nyeg az,hogy j\u00f3.<br \/>\n&#8212;Sz\u00f3l\u00f3&#8212;<br \/>\nSokszor cs\u00f3kollak,de nem lev\u00e9lben,<br \/>\nhogy jobban j\u00e1rjunk,j\u00e1rjunk k\u00e9z a k\u00e9zben.<br \/>\nS ha m\u00e9g k\u00f6zelebb l\u00e9psz, tal\u00e1n messzire m\u00e9sz,<br \/>\nde nem b\u00e1nom,mert \u00e9des,mint a m\u00e9z.<br \/>\nTin\u00e9dzser l&#8217;amour, igazi tin\u00e9dzser l&#8217;amour,<br \/>\nszabad a sz\u00edv,valaki h\u00edv, na mit l\u00e9psz v\u00e1laszul ?<br \/>\nTin\u00e9dzser l&#8217;amour, igazi tin\u00e9dzser l&#8217;amour,<br \/>\nfellobban \u00e9s l\u00e1ngra gy\u00fal.<br \/>\n&#8212;V\u00e9ge&#8212;<\/p>\n","protected":false},"featured_media":11140,"template":"","meta":{"site-sidebar-layout":"default","site-content-layout":"default","ast-site-content-layout":"default","site-content-style":"default","site-sidebar-style":"default","ast-global-header-display":"","ast-banner-title-visibility":"","ast-main-header-display":"","ast-hfb-above-header-display":"","ast-hfb-below-header-display":"","ast-hfb-mobile-header-display":"","site-post-title":"","ast-breadcrumbs-content":"","ast-featured-img":"","footer-sml-layout":"","theme-transparent-header-meta":"default","adv-header-id-meta":"","stick-header-meta":"","header-above-stick-meta":"","header-main-stick-meta":"","header-below-stick-meta":"","astra-migrate-meta-layouts":"set","ast-page-background-enabled":"default","ast-page-background-meta":{"desktop":{"background-color":"var(--ast-global-color-4)","background-image":"","background-repeat":"repeat","background-position":"center center","background-size":"auto","background-attachment":"scroll","background-type":"","background-media":"","overlay-type":"","overlay-color":"","overlay-opacity":"","overlay-gradient":""},"tablet":{"background-color":"","background-image":"","background-repeat":"repeat","background-position":"center center","background-size":"auto","background-attachment":"scroll","background-type":"","background-media":"","overlay-type":"","overlay-color":"","overlay-opacity":"","overlay-gradient":""},"mobile":{"background-color":"","background-image":"","background-repeat":"repeat","background-position":"center center","background-size":"auto","background-attachment":"scroll","background-type":"","background-media":"","overlay-type":"","overlay-color":"","overlay-opacity":"","overlay-gradient":""}},"ast-content-background-meta":{"desktop":{"background-color":"var(--ast-global-color-5)","background-image":"","background-repeat":"repeat","background-position":"center center","background-size":"auto","background-attachment":"scroll","background-type":"","background-media":"","overlay-type":"","overlay-color":"","overlay-opacity":"","overlay-gradient":""},"tablet":{"background-color":"var(--ast-global-color-5)","background-image":"","background-repeat":"repeat","background-position":"center center","background-size":"auto","background-attachment":"scroll","background-type":"","background-media":"","overlay-type":"","overlay-color":"","overlay-opacity":"","overlay-gradient":""},"mobile":{"background-color":"var(--ast-global-color-5)","background-image":"","background-repeat":"repeat","background-position":"center center","background-size":"auto","background-attachment":"scroll","background-type":"","background-media":"","overlay-type":"","overlay-color":"","overlay-opacity":"","overlay-gradient":""}}},"product_cat":[48],"product_tag":[],"class_list":["post-11134","product","type-product","status-publish","has-post-thumbnail","hentry","product_cat-sunkaraoke-dalok","desktop-align-left","tablet-align-left","mobile-align-left"],"_links":{"self":[{"href":"https:\/\/www.sunkaraoke.hu\/index.php\/wp-json\/wp\/v2\/product\/11134","targetHints":{"allow":["GET"]}}],"collection":[{"href":"https:\/\/www.sunkaraoke.hu\/index.php\/wp-json\/wp\/v2\/product"}],"about":[{"href":"https:\/\/www.sunkaraoke.hu\/index.php\/wp-json\/wp\/v2\/types\/product"}],"wp:featuredmedia":[{"embeddable":true,"href":"https:\/\/www.sunkaraoke.hu\/index.php\/wp-json\/wp\/v2\/media\/11140"}],"wp:attachment":[{"href":"https:\/\/www.sunkaraoke.hu\/index.php\/wp-json\/wp\/v2\/media?parent=11134"}],"wp:term":[{"taxonomy":"product_cat","embeddable":true,"href":"https:\/\/www.sunkaraoke.hu\/index.php\/wp-json\/wp\/v2\/product_cat?post=11134"},{"taxonomy":"product_tag","embeddable":true,"href":"https:\/\/www.sunkaraoke.hu\/index.php\/wp-json\/wp\/v2\/product_tag?post=11134"}],"curies":[{"name":"wp","href":"https:\/\/api.w.org\/{rel}","templated":true}]}}