{"id":11129,"date":"2023-04-10T17:37:38","date_gmt":"2023-04-10T17:37:38","guid":{"rendered":"https:\/\/www.sunkaraoke.hu\/?post_type=product&#038;p=11129"},"modified":"2025-04-14T05:30:10","modified_gmt":"2025-04-14T05:30:10","slug":"csore-bela-csore-bela-mix-2023","status":"publish","type":"product","link":"https:\/\/www.sunkaraoke.hu\/index.php\/termek\/csore-bela-csore-bela-mix-2023\/","title":{"rendered":"<div class=\"wcmp-player-container product-11129\"><audio controlslist=\"nodownload\" data-product=\"11129\"  volume=\"1\"  preload=\"none\" data-lazyloading=\"none\" class=\"wcmp-player track mejs-classic\" data-duration=\"0:30\" data-estimated_duration=\"3\"><source src=\"https:\/\/www.sunkaraoke.hu\/wp-content\/uploads\/2023\/04\/Csore-Bela-mix-2023-PB._demo.mp3\" type=\"audio\/mp3\" \/><\/audio><\/div>Cs\u00f3r\u00e9 B\u00e9la &#8211; Cs\u00f3r\u00e9 B\u00e9la Mix.2023. (Original PB Editon)"},"content":{"rendered":"<p><strong>04:58 <\/strong>\/ <strong><img loading=\"lazy\" decoding=\"async\" class=\"alignnone size-full wp-image-467\" src=\"https:\/\/www.sunkaraoke.hu\/wp-content\/uploads\/2022\/07\/choir_2-copy.webp\" alt=\"\" width=\"30\" height=\"30\" \/> \/\u00a0\u00a0<\/strong><\/p>\n","protected":false},"excerpt":{"rendered":"<h6><strong>Bits\u0171r\u0171s\u00e9g: 320kb\/s<\/strong><\/h6>\n<h6><strong>Hossz: 04:58<\/strong><br \/>\n<strong>Vok\u00e1lt tartalmaz: Nem <img loading=\"lazy\" decoding=\"async\" class=\"alignnone size-full wp-image-467\" src=\"http:\/\/www.sunkaraoke.hu\/wp-content\/uploads\/2022\/07\/choir_2-copy.png\" alt=\"\" width=\"30\" height=\"30\" \/><\/strong><\/h6>\n<p>Sunkaraoke mp3 st\u00fadi\u00f3 \/ www.sunkaraoke.hu \/ Inf: Tel: 06 20 4275001<\/p>\n<p>&#8212;Intr\u00f3&#8212;<br \/>\nOtt \u00e1ll, ott \u00e1ll a l\u00e1ny,<br \/>\na buszmeg\u00e1ll\u00f3ban \u00e1ll.<br \/>\n\u00c9s engem v\u00e1r, de csak r\u00e1m v\u00e1r,<br \/>\na haj\u00e1t f\u00fajja a sz\u00e9l.<br \/>\nOda menn\u00e9k hozz\u00e1 de nem merek,<br \/>\ndobog a sz\u00edvem de m\u00e9gsem indulok el,<br \/>\npedig csak \u00e9n r\u00e1m v\u00e1r..<\/p>\n<p>Ez a l\u00e1ny sz\u00f3tlanul \u00e1ll,<br \/>\na busz is elment m\u00e1r,<br \/>\nm\u00e9gis ott \u00e1ll \u00e9s csak r\u00e1m v\u00e1r,<br \/>\na haj\u00e1t f\u00faja a sz\u00e9l.<br \/>\nOda menn\u00e9k hozz\u00e1 de nem merek,<br \/>\ndobog a sz\u00edvem de m\u00e9gsem indulok el,<br \/>\npedig csak \u00e9n r\u00e1m v\u00e1r&#8230;<br \/>\n&#8212;Sz\u00f3l\u00f3&#8212;<br \/>\nOtt \u00e1ll, ott \u00e1ll a l\u00e1ny,<br \/>\na buszmeg\u00e1ll\u00f3ban \u00e1ll.<br \/>\n\u00c9s engem v\u00e1r, de csak r\u00e1m v\u00e1r,<br \/>\na haj\u00e1t f\u00fajja a sz\u00e9l.<br \/>\nOda menn\u00e9k hozz\u00e1 de nem merek,<br \/>\ndobog a sz\u00edvem de m\u00e9gsem indulok el,<br \/>\npedig csak \u00e9n r\u00e1m v\u00e1r..<\/p>\n<p>Ez a l\u00e1ny sz\u00f3tlanul \u00e1ll,<br \/>\na busz is elment m\u00e1r,<br \/>\nm\u00e9gis ott \u00e1ll \u00e9s csak r\u00e1m v\u00e1r,<br \/>\na haj\u00e1t f\u00faja a sz\u00e9l.<br \/>\nOda menn\u00e9k hozz\u00e1 de nem merek,<br \/>\ndobog a sz\u00edvem de m\u00e9gsem indulok el,<br \/>\npedig csak \u00e9n r\u00e1m v\u00e1r&#8230;<br \/>\n&#8212;Sz\u00f3l\u00f3&#8212;<br \/>\nM\u00e9rt kellet most tal\u00e1lkoznom v\u00e9led,<br \/>\nm\u00e9rt kellett, hogy s\u00edrva l\u00e1ssalak.<br \/>\nM\u00e9rt kellet a sz\u00e9p szemedbe n\u00e9znem,<br \/>\nte mondtad, hogy nem kell t\u00f6bb\u00e9 m\u00e1s.<\/p>\n<p>Feleleted elkeser\u00edt engem,<br \/>\nne is gondolj soha t\u00f6bb\u00e9 r\u00e1m.<br \/>\nTudom, hogy majd k\u00e1rp\u00f3tol az \u00e9let,<br \/>\namit velem tett\u00e9l, nem feledem.<\/p>\n<p>Nem \u00e1tkozlak, \u00e1ldjon meg az isten,<br \/>\nlegy\u00e9l boldog az eg\u00e9sz \u00e9letedben.<br \/>\nAz eml\u00e9keimb\u0151l ne maradjon semmi,<br \/>\npr\u00f3b\u00e1ljuk h\u00e1t egym\u00e1st elfeledni.<br \/>\n&#8212;Sz\u00f3l\u00f3&#8212;<br \/>\nNem \u00e1tkozlak, \u00e1ldjon meg az isten,<br \/>\nlegy\u00e9l boldog az eg\u00e9sz \u00e9letedben.<br \/>\nAz eml\u00e9keimb\u0151l ne maradjon semmi,<br \/>\npr\u00f3b\u00e1ljuk h\u00e1t egym\u00e1st elfeledni.<br \/>\nAz eml\u00e9keimb\u0151l ne maradjon semmi,<br \/>\npr\u00f3b\u00e1ljuk h\u00e1t egym\u00e1st elfeledni.<br \/>\n&#8212;V\u00e9ge&#8212;<\/p>\n","protected":false},"featured_media":8991,"template":"","meta":{"site-sidebar-layout":"default","site-content-layout":"default","ast-site-content-layout":"default","site-content-style":"default","site-sidebar-style":"default","ast-global-header-display":"","ast-banner-title-visibility":"","ast-main-header-display":"","ast-hfb-above-header-display":"","ast-hfb-below-header-display":"","ast-hfb-mobile-header-display":"","site-post-title":"","ast-breadcrumbs-content":"","ast-featured-img":"","footer-sml-layout":"","theme-transparent-header-meta":"default","adv-header-id-meta":"","stick-header-meta":"","header-above-stick-meta":"","header-main-stick-meta":"","header-below-stick-meta":"","astra-migrate-meta-layouts":"set","ast-page-background-enabled":"default","ast-page-background-meta":{"desktop":{"background-color":"var(--ast-global-color-4)","background-image":"","background-repeat":"repeat","background-position":"center center","background-size":"auto","background-attachment":"scroll","background-type":"","background-media":"","overlay-type":"","overlay-color":"","overlay-opacity":"","overlay-gradient":""},"tablet":{"background-color":"","background-image":"","background-repeat":"repeat","background-position":"center center","background-size":"auto","background-attachment":"scroll","background-type":"","background-media":"","overlay-type":"","overlay-color":"","overlay-opacity":"","overlay-gradient":""},"mobile":{"background-color":"","background-image":"","background-repeat":"repeat","background-position":"center center","background-size":"auto","background-attachment":"scroll","background-type":"","background-media":"","overlay-type":"","overlay-color":"","overlay-opacity":"","overlay-gradient":""}},"ast-content-background-meta":{"desktop":{"background-color":"var(--ast-global-color-5)","background-image":"","background-repeat":"repeat","background-position":"center center","background-size":"auto","background-attachment":"scroll","background-type":"","background-media":"","overlay-type":"","overlay-color":"","overlay-opacity":"","overlay-gradient":""},"tablet":{"background-color":"var(--ast-global-color-5)","background-image":"","background-repeat":"repeat","background-position":"center center","background-size":"auto","background-attachment":"scroll","background-type":"","background-media":"","overlay-type":"","overlay-color":"","overlay-opacity":"","overlay-gradient":""},"mobile":{"background-color":"var(--ast-global-color-5)","background-image":"","background-repeat":"repeat","background-position":"center center","background-size":"auto","background-attachment":"scroll","background-type":"","background-media":"","overlay-type":"","overlay-color":"","overlay-opacity":"","overlay-gradient":""}}},"product_cat":[48],"product_tag":[],"class_list":["post-11129","product","type-product","status-publish","has-post-thumbnail","hentry","product_cat-sunkaraoke-dalok","desktop-align-left","tablet-align-left","mobile-align-left"],"_links":{"self":[{"href":"https:\/\/www.sunkaraoke.hu\/index.php\/wp-json\/wp\/v2\/product\/11129","targetHints":{"allow":["GET"]}}],"collection":[{"href":"https:\/\/www.sunkaraoke.hu\/index.php\/wp-json\/wp\/v2\/product"}],"about":[{"href":"https:\/\/www.sunkaraoke.hu\/index.php\/wp-json\/wp\/v2\/types\/product"}],"wp:featuredmedia":[{"embeddable":true,"href":"https:\/\/www.sunkaraoke.hu\/index.php\/wp-json\/wp\/v2\/media\/8991"}],"wp:attachment":[{"href":"https:\/\/www.sunkaraoke.hu\/index.php\/wp-json\/wp\/v2\/media?parent=11129"}],"wp:term":[{"taxonomy":"product_cat","embeddable":true,"href":"https:\/\/www.sunkaraoke.hu\/index.php\/wp-json\/wp\/v2\/product_cat?post=11129"},{"taxonomy":"product_tag","embeddable":true,"href":"https:\/\/www.sunkaraoke.hu\/index.php\/wp-json\/wp\/v2\/product_tag?post=11129"}],"curies":[{"name":"wp","href":"https:\/\/api.w.org\/{rel}","templated":true}]}}