{"id":11047,"date":"2023-03-29T07:29:07","date_gmt":"2023-03-29T07:29:07","guid":{"rendered":"https:\/\/www.sunkaraoke.hu\/?post_type=product&#038;p=11047"},"modified":"2025-04-14T05:12:05","modified_gmt":"2025-04-14T05:12:05","slug":"jerzsele-zoltan-szakadozott-rongy-vonodat","status":"publish","type":"product","link":"https:\/\/www.sunkaraoke.hu\/index.php\/termek\/jerzsele-zoltan-szakadozott-rongy-vonodat\/","title":{"rendered":"<div class=\"wcmp-player-container product-11047\"><audio controlslist=\"nodownload\" data-product=\"11047\"  volume=\"1\"  preload=\"none\" data-lazyloading=\"none\" class=\"wcmp-player track mejs-classic\" data-duration=\"0:36\" data-estimated_duration=\"4\"><source src=\"https:\/\/www.sunkaraoke.hu\/wp-content\/uploads\/2023\/03\/Szakadozott-rongy-demo.mp3\" type=\"audio\/mp3\" \/><\/audio><\/div>Jerzsele Zolt\u00e1n-Szakadozott rongy von\u00f3dat (Original)"},"content":{"rendered":"<p><b>04:38 \/<\/b>\u00a0<img decoding=\"async\" src=\"https:\/\/www.sunkaraoke.hu\/wp-content\/uploads\/2022\/07\/choir_1-copy.webp\" \/> \/<\/p>\n","protected":false},"excerpt":{"rendered":"<h6><strong>Bits\u0171r\u0171s\u00e9g: 320 kb\/s<\/strong><br \/>\n<strong>Hossz: 04:38<\/strong><\/h6>\n<h6><strong>Vok\u00e1lt tartalmaz: Igen<\/strong>\u00a0<img decoding=\"async\" src=\"https:\/\/www.sunkaraoke.hu\/wp-content\/uploads\/2022\/07\/choir_1-copy.png\" \/><strong style=\"font-size: 16px;\"><br \/>\n<\/strong><\/h6>\n<p>Sunkaraoke mp3 st\u00fadi\u00f3 \/ www.sunkaraoke.hu \/ Inf: Tel: 06 20 4275001<\/p>\n<p>&#8212;Intro&#8212;Cm&#8212;<br \/>\n&#8212;Wamp&#8212;<br \/>\nSzakadozott rongy von\u00f3dat mit sajn\u00e1lod,<br \/>\nh\u00fazzad cig\u00e1ny virradatig a n\u00f3t\u00e1m.<br \/>\nK\u00f6nnyeimet leperegni \u00fagysem l\u00e1tod,<br \/>\nak\u00e1rmilyen h\u0171tlen lett is a r\u00f3zs\u00e1m.<br \/>\nM\u00e1snak adta a jegykend\u0151j\u00e9t,<br \/>\nde \u00e9n az\u00e9rt nem b\u00fasulok miatta.<br \/>\nUtca hosszat teli hangos j\u00f3kedvem van,<br \/>\nhogy a b\u00famat, b\u00e1natomat ne tudja.<br \/>\nM\u00e1snak adta a jegykend\u0151j\u00e9t,<br \/>\nde \u00e9n az\u00e9rt nem b\u00fasulok miatta.<br \/>\nUtca hosszat teli hangos j\u00f3kedvem van,<br \/>\nhogy a b\u00famat, b\u00e1natomat ne tudja&#8230;<br \/>\nCsapl\u00e1rosn\u00e9 cs\u00f3kolom a cs\u00f6pp kis sz\u00e1j\u00e1t,<br \/>\nhozzon ide h\u00e9t litert a jav\u00e1b\u00f3l.<br \/>\nM\u00e9g ma \u00e9jjel kit\u00f6r\u00f6m az asztal l\u00e1b\u00e1t,<br \/>\nelaltatom b\u00e1natom a bor\u00e1val.<br \/>\nTemplom j\u00e1r\u00f3 sosem voltam,<br \/>\nezut\u00e1n sem kell n\u00e9kem az im\u00e1ds\u00e1g.<br \/>\nUtca hosszat eszeveszett t\u00e1ncot j\u00e1rok,<br \/>\nhogy a b\u00famat, b\u00e1natomat ne l\u00e1ss\u00e1k.<br \/>\nTemplom j\u00e1r\u00f3 sosem voltam,<br \/>\nezut\u00e1n sem kell n\u00e9kem az im\u00e1ds\u00e1g.<br \/>\nUtca hosszat eszeveszett t\u00e1ncot j\u00e1rok,<br \/>\nhogy a b\u00famat, b\u00e1natomat ne l\u00e1ss\u00e1k.<br \/>\n&#8212;Acc. Solo&#8212;<br \/>\n&#8212;Git\u00e1r Solo&#8212;<br \/>\nSzakadozott rongy von\u00f3dat mit sajn\u00e1lod,<br \/>\nh\u00fazzad cig\u00e1ny virradatig a n\u00f3t\u00e1m.<br \/>\nK\u00f6nnyeimet leperegni \u00fagysem l\u00e1tod,<br \/>\nak\u00e1rmilyen h\u0171tlen lett is a r\u00f3zs\u00e1m.<br \/>\nM\u00e1snak adta a jegykend\u0151j\u00e9t,<br \/>\nde \u00e9n az\u00e9rt nem b\u00fasulok miatta.<br \/>\nUtca hosszat teli hangos j\u00f3kedvem van,<br \/>\nhogy a b\u00famat, b\u00e1natomat ne tudja.<br \/>\nM\u00e1snak adta a jegykend\u0151j\u00e9t,<br \/>\nde \u00e9n az\u00e9rt nem b\u00fasulok miatta.<br \/>\nUtca hosszat teli hangos j\u00f3kedvem van,<br \/>\nhogy a b\u00famat, b\u00e1natomat ne tudja&#8230;<br \/>\nCsapl\u00e1rosn\u00e9 cs\u00f3kolom a cs\u00f6pp kis sz\u00e1j\u00e1t,<br \/>\nhozzon ide h\u00e9t litert a jav\u00e1b\u00f3l.<br \/>\nM\u00e9g ma \u00e9jjel kit\u00f6r\u00f6m az asztal l\u00e1b\u00e1t,<br \/>\nelaltatom b\u00e1natom a bor\u00e1val.<br \/>\nTemplom j\u00e1r\u00f3 sosem voltam,<br \/>\nezut\u00e1n sem kell n\u00e9kem az im\u00e1ds\u00e1g.<br \/>\nUtca hosszat eszeveszett t\u00e1ncot j\u00e1rok,<br \/>\nhogy a b\u00famat, b\u00e1natomat ne l\u00e1ss\u00e1k.<br \/>\nTemplom j\u00e1r\u00f3 sosem voltam,<br \/>\nezut\u00e1n sem kell n\u00e9kem az im\u00e1ds\u00e1g.<br \/>\nUtca hosszat eszeveszett t\u00e1ncot j\u00e1rok,<br \/>\nhogy a b\u00famat, b\u00e1natomat ne l\u00e1ss\u00e1k!<br \/>\n&#8212;Git\u00e1r Solo&#8212;<br \/>\n&#8212;Coda&#8212;<br \/>\n&#8212;Jer\u00f3 Music &#8211; 2023.&#8212;<\/p>\n","protected":false},"featured_media":9772,"template":"","meta":{"site-sidebar-layout":"default","site-content-layout":"default","ast-site-content-layout":"default","site-content-style":"default","site-sidebar-style":"default","ast-global-header-display":"","ast-banner-title-visibility":"","ast-main-header-display":"","ast-hfb-above-header-display":"","ast-hfb-below-header-display":"","ast-hfb-mobile-header-display":"","site-post-title":"","ast-breadcrumbs-content":"","ast-featured-img":"","footer-sml-layout":"","theme-transparent-header-meta":"default","adv-header-id-meta":"","stick-header-meta":"","header-above-stick-meta":"","header-main-stick-meta":"","header-below-stick-meta":"","astra-migrate-meta-layouts":"set","ast-page-background-enabled":"default","ast-page-background-meta":{"desktop":{"background-color":"var(--ast-global-color-4)","background-image":"","background-repeat":"repeat","background-position":"center center","background-size":"auto","background-attachment":"scroll","background-type":"","background-media":"","overlay-type":"","overlay-color":"","overlay-opacity":"","overlay-gradient":""},"tablet":{"background-color":"","background-image":"","background-repeat":"repeat","background-position":"center center","background-size":"auto","background-attachment":"scroll","background-type":"","background-media":"","overlay-type":"","overlay-color":"","overlay-opacity":"","overlay-gradient":""},"mobile":{"background-color":"","background-image":"","background-repeat":"repeat","background-position":"center center","background-size":"auto","background-attachment":"scroll","background-type":"","background-media":"","overlay-type":"","overlay-color":"","overlay-opacity":"","overlay-gradient":""}},"ast-content-background-meta":{"desktop":{"background-color":"var(--ast-global-color-5)","background-image":"","background-repeat":"repeat","background-position":"center center","background-size":"auto","background-attachment":"scroll","background-type":"","background-media":"","overlay-type":"","overlay-color":"","overlay-opacity":"","overlay-gradient":""},"tablet":{"background-color":"var(--ast-global-color-5)","background-image":"","background-repeat":"repeat","background-position":"center center","background-size":"auto","background-attachment":"scroll","background-type":"","background-media":"","overlay-type":"","overlay-color":"","overlay-opacity":"","overlay-gradient":""},"mobile":{"background-color":"var(--ast-global-color-5)","background-image":"","background-repeat":"repeat","background-position":"center center","background-size":"auto","background-attachment":"scroll","background-type":"","background-media":"","overlay-type":"","overlay-color":"","overlay-opacity":"","overlay-gradient":""}}},"product_cat":[75],"product_tag":[],"class_list":["post-11047","product","type-product","status-publish","has-post-thumbnail","hentry","product_cat-jerzsele-zoltan","desktop-align-left","tablet-align-left","mobile-align-left"],"_links":{"self":[{"href":"https:\/\/www.sunkaraoke.hu\/index.php\/wp-json\/wp\/v2\/product\/11047","targetHints":{"allow":["GET"]}}],"collection":[{"href":"https:\/\/www.sunkaraoke.hu\/index.php\/wp-json\/wp\/v2\/product"}],"about":[{"href":"https:\/\/www.sunkaraoke.hu\/index.php\/wp-json\/wp\/v2\/types\/product"}],"wp:featuredmedia":[{"embeddable":true,"href":"https:\/\/www.sunkaraoke.hu\/index.php\/wp-json\/wp\/v2\/media\/9772"}],"wp:attachment":[{"href":"https:\/\/www.sunkaraoke.hu\/index.php\/wp-json\/wp\/v2\/media?parent=11047"}],"wp:term":[{"taxonomy":"product_cat","embeddable":true,"href":"https:\/\/www.sunkaraoke.hu\/index.php\/wp-json\/wp\/v2\/product_cat?post=11047"},{"taxonomy":"product_tag","embeddable":true,"href":"https:\/\/www.sunkaraoke.hu\/index.php\/wp-json\/wp\/v2\/product_tag?post=11047"}],"curies":[{"name":"wp","href":"https:\/\/api.w.org\/{rel}","templated":true}]}}