{"id":10937,"date":"2023-03-10T12:06:38","date_gmt":"2023-03-10T12:06:38","guid":{"rendered":"https:\/\/www.sunkaraoke.hu\/?post_type=product&#038;p=10937"},"modified":"2025-04-14T05:14:26","modified_gmt":"2025-04-14T05:14:26","slug":"zambo-jimmy-lehet-hogy-teged-vartalak-2023","status":"publish","type":"product","link":"https:\/\/www.sunkaraoke.hu\/index.php\/termek\/zambo-jimmy-lehet-hogy-teged-vartalak-2023\/","title":{"rendered":"<div class=\"wcmp-player-container product-10937\"><audio controlslist=\"nodownload\" data-product=\"10937\"  volume=\"1\"  preload=\"none\" data-lazyloading=\"none\" class=\"wcmp-player track mejs-classic\" data-duration=\"1:35\" data-estimated_duration=\"10\"><source src=\"https:\/\/www.sunkaraoke.hu\/wp-content\/uploads\/2023\/03\/Lehet-hogy-teged-vartalak-Transz-202_demo-1.mp3\" type=\"audio\/mp3\" \/><\/audio><\/div>Z\u00e1mb\u00f3 Jimmy &#8211; Lehet hogy t\u00e9ged v\u00e1rtalak (PB Edition)"},"content":{"rendered":"<p><strong>03:24<\/strong>\u00a0| <strong><img loading=\"lazy\" decoding=\"async\" class=\"alignnone size-full wp-image-467\" src=\"https:\/\/www.sunkaraoke.hu\/wp-content\/uploads\/2022\/07\/choir_2-copy.webp\" alt=\"\" width=\"30\" height=\"30\" \/> <strong> | <img decoding=\"async\" src=\"https:\/\/www.sunkaraoke.hu\/wp-content\/uploads\/2022\/07\/transzponalas.webp\" \/>\u00a0 -2<\/strong><\/strong><\/p>\n<p>&nbsp;<\/p>\n<p>&nbsp;<\/p>\n","protected":false},"excerpt":{"rendered":"<h6><strong>Bits\u0171r\u0171s\u00e9g: 320kb\/s<\/strong><br \/>\n<strong>Hossz: 03:24<\/strong><\/h6>\n<h6><strong>Vok\u00e1t tartalmaz: Nem\u00a0 <img loading=\"lazy\" decoding=\"async\" class=\"alignnone size-full wp-image-467\" src=\"http:\/\/www.sunkaraoke.hu\/wp-content\/uploads\/2022\/07\/choir_2-copy.png\" alt=\"\" width=\"30\" height=\"30\" \/> \u00a0<\/strong><\/h6>\n<h6><strong>Transzpon\u00e1l\u00e1s\u00a0 \u00a0 <img decoding=\"async\" src=\"https:\/\/www.sunkaraoke.hu\/wp-content\/uploads\/2022\/07\/transzponalas.png\" \/> -2<\/strong><\/h6>\n<p>Sunkaraoke mp3 st\u00fadi\u00f3 \/ www.sunkaraoke.hu \/ Inf: Tel: 06 20 4275001<\/p>\n<p>&#8212;Intr\u00f3&#8212;<br \/>\nVan \u00e9bred\u00e9s, \u00e9s vannak \u00e1lmok,<br \/>\n\u00e9s j\u00f3l tudom, mi mennyit \u00e9r.<br \/>\nDe nem tudom, egy sz\u00e9p napon,<br \/>\nmit hoz fel\u00e9m, a k\u00f6nny\u0171 sz\u00e9l.<\/p>\n<p>Lehet, hogy t\u00e9ged v\u00e1rtalak mindig,<br \/>\nminden \u00e9jszak\u00e1n.<br \/>\nLehet, hogy, te vagy minden \u00e9jjel,<br \/>\nminden \u00e1lmom.<br \/>\nBiztos, hogy, t\u00e9ged v\u00e1rtalak mindig,<br \/>\nminden \u00e9jszak\u00e1n,<br \/>\n\u00e9rted s\u00edrtam \u00e1t, sok \u00e9jszak\u00e1t!<\/p>\n<p>\u00c9s van egy l\u00e1ny, az \u00e1lmaimban,<br \/>\nelt\u0171nik minden, hajnalon.<br \/>\nHogy j\u00f6n fel\u00e9m, azt v\u00e1rom \u00e9n,<br \/>\ntal\u00e1n te vagy, \u00e9s te j\u00f6ssz fel\u00e9m.<br \/>\nLehet, hogy t\u00e9ged v\u00e1rtalak mindig,<br \/>\nminden \u00e9jszak\u00e1n.<br \/>\nLehet, hogy, te vagy minden \u00e9jjel,<br \/>\nminden \u00e1lmom.<br \/>\nBiztos, hogy, t\u00e9ged v\u00e1rtalak mindig,<br \/>\nminden \u00e9jszak\u00e1n,<br \/>\n\u00e9rted s\u00edrtam \u00e1t,a sok sok \u00e9jszak\u00e1t!<\/p>\n<p>&#8212;Sz\u00f3l\u00f3&#8212;<br \/>\nLehet, hogy t\u00e9ged v\u00e1rtalak mindig,<br \/>\nminden \u00e9jszak\u00e1n.<br \/>\nLehet, hogy, te vagy minden \u00e9jjel,<br \/>\nminden \u00e1lmom.<br \/>\nBiztos, hogy, t\u00e9ged v\u00e1rtalak mindig,<br \/>\nminden \u00e9jszak\u00e1n,<br \/>\n\u00e9rted s\u00edrtam \u00e1t,a sok sok \u00e9jszak\u00e1t!<br \/>\nLehet, hogy t\u00e9ged v\u00e1rtalak mindig,<br \/>\nminden \u00e9jszak\u00e1n.<br \/>\nLehet, hogy, te vagy minden \u00e9jjel,<br \/>\nminden \u00e1lmom.<br \/>\nBiztos, hogy, t\u00e9ged v\u00e1rtalak mindig,<br \/>\nminden \u00e9jszak\u00e1n,<br \/>\n\u00e9rted s\u00edrtam \u00e1t,a sok sok \u00e9jszak\u00e1t!<br \/>\n&#8212;V\u00e9ge&#8212;<\/p>\n<p>&nbsp;<\/p>\n","protected":false},"featured_media":9274,"template":"","meta":{"site-sidebar-layout":"default","site-content-layout":"default","ast-site-content-layout":"default","site-content-style":"default","site-sidebar-style":"default","ast-global-header-display":"","ast-banner-title-visibility":"","ast-main-header-display":"","ast-hfb-above-header-display":"","ast-hfb-below-header-display":"","ast-hfb-mobile-header-display":"","site-post-title":"","ast-breadcrumbs-content":"","ast-featured-img":"","footer-sml-layout":"","theme-transparent-header-meta":"default","adv-header-id-meta":"","stick-header-meta":"","header-above-stick-meta":"","header-main-stick-meta":"","header-below-stick-meta":"","astra-migrate-meta-layouts":"set","ast-page-background-enabled":"default","ast-page-background-meta":{"desktop":{"background-color":"var(--ast-global-color-4)","background-image":"","background-repeat":"repeat","background-position":"center center","background-size":"auto","background-attachment":"scroll","background-type":"","background-media":"","overlay-type":"","overlay-color":"","overlay-opacity":"","overlay-gradient":""},"tablet":{"background-color":"","background-image":"","background-repeat":"repeat","background-position":"center center","background-size":"auto","background-attachment":"scroll","background-type":"","background-media":"","overlay-type":"","overlay-color":"","overlay-opacity":"","overlay-gradient":""},"mobile":{"background-color":"","background-image":"","background-repeat":"repeat","background-position":"center center","background-size":"auto","background-attachment":"scroll","background-type":"","background-media":"","overlay-type":"","overlay-color":"","overlay-opacity":"","overlay-gradient":""}},"ast-content-background-meta":{"desktop":{"background-color":"var(--ast-global-color-5)","background-image":"","background-repeat":"repeat","background-position":"center center","background-size":"auto","background-attachment":"scroll","background-type":"","background-media":"","overlay-type":"","overlay-color":"","overlay-opacity":"","overlay-gradient":""},"tablet":{"background-color":"var(--ast-global-color-5)","background-image":"","background-repeat":"repeat","background-position":"center center","background-size":"auto","background-attachment":"scroll","background-type":"","background-media":"","overlay-type":"","overlay-color":"","overlay-opacity":"","overlay-gradient":""},"mobile":{"background-color":"var(--ast-global-color-5)","background-image":"","background-repeat":"repeat","background-position":"center center","background-size":"auto","background-attachment":"scroll","background-type":"","background-media":"","overlay-type":"","overlay-color":"","overlay-opacity":"","overlay-gradient":""}}},"product_cat":[48],"product_tag":[],"class_list":["post-10937","product","type-product","status-publish","has-post-thumbnail","hentry","product_cat-sunkaraoke-dalok","desktop-align-left","tablet-align-left","mobile-align-left"],"_links":{"self":[{"href":"https:\/\/www.sunkaraoke.hu\/index.php\/wp-json\/wp\/v2\/product\/10937","targetHints":{"allow":["GET"]}}],"collection":[{"href":"https:\/\/www.sunkaraoke.hu\/index.php\/wp-json\/wp\/v2\/product"}],"about":[{"href":"https:\/\/www.sunkaraoke.hu\/index.php\/wp-json\/wp\/v2\/types\/product"}],"wp:featuredmedia":[{"embeddable":true,"href":"https:\/\/www.sunkaraoke.hu\/index.php\/wp-json\/wp\/v2\/media\/9274"}],"wp:attachment":[{"href":"https:\/\/www.sunkaraoke.hu\/index.php\/wp-json\/wp\/v2\/media?parent=10937"}],"wp:term":[{"taxonomy":"product_cat","embeddable":true,"href":"https:\/\/www.sunkaraoke.hu\/index.php\/wp-json\/wp\/v2\/product_cat?post=10937"},{"taxonomy":"product_tag","embeddable":true,"href":"https:\/\/www.sunkaraoke.hu\/index.php\/wp-json\/wp\/v2\/product_tag?post=10937"}],"curies":[{"name":"wp","href":"https:\/\/api.w.org\/{rel}","templated":true}]}}