{"id":10922,"date":"2023-03-06T16:06:04","date_gmt":"2023-03-06T16:06:04","guid":{"rendered":"https:\/\/www.sunkaraoke.hu\/?post_type=product&#038;p=10922"},"modified":"2025-08-16T06:09:11","modified_gmt":"2025-08-16T04:09:11","slug":"balkan-fanatik-van-nekem-egy-rettenetes-szokasom-2023-cover","status":"publish","type":"product","link":"https:\/\/www.sunkaraoke.hu\/index.php\/termek\/balkan-fanatik-van-nekem-egy-rettenetes-szokasom-2023-cover\/","title":{"rendered":"<div class=\"wcmp-player-container product-10922\"><audio controlslist=\"nodownload\" data-product=\"10922\"  volume=\"1\"  preload=\"none\" data-lazyloading=\"none\" class=\"wcmp-player track mejs-classic\" data-duration=\"0:32\" data-estimated_duration=\"4\"><source src=\"https:\/\/www.sunkaraoke.hu\/wp-content\/uploads\/2023\/03\/Van-nekem-egy-rettenetes-2023_-demo2.mp3\" type=\"audio\/mp3\" \/><\/audio><\/div>Balk\u00e1n Fanatik &#8211; Van nekem egy rettenetes szok\u00e1som (PB Cover Edition)"},"content":{"rendered":"<p><strong>02:29<\/strong>\u00a0| <strong><img loading=\"lazy\" decoding=\"async\" class=\"alignnone size-full wp-image-467\" src=\"https:\/\/www.sunkaraoke.hu\/wp-content\/uploads\/2022\/07\/choir_2-copy.webp\" alt=\"\" width=\"30\" height=\"30\" \/> <strong> | <img decoding=\"async\" src=\"https:\/\/www.sunkaraoke.hu\/wp-content\/uploads\/2022\/07\/transzponalas.webp\" \/> +2\u00a0<\/strong><\/strong><\/p>\n","protected":false},"excerpt":{"rendered":"<h5><strong>Bits\u0171r\u0171s\u00e9g: 320kb\/s<\/strong><br \/>\n<strong>Hossz: 02:29<\/strong><\/h5>\n<h5>Transzpon\u00e1l\u00e1s: <img decoding=\"async\" src=\"https:\/\/www.sunkaraoke.hu\/wp-content\/uploads\/2022\/07\/transzponalas.png\" \/>+2<br \/>\n<strong>Vok\u00e1lt tartalmaz: Nem <img loading=\"lazy\" decoding=\"async\" class=\"alignnone size-full wp-image-467\" src=\"http:\/\/www.sunkaraoke.hu\/wp-content\/uploads\/2022\/07\/choir_2-copy.png\" alt=\"\" width=\"30\" height=\"30\" \/><\/strong><strong style=\"font-size: 16px;\"><br \/>\n<\/strong><\/h5>\n<p>Sunkaraoke mp3 st\u00fadi\u00f3 \/ www.sunkaraoke.hu \/ Inf: Tel: 06 20 4275001<\/p>\n<p>&#8212;Intr\u00f3&#8212;<br \/>\nVan n\u00e9kem egy rettenetes szok\u00e1som,<br \/>\nha bort iszok a p\u00e1link\u00e1t k\u00edv\u00e1nom.<br \/>\nErre m\u00e9g az \u00f6reg ap\u00e1m \u00f6reg apja tan\u00edtott,<br \/>\naki m\u00e9g a hord\u00f3val is koccintott.<br \/>\nErre m\u00e9g az \u00f6reg ap\u00e1m \u00f6reg apja tan\u00edtott,<br \/>\naki m\u00e9g a hord\u00f3val is koccintott.<\/p>\n<p>Beleesett egy kis l\u00e9gy a boromba,<br \/>\nnem veszem ki, nem vagyok \u00e9n goromba.<br \/>\nLecs\u00faszott m\u00e1r hat \u00f6k\u00f6r is, h\u00e1t az a l\u00e9gy mit \u00e1rtson,<br \/>\na j\u00f3 Isten tartsa meg a szok\u00e1som.<br \/>\nLecs\u00faszott m\u00e1r hat \u00f6k\u00f6r is, h\u00e1t az a l\u00e9gy mit \u00e1rtson,<br \/>\na j\u00f3 Isten tartsa meg a szok\u00e1som.<br \/>\n&#8212;Sz\u00f3l\u00f3&#8212;<br \/>\nSzombat este haragszik r\u00e1m az asszony,<br \/>\nhaza megyek \u00e9n azonnal elalszom,<br \/>\nnem alszom el csak a szemem leh\u00fanyom, hogy ne l\u00e1ssam,<br \/>\na j\u00f3 isten tartsa meg a szok\u00e1som.<br \/>\nNem alszom el csak a szemem leh\u00fanyom, hogy ne l\u00e1ssam,<br \/>\na j\u00f3 isten tartsa meg a szok\u00e1som.<\/p>\n<p>Azt a kutya mindenit a vil\u00e1gnak,<br \/>\nrosszabb \u00e9letem van mint a kuty\u00e1nak.<br \/>\nMert a kutya lefekszik a sz\u00e9n\u00e1ba szalm\u00e1ba,<br \/>\n\u00e9n meg csak \u00fagy bolyongok a vil\u00e1gba.<br \/>\nMert a kutya lefekszik a sz\u00e9n\u00e1ba szalm\u00e1ba,<br \/>\n\u00e9n meg csak \u00fagy bolyongok a vil\u00e1gba.<br \/>\n&#8212;Sz\u00f3l\u00f3&#8212;<br \/>\nVan n\u00e9kem egy rettenetes any\u00f3som,<br \/>\nelviszem \u00e9n a pokolba vas\u00faton,<br \/>\nveszek n\u00e9ki t\u00edz forint\u00e9t, sz\u00e1z m\u00e9ter k\u00f6telet,<br \/>\nhogy ne egye tov\u00e1bb az \u00e9letemet!<br \/>\nVeszek n\u00e9ki t\u00edz forint\u00e9t, sz\u00e1z m\u00e9ter k\u00f6telet,<br \/>\nhogy ne egye tov\u00e1bb az \u00e9letemet!<br \/>\n&#8212;V\u00e9ge&#8212;<\/p>\n<p>&nbsp;<\/p>\n","protected":false},"featured_media":10897,"template":"","meta":{"site-sidebar-layout":"default","site-content-layout":"default","ast-site-content-layout":"default","site-content-style":"default","site-sidebar-style":"default","ast-global-header-display":"","ast-banner-title-visibility":"","ast-main-header-display":"","ast-hfb-above-header-display":"","ast-hfb-below-header-display":"","ast-hfb-mobile-header-display":"","site-post-title":"","ast-breadcrumbs-content":"","ast-featured-img":"","footer-sml-layout":"","theme-transparent-header-meta":"default","adv-header-id-meta":"","stick-header-meta":"","header-above-stick-meta":"","header-main-stick-meta":"","header-below-stick-meta":"","astra-migrate-meta-layouts":"set","ast-page-background-enabled":"default","ast-page-background-meta":{"desktop":{"background-color":"var(--ast-global-color-4)","background-image":"","background-repeat":"repeat","background-position":"center center","background-size":"auto","background-attachment":"scroll","background-type":"","background-media":"","overlay-type":"","overlay-color":"","overlay-opacity":"","overlay-gradient":""},"tablet":{"background-color":"","background-image":"","background-repeat":"repeat","background-position":"center center","background-size":"auto","background-attachment":"scroll","background-type":"","background-media":"","overlay-type":"","overlay-color":"","overlay-opacity":"","overlay-gradient":""},"mobile":{"background-color":"","background-image":"","background-repeat":"repeat","background-position":"center center","background-size":"auto","background-attachment":"scroll","background-type":"","background-media":"","overlay-type":"","overlay-color":"","overlay-opacity":"","overlay-gradient":""}},"ast-content-background-meta":{"desktop":{"background-color":"var(--ast-global-color-5)","background-image":"","background-repeat":"repeat","background-position":"center center","background-size":"auto","background-attachment":"scroll","background-type":"","background-media":"","overlay-type":"","overlay-color":"","overlay-opacity":"","overlay-gradient":""},"tablet":{"background-color":"var(--ast-global-color-5)","background-image":"","background-repeat":"repeat","background-position":"center center","background-size":"auto","background-attachment":"scroll","background-type":"","background-media":"","overlay-type":"","overlay-color":"","overlay-opacity":"","overlay-gradient":""},"mobile":{"background-color":"var(--ast-global-color-5)","background-image":"","background-repeat":"repeat","background-position":"center center","background-size":"auto","background-attachment":"scroll","background-type":"","background-media":"","overlay-type":"","overlay-color":"","overlay-opacity":"","overlay-gradient":""}}},"product_cat":[48],"product_tag":[],"class_list":["post-10922","product","type-product","status-publish","has-post-thumbnail","hentry","product_cat-sunkaraoke-dalok","desktop-align-left","tablet-align-left","mobile-align-left"],"_links":{"self":[{"href":"https:\/\/www.sunkaraoke.hu\/index.php\/wp-json\/wp\/v2\/product\/10922","targetHints":{"allow":["GET"]}}],"collection":[{"href":"https:\/\/www.sunkaraoke.hu\/index.php\/wp-json\/wp\/v2\/product"}],"about":[{"href":"https:\/\/www.sunkaraoke.hu\/index.php\/wp-json\/wp\/v2\/types\/product"}],"wp:featuredmedia":[{"embeddable":true,"href":"https:\/\/www.sunkaraoke.hu\/index.php\/wp-json\/wp\/v2\/media\/10897"}],"wp:attachment":[{"href":"https:\/\/www.sunkaraoke.hu\/index.php\/wp-json\/wp\/v2\/media?parent=10922"}],"wp:term":[{"taxonomy":"product_cat","embeddable":true,"href":"https:\/\/www.sunkaraoke.hu\/index.php\/wp-json\/wp\/v2\/product_cat?post=10922"},{"taxonomy":"product_tag","embeddable":true,"href":"https:\/\/www.sunkaraoke.hu\/index.php\/wp-json\/wp\/v2\/product_tag?post=10922"}],"curies":[{"name":"wp","href":"https:\/\/api.w.org\/{rel}","templated":true}]}}