{"id":10885,"date":"2023-03-01T12:28:33","date_gmt":"2023-03-01T12:28:33","guid":{"rendered":"https:\/\/www.sunkaraoke.hu\/?post_type=product&#038;p=10885"},"modified":"2025-04-14T05:16:45","modified_gmt":"2025-04-14T05:16:45","slug":"galamb-jozsef-szurke-eniko-viszlat-edes","status":"publish","type":"product","link":"https:\/\/www.sunkaraoke.hu\/index.php\/termek\/galamb-jozsef-szurke-eniko-viszlat-edes\/","title":{"rendered":"<div class=\"wcmp-player-container product-10885\"><audio controlslist=\"nodownload\" data-product=\"10885\"  volume=\"1\"  preload=\"none\" data-lazyloading=\"none\" class=\"wcmp-player track mejs-classic\" data-duration=\"0:33\" data-estimated_duration=\"4\"><source src=\"https:\/\/www.sunkaraoke.hu\/wp-content\/uploads\/2023\/03\/Viszlat-edes-voc_demo-1.mp3\" type=\"audio\/mp3\" \/><\/audio><\/div>Galamb J\u00f3zsef &#038; Sz\u00fcrke Enik\u0151 &#8211; Viszl\u00e1t \u00e9des (Original)"},"content":{"rendered":"<p><b>03:55<\/b>| <strong><img loading=\"lazy\" decoding=\"async\" class=\"alignnone size-full wp-image-466\" src=\"https:\/\/www.sunkaraoke.hu\/wp-content\/uploads\/2022\/07\/choir_1-copy.webp\" alt=\"\" width=\"30\" height=\"30\" \/> <\/strong><\/p>\n","protected":false},"excerpt":{"rendered":"<h5><strong>Bits\u0171r\u0171s\u00e9g: 320 kb\/s<\/strong><br \/>\n<strong>Hossz: 03:55<\/strong><br \/>\n<strong>Vok\u00e1lt tartalmaz: Igen <img loading=\"lazy\" decoding=\"async\" class=\"alignnone size-full wp-image-466\" src=\"http:\/\/www.sunkaraoke.hu\/wp-content\/uploads\/2022\/07\/choir_1-copy.png\" alt=\"\" width=\"30\" height=\"30\" \/><\/strong><strong style=\"font-size: 16px;\"><br \/>\n<\/strong><\/h5>\n<p>Sunkaraoke mp3 st\u00fadi\u00f3 \/ www.sunkaraoke.hu \/ Inf: Tel: 06 20 4275001<\/p>\n<p>Viszl\u00e1t \u00e9des &#8211; Cism<\/p>\n<p>Mit \u00e9r az \u00e9let n\u00e9lk\u00fclem<br \/>\nMit \u00e9r a sz\u00edved, ha nem szeretem<br \/>\nMit \u00e9r a cs\u00f3kod, ha nem \u00f6lelsz m\u00e1r \u00e1t<br \/>\nTudod, hogy milyen sr\u00e1c vagyok<br \/>\nHa szeretsz, hozz\u00e1d tartozom<br \/>\n\u00c9s te m\u00e9gis, olyan csuny\u00e1n becsapt\u00e1l<\/p>\n<p>Viszl\u00e1t \u00e9des, menek\u00fclj t\u0151lem<br \/>\nKeress csak m\u00e1s bolondot helyettem<br \/>\nElfelejtem minden szavad<br \/>\nBel\u0151led semmi nem marad<br \/>\nViszl\u00e1t \u00e9des, menek\u00fclj t\u0151lem<br \/>\nSzeress csak m\u00e1s bolondot helyettem<br \/>\nElfelejtem minden szavad<br \/>\nBel\u0151led semmi nem marad<\/p>\n<p>&gt;WAMP&lt;<\/p>\n<p>Mit \u00e9r az \u00e9let n\u00e9lk\u00fclem<br \/>\nMit \u00e9r a sz\u00edved, ha nem szeretem<br \/>\nMit \u00e9r a cs\u00f3kod, ha nem \u00f6lelsz m\u00e1r \u00e1t<br \/>\nTudod, hogy milyen sr\u00e1c vagyok<br \/>\nHa szeretsz, hozz\u00e1d tartozom<br \/>\n\u00c9s te m\u00e9gis, olyan csuny\u00e1n becsapt\u00e1l<\/p>\n<p>Viszl\u00e1t \u00e9des, menek\u00fclj t\u0151lem<br \/>\nKeress csak m\u00e1s bolondot helyettem<br \/>\nElfelejtem minden szavad<br \/>\nBel\u0151led semmi nem marad<br \/>\nViszl\u00e1t \u00e9des, menek\u00fclj t\u0151lem<br \/>\nSzeress csak m\u00e1s bolondot helyettem<br \/>\nElfelejtem minden szavad<br \/>\nBel\u0151led semmi nem marad<\/p>\n<p>&gt;SOLO&lt;<\/p>\n<p>Viszl\u00e1t \u00e9des, menek\u00fclj t\u0151lem<br \/>\nKeress csak m\u00e1s bolondot helyettem<br \/>\nElfelejtem minden szavad<br \/>\nBel\u0151led semmi nem marad<br \/>\nViszl\u00e1t \u00e9des, menek\u00fclj t\u0151lem<br \/>\nSzeress csak m\u00e1s bolondot helyettem<br \/>\nElfelejtem minden szavad<br \/>\nBel\u0151led semmi nem marad<\/p>\n<p>Viszl\u00e1t \u00e9des, menek\u00fclj t\u0151lem<br \/>\nKeress csak m\u00e1s bolondot helyettem<br \/>\nElfelejtem minden szavad<br \/>\nBel\u0151led semmi nem marad<br \/>\nViszl\u00e1t \u00e9des, menek\u00fclj t\u0151lem<br \/>\nSzeress csak m\u00e1s bolondot helyettem<br \/>\nElfelejtem minden szavad<br \/>\nBel\u0151led semmi nem marad<\/p>\n","protected":false},"featured_media":6363,"template":"","meta":{"site-sidebar-layout":"default","site-content-layout":"default","ast-site-content-layout":"default","site-content-style":"default","site-sidebar-style":"default","ast-global-header-display":"","ast-banner-title-visibility":"","ast-main-header-display":"","ast-hfb-above-header-display":"","ast-hfb-below-header-display":"","ast-hfb-mobile-header-display":"","site-post-title":"","ast-breadcrumbs-content":"","ast-featured-img":"","footer-sml-layout":"","theme-transparent-header-meta":"default","adv-header-id-meta":"","stick-header-meta":"","header-above-stick-meta":"","header-main-stick-meta":"","header-below-stick-meta":"","astra-migrate-meta-layouts":"set","ast-page-background-enabled":"default","ast-page-background-meta":{"desktop":{"background-color":"var(--ast-global-color-4)","background-image":"","background-repeat":"repeat","background-position":"center center","background-size":"auto","background-attachment":"scroll","background-type":"","background-media":"","overlay-type":"","overlay-color":"","overlay-opacity":"","overlay-gradient":""},"tablet":{"background-color":"","background-image":"","background-repeat":"repeat","background-position":"center center","background-size":"auto","background-attachment":"scroll","background-type":"","background-media":"","overlay-type":"","overlay-color":"","overlay-opacity":"","overlay-gradient":""},"mobile":{"background-color":"","background-image":"","background-repeat":"repeat","background-position":"center center","background-size":"auto","background-attachment":"scroll","background-type":"","background-media":"","overlay-type":"","overlay-color":"","overlay-opacity":"","overlay-gradient":""}},"ast-content-background-meta":{"desktop":{"background-color":"var(--ast-global-color-5)","background-image":"","background-repeat":"repeat","background-position":"center center","background-size":"auto","background-attachment":"scroll","background-type":"","background-media":"","overlay-type":"","overlay-color":"","overlay-opacity":"","overlay-gradient":""},"tablet":{"background-color":"var(--ast-global-color-5)","background-image":"","background-repeat":"repeat","background-position":"center center","background-size":"auto","background-attachment":"scroll","background-type":"","background-media":"","overlay-type":"","overlay-color":"","overlay-opacity":"","overlay-gradient":""},"mobile":{"background-color":"var(--ast-global-color-5)","background-image":"","background-repeat":"repeat","background-position":"center center","background-size":"auto","background-attachment":"scroll","background-type":"","background-media":"","overlay-type":"","overlay-color":"","overlay-opacity":"","overlay-gradient":""}}},"product_cat":[69],"product_tag":[],"class_list":["post-10885","product","type-product","status-publish","has-post-thumbnail","hentry","product_cat-galamb-joci","desktop-align-left","tablet-align-left","mobile-align-left"],"_links":{"self":[{"href":"https:\/\/www.sunkaraoke.hu\/index.php\/wp-json\/wp\/v2\/product\/10885","targetHints":{"allow":["GET"]}}],"collection":[{"href":"https:\/\/www.sunkaraoke.hu\/index.php\/wp-json\/wp\/v2\/product"}],"about":[{"href":"https:\/\/www.sunkaraoke.hu\/index.php\/wp-json\/wp\/v2\/types\/product"}],"wp:featuredmedia":[{"embeddable":true,"href":"https:\/\/www.sunkaraoke.hu\/index.php\/wp-json\/wp\/v2\/media\/6363"}],"wp:attachment":[{"href":"https:\/\/www.sunkaraoke.hu\/index.php\/wp-json\/wp\/v2\/media?parent=10885"}],"wp:term":[{"taxonomy":"product_cat","embeddable":true,"href":"https:\/\/www.sunkaraoke.hu\/index.php\/wp-json\/wp\/v2\/product_cat?post=10885"},{"taxonomy":"product_tag","embeddable":true,"href":"https:\/\/www.sunkaraoke.hu\/index.php\/wp-json\/wp\/v2\/product_tag?post=10885"}],"curies":[{"name":"wp","href":"https:\/\/api.w.org\/{rel}","templated":true}]}}