{"id":10881,"date":"2023-03-01T12:26:17","date_gmt":"2023-03-01T12:26:17","guid":{"rendered":"https:\/\/www.sunkaraoke.hu\/?post_type=product&#038;p=10881"},"modified":"2025-04-14T05:17:09","modified_gmt":"2025-04-14T05:17:09","slug":"galamb-jozsef-szurke-eniko-te-rossz-fiu","status":"publish","type":"product","link":"https:\/\/www.sunkaraoke.hu\/index.php\/termek\/galamb-jozsef-szurke-eniko-te-rossz-fiu\/","title":{"rendered":"<div class=\"wcmp-player-container product-10881\"><audio controlslist=\"nodownload\" data-product=\"10881\"  volume=\"1\"  preload=\"none\" data-lazyloading=\"none\" class=\"wcmp-player track mejs-classic\" data-duration=\"0:33\" data-estimated_duration=\"4\"><source src=\"https:\/\/www.sunkaraoke.hu\/wp-content\/uploads\/2023\/03\/Te-rossz-fiu_demo.mp3\" type=\"audio\/mp3\" \/><\/audio><\/div>Galamb J\u00f3zsef &#038; Sz\u00fcrke Enik\u0151 &#8211; Te rossz fi\u00fa (Original)"},"content":{"rendered":"<p><b>04:07<\/b>| <strong><img loading=\"lazy\" decoding=\"async\" class=\"alignnone size-full wp-image-466\" src=\"https:\/\/www.sunkaraoke.hu\/wp-content\/uploads\/2022\/07\/choir_1-copy.webp\" alt=\"\" width=\"30\" height=\"30\" \/> <\/strong><\/p>\n","protected":false},"excerpt":{"rendered":"<h5><strong>Bits\u0171r\u0171s\u00e9g: 320 kb\/s<\/strong><br \/>\n<strong>Hossz: 04:07<\/strong><br \/>\n<strong>Vok\u00e1lt tartalmaz: Igen <img loading=\"lazy\" decoding=\"async\" class=\"alignnone size-full wp-image-466\" src=\"http:\/\/www.sunkaraoke.hu\/wp-content\/uploads\/2022\/07\/choir_1-copy.png\" alt=\"\" width=\"30\" height=\"30\" \/><\/strong><strong style=\"font-size: 16px;\"><br \/>\n<\/strong><\/h5>\n<p>Sunkaraoke mp3 st\u00fadi\u00f3 \/ www.sunkaraoke.hu \/ Inf: Tel: 06 20 4275001<\/p>\n<p>Te rossz fi\u00fa &#8211; Am<\/p>\n<p>Na idefigyelj te rossz fi\u00fa<br \/>\nTe ne fuss\u00e1l ut\u00e1nam<br \/>\nTudom j\u00f3l, hogy te hogyan is \u00e9lsz<br \/>\nAhogy cs\u00e1bulsz, sokszor l\u00e1ttam<br \/>\nMit akarsz t\u0151lem, hisz egy egyszer\u0171<br \/>\nRendes l\u00e1ny vagyok<br \/>\nTe nem szereted, ha a kezedet fogom<br \/>\nHa melletted vagyok<\/p>\n<p>Menj \u00e9s keress egy olyan l\u00e1nyt<br \/>\nKi csak egy \u00e9jszak\u00e1ra v\u00e1r<br \/>\nAki m\u00e1r nem tud igaz\u00e1n szeretni<br \/>\nAki nem \u00e9rez semmit m\u00e1r<br \/>\nMenj \u00e9s keress egy olyan l\u00e1nyt<br \/>\nAki nevet, ha s\u00edrni l\u00e1t<br \/>\nKi ha bajban leszel, csak annyit mond<br \/>\nHogy \u00e9rted \u00fagy sem k\u00e1r<\/p>\n<p>&gt;WAMP&lt;<\/p>\n<p>Ne haragudj r\u00e1m te rossz fi\u00fa<br \/>\n\u00c9n ilyen vagyok, l\u00e1tod<br \/>\nNeked nem kell a szerelem<br \/>\nNem kellenek az \u00e1lmok<br \/>\nMit akarsz t\u0151lem, hisz egy egyszer\u0171<br \/>\nRendes l\u00e1ny vagyok<br \/>\n\u00c9n azt szeretem, ha a kezemet fogod<br \/>\n\u00c9s \u00e9n melletted vagyok<\/p>\n<p>Menj \u00e9s keress egy olyan l\u00e1nyt<br \/>\nKi csak egy \u00e9jszak\u00e1ra v\u00e1r<br \/>\nAki m\u00e1r nem tud igaz\u00e1n szeretni<br \/>\nAki nem \u00e9rez semmit m\u00e1r<br \/>\nMenj \u00e9s keress egy olyan l\u00e1nyt<br \/>\nAki nevet, ha s\u00edrni l\u00e1t<br \/>\nKi ha bajban leszel, csak annyit mond<br \/>\nHogy \u00e9rted \u00fagy sem k\u00e1r<\/p>\n<p>&gt;SOLO&lt;<\/p>\n<p>Menj \u00e9s keress egy olyan l\u00e1nyt &#8230;<br \/>\nAki m\u00e1r nem tud igaz\u00e1n szeretni &#8230;<br \/>\nMenj \u00e9s keress egy olyan l\u00e1nyt &#8230;<br \/>\nKi ha bajban leszel, csak annyit mond<br \/>\nHogy \u00e9rted \u00fagy sem k\u00e1r<\/p>\n<p>Menj \u00e9s keress egy olyan l\u00e1nyt<br \/>\nKi csak egy \u00e9jszak\u00e1ra v\u00e1r<br \/>\nAki m\u00e1r nem tud igaz\u00e1n szeretni<br \/>\nAki nem \u00e9rez semmit m\u00e1r<br \/>\nMenj \u00e9s keress egy olyan l\u00e1nyt<br \/>\nAki nevet, ha s\u00edrni l\u00e1t<br \/>\nKi ha bajban leszel, csak annyit mond<br \/>\nHogy \u00e9rted \u00fagy sem k\u00e1r<\/p>\n","protected":false},"featured_media":6363,"template":"","meta":{"site-sidebar-layout":"default","site-content-layout":"default","ast-site-content-layout":"default","site-content-style":"default","site-sidebar-style":"default","ast-global-header-display":"","ast-banner-title-visibility":"","ast-main-header-display":"","ast-hfb-above-header-display":"","ast-hfb-below-header-display":"","ast-hfb-mobile-header-display":"","site-post-title":"","ast-breadcrumbs-content":"","ast-featured-img":"","footer-sml-layout":"","theme-transparent-header-meta":"default","adv-header-id-meta":"","stick-header-meta":"","header-above-stick-meta":"","header-main-stick-meta":"","header-below-stick-meta":"","astra-migrate-meta-layouts":"set","ast-page-background-enabled":"default","ast-page-background-meta":{"desktop":{"background-color":"var(--ast-global-color-4)","background-image":"","background-repeat":"repeat","background-position":"center center","background-size":"auto","background-attachment":"scroll","background-type":"","background-media":"","overlay-type":"","overlay-color":"","overlay-opacity":"","overlay-gradient":""},"tablet":{"background-color":"","background-image":"","background-repeat":"repeat","background-position":"center center","background-size":"auto","background-attachment":"scroll","background-type":"","background-media":"","overlay-type":"","overlay-color":"","overlay-opacity":"","overlay-gradient":""},"mobile":{"background-color":"","background-image":"","background-repeat":"repeat","background-position":"center center","background-size":"auto","background-attachment":"scroll","background-type":"","background-media":"","overlay-type":"","overlay-color":"","overlay-opacity":"","overlay-gradient":""}},"ast-content-background-meta":{"desktop":{"background-color":"var(--ast-global-color-5)","background-image":"","background-repeat":"repeat","background-position":"center center","background-size":"auto","background-attachment":"scroll","background-type":"","background-media":"","overlay-type":"","overlay-color":"","overlay-opacity":"","overlay-gradient":""},"tablet":{"background-color":"var(--ast-global-color-5)","background-image":"","background-repeat":"repeat","background-position":"center center","background-size":"auto","background-attachment":"scroll","background-type":"","background-media":"","overlay-type":"","overlay-color":"","overlay-opacity":"","overlay-gradient":""},"mobile":{"background-color":"var(--ast-global-color-5)","background-image":"","background-repeat":"repeat","background-position":"center center","background-size":"auto","background-attachment":"scroll","background-type":"","background-media":"","overlay-type":"","overlay-color":"","overlay-opacity":"","overlay-gradient":""}}},"product_cat":[69],"product_tag":[],"class_list":["post-10881","product","type-product","status-publish","has-post-thumbnail","hentry","product_cat-galamb-joci","desktop-align-left","tablet-align-left","mobile-align-left"],"_links":{"self":[{"href":"https:\/\/www.sunkaraoke.hu\/index.php\/wp-json\/wp\/v2\/product\/10881","targetHints":{"allow":["GET"]}}],"collection":[{"href":"https:\/\/www.sunkaraoke.hu\/index.php\/wp-json\/wp\/v2\/product"}],"about":[{"href":"https:\/\/www.sunkaraoke.hu\/index.php\/wp-json\/wp\/v2\/types\/product"}],"wp:featuredmedia":[{"embeddable":true,"href":"https:\/\/www.sunkaraoke.hu\/index.php\/wp-json\/wp\/v2\/media\/6363"}],"wp:attachment":[{"href":"https:\/\/www.sunkaraoke.hu\/index.php\/wp-json\/wp\/v2\/media?parent=10881"}],"wp:term":[{"taxonomy":"product_cat","embeddable":true,"href":"https:\/\/www.sunkaraoke.hu\/index.php\/wp-json\/wp\/v2\/product_cat?post=10881"},{"taxonomy":"product_tag","embeddable":true,"href":"https:\/\/www.sunkaraoke.hu\/index.php\/wp-json\/wp\/v2\/product_tag?post=10881"}],"curies":[{"name":"wp","href":"https:\/\/api.w.org\/{rel}","templated":true}]}}