{"id":10877,"date":"2023-03-01T12:24:24","date_gmt":"2023-03-01T12:24:24","guid":{"rendered":"https:\/\/www.sunkaraoke.hu\/?post_type=product&#038;p=10877"},"modified":"2025-04-14T05:18:12","modified_gmt":"2025-04-14T05:18:12","slug":"galamb-jozsef-szurke-eniko-szeress-csak-ennyit-kerek","status":"publish","type":"product","link":"https:\/\/www.sunkaraoke.hu\/index.php\/termek\/galamb-jozsef-szurke-eniko-szeress-csak-ennyit-kerek\/","title":{"rendered":"<div class=\"wcmp-player-container product-10877\"><audio controlslist=\"nodownload\" data-product=\"10877\"  volume=\"1\"  preload=\"none\" data-lazyloading=\"none\" class=\"wcmp-player track mejs-classic\" data-duration=\"0:33\" data-estimated_duration=\"4\"><source src=\"https:\/\/www.sunkaraoke.hu\/wp-content\/uploads\/2023\/03\/Szeress-csak-ennyit-kerek_demo.mp3\" type=\"audio\/mp3\" \/><\/audio><\/div>Galamb J\u00f3zsef &#038; Sz\u00fcrke Enik\u0151 &#8211; Szeress csak ennyit k\u00e9rek (Original)"},"content":{"rendered":"<p><b>03:33<\/b>| <strong><img loading=\"lazy\" decoding=\"async\" class=\"alignnone size-full wp-image-466\" src=\"https:\/\/www.sunkaraoke.hu\/wp-content\/uploads\/2022\/07\/choir_1-copy.webp\" alt=\"\" width=\"30\" height=\"30\" \/> <\/strong><\/p>\n","protected":false},"excerpt":{"rendered":"<h5><strong>Bits\u0171r\u0171s\u00e9g: 320 kb\/s<\/strong><br \/>\n<strong>Hossz: 03:33<\/strong><br \/>\n<strong>Vok\u00e1lt tartalmaz: Igen <img loading=\"lazy\" decoding=\"async\" class=\"alignnone size-full wp-image-466\" src=\"http:\/\/www.sunkaraoke.hu\/wp-content\/uploads\/2022\/07\/choir_1-copy.png\" alt=\"\" width=\"30\" height=\"30\" \/><\/strong><strong style=\"font-size: 16px;\"><br \/>\n<\/strong><\/h5>\n<p>Sunkaraoke mp3 st\u00fadi\u00f3 \/ www.sunkaraoke.hu \/ Inf: Tel: 06 20 4275001<\/p>\n<p>Szeress, csak ennyit k\u00e9rek &#8211; Dm<\/p>\n<p>Mondtad, az \u00e9let sz\u00e9p<br \/>\nHogy boldog leszek veled<br \/>\nMondtad, sosem szeretn\u00e9l<br \/>\n\u00c9lni n\u00e9lk\u00fclem<\/p>\n<p>Ne mondd azt, sohasem, hogy v\u00e9get \u00e9rt<br \/>\nHogy ennyi volt, \u00e9s nincs tov\u00e1bb<br \/>\nA szerelm\u00fcnk nem lehetett d\u00e9lib\u00e1b<br \/>\nMondd, hogy sz\u00fcks\u00e9ged van r\u00e1m<\/p>\n<p>Szeress, csak ennyit k\u00e9rek<br \/>\nNe hagyj, ne hagyj soha el<br \/>\n\u00dajra \u00e9ln\u00e9k minden egyes percet<br \/>\nMit veled egy\u00fctt t\u00f6lt\u00f6k el<\/p>\n<p>Szeress, csak ennyit k\u00e9rek<br \/>\nNe hagyj, ne hagyj soha el<br \/>\n\u00dajra \u00e9ln\u00e9k minden egyes percet<br \/>\nMit veled egy\u00fctt t\u00f6lt\u00f6k el<\/p>\n<p>&gt;WAMP&lt;<\/p>\n<p>Elhoztad a boldogs\u00e1got<br \/>\n\u00dagy ahogy meg\u00e1lmodtam r\u00e9g<br \/>\nTudom, senki m\u00e1ssal<br \/>\nAz \u00e9let csak veled lehet sz\u00e9p<\/p>\n<p>Ne mondd azt, sohasem, hogy v\u00e9get \u00e9rt<br \/>\nHogy ennyi volt, \u00e9s nincs tov\u00e1bb<br \/>\nA szerelm\u00fcnk nem lehetett d\u00e9lib\u00e1b<br \/>\nMondd, hogy sz\u00fcks\u00e9ged van r\u00e1m<\/p>\n<p>Szeress, csak ennyit k\u00e9rek<br \/>\nNe hagyj, ne hagyj soha el<br \/>\n\u00dajra \u00e9ln\u00e9k minden egyes percet<br \/>\nMit veled egy\u00fctt t\u00f6lt\u00f6k el<\/p>\n<p>Szeress, csak ennyit k\u00e9rek<br \/>\nNe hagyj, ne hagyj soha el<br \/>\n\u00dajra \u00e9ln\u00e9k minden egyes percet<br \/>\nMit veled egy\u00fctt t\u00f6lt\u00f6k el<\/p>\n<p>Szeress, csak ennyit k\u00e9rek<br \/>\nNe hagyj, ne hagyj soha el<br \/>\n\u00dajra \u00e9ln\u00e9k minden egyes percet<br \/>\nMit veled egy\u00fctt t\u00f6lt\u00f6k el<\/p>\n<p>Szeress, csak ennyit k\u00e9rek<br \/>\nNe hagyj, ne hagyj soha el<br \/>\n\u00dajra \u00e9ln\u00e9k minden egyes percet<br \/>\nMit veled egy\u00fctt t\u00f6lt\u00f6k el<\/p>\n<p>Mit veled egy\u00fctt t\u00f6lt\u00f6k el<\/p>\n","protected":false},"featured_media":6363,"template":"","meta":{"site-sidebar-layout":"default","site-content-layout":"default","ast-site-content-layout":"default","site-content-style":"default","site-sidebar-style":"default","ast-global-header-display":"","ast-banner-title-visibility":"","ast-main-header-display":"","ast-hfb-above-header-display":"","ast-hfb-below-header-display":"","ast-hfb-mobile-header-display":"","site-post-title":"","ast-breadcrumbs-content":"","ast-featured-img":"","footer-sml-layout":"","theme-transparent-header-meta":"default","adv-header-id-meta":"","stick-header-meta":"","header-above-stick-meta":"","header-main-stick-meta":"","header-below-stick-meta":"","astra-migrate-meta-layouts":"set","ast-page-background-enabled":"default","ast-page-background-meta":{"desktop":{"background-color":"var(--ast-global-color-4)","background-image":"","background-repeat":"repeat","background-position":"center center","background-size":"auto","background-attachment":"scroll","background-type":"","background-media":"","overlay-type":"","overlay-color":"","overlay-opacity":"","overlay-gradient":""},"tablet":{"background-color":"","background-image":"","background-repeat":"repeat","background-position":"center center","background-size":"auto","background-attachment":"scroll","background-type":"","background-media":"","overlay-type":"","overlay-color":"","overlay-opacity":"","overlay-gradient":""},"mobile":{"background-color":"","background-image":"","background-repeat":"repeat","background-position":"center center","background-size":"auto","background-attachment":"scroll","background-type":"","background-media":"","overlay-type":"","overlay-color":"","overlay-opacity":"","overlay-gradient":""}},"ast-content-background-meta":{"desktop":{"background-color":"var(--ast-global-color-5)","background-image":"","background-repeat":"repeat","background-position":"center center","background-size":"auto","background-attachment":"scroll","background-type":"","background-media":"","overlay-type":"","overlay-color":"","overlay-opacity":"","overlay-gradient":""},"tablet":{"background-color":"var(--ast-global-color-5)","background-image":"","background-repeat":"repeat","background-position":"center center","background-size":"auto","background-attachment":"scroll","background-type":"","background-media":"","overlay-type":"","overlay-color":"","overlay-opacity":"","overlay-gradient":""},"mobile":{"background-color":"var(--ast-global-color-5)","background-image":"","background-repeat":"repeat","background-position":"center center","background-size":"auto","background-attachment":"scroll","background-type":"","background-media":"","overlay-type":"","overlay-color":"","overlay-opacity":"","overlay-gradient":""}}},"product_cat":[69],"product_tag":[],"class_list":["post-10877","product","type-product","status-publish","has-post-thumbnail","hentry","product_cat-galamb-joci","desktop-align-left","tablet-align-left","mobile-align-left"],"_links":{"self":[{"href":"https:\/\/www.sunkaraoke.hu\/index.php\/wp-json\/wp\/v2\/product\/10877","targetHints":{"allow":["GET"]}}],"collection":[{"href":"https:\/\/www.sunkaraoke.hu\/index.php\/wp-json\/wp\/v2\/product"}],"about":[{"href":"https:\/\/www.sunkaraoke.hu\/index.php\/wp-json\/wp\/v2\/types\/product"}],"wp:featuredmedia":[{"embeddable":true,"href":"https:\/\/www.sunkaraoke.hu\/index.php\/wp-json\/wp\/v2\/media\/6363"}],"wp:attachment":[{"href":"https:\/\/www.sunkaraoke.hu\/index.php\/wp-json\/wp\/v2\/media?parent=10877"}],"wp:term":[{"taxonomy":"product_cat","embeddable":true,"href":"https:\/\/www.sunkaraoke.hu\/index.php\/wp-json\/wp\/v2\/product_cat?post=10877"},{"taxonomy":"product_tag","embeddable":true,"href":"https:\/\/www.sunkaraoke.hu\/index.php\/wp-json\/wp\/v2\/product_tag?post=10877"}],"curies":[{"name":"wp","href":"https:\/\/api.w.org\/{rel}","templated":true}]}}