{"id":10873,"date":"2023-03-01T12:22:28","date_gmt":"2023-03-01T12:22:28","guid":{"rendered":"https:\/\/www.sunkaraoke.hu\/?post_type=product&#038;p=10873"},"modified":"2024-12-04T12:52:19","modified_gmt":"2024-12-04T12:52:19","slug":"galamb-jozsef-szurke-eniko-osszetorted-a-szivemet-dj-levy-remix","status":"publish","type":"product","link":"https:\/\/www.sunkaraoke.hu\/index.php\/termek\/galamb-jozsef-szurke-eniko-osszetorted-a-szivemet-dj-levy-remix\/","title":{"rendered":"<div class=\"wcmp-player-container product-10873\"><audio controlslist=\"nodownload\" data-product=\"10873\"  volume=\"1\"  preload=\"none\" data-lazyloading=\"none\" class=\"wcmp-player track mejs-classic\" data-duration=\"0:35\" data-estimated_duration=\"4\"><source src=\"https:\/\/www.sunkaraoke.hu\/wp-content\/uploads\/2023\/03\/Osszetorted-a-szivemet-DJ.-Levy-ReMIX_demo.mp3\" type=\"audio\/mp3\" \/><\/audio><\/div>Galamb J\u00f3zsef &#038; Sz\u00fcrke Enik\u0151 &#8211; \u00d6sszet\u00f6rted a sz\u00edvemet ( Dj. Levy Remix)"},"content":{"rendered":"<p><b>03:30<\/b>| <strong><img loading=\"lazy\" decoding=\"async\" class=\"alignnone size-full wp-image-466\" src=\"https:\/\/www.sunkaraoke.hu\/wp-content\/uploads\/2022\/07\/choir_1-copy.webp\" alt=\"\" width=\"30\" height=\"30\" \/> <\/strong><\/p>\n","protected":false},"excerpt":{"rendered":"<h5><strong>Bits\u0171r\u0171s\u00e9g: 320 kb\/s<\/strong><br \/>\n<strong>Hossz: 03:30<\/strong><br \/>\n<strong>Vok\u00e1lt tartalmaz: Igen <img loading=\"lazy\" decoding=\"async\" class=\"alignnone size-full wp-image-466\" src=\"http:\/\/www.sunkaraoke.hu\/wp-content\/uploads\/2022\/07\/choir_1-copy.png\" alt=\"\" width=\"30\" height=\"30\" \/><\/strong><strong style=\"font-size: 16px;\"><br \/>\n<\/strong><\/h5>\n<p>Sunkaraoke mp3 st\u00fadi\u00f3 \/ www.sunkaraoke.hu \/ Inf: Tel: 06 20 4275001<br \/>\n\u00d6sszet\u00f6rted a sz\u00edvemet &#8211; Es<\/p>\n<p>Hova t\u0171nt el a szerelem<br \/>\nAmi oly sok \u00e9vig tartott<br \/>\nHova t\u0171nt el az \u00e9rzelem<br \/>\nAmi engem hozz\u00e1d l\u00e1ncolt<\/p>\n<p>De k\u00e1r, \u00fagy f\u00e1j, hogy elm\u00falt<br \/>\nNem j\u00f6n vissza m\u00e1r<br \/>\nMert a sz\u00edvem m\u00e9g \u00e9rted f\u00e1j<\/p>\n<p>\u00d6sszet\u00f6rted a sz\u00edvemet<br \/>\nHa elm\u00e9sz azt se b\u00e1nom<br \/>\n\u00d6sszet\u00f6rted, mondd el mi\u00e9rt<br \/>\n\u00d6sszet\u00f6rted a boldogs\u00e1got<br \/>\nAmit oly sok \u00e9vig v\u00e1rtam<br \/>\n\u00d6sszet\u00f6rted, csak azt mondd el, mi\u00e9rt<\/p>\n<p>&gt;WAMP&lt;<\/p>\n<p>Hova t\u0171ntek az \u00e1lmaim<br \/>\nAmik minden \u00e9jjel h\u00edvtak<br \/>\nHova t\u0171ntek a k\u00f6nnyeim<br \/>\nAmik \u00e9rted hullottak<\/p>\n<p>De k\u00e1r, \u00fagy f\u00e1j, hogy elm\u00falt<br \/>\nNem j\u00f6n vissza m\u00e1r<br \/>\nMert a sz\u00edvem m\u00e9g \u00e9rted f\u00e1j<\/p>\n<p>\u00d6sszet\u00f6rted a sz\u00edvemet<br \/>\nHa elm\u00e9sz azt se b\u00e1nom<br \/>\n\u00d6sszet\u00f6rted, mondd el mi\u00e9rt<br \/>\n\u00d6sszet\u00f6rted a boldogs\u00e1got<br \/>\nAmit oly sok \u00e9vig v\u00e1rtam<br \/>\n\u00d6sszet\u00f6rted, csak azt mondd el, mi\u00e9rt<\/p>\n<p>&gt;SOLO&lt;<\/p>\n<p>De k\u00e1r, \u00fagy f\u00e1j, hogy elm\u00falt<br \/>\nNem j\u00f6n vissza m\u00e1r<br \/>\nMert a sz\u00edvem m\u00e9g \u00e9rted f\u00e1j<\/p>\n<p>\u00d6sszet\u00f6rted a sz\u00edvemet<br \/>\nHa elm\u00e9sz azt se b\u00e1nom<br \/>\n\u00d6sszet\u00f6rted, mondd el mi\u00e9rt<br \/>\n\u00d6sszet\u00f6rted a boldogs\u00e1got<br \/>\nAmit oly sok \u00e9vig v\u00e1rtam<br \/>\n\u00d6sszet\u00f6rted, csak azt mondd el, mi\u00e9rt<\/p>\n","protected":false},"featured_media":6363,"template":"","meta":{"site-sidebar-layout":"default","site-content-layout":"default","ast-site-content-layout":"default","site-content-style":"default","site-sidebar-style":"default","ast-global-header-display":"","ast-banner-title-visibility":"","ast-main-header-display":"","ast-hfb-above-header-display":"","ast-hfb-below-header-display":"","ast-hfb-mobile-header-display":"","site-post-title":"","ast-breadcrumbs-content":"","ast-featured-img":"","footer-sml-layout":"","theme-transparent-header-meta":"default","adv-header-id-meta":"","stick-header-meta":"","header-above-stick-meta":"","header-main-stick-meta":"","header-below-stick-meta":"","astra-migrate-meta-layouts":"set","ast-page-background-enabled":"default","ast-page-background-meta":{"desktop":{"background-color":"var(--ast-global-color-4)","background-image":"","background-repeat":"repeat","background-position":"center center","background-size":"auto","background-attachment":"scroll","background-type":"","background-media":"","overlay-type":"","overlay-color":"","overlay-opacity":"","overlay-gradient":""},"tablet":{"background-color":"","background-image":"","background-repeat":"repeat","background-position":"center center","background-size":"auto","background-attachment":"scroll","background-type":"","background-media":"","overlay-type":"","overlay-color":"","overlay-opacity":"","overlay-gradient":""},"mobile":{"background-color":"","background-image":"","background-repeat":"repeat","background-position":"center center","background-size":"auto","background-attachment":"scroll","background-type":"","background-media":"","overlay-type":"","overlay-color":"","overlay-opacity":"","overlay-gradient":""}},"ast-content-background-meta":{"desktop":{"background-color":"var(--ast-global-color-5)","background-image":"","background-repeat":"repeat","background-position":"center center","background-size":"auto","background-attachment":"scroll","background-type":"","background-media":"","overlay-type":"","overlay-color":"","overlay-opacity":"","overlay-gradient":""},"tablet":{"background-color":"var(--ast-global-color-5)","background-image":"","background-repeat":"repeat","background-position":"center center","background-size":"auto","background-attachment":"scroll","background-type":"","background-media":"","overlay-type":"","overlay-color":"","overlay-opacity":"","overlay-gradient":""},"mobile":{"background-color":"var(--ast-global-color-5)","background-image":"","background-repeat":"repeat","background-position":"center center","background-size":"auto","background-attachment":"scroll","background-type":"","background-media":"","overlay-type":"","overlay-color":"","overlay-opacity":"","overlay-gradient":""}}},"product_cat":[69],"product_tag":[],"class_list":["post-10873","product","type-product","status-publish","has-post-thumbnail","hentry","product_cat-galamb-joci","desktop-align-left","tablet-align-left","mobile-align-left"],"_links":{"self":[{"href":"https:\/\/www.sunkaraoke.hu\/index.php\/wp-json\/wp\/v2\/product\/10873","targetHints":{"allow":["GET"]}}],"collection":[{"href":"https:\/\/www.sunkaraoke.hu\/index.php\/wp-json\/wp\/v2\/product"}],"about":[{"href":"https:\/\/www.sunkaraoke.hu\/index.php\/wp-json\/wp\/v2\/types\/product"}],"wp:featuredmedia":[{"embeddable":true,"href":"https:\/\/www.sunkaraoke.hu\/index.php\/wp-json\/wp\/v2\/media\/6363"}],"wp:attachment":[{"href":"https:\/\/www.sunkaraoke.hu\/index.php\/wp-json\/wp\/v2\/media?parent=10873"}],"wp:term":[{"taxonomy":"product_cat","embeddable":true,"href":"https:\/\/www.sunkaraoke.hu\/index.php\/wp-json\/wp\/v2\/product_cat?post=10873"},{"taxonomy":"product_tag","embeddable":true,"href":"https:\/\/www.sunkaraoke.hu\/index.php\/wp-json\/wp\/v2\/product_tag?post=10873"}],"curies":[{"name":"wp","href":"https:\/\/api.w.org\/{rel}","templated":true}]}}