{"id":10865,"date":"2023-03-01T12:18:12","date_gmt":"2023-03-01T12:18:12","guid":{"rendered":"https:\/\/www.sunkaraoke.hu\/?post_type=product&#038;p=10865"},"modified":"2025-04-14T05:17:34","modified_gmt":"2025-04-14T05:17:34","slug":"galamb-jozsef-szurke-eniko-ha-arulnak-majd-gesztenyet","status":"publish","type":"product","link":"https:\/\/www.sunkaraoke.hu\/index.php\/termek\/galamb-jozsef-szurke-eniko-ha-arulnak-majd-gesztenyet\/","title":{"rendered":"<div class=\"wcmp-player-container product-10865\"><audio controlslist=\"nodownload\" data-product=\"10865\"  volume=\"1\"  preload=\"none\" data-lazyloading=\"none\" class=\"wcmp-player track mejs-classic\" data-duration=\"0:34\" data-estimated_duration=\"4\"><source src=\"https:\/\/www.sunkaraoke.hu\/wp-content\/uploads\/2023\/03\/Ha-arulnak-majd-gesztenyet_demo.mp3\" type=\"audio\/mp3\" \/><\/audio><\/div>Galamb J\u00f3zsef &#038; Sz\u00fcrke Enik\u0151 &#8211; Ha \u00e1rulnak majd geszteny\u00e9t (Original)"},"content":{"rendered":"<p><b>04:09<\/b>| <strong><img loading=\"lazy\" decoding=\"async\" class=\"alignnone size-full wp-image-466\" src=\"https:\/\/www.sunkaraoke.hu\/wp-content\/uploads\/2022\/07\/choir_1-copy.webp\" alt=\"\" width=\"30\" height=\"30\" \/> <\/strong><\/p>\n","protected":false},"excerpt":{"rendered":"<h5><strong>Bits\u0171r\u0171s\u00e9g: 320 kb\/s<\/strong><br \/>\n<strong>Hossz: 04:09<\/strong><br \/>\n<strong>Vok\u00e1lt tartalmaz: Igen <img loading=\"lazy\" decoding=\"async\" class=\"alignnone size-full wp-image-466\" src=\"http:\/\/www.sunkaraoke.hu\/wp-content\/uploads\/2022\/07\/choir_1-copy.png\" alt=\"\" width=\"30\" height=\"30\" \/><\/strong><strong style=\"font-size: 16px;\"><br \/>\n<\/strong><\/h5>\n<p>Sunkaraoke mp3 st\u00fadi\u00f3 \/ www.sunkaraoke.hu \/ Inf: Tel: 06 20 4275001<\/p>\n<p>Ha \u00e1rulnak majd geszteny\u00e9t &#8211; Dm<\/p>\n<p>Ha \u00e1rulnak majd geszteny\u00e9t<br \/>\nMegk\u00e9rdezem a n\u00e9nik\u00e9t<br \/>\nHogy eml\u00e9kszik e r\u00e1nk, vagy \u00e9n csak \u00e1lmodtam egy sz\u00e9p mes\u00e9t<br \/>\nEgy f\u00e9l \u00e9ve sincs m\u00e9g tal\u00e1n<br \/>\nHogy itt v\u00e1rt\u00e1l te \u00e9nre\u00e1m<br \/>\nA t\u00e9l hidege t\u0171zpirosra festette az arcodat<\/p>\n<p>Sz\u00e9l d\u00fadolt ott a f\u00e1k alatt<br \/>\nLet\u00f6rdelte az \u00e1gakat<br \/>\nA f\u00e1kt\u00f3l s\u00edrva b\u00facs\u00fazott sok sz\u00e1raz s\u00e1rga kis lev\u00e9l<\/p>\n<p>Ott vett\u00e9l akkor geszteny\u00e9t<br \/>\nJ\u00f3 forr\u00f3 meleg geszteny\u00e9t<br \/>\nA forr\u00f3s\u00e1ga j\u00e1rta \u00e1t a kett\u0151nk zseb\u00e9t \u00e9s kez\u00e9t<br \/>\nEgy f\u00e9l \u00e9ve sincs m\u00e9g tal\u00e1n<br \/>\nDe nem v\u00e1rsz most m\u00e1r \u00e9nre\u00e1m<br \/>\nA lezuhan\u00f3 nap pirosra festi most a k\u00f6rutat<\/p>\n<p>\u00dagy b\u00e1nt engem egy gondolat<br \/>\nHogy te most vajon merre vagy<br \/>\n\u00c9s mit borzongat itt bel\u00fcl, az emberben a ny\u00e1ri nap<\/p>\n<p>&gt;SOLO&lt;<\/p>\n<p>Ott vett\u00e9l akkor geszteny\u00e9t<br \/>\nJ\u00f3 forr\u00f3 meleg geszteny\u00e9t<br \/>\nA forr\u00f3s\u00e1ga j\u00e1rta \u00e1t a kett\u0151nk zseb\u00e9t \u00e9s kez\u00e9t<br \/>\nEgy f\u00e9l \u00e9ve sincs m\u00e9g tal\u00e1n<br \/>\nDe nem v\u00e1rsz most m\u00e1r \u00e9nre\u00e1m<br \/>\nA lezuhan\u00f3 nap pirosra festi most a k\u00f6rutat<\/p>\n<p>\u00dagy b\u00e1nt engem egy gondolat<br \/>\nHogy te most vajon merre vagy<br \/>\n\u00c9s mit borzongat itt bel\u00fcl, az emberben a ny\u00e1ri nap<\/p>\n<p>Ha \u00e1rulnak majd geszteny\u00e9t<br \/>\nMegk\u00e9rdezem a n\u00e9nik\u00e9t<br \/>\nHogy eml\u00e9kszik e r\u00e1nk, vagy \u00e9n csak \u00e1lmodtam egy sz\u00e9p mes\u00e9t<br \/>\nEgy f\u00e9l \u00e9ve sincs m\u00e9g tal\u00e1n<br \/>\nHogy itt v\u00e1rt\u00e1l te \u00e9nre\u00e1m<br \/>\nA t\u00e9l hidege t\u0171zpirosra festette az arcodat<\/p>\n<p>Sz\u00e9l d\u00fadolt ott a f\u00e1k alatt<br \/>\nLet\u00f6rdelte az \u00e1gakat<br \/>\nA f\u00e1kt\u00f3l s\u00edrva b\u00facs\u00fazott sok sz\u00e1raz s\u00e1rga kis lev\u00e9l<\/p>\n<p>&nbsp;<\/p>\n","protected":false},"featured_media":6363,"template":"","meta":{"site-sidebar-layout":"default","site-content-layout":"default","ast-site-content-layout":"default","site-content-style":"default","site-sidebar-style":"default","ast-global-header-display":"","ast-banner-title-visibility":"","ast-main-header-display":"","ast-hfb-above-header-display":"","ast-hfb-below-header-display":"","ast-hfb-mobile-header-display":"","site-post-title":"","ast-breadcrumbs-content":"","ast-featured-img":"","footer-sml-layout":"","theme-transparent-header-meta":"default","adv-header-id-meta":"","stick-header-meta":"","header-above-stick-meta":"","header-main-stick-meta":"","header-below-stick-meta":"","astra-migrate-meta-layouts":"set","ast-page-background-enabled":"default","ast-page-background-meta":{"desktop":{"background-color":"var(--ast-global-color-4)","background-image":"","background-repeat":"repeat","background-position":"center center","background-size":"auto","background-attachment":"scroll","background-type":"","background-media":"","overlay-type":"","overlay-color":"","overlay-opacity":"","overlay-gradient":""},"tablet":{"background-color":"","background-image":"","background-repeat":"repeat","background-position":"center center","background-size":"auto","background-attachment":"scroll","background-type":"","background-media":"","overlay-type":"","overlay-color":"","overlay-opacity":"","overlay-gradient":""},"mobile":{"background-color":"","background-image":"","background-repeat":"repeat","background-position":"center center","background-size":"auto","background-attachment":"scroll","background-type":"","background-media":"","overlay-type":"","overlay-color":"","overlay-opacity":"","overlay-gradient":""}},"ast-content-background-meta":{"desktop":{"background-color":"var(--ast-global-color-5)","background-image":"","background-repeat":"repeat","background-position":"center center","background-size":"auto","background-attachment":"scroll","background-type":"","background-media":"","overlay-type":"","overlay-color":"","overlay-opacity":"","overlay-gradient":""},"tablet":{"background-color":"var(--ast-global-color-5)","background-image":"","background-repeat":"repeat","background-position":"center center","background-size":"auto","background-attachment":"scroll","background-type":"","background-media":"","overlay-type":"","overlay-color":"","overlay-opacity":"","overlay-gradient":""},"mobile":{"background-color":"var(--ast-global-color-5)","background-image":"","background-repeat":"repeat","background-position":"center center","background-size":"auto","background-attachment":"scroll","background-type":"","background-media":"","overlay-type":"","overlay-color":"","overlay-opacity":"","overlay-gradient":""}}},"product_cat":[69],"product_tag":[],"class_list":["post-10865","product","type-product","status-publish","has-post-thumbnail","hentry","product_cat-galamb-joci","desktop-align-left","tablet-align-left","mobile-align-left"],"_links":{"self":[{"href":"https:\/\/www.sunkaraoke.hu\/index.php\/wp-json\/wp\/v2\/product\/10865","targetHints":{"allow":["GET"]}}],"collection":[{"href":"https:\/\/www.sunkaraoke.hu\/index.php\/wp-json\/wp\/v2\/product"}],"about":[{"href":"https:\/\/www.sunkaraoke.hu\/index.php\/wp-json\/wp\/v2\/types\/product"}],"wp:featuredmedia":[{"embeddable":true,"href":"https:\/\/www.sunkaraoke.hu\/index.php\/wp-json\/wp\/v2\/media\/6363"}],"wp:attachment":[{"href":"https:\/\/www.sunkaraoke.hu\/index.php\/wp-json\/wp\/v2\/media?parent=10865"}],"wp:term":[{"taxonomy":"product_cat","embeddable":true,"href":"https:\/\/www.sunkaraoke.hu\/index.php\/wp-json\/wp\/v2\/product_cat?post=10865"},{"taxonomy":"product_tag","embeddable":true,"href":"https:\/\/www.sunkaraoke.hu\/index.php\/wp-json\/wp\/v2\/product_tag?post=10865"}],"curies":[{"name":"wp","href":"https:\/\/api.w.org\/{rel}","templated":true}]}}