{"id":10855,"date":"2023-03-01T12:10:55","date_gmt":"2023-03-01T12:10:55","guid":{"rendered":"https:\/\/www.sunkaraoke.hu\/?post_type=product&#038;p=10855"},"modified":"2025-04-14T05:18:31","modified_gmt":"2025-04-14T05:18:31","slug":"galamb-jozsef-szurke-eniko-csak-egy-vallomas","status":"publish","type":"product","link":"https:\/\/www.sunkaraoke.hu\/index.php\/termek\/galamb-jozsef-szurke-eniko-csak-egy-vallomas\/","title":{"rendered":"<div class=\"wcmp-player-container product-10855\"><audio controlslist=\"nodownload\" data-product=\"10855\"  volume=\"1\"  preload=\"none\" data-lazyloading=\"none\" class=\"wcmp-player track mejs-classic\" data-duration=\"0:37\" data-estimated_duration=\"4\"><source src=\"https:\/\/www.sunkaraoke.hu\/wp-content\/uploads\/2023\/03\/Csak-egy-vallomas_demo.mp3\" type=\"audio\/mp3\" \/><\/audio><\/div>Galamb J\u00f3zsef &#038; Sz\u00fcrke Enik\u0151 &#8211; Csak egy vallom\u00e1s (Original)"},"content":{"rendered":"<p><b>03:34<\/b>| <strong><img loading=\"lazy\" decoding=\"async\" class=\"alignnone size-full wp-image-466\" src=\"https:\/\/www.sunkaraoke.hu\/wp-content\/uploads\/2022\/07\/choir_1-copy.webp\" alt=\"\" width=\"30\" height=\"30\" \/> <\/strong><\/p>\n","protected":false},"excerpt":{"rendered":"<h5><strong>Bits\u0171r\u0171s\u00e9g: 320 kb\/s<\/strong><br \/>\n<strong>Hossz: 03:34<\/strong><br \/>\n<strong>Vok\u00e1lt tartalmaz: Igen <img loading=\"lazy\" decoding=\"async\" class=\"alignnone size-full wp-image-466\" src=\"http:\/\/www.sunkaraoke.hu\/wp-content\/uploads\/2022\/07\/choir_1-copy.png\" alt=\"\" width=\"30\" height=\"30\" \/><\/strong><strong style=\"font-size: 16px;\"><br \/>\n<\/strong><\/h5>\n<p>Sunkaraoke mp3 st\u00fadi\u00f3 \/ www.sunkaraoke.hu \/ Inf: Tel: 06 20 4275001<\/p>\n<p>Csak egy vallom\u00e1s &#8211; A<\/p>\n<p>Egy csillagf\u00e9nyes ny\u00e1ri est\u00e9n<br \/>\nMegfogtam b\u00e1rsonyos kezed<br \/>\nNem volt m\u00e9g soha \u00edly sz\u00e9p est\u00e9m<br \/>\nMint akkor ott, veled<\/p>\n<p>L\u00e1gy szell\u0151 s\u00edmogatta arcom<br \/>\nSzerelmes dallam sz\u00e1llt fel\u00e9m<br \/>\nNem tudtuk mit hoz majd a holnap<br \/>\nKis\u00f6rd\u00f6g b\u00fajt bel\u00e9m<\/p>\n<p>Az \u00e9let meggy\u00f6t\u00f6r majd, minket<br \/>\nDe szor\u00edts most, k\u00e9rlek<br \/>\nNem engedem t\u00f6bb\u00e9 el, soha<br \/>\nSzerelmes sz\u00edved<br \/>\nAz \u00e9let meggy\u00f6t\u00f6r majd, minket<br \/>\nDe szor\u00edts most, k\u00e9rlek<br \/>\nNem engedem t\u00f6bb\u00e9 el, soha<br \/>\nSzerelmes sz\u00edved<\/p>\n<p>&gt;WAMP&lt;<\/p>\n<p>&gt;WAMP&lt;<\/p>\n<p>Oly \u00e9des volt az els\u0151 cs\u00f3kod<br \/>\nA f\u00f6ld\u00f6n nincs is t\u00f6bb ilyen<br \/>\nM\u00e1r tudom, elrohan az \u00e9let<br \/>\nDe j\u00f3, hogy itt vagy velem<\/p>\n<p>A sz\u00edvem nagyon szeret, hidd el<br \/>\nOd&#8217;adom n\u00e9ked<br \/>\nCs\u00f3kolj meg szerelmesen, k\u00e9rlek<br \/>\nMi\u00e9nk az \u00e9let<br \/>\nA sz\u00edvem nagyon szeret, hidd el<br \/>\nOd&#8217;adom n\u00e9ked<br \/>\nCs\u00f3kolj meg szerelmesen, k\u00e9rlek<br \/>\nMi\u00e9nk az \u00e9let<\/p>\n<p>&gt;WAMP&lt;<\/p>\n<p>&gt;WAMP&lt;<\/p>\n","protected":false},"featured_media":6363,"template":"","meta":{"site-sidebar-layout":"default","site-content-layout":"default","ast-site-content-layout":"default","site-content-style":"default","site-sidebar-style":"default","ast-global-header-display":"","ast-banner-title-visibility":"","ast-main-header-display":"","ast-hfb-above-header-display":"","ast-hfb-below-header-display":"","ast-hfb-mobile-header-display":"","site-post-title":"","ast-breadcrumbs-content":"","ast-featured-img":"","footer-sml-layout":"","theme-transparent-header-meta":"default","adv-header-id-meta":"","stick-header-meta":"","header-above-stick-meta":"","header-main-stick-meta":"","header-below-stick-meta":"","astra-migrate-meta-layouts":"set","ast-page-background-enabled":"default","ast-page-background-meta":{"desktop":{"background-color":"var(--ast-global-color-4)","background-image":"","background-repeat":"repeat","background-position":"center center","background-size":"auto","background-attachment":"scroll","background-type":"","background-media":"","overlay-type":"","overlay-color":"","overlay-opacity":"","overlay-gradient":""},"tablet":{"background-color":"","background-image":"","background-repeat":"repeat","background-position":"center center","background-size":"auto","background-attachment":"scroll","background-type":"","background-media":"","overlay-type":"","overlay-color":"","overlay-opacity":"","overlay-gradient":""},"mobile":{"background-color":"","background-image":"","background-repeat":"repeat","background-position":"center center","background-size":"auto","background-attachment":"scroll","background-type":"","background-media":"","overlay-type":"","overlay-color":"","overlay-opacity":"","overlay-gradient":""}},"ast-content-background-meta":{"desktop":{"background-color":"var(--ast-global-color-5)","background-image":"","background-repeat":"repeat","background-position":"center center","background-size":"auto","background-attachment":"scroll","background-type":"","background-media":"","overlay-type":"","overlay-color":"","overlay-opacity":"","overlay-gradient":""},"tablet":{"background-color":"var(--ast-global-color-5)","background-image":"","background-repeat":"repeat","background-position":"center center","background-size":"auto","background-attachment":"scroll","background-type":"","background-media":"","overlay-type":"","overlay-color":"","overlay-opacity":"","overlay-gradient":""},"mobile":{"background-color":"var(--ast-global-color-5)","background-image":"","background-repeat":"repeat","background-position":"center center","background-size":"auto","background-attachment":"scroll","background-type":"","background-media":"","overlay-type":"","overlay-color":"","overlay-opacity":"","overlay-gradient":""}}},"product_cat":[69],"product_tag":[],"class_list":["post-10855","product","type-product","status-publish","has-post-thumbnail","hentry","product_cat-galamb-joci","desktop-align-left","tablet-align-left","mobile-align-left"],"_links":{"self":[{"href":"https:\/\/www.sunkaraoke.hu\/index.php\/wp-json\/wp\/v2\/product\/10855","targetHints":{"allow":["GET"]}}],"collection":[{"href":"https:\/\/www.sunkaraoke.hu\/index.php\/wp-json\/wp\/v2\/product"}],"about":[{"href":"https:\/\/www.sunkaraoke.hu\/index.php\/wp-json\/wp\/v2\/types\/product"}],"wp:featuredmedia":[{"embeddable":true,"href":"https:\/\/www.sunkaraoke.hu\/index.php\/wp-json\/wp\/v2\/media\/6363"}],"wp:attachment":[{"href":"https:\/\/www.sunkaraoke.hu\/index.php\/wp-json\/wp\/v2\/media?parent=10855"}],"wp:term":[{"taxonomy":"product_cat","embeddable":true,"href":"https:\/\/www.sunkaraoke.hu\/index.php\/wp-json\/wp\/v2\/product_cat?post=10855"},{"taxonomy":"product_tag","embeddable":true,"href":"https:\/\/www.sunkaraoke.hu\/index.php\/wp-json\/wp\/v2\/product_tag?post=10855"}],"curies":[{"name":"wp","href":"https:\/\/api.w.org\/{rel}","templated":true}]}}