{"id":10851,"date":"2023-03-01T12:08:25","date_gmt":"2023-03-01T12:08:25","guid":{"rendered":"https:\/\/www.sunkaraoke.hu\/?post_type=product&#038;p=10851"},"modified":"2025-04-14T05:18:58","modified_gmt":"2025-04-14T05:18:58","slug":"galamb-jozsef-szurke-eniko-csak-egy-remeny-van","status":"publish","type":"product","link":"https:\/\/www.sunkaraoke.hu\/index.php\/termek\/galamb-jozsef-szurke-eniko-csak-egy-remeny-van\/","title":{"rendered":"<div class=\"wcmp-player-container product-10851\"><audio controlslist=\"nodownload\" data-product=\"10851\"  volume=\"1\"  preload=\"none\" data-lazyloading=\"none\" class=\"wcmp-player track mejs-classic\" data-duration=\"0:37\" data-estimated_duration=\"4\"><source src=\"https:\/\/www.sunkaraoke.hu\/wp-content\/uploads\/2023\/03\/Csak-egy-remeny-van-_demo.mp3\" type=\"audio\/mp3\" \/><\/audio><\/div>Galamb J\u00f3zsef &#038; Sz\u00fcrke Enik\u0151 &#8211; Csak egy rem\u00e9ny van  (Original)"},"content":{"rendered":"<p><b>04:11<\/b>| <strong><img loading=\"lazy\" decoding=\"async\" class=\"alignnone size-full wp-image-466\" src=\"https:\/\/www.sunkaraoke.hu\/wp-content\/uploads\/2022\/07\/choir_1-copy.webp\" alt=\"\" width=\"30\" height=\"30\" \/> <\/strong><\/p>\n","protected":false},"excerpt":{"rendered":"<h5><strong>Bits\u0171r\u0171s\u00e9g: 320 kb\/s<\/strong><br \/>\n<strong>Hossz: 04:11<\/strong><br \/>\n<strong>Vok\u00e1lt tartalmaz: Igen <img loading=\"lazy\" decoding=\"async\" class=\"alignnone size-full wp-image-466\" src=\"http:\/\/www.sunkaraoke.hu\/wp-content\/uploads\/2022\/07\/choir_1-copy.png\" alt=\"\" width=\"30\" height=\"30\" \/><\/strong><strong style=\"font-size: 16px;\"><br \/>\n<\/strong><\/h5>\n<p>Sunkaraoke mp3 st\u00fadi\u00f3 \/ www.sunkaraoke.hu \/ Inf: Tel: 06 20 4275001<\/p>\n<p>Csak egy rem\u00e9ny van &#8211; B<\/p>\n<p>Rideg a t\u00e1j, rideg az \u00e9g<br \/>\nRideg a f\u00f6ld, b\u00e1rhova l\u00e9psz<br \/>\nHideg a sz\u00e9l, hideg a v\u00edz<br \/>\nHideg a sz\u00edved, nincs aki h\u00edv<\/p>\n<p>Egy ismeretlen vil\u00e1g, egy ismeretlen v\u00e1gy<br \/>\nEgyed\u00fcl vagy, nincs aki egy j\u00f3 sz\u00f3t sz\u00f3l hozz\u00e1d<br \/>\nEgy ismeretlen vil\u00e1g, hol nincsen f\u00e9ny se t\u0171z<br \/>\nNincsenek m\u00e1r \u00e1lmaid, ami kell hogy tov\u00e1bb k\u00fczdj<\/p>\n<p>Csak egy rem\u00e9ny van, ami mindig melegs\u00e9get ad<br \/>\nSzeretned kell, nem gy\u0171l\u00f6lni, mert ember vagy<br \/>\nVan egy lelked, van egy sz\u00edved, mit semmi nem p\u00f3t\u00f3l<br \/>\nHa tudsz szeretni, sz\u00edvb\u0151l adni, a sorsod k\u00e1rp\u00f3t\u00f3l<\/p>\n<p>Csak egy rem\u00e9ny van, ami mindig visszat\u00e9r hozz\u00e1d<br \/>\nB\u00e1rhol j\u00e1rsz a nagyvil\u00e1gban, mindig r\u00e1d tal\u00e1l<br \/>\nEngedd be a sz\u00edvedbe \u00e9s elolvad a j\u00e9g<br \/>\n\u00dagy h\u00edvj\u00e1k, hogy szeretet, \u0151 kell hogy ember l\u00e9gy<\/p>\n<p>&gt;SOLO&lt;<\/p>\n<p>&gt;SOLO&lt;<\/p>\n<p>Csak egy rem\u00e9ny van, ami mindig melegs\u00e9get ad<br \/>\nSzeretned kell, nem gy\u0171l\u00f6lni, mert ember vagy<br \/>\nVan egy lelked, van egy sz\u00edved, mit semmi nem p\u00f3t\u00f3l<br \/>\nHa tudsz szeretni, sz\u00edvb\u0151l adni, a sorsod k\u00e1rp\u00f3t\u00f3l<\/p>\n<p>Csak egy rem\u00e9ny van, ami mindig visszat\u00e9r hozz\u00e1d<br \/>\nB\u00e1rhol j\u00e1rsz a nagyvil\u00e1gban, mindig r\u00e1d tal\u00e1l<br \/>\nEngedd be a sz\u00edvedbe \u00e9s elolvad a j\u00e9g<br \/>\n\u00dagy h\u00edvj\u00e1k, hogy szeretet, \u0151 kell hogy ember l\u00e9gy<\/p>\n","protected":false},"featured_media":6363,"template":"","meta":{"site-sidebar-layout":"default","site-content-layout":"default","ast-site-content-layout":"default","site-content-style":"default","site-sidebar-style":"default","ast-global-header-display":"","ast-banner-title-visibility":"","ast-main-header-display":"","ast-hfb-above-header-display":"","ast-hfb-below-header-display":"","ast-hfb-mobile-header-display":"","site-post-title":"","ast-breadcrumbs-content":"","ast-featured-img":"","footer-sml-layout":"","theme-transparent-header-meta":"default","adv-header-id-meta":"","stick-header-meta":"","header-above-stick-meta":"","header-main-stick-meta":"","header-below-stick-meta":"","astra-migrate-meta-layouts":"set","ast-page-background-enabled":"default","ast-page-background-meta":{"desktop":{"background-color":"var(--ast-global-color-4)","background-image":"","background-repeat":"repeat","background-position":"center center","background-size":"auto","background-attachment":"scroll","background-type":"","background-media":"","overlay-type":"","overlay-color":"","overlay-opacity":"","overlay-gradient":""},"tablet":{"background-color":"","background-image":"","background-repeat":"repeat","background-position":"center center","background-size":"auto","background-attachment":"scroll","background-type":"","background-media":"","overlay-type":"","overlay-color":"","overlay-opacity":"","overlay-gradient":""},"mobile":{"background-color":"","background-image":"","background-repeat":"repeat","background-position":"center center","background-size":"auto","background-attachment":"scroll","background-type":"","background-media":"","overlay-type":"","overlay-color":"","overlay-opacity":"","overlay-gradient":""}},"ast-content-background-meta":{"desktop":{"background-color":"var(--ast-global-color-5)","background-image":"","background-repeat":"repeat","background-position":"center center","background-size":"auto","background-attachment":"scroll","background-type":"","background-media":"","overlay-type":"","overlay-color":"","overlay-opacity":"","overlay-gradient":""},"tablet":{"background-color":"var(--ast-global-color-5)","background-image":"","background-repeat":"repeat","background-position":"center center","background-size":"auto","background-attachment":"scroll","background-type":"","background-media":"","overlay-type":"","overlay-color":"","overlay-opacity":"","overlay-gradient":""},"mobile":{"background-color":"var(--ast-global-color-5)","background-image":"","background-repeat":"repeat","background-position":"center center","background-size":"auto","background-attachment":"scroll","background-type":"","background-media":"","overlay-type":"","overlay-color":"","overlay-opacity":"","overlay-gradient":""}}},"product_cat":[69],"product_tag":[],"class_list":["post-10851","product","type-product","status-publish","has-post-thumbnail","hentry","product_cat-galamb-joci","desktop-align-left","tablet-align-left","mobile-align-left"],"_links":{"self":[{"href":"https:\/\/www.sunkaraoke.hu\/index.php\/wp-json\/wp\/v2\/product\/10851","targetHints":{"allow":["GET"]}}],"collection":[{"href":"https:\/\/www.sunkaraoke.hu\/index.php\/wp-json\/wp\/v2\/product"}],"about":[{"href":"https:\/\/www.sunkaraoke.hu\/index.php\/wp-json\/wp\/v2\/types\/product"}],"wp:featuredmedia":[{"embeddable":true,"href":"https:\/\/www.sunkaraoke.hu\/index.php\/wp-json\/wp\/v2\/media\/6363"}],"wp:attachment":[{"href":"https:\/\/www.sunkaraoke.hu\/index.php\/wp-json\/wp\/v2\/media?parent=10851"}],"wp:term":[{"taxonomy":"product_cat","embeddable":true,"href":"https:\/\/www.sunkaraoke.hu\/index.php\/wp-json\/wp\/v2\/product_cat?post=10851"},{"taxonomy":"product_tag","embeddable":true,"href":"https:\/\/www.sunkaraoke.hu\/index.php\/wp-json\/wp\/v2\/product_tag?post=10851"}],"curies":[{"name":"wp","href":"https:\/\/api.w.org\/{rel}","templated":true}]}}