{"id":10838,"date":"2023-03-01T11:46:42","date_gmt":"2023-03-01T11:46:42","guid":{"rendered":"https:\/\/www.sunkaraoke.hu\/?post_type=product&#038;p=10838"},"modified":"2025-04-14T05:20:50","modified_gmt":"2025-04-14T05:20:50","slug":"galamb-jozsef-szurke-eniko-addig-igyunk-baratom","status":"publish","type":"product","link":"https:\/\/www.sunkaraoke.hu\/index.php\/termek\/galamb-jozsef-szurke-eniko-addig-igyunk-baratom\/","title":{"rendered":"<div class=\"wcmp-player-container product-10838\"><audio controlslist=\"nodownload\" data-product=\"10838\"  volume=\"1\"  preload=\"none\" data-lazyloading=\"none\" class=\"wcmp-player track mejs-classic\" data-duration=\"0:31\" data-estimated_duration=\"4\"><source src=\"https:\/\/www.sunkaraoke.hu\/wp-content\/uploads\/2023\/03\/Addig-igyunk-baratom-voc_demo.mp3\" type=\"audio\/mp3\" \/><\/audio><\/div>Galamb J\u00f3zsef &#038; Sz\u00fcrke Enik\u0151 &#8211; Addig igyunk bar\u00e1tom (Original)"},"content":{"rendered":"<p><strong>04:44<\/strong>\u00a0| <strong><img loading=\"lazy\" decoding=\"async\" class=\"alignnone size-full wp-image-466\" src=\"https:\/\/www.sunkaraoke.hu\/wp-content\/uploads\/2022\/07\/choir_1-copy.webp\" alt=\"\" width=\"30\" height=\"30\" \/> <\/strong><\/p>\n","protected":false},"excerpt":{"rendered":"<h5><strong>Bits\u0171r\u0171s\u00e9g: 320 kb\/s<\/strong><br \/>\n<strong>Hossz: 04:44<\/strong><br \/>\n<strong>Vok\u00e1lt tartalmaz: Igen <img loading=\"lazy\" decoding=\"async\" class=\"alignnone size-full wp-image-466\" src=\"http:\/\/www.sunkaraoke.hu\/wp-content\/uploads\/2022\/07\/choir_1-copy.png\" alt=\"\" width=\"30\" height=\"30\" \/><\/strong><strong style=\"font-size: 16px;\"><br \/>\n<\/strong><\/h5>\n<p>Sunkaraoke mp3 st\u00fadi\u00f3 \/ www.sunkaraoke.hu \/ Inf: Tel: 06 20 4275001<\/p>\n<p>Addig igyunk bar\u00e1tom &#8211; Cm<\/p>\n<p>Sz\u00f3lt a Jani bar\u00e1tom<br \/>\nHogy nagy mulats\u00e1g lesz n\u00e1luk<br \/>\n\u00d6sszekaptam a hangszerem<br \/>\n\u00c9s elindultam \u00e9n hozz\u00e1juk<br \/>\nKunlach\u00e1zi cs\u00e1v\u00f3 vagyok<br \/>\nJ\u00f3l tudok \u00e9n mulattatni<br \/>\nHa van p\u00e1linka, na meg sok csaj<br \/>\nA bar\u00e1tom lesz itt mindenki<\/p>\n<p>De ameddig van s\u00f6r, meg p\u00e1linka<br \/>\nAddig igyunk bar\u00e1tom h\u00faz\u00f3ra<br \/>\nMert nem sz\u00e1m\u00edt m\u00e1r egy k\u00e9t feles<br \/>\nA tizedikn\u00e9l tisztess\u00e9ges<\/p>\n<p>De ameddig van s\u00f6r, meg p\u00e1linka<br \/>\nAddig igyunk bar\u00e1tom h\u00faz\u00f3ra<br \/>\nMert nem sz\u00e1m\u00edt m\u00e1r egy k\u00e9t feles<br \/>\nA tizedikn\u00e9l tisztess\u00e9ges<\/p>\n<p>&gt;WAMP&lt;<\/p>\n<p>&gt;WAMP&lt;<\/p>\n<p>Figyelj Jani bar\u00e1tom<br \/>\nHogy mit mondok most ten\u00e9ked<br \/>\nToljuk egy\u00fctt az \u00fctemet<br \/>\nMert \u00edgy lesz sz\u00e9p majd az \u00e9let<br \/>\nKunlach\u00e1zi cs\u00e1v\u00f3k vagyunk<br \/>\nJ\u00f3l tudunk mi mulattatni<br \/>\nHa van p\u00e1linka, na meg sok csaj<br \/>\nA bar\u00e1tunk lesz itt mindenki<\/p>\n<p>De ameddig van s\u00f6r, meg p\u00e1linka<br \/>\nAddig igyunk bar\u00e1tom h\u00faz\u00f3ra<br \/>\nMert nem sz\u00e1m\u00edt m\u00e1r egy k\u00e9t feles<br \/>\nA tizedikn\u00e9l tisztess\u00e9ges<\/p>\n<p>De ameddig van s\u00f6r, meg p\u00e1linka<br \/>\nAddig igyunk bar\u00e1tom h\u00faz\u00f3ra<br \/>\nMert nem sz\u00e1m\u00edt m\u00e1r egy k\u00e9t feles<br \/>\nA tizedikn\u00e9l tisztess\u00e9ges<\/p>\n<p>&gt;WAMP&lt;<\/p>\n<p>&gt;WAMP&lt;<\/p>\n<p>De ameddig van s\u00f6r, meg p\u00e1linka<br \/>\nAddig igyunk bar\u00e1tom h\u00faz\u00f3ra<br \/>\nMert nem sz\u00e1m\u00edt m\u00e1r egy k\u00e9t feles<br \/>\nA tizedikn\u00e9l tisztess\u00e9ges<\/p>\n<p>De ameddig van s\u00f6r, meg p\u00e1linka<br \/>\nAddig igyunk bar\u00e1tom h\u00faz\u00f3ra<br \/>\nMert nem sz\u00e1m\u00edt m\u00e1r egy k\u00e9t feles<br \/>\nA tizedikn\u00e9l tisztess\u00e9ges<\/p>\n<p>&gt;WAMP&lt;<\/p>\n<p>&nbsp;<\/p>\n","protected":false},"featured_media":6363,"template":"","meta":{"site-sidebar-layout":"default","site-content-layout":"default","ast-site-content-layout":"default","site-content-style":"default","site-sidebar-style":"default","ast-global-header-display":"","ast-banner-title-visibility":"","ast-main-header-display":"","ast-hfb-above-header-display":"","ast-hfb-below-header-display":"","ast-hfb-mobile-header-display":"","site-post-title":"","ast-breadcrumbs-content":"","ast-featured-img":"","footer-sml-layout":"","theme-transparent-header-meta":"default","adv-header-id-meta":"","stick-header-meta":"","header-above-stick-meta":"","header-main-stick-meta":"","header-below-stick-meta":"","astra-migrate-meta-layouts":"set","ast-page-background-enabled":"default","ast-page-background-meta":{"desktop":{"background-color":"var(--ast-global-color-4)","background-image":"","background-repeat":"repeat","background-position":"center center","background-size":"auto","background-attachment":"scroll","background-type":"","background-media":"","overlay-type":"","overlay-color":"","overlay-opacity":"","overlay-gradient":""},"tablet":{"background-color":"","background-image":"","background-repeat":"repeat","background-position":"center center","background-size":"auto","background-attachment":"scroll","background-type":"","background-media":"","overlay-type":"","overlay-color":"","overlay-opacity":"","overlay-gradient":""},"mobile":{"background-color":"","background-image":"","background-repeat":"repeat","background-position":"center center","background-size":"auto","background-attachment":"scroll","background-type":"","background-media":"","overlay-type":"","overlay-color":"","overlay-opacity":"","overlay-gradient":""}},"ast-content-background-meta":{"desktop":{"background-color":"var(--ast-global-color-5)","background-image":"","background-repeat":"repeat","background-position":"center center","background-size":"auto","background-attachment":"scroll","background-type":"","background-media":"","overlay-type":"","overlay-color":"","overlay-opacity":"","overlay-gradient":""},"tablet":{"background-color":"var(--ast-global-color-5)","background-image":"","background-repeat":"repeat","background-position":"center center","background-size":"auto","background-attachment":"scroll","background-type":"","background-media":"","overlay-type":"","overlay-color":"","overlay-opacity":"","overlay-gradient":""},"mobile":{"background-color":"var(--ast-global-color-5)","background-image":"","background-repeat":"repeat","background-position":"center center","background-size":"auto","background-attachment":"scroll","background-type":"","background-media":"","overlay-type":"","overlay-color":"","overlay-opacity":"","overlay-gradient":""}}},"product_cat":[69],"product_tag":[],"class_list":["post-10838","product","type-product","status-publish","has-post-thumbnail","hentry","product_cat-galamb-joci","desktop-align-left","tablet-align-left","mobile-align-left"],"_links":{"self":[{"href":"https:\/\/www.sunkaraoke.hu\/index.php\/wp-json\/wp\/v2\/product\/10838","targetHints":{"allow":["GET"]}}],"collection":[{"href":"https:\/\/www.sunkaraoke.hu\/index.php\/wp-json\/wp\/v2\/product"}],"about":[{"href":"https:\/\/www.sunkaraoke.hu\/index.php\/wp-json\/wp\/v2\/types\/product"}],"wp:featuredmedia":[{"embeddable":true,"href":"https:\/\/www.sunkaraoke.hu\/index.php\/wp-json\/wp\/v2\/media\/6363"}],"wp:attachment":[{"href":"https:\/\/www.sunkaraoke.hu\/index.php\/wp-json\/wp\/v2\/media?parent=10838"}],"wp:term":[{"taxonomy":"product_cat","embeddable":true,"href":"https:\/\/www.sunkaraoke.hu\/index.php\/wp-json\/wp\/v2\/product_cat?post=10838"},{"taxonomy":"product_tag","embeddable":true,"href":"https:\/\/www.sunkaraoke.hu\/index.php\/wp-json\/wp\/v2\/product_tag?post=10838"}],"curies":[{"name":"wp","href":"https:\/\/api.w.org\/{rel}","templated":true}]}}