{"id":10828,"date":"2023-02-27T10:19:15","date_gmt":"2023-02-27T10:19:15","guid":{"rendered":"https:\/\/www.sunkaraoke.hu\/?post_type=product&#038;p=10828"},"modified":"2025-04-14T05:20:11","modified_gmt":"2025-04-14T05:20:11","slug":"bitto-duo-engedj-kozelebb-2023","status":"publish","type":"product","link":"https:\/\/www.sunkaraoke.hu\/index.php\/termek\/bitto-duo-engedj-kozelebb-2023\/","title":{"rendered":"<div class=\"wcmp-player-container product-10828\"><audio controlslist=\"nodownload\" data-product=\"10828\"  volume=\"1\"  preload=\"none\" data-lazyloading=\"none\" class=\"wcmp-player track mejs-classic\" data-duration=\"0:32\" data-estimated_duration=\"4\"><source src=\"https:\/\/www.sunkaraoke.hu\/wp-content\/uploads\/2023\/02\/Engedj-kozelebb-2023-Bitto-PB._demo.mp3\" type=\"audio\/mp3\" \/><\/audio><\/div>Bitt\u00f3 Du\u00f3 &#8211; Engedj k\u00f6zelebb (Original PB Edition)"},"content":{"rendered":"<p><strong>03:20<\/strong>\u00a0| <strong><img loading=\"lazy\" decoding=\"async\" class=\"alignnone size-full wp-image-467\" src=\"https:\/\/www.sunkaraoke.hu\/wp-content\/uploads\/2022\/07\/choir_2-copy.webp\" alt=\"\" width=\"30\" height=\"30\" \/> <\/strong><\/p>\n","protected":false},"excerpt":{"rendered":"<p><strong>Bits\u0171r\u0171s\u00e9g: 320kb\/s<\/strong><br \/>\n<strong>Hossz: 03:20<\/strong><br \/>\n<strong>Vok\u00e1lt tartalmaz: Nem <img loading=\"lazy\" decoding=\"async\" class=\"alignnone size-full wp-image-467\" src=\"http:\/\/www.sunkaraoke.hu\/wp-content\/uploads\/2022\/07\/choir_2-copy.png\" alt=\"\" width=\"30\" height=\"30\" \/><\/strong><strong style=\"font-size: 16px;\"><br \/>\n<\/strong><\/p>\n<p>Sunkaraoke mp3 st\u00fadi\u00f3 \/ www.sunkaraoke.hu \/ Inf: Tel: 06 20 4275001<\/p>\n<p>Mondd azt, hogy sohase f\u00e9ljek,<br \/>\nmondd azt, a t\u0171z el nem \u00e9get,<br \/>\nMondd azt, hogy semmi se f\u00e1jhat,<br \/>\nmondd azt, hogy v\u00e1rsz, m\u00edg megtal\u00e1llak.<br \/>\nHazudj m\u00e9g nekem.<br \/>\nMondd azt, hogy sohase f\u00e9ljek,<br \/>\nmondd azt, hogy t\u0171z el nem \u00e9get.<br \/>\nMondd azt, hogy semmi se f\u00e1jhat,<br \/>\nmondd azt, hogy v\u00e1rsz, m\u00edg megtal\u00e1llak,<br \/>\nhazudj m\u00e9g nekem!<\/p>\n<p>Engedj k\u00f6zelebb,<br \/>\nengedd, hogy \u00e9n is ott legyek.<br \/>\nL\u00e1tni akarom,<br \/>\n\u00e9s \u00e9rezni azt, amit lehet,<br \/>\n\u00e9gjen a t\u0171z,<br \/>\nengedd, hogy, megl\u00e1ssalak,<br \/>\nhogy ha f\u00e1j, ne mondj igazat.<br \/>\nEngedj k\u00f6zelebb,<br \/>\nengedd hogy, \u00e9n is ott legyek,<br \/>\nL\u00e1tni akarom,<br \/>\n\u00e9s \u00e9rezni azt, amit lehet,<br \/>\n\u00e9gjen a t\u0171z,<br \/>\nengedd hogy, megl\u00e1ssalak,<br \/>\nhogy ha f\u00e1j,ne mondj igazat.<\/p>\n<p>Mondd azt, hogy ezerszer \u00e9lek,<br \/>\nakkor is \u00e9rtesz, ha nem besz\u00e9lek.<br \/>\nMondd azt, hogy senki se b\u00e1nthat,<br \/>\na s\u00f6t\u00e9tben, senki se l\u00e1that,<br \/>\nhazudj m\u00e9g nekem!<br \/>\nMondd azt, hogy igaz volt minden,<br \/>\nminden sz\u00f3, amit elhittem.<br \/>\nMeleget hozz, hogyha f\u00e1zom,<br \/>\nszeress \u00fagy, ahogy k\u00edv\u00e1nom,<br \/>\nhazudj m\u00e9g nekem!<\/p>\n<p>Engedj k\u00f6zelebb,<br \/>\nengedd, hogy \u00e9n is ott legyek.<br \/>\nL\u00e1tni akarom,<br \/>\n\u00e9s \u00e9rezni azt, amit lehet,<br \/>\n\u00e9gjen a t\u0171z,<br \/>\nengedd, hogy, megl\u00e1ssalak,<br \/>\nlegyen \u00fagy ahogy nem szabad!<br \/>\nEngedj k\u00f6zelebb,<br \/>\nengedd hogy, \u00e9n is ott legyek,<br \/>\nL\u00e1tni akarom,<br \/>\n\u00e9rezni azt, amit lehet,<br \/>\n\u00e9gjen a t\u0171z,<br \/>\nengedd hogy, megl\u00e1ssalak,<br \/>\nlegyen \u00fagy ahogy nem szabad!<br \/>\n&#8212;V\u00e9ge&#8212;<\/p>\n<p>&nbsp;<\/p>\n<p>&nbsp;<\/p>\n<p>&nbsp;<\/p>\n","protected":false},"featured_media":8718,"template":"","meta":{"site-sidebar-layout":"default","site-content-layout":"default","ast-site-content-layout":"default","site-content-style":"default","site-sidebar-style":"default","ast-global-header-display":"","ast-banner-title-visibility":"","ast-main-header-display":"","ast-hfb-above-header-display":"","ast-hfb-below-header-display":"","ast-hfb-mobile-header-display":"","site-post-title":"","ast-breadcrumbs-content":"","ast-featured-img":"","footer-sml-layout":"","theme-transparent-header-meta":"default","adv-header-id-meta":"","stick-header-meta":"","header-above-stick-meta":"","header-main-stick-meta":"","header-below-stick-meta":"","astra-migrate-meta-layouts":"set","ast-page-background-enabled":"default","ast-page-background-meta":{"desktop":{"background-color":"var(--ast-global-color-4)","background-image":"","background-repeat":"repeat","background-position":"center center","background-size":"auto","background-attachment":"scroll","background-type":"","background-media":"","overlay-type":"","overlay-color":"","overlay-opacity":"","overlay-gradient":""},"tablet":{"background-color":"","background-image":"","background-repeat":"repeat","background-position":"center center","background-size":"auto","background-attachment":"scroll","background-type":"","background-media":"","overlay-type":"","overlay-color":"","overlay-opacity":"","overlay-gradient":""},"mobile":{"background-color":"","background-image":"","background-repeat":"repeat","background-position":"center center","background-size":"auto","background-attachment":"scroll","background-type":"","background-media":"","overlay-type":"","overlay-color":"","overlay-opacity":"","overlay-gradient":""}},"ast-content-background-meta":{"desktop":{"background-color":"var(--ast-global-color-5)","background-image":"","background-repeat":"repeat","background-position":"center center","background-size":"auto","background-attachment":"scroll","background-type":"","background-media":"","overlay-type":"","overlay-color":"","overlay-opacity":"","overlay-gradient":""},"tablet":{"background-color":"var(--ast-global-color-5)","background-image":"","background-repeat":"repeat","background-position":"center center","background-size":"auto","background-attachment":"scroll","background-type":"","background-media":"","overlay-type":"","overlay-color":"","overlay-opacity":"","overlay-gradient":""},"mobile":{"background-color":"var(--ast-global-color-5)","background-image":"","background-repeat":"repeat","background-position":"center center","background-size":"auto","background-attachment":"scroll","background-type":"","background-media":"","overlay-type":"","overlay-color":"","overlay-opacity":"","overlay-gradient":""}}},"product_cat":[48],"product_tag":[],"class_list":["post-10828","product","type-product","status-publish","has-post-thumbnail","hentry","product_cat-sunkaraoke-dalok","desktop-align-left","tablet-align-left","mobile-align-left"],"_links":{"self":[{"href":"https:\/\/www.sunkaraoke.hu\/index.php\/wp-json\/wp\/v2\/product\/10828","targetHints":{"allow":["GET"]}}],"collection":[{"href":"https:\/\/www.sunkaraoke.hu\/index.php\/wp-json\/wp\/v2\/product"}],"about":[{"href":"https:\/\/www.sunkaraoke.hu\/index.php\/wp-json\/wp\/v2\/types\/product"}],"wp:featuredmedia":[{"embeddable":true,"href":"https:\/\/www.sunkaraoke.hu\/index.php\/wp-json\/wp\/v2\/media\/8718"}],"wp:attachment":[{"href":"https:\/\/www.sunkaraoke.hu\/index.php\/wp-json\/wp\/v2\/media?parent=10828"}],"wp:term":[{"taxonomy":"product_cat","embeddable":true,"href":"https:\/\/www.sunkaraoke.hu\/index.php\/wp-json\/wp\/v2\/product_cat?post=10828"},{"taxonomy":"product_tag","embeddable":true,"href":"https:\/\/www.sunkaraoke.hu\/index.php\/wp-json\/wp\/v2\/product_tag?post=10828"}],"curies":[{"name":"wp","href":"https:\/\/api.w.org\/{rel}","templated":true}]}}