{"id":10806,"date":"2023-02-21T13:21:44","date_gmt":"2023-02-21T13:21:44","guid":{"rendered":"https:\/\/www.sunkaraoke.hu\/?post_type=product&#038;p=10806"},"modified":"2025-04-14T05:19:41","modified_gmt":"2025-04-14T05:19:41","slug":"jerzsele-zoltan-trombitas","status":"publish","type":"product","link":"https:\/\/www.sunkaraoke.hu\/index.php\/termek\/jerzsele-zoltan-trombitas\/","title":{"rendered":"<div class=\"wcmp-player-container product-10806\"><audio controlslist=\"nodownload\" data-product=\"10806\"  volume=\"1\"  preload=\"none\" data-lazyloading=\"none\" class=\"wcmp-player track mejs-classic\" data-duration=\"0:29\" data-estimated_duration=\"3\"><source src=\"https:\/\/www.sunkaraoke.hu\/wp-content\/uploads\/2023\/02\/Trombitas-Jero-Voc_demo.mp3\" type=\"audio\/mp3\" \/><\/audio><\/div>Jerzsele Zolt\u00e1n- Trombit\u00e1s (Original)"},"content":{"rendered":"<p><b>03:12 \/<\/b>\u00a0<img decoding=\"async\" src=\"https:\/\/www.sunkaraoke.hu\/wp-content\/uploads\/2022\/07\/choir_1-copy.webp\" \/> \/<\/p>\n","protected":false},"excerpt":{"rendered":"<h6><strong>Bits\u0171r\u0171s\u00e9g: 160kb\/s &#8211; 320 kb\/s<\/strong><br \/>\n<strong>Hossz: 03:12<\/strong><\/h6>\n<h6><strong>Vok\u00e1lt tartalmaz: Igen<\/strong>\u00a0<img decoding=\"async\" src=\"https:\/\/www.sunkaraoke.hu\/wp-content\/uploads\/2022\/07\/choir_1-copy.png\" \/><strong style=\"font-size: 16px;\"><br \/>\n<\/strong><\/h6>\n<p>Sunkaraoke mp3 st\u00fadi\u00f3 \/ www.sunkaraoke.hu \/ Inf: Tel: 06 20 4275001<\/p>\n<p>&#8212;Intro&#8212;Gm&#8212;<br \/>\nPam-pam pa-pa-ra-pa pam-pam,<br \/>\npa-pa-ra-pa pam-pam,<br \/>\npa-pa-rap-pa pa-pa-pam, pa-ra-ba-ra pap-pa.<br \/>\nPam-pam pa-pa-ra-pa pam-pam,<br \/>\npa-pa-ra-pa pam-pam, pa-ra-ba-ra pap-pa-pam!<br \/>\nVan nekem egy j\u00f3 szomsz\u00e9dom, sajnos \u00e9ppen trombit\u00e1s.<br \/>\nHa megf\u00fajja trombit\u00e1j\u00e1t, zeng bel\u00e9 az eg\u00e9sz h\u00e1z.<br \/>\nNem is volna nagy baj az hogy haszn\u00e1lja a hangszer\u00e9t.<br \/>\nCsak ne f\u00fajn\u00e1 \u00e1lland\u00f3an ugyanazt az egy zen\u00e9t.<br \/>\nPam-pam pa-pa-ra-pa pam-pam,<br \/>\npa-pa-ra-pa pam-pam,<br \/>\npa-pa-rap-pa pa-pa-pam, pa-ra-ba-ra pap-pa.<br \/>\nPam-pam pa-pa-ra-pa pam-pam,<br \/>\npa-pa-ra-pa pam-pam, pa-ra-ba-ra pap-pa-pam!<br \/>\nKora reggel megkezdi a munk\u00e1j\u00e1t a szemetes.<br \/>\nSzomsz\u00e9duram el\u0151kapja trombit\u00e1j\u00e1t, \u0150 se rest.<br \/>\nR\u00e1zend\u00edt a n\u00f3t\u00e1j\u00e1ra, ett\u0151l kiss\u00e9 reszketek.<br \/>\nEl\u00e9g lenne nyolckor kelnem, m\u00e9gis hatkor \u00e9bredek.<br \/>\nPam-pam pa-pa-ra-pa pam-pam,<br \/>\npa-pa-ra-pa pam-pam,<br \/>\npa-pa-rap-pa pa-pa-pam, pa-ra-ba-ra pap-pa.<br \/>\nPam-pam pa-pa-ra-pa pam-pam,<br \/>\npa-pa-ra-pa pam-pam, pa-ra-ba-ra pap-pa-pam!<br \/>\n&#8212;F\u00fav\u00f3s Solo&#8212;<br \/>\nPam-pam pa-pa-ra-pa pam-pam,<br \/>\npa-pa-ra-pa pam-pam,<br \/>\npa-pa-rap-pa pa-pa-pam, pa-ra-ba-ra pap-pa.<br \/>\nPam-pam pa-pa-ra-pa pam-pam,<br \/>\npa-pa-ra-pa pam-pam, pa-ra-ba-ra pap-pa-pam!<br \/>\nTegnap azt\u00e1n k\u00f6z\u00f6ltem, hogy unom m\u00e1r a sl\u00e1ger\u00e9t.<br \/>\nDr\u00e1ga, kedves szomsz\u00e9d b\u00e1csi, j\u00e1tsszon ink\u00e1bb beat-zen\u00e9t.<br \/>\nAzt felelte haragosan: minden besz\u00e9d hi\u00e1ba.<br \/>\n\u00c9s akinek nem tetszik, az menjen el a csud\u00e1ba!<br \/>\nPam-pam pa-pa-ra-pa pam-pam,<br \/>\npa-pa-ra-pa pam-pam,<br \/>\npa-pa-rap-pa pa-pa-pam, pa-ra-ba-ra pap-pa.<br \/>\nPam-pam pa-pa-ra-pa pam-pam,<br \/>\npa-pa-ra-pa pam-pam, pa-ra-ba-ra pap-pa-pam!!!<br \/>\n&#8212;Coda&#8212;<br \/>\n&#8212;Jer\u00f3 Music &#8211; 2023.&#8212;<\/p>\n","protected":false},"featured_media":9772,"template":"","meta":{"site-sidebar-layout":"default","site-content-layout":"default","ast-site-content-layout":"default","site-content-style":"default","site-sidebar-style":"default","ast-global-header-display":"","ast-banner-title-visibility":"","ast-main-header-display":"","ast-hfb-above-header-display":"","ast-hfb-below-header-display":"","ast-hfb-mobile-header-display":"","site-post-title":"","ast-breadcrumbs-content":"","ast-featured-img":"","footer-sml-layout":"","theme-transparent-header-meta":"default","adv-header-id-meta":"","stick-header-meta":"","header-above-stick-meta":"","header-main-stick-meta":"","header-below-stick-meta":"","astra-migrate-meta-layouts":"set","ast-page-background-enabled":"default","ast-page-background-meta":{"desktop":{"background-color":"var(--ast-global-color-4)","background-image":"","background-repeat":"repeat","background-position":"center center","background-size":"auto","background-attachment":"scroll","background-type":"","background-media":"","overlay-type":"","overlay-color":"","overlay-opacity":"","overlay-gradient":""},"tablet":{"background-color":"","background-image":"","background-repeat":"repeat","background-position":"center center","background-size":"auto","background-attachment":"scroll","background-type":"","background-media":"","overlay-type":"","overlay-color":"","overlay-opacity":"","overlay-gradient":""},"mobile":{"background-color":"","background-image":"","background-repeat":"repeat","background-position":"center center","background-size":"auto","background-attachment":"scroll","background-type":"","background-media":"","overlay-type":"","overlay-color":"","overlay-opacity":"","overlay-gradient":""}},"ast-content-background-meta":{"desktop":{"background-color":"var(--ast-global-color-5)","background-image":"","background-repeat":"repeat","background-position":"center center","background-size":"auto","background-attachment":"scroll","background-type":"","background-media":"","overlay-type":"","overlay-color":"","overlay-opacity":"","overlay-gradient":""},"tablet":{"background-color":"var(--ast-global-color-5)","background-image":"","background-repeat":"repeat","background-position":"center center","background-size":"auto","background-attachment":"scroll","background-type":"","background-media":"","overlay-type":"","overlay-color":"","overlay-opacity":"","overlay-gradient":""},"mobile":{"background-color":"var(--ast-global-color-5)","background-image":"","background-repeat":"repeat","background-position":"center center","background-size":"auto","background-attachment":"scroll","background-type":"","background-media":"","overlay-type":"","overlay-color":"","overlay-opacity":"","overlay-gradient":""}}},"product_cat":[75],"product_tag":[],"class_list":["post-10806","product","type-product","status-publish","has-post-thumbnail","hentry","product_cat-jerzsele-zoltan","desktop-align-left","tablet-align-left","mobile-align-left"],"_links":{"self":[{"href":"https:\/\/www.sunkaraoke.hu\/index.php\/wp-json\/wp\/v2\/product\/10806","targetHints":{"allow":["GET"]}}],"collection":[{"href":"https:\/\/www.sunkaraoke.hu\/index.php\/wp-json\/wp\/v2\/product"}],"about":[{"href":"https:\/\/www.sunkaraoke.hu\/index.php\/wp-json\/wp\/v2\/types\/product"}],"wp:featuredmedia":[{"embeddable":true,"href":"https:\/\/www.sunkaraoke.hu\/index.php\/wp-json\/wp\/v2\/media\/9772"}],"wp:attachment":[{"href":"https:\/\/www.sunkaraoke.hu\/index.php\/wp-json\/wp\/v2\/media?parent=10806"}],"wp:term":[{"taxonomy":"product_cat","embeddable":true,"href":"https:\/\/www.sunkaraoke.hu\/index.php\/wp-json\/wp\/v2\/product_cat?post=10806"},{"taxonomy":"product_tag","embeddable":true,"href":"https:\/\/www.sunkaraoke.hu\/index.php\/wp-json\/wp\/v2\/product_tag?post=10806"}],"curies":[{"name":"wp","href":"https:\/\/api.w.org\/{rel}","templated":true}]}}