{"id":10798,"date":"2023-02-21T13:15:11","date_gmt":"2023-02-21T13:15:11","guid":{"rendered":"https:\/\/www.sunkaraoke.hu\/?post_type=product&#038;p=10798"},"modified":"2026-04-18T07:25:15","modified_gmt":"2026-04-18T05:25:15","slug":"jerzsele-zoltan-aruld-el","status":"publish","type":"product","link":"https:\/\/www.sunkaraoke.hu\/index.php\/termek\/jerzsele-zoltan-aruld-el\/","title":{"rendered":"<div class=\"wcmp-player-container product-10798\"><audio controlslist=\"nodownload\" data-product=\"10798\"  volume=\"1\"  preload=\"none\" data-lazyloading=\"none\" class=\"wcmp-player track mejs-classic\" data-duration=\"0:38\" data-estimated_duration=\"4\"><source src=\"https:\/\/www.sunkaraoke.hu\/wp-content\/uploads\/2023\/02\/Aruld-el_Slow-Jero._demo.mp3\" type=\"audio\/mp3\" \/><\/audio><\/div>Jerzsele Zolt\u00e1n- \u00c1ruld el (Original)"},"content":{"rendered":"<p><b>04:12 \/<\/b>\u00a0<img decoding=\"async\" src=\"https:\/\/www.sunkaraoke.hu\/wp-content\/uploads\/2022\/07\/choir_1-copy.webp\" \/> \/<\/p>\n","protected":false},"excerpt":{"rendered":"<h6><strong>Bits\u0171r\u0171s\u00e9g: 160kb\/s &#8211; 320 kb\/s<\/strong><br \/>\n<strong>Hossz: 04:12<\/strong><\/h6>\n<h6><strong>Vok\u00e1lt tartalmaz: Igen<\/strong>\u00a0<img decoding=\"async\" src=\"https:\/\/www.sunkaraoke.hu\/wp-content\/uploads\/2022\/07\/choir_1-copy.png\" \/><strong style=\"font-size: 16px;\"><br \/>\n<\/strong><\/h6>\n<p>Sunkaraoke mp3 st\u00fadi\u00f3 \/ www.sunkaraoke.hu \/ Inf: Tel: 06 20 4275001<\/p>\n<p>&#8212;Intro&#8212;Gm&#8212;<br \/>\nKi tudja mi\u00e9rt t\u00f6r r\u00e1m a gy\u00f6tr\u0151 k\u00ednz\u00f3 f\u00e9lelem,<br \/>\nki mondja meg hol t\u0171nik el, a j\u00f3zan \u00e9rtelem.<br \/>\nKi \u00e9rti azt hogy szenvedek, ha nem vagy \u00e9n velem,<br \/>\nt\u00e1n \u00e9pp ez amit szeretek.<br \/>\nMi\u00e9rt van \u00fagy, hogy l\u00e1ngra gy\u00fajt,<br \/>\na h\u0171v\u00f6s k\u00e9t kezed.<br \/>\nMi\u00e9rt ijeszt ha szikr\u00e1t sz\u00f3r a halv\u00e1ny z\u00f6ld szemed.<br \/>\nMi\u00e9rt zavarnak, vonzanak a furcsa v\u00e9gletek,<br \/>\nt\u00e1n \u00e9pp ez amit szeretek.<br \/>\n\u00c1ruld el mivel tudsz hatni r\u00e1m.<br \/>\n\u00c1ruld el mit\u0151l szomjas a sz\u00e1d.<br \/>\n\u00c1ruld el mi j\u00f6n m\u00e9g ezut\u00e1n, \u00e1ruld el igaz\u00e1n.<br \/>\n\u00c1ruld el mit\u0151l \u00e9g ez a l\u00e1z.<br \/>\n\u00c1ruld el sz\u00edvedre ki vigy\u00e1z.<br \/>\n\u00c1ruld el meddig tart a var\u00e1zs, \u00e1ruld el mire v\u00e1rsz.<br \/>\nTudod te j\u00f3l, az \u00faj ruh\u00e1k nekem nem tetszenek,<br \/>\ntudod te j\u00f3l, a r\u00e9giben \u00e9n jobban kedvellek.<br \/>\nTudod te j\u00f3l, de r\u00e1besz\u00e9lsz \u00e9s v\u00e9g\u00fcl felveszed,<br \/>\nt\u00e1n \u00e9pp ez amit szeretek.<br \/>\n\u00c1ruld el mivel tudsz hatni r\u00e1m.<br \/>\n\u00c1ruld el mit\u0151l szomjas a sz\u00e1d.<br \/>\n\u00c1ruld el mi j\u00f6n m\u00e9g ezut\u00e1n, \u00e1ruld el igaz\u00e1n.<br \/>\n\u00c1ruld el mit\u0151l \u00e9g ez a l\u00e1z.<br \/>\n\u00c1ruld el sz\u00edvedre ki vigy\u00e1z.<br \/>\n\u00c1ruld el meddig tart a var\u00e1zs, \u00e1ruld el mire v\u00e1rsz.<br \/>\nCsak \u00e9n tudom, mit \u00e9rzek \u00e9n, ha olykor k\u00e9tkedek?<br \/>\nCsak \u00e9n tudom, milyen neh\u00e9z, de m\u00e9gis f\u00e9ltelek.<br \/>\nCsak \u00e9n tudom, hogy n\u00e9lk\u00fcled most m\u00e1r nem \u00e9lhetek,<br \/>\nt\u00e1n \u00e9pp ez amit szeretek.<br \/>\n\u00c1ruld el mivel tudsz hatni r\u00e1m.<br \/>\n\u00c1ruld el mit\u0151l szomjas a sz\u00e1d.<br \/>\n\u00c1ruld el mi j\u00f6n m\u00e9g ezut\u00e1n, \u00e1ruld el igaz\u00e1n.<br \/>\n\u00c1ruld el mit\u0151l \u00e9g ez a l\u00e1z.<br \/>\n\u00c1ruld el sz\u00edvedre ki vigy\u00e1z.<br \/>\n\u00c1ruld el meddig tart a var\u00e1zs, \u00e1ruld el mire v\u00e1rsz.<br \/>\n\u00c1ruld el mivel tudsz hatni r\u00e1m.<br \/>\n\u00c1ruld el mit\u0151l szomjas a sz\u00e1d.<br \/>\n\u00c1ruld el mi j\u00f6n m\u00e9g ezut\u00e1n, \u00e1ruld el igaz\u00e1n.<br \/>\n\u00c1ruld el mit\u0151l \u00e9g ez a l\u00e1z.<br \/>\n\u00c1ruld el sz\u00edvedre ki vigy\u00e1z.<br \/>\n\u00c1ruld el meddig tart a var\u00e1zs, \u00e1ruld el mire v\u00e1rsz!<br \/>\n&#8212;Coda&#8212;<br \/>\n&#8212;Jer\u00f3 Music &#8211; 2023.&#8212;<\/p>\n","protected":false},"featured_media":9772,"template":"","meta":{"site-sidebar-layout":"default","site-content-layout":"default","ast-site-content-layout":"default","site-content-style":"default","site-sidebar-style":"default","ast-global-header-display":"","ast-banner-title-visibility":"","ast-main-header-display":"","ast-hfb-above-header-display":"","ast-hfb-below-header-display":"","ast-hfb-mobile-header-display":"","site-post-title":"","ast-breadcrumbs-content":"","ast-featured-img":"","footer-sml-layout":"","theme-transparent-header-meta":"default","adv-header-id-meta":"","stick-header-meta":"","header-above-stick-meta":"","header-main-stick-meta":"","header-below-stick-meta":"","astra-migrate-meta-layouts":"set","ast-page-background-enabled":"default","ast-page-background-meta":{"desktop":{"background-color":"var(--ast-global-color-4)","background-image":"","background-repeat":"repeat","background-position":"center center","background-size":"auto","background-attachment":"scroll","background-type":"","background-media":"","overlay-type":"","overlay-color":"","overlay-opacity":"","overlay-gradient":""},"tablet":{"background-color":"","background-image":"","background-repeat":"repeat","background-position":"center center","background-size":"auto","background-attachment":"scroll","background-type":"","background-media":"","overlay-type":"","overlay-color":"","overlay-opacity":"","overlay-gradient":""},"mobile":{"background-color":"","background-image":"","background-repeat":"repeat","background-position":"center center","background-size":"auto","background-attachment":"scroll","background-type":"","background-media":"","overlay-type":"","overlay-color":"","overlay-opacity":"","overlay-gradient":""}},"ast-content-background-meta":{"desktop":{"background-color":"var(--ast-global-color-5)","background-image":"","background-repeat":"repeat","background-position":"center center","background-size":"auto","background-attachment":"scroll","background-type":"","background-media":"","overlay-type":"","overlay-color":"","overlay-opacity":"","overlay-gradient":""},"tablet":{"background-color":"var(--ast-global-color-5)","background-image":"","background-repeat":"repeat","background-position":"center center","background-size":"auto","background-attachment":"scroll","background-type":"","background-media":"","overlay-type":"","overlay-color":"","overlay-opacity":"","overlay-gradient":""},"mobile":{"background-color":"var(--ast-global-color-5)","background-image":"","background-repeat":"repeat","background-position":"center center","background-size":"auto","background-attachment":"scroll","background-type":"","background-media":"","overlay-type":"","overlay-color":"","overlay-opacity":"","overlay-gradient":""}}},"product_cat":[75],"product_tag":[],"class_list":["post-10798","product","type-product","status-publish","has-post-thumbnail","hentry","product_cat-jerzsele-zoltan","desktop-align-left","tablet-align-left","mobile-align-left"],"_links":{"self":[{"href":"https:\/\/www.sunkaraoke.hu\/index.php\/wp-json\/wp\/v2\/product\/10798","targetHints":{"allow":["GET"]}}],"collection":[{"href":"https:\/\/www.sunkaraoke.hu\/index.php\/wp-json\/wp\/v2\/product"}],"about":[{"href":"https:\/\/www.sunkaraoke.hu\/index.php\/wp-json\/wp\/v2\/types\/product"}],"wp:featuredmedia":[{"embeddable":true,"href":"https:\/\/www.sunkaraoke.hu\/index.php\/wp-json\/wp\/v2\/media\/9772"}],"wp:attachment":[{"href":"https:\/\/www.sunkaraoke.hu\/index.php\/wp-json\/wp\/v2\/media?parent=10798"}],"wp:term":[{"taxonomy":"product_cat","embeddable":true,"href":"https:\/\/www.sunkaraoke.hu\/index.php\/wp-json\/wp\/v2\/product_cat?post=10798"},{"taxonomy":"product_tag","embeddable":true,"href":"https:\/\/www.sunkaraoke.hu\/index.php\/wp-json\/wp\/v2\/product_tag?post=10798"}],"curies":[{"name":"wp","href":"https:\/\/api.w.org\/{rel}","templated":true}]}}