{"id":10784,"date":"2023-02-21T11:07:46","date_gmt":"2023-02-21T11:07:46","guid":{"rendered":"https:\/\/www.sunkaraoke.hu\/?post_type=product&#038;p=10784"},"modified":"2023-02-21T11:09:25","modified_gmt":"2023-02-21T11:09:25","slug":"ihasz-gabor-valaszolj-nekem-2023-pb-cover","status":"publish","type":"product","link":"https:\/\/www.sunkaraoke.hu\/index.php\/termek\/ihasz-gabor-valaszolj-nekem-2023-pb-cover\/","title":{"rendered":"<div class=\"wcmp-player-container product-10784\"><audio controlslist=\"nodownload\" data-product=\"10784\"  volume=\"1\"  preload=\"none\" data-lazyloading=\"none\" class=\"wcmp-player track mejs-classic\" data-duration=\"0:30\" data-estimated_duration=\"3\"><source src=\"https:\/\/www.sunkaraoke.hu\/wp-content\/uploads\/2023\/02\/Valaszolj-nekem-2023-Ori_demo.mp3\" type=\"audio\/mp3\" \/><\/audio><\/div>Ih\u00e1sz G\u00e1bor- V\u00e1laszolj nekem 2023.  (PB. Cover)"},"content":{"rendered":"<p><strong>03:59\u00a0 \/ <\/strong><img loading=\"lazy\" decoding=\"async\" class=\"alignnone size-full wp-image-467\" style=\"font-weight: inherit;\" src=\"https:\/\/www.sunkaraoke.hu\/wp-content\/uploads\/2022\/07\/choir_2-copy.webp\" alt=\"\" width=\"30\" height=\"30\" \/> <strong>\/\u00a0<\/strong><\/p>\n","protected":false},"excerpt":{"rendered":"<h6><strong>Bits\u0171r\u0171s\u00e9g: 320kb\/s<\/strong><br \/>\n<strong>Hossz: 03:59<\/strong><br \/>\n<strong>Vok\u00e1lt tartalmaz: Nem <img loading=\"lazy\" decoding=\"async\" class=\"alignnone size-full wp-image-467\" src=\"http:\/\/www.sunkaraoke.hu\/wp-content\/uploads\/2022\/07\/choir_2-copy.png\" alt=\"\" width=\"30\" height=\"30\" \/><\/strong><\/h6>\n<p>Sunkaraoke mp3 st\u00fadi\u00f3 \/ www.sunkaraoke.hu \/ Inf: Tel: 06 20 4275001<\/p>\n<p>&#8212;Intr\u00f3&#8212;\/\/\/00:30\/\/<br \/>\nA f\u00e1radt naps\u00fct\u00e9sben aranysz\u00edn\u0171 minden,<br \/>\naz \u00faton lassan ballagok.<br \/>\nLen\u00e9znek r\u00e1m a f\u00e1k a d\u00e9lut\u00e1ni csendben,<br \/>\ntudj\u00e1k, hogy hozz\u00e1d indulok.<br \/>\nElmondom neked majd, hogy te vagy csak az \u00e9let,<br \/>\nte vagy, akit elk\u00e9pzeltem \u00e9n.<br \/>\nElmondom neked majd, hogy s\u00edrok n\u00e9ha \u00e9rted,<br \/>\nmi\u00e9rt is nem lehetsz eny\u00e9m.<br \/>\nV\u00e1laszolj nekem, k\u00e9rlek, v\u00e1laszolj nekem,<br \/>\nv\u00e1laszold, mit r\u00e9gen v\u00e1rok \u00e9n.<br \/>\nV\u00e1laszolj nekem, k\u00e9rlek, v\u00e1laszolj nekem,<br \/>\nv\u00e1laszold, hogy m\u00e9gis van rem\u00e9ny.<br \/>\nHa m\u00e9gis elsodorna t\u0151led majd az \u00e9let,<br \/>\nahogy a r\u0151t avart a sz\u00e9l.<br \/>\nMegk\u00e9rn\u00e9m \u00e9n a m\u00fal\u00f3, n\u00e9ma mindens\u00e9get,<br \/>\nhogy \u00fajra mellettem legy\u00e9l.<br \/>\nElmondom neked majd, hogy te vagy csak az \u00e9let,<br \/>\nte vagy, akit elk\u00e9pzeltem \u00e9n.<br \/>\nElmondom neked majd, hogy s\u00edrok n\u00e9ha \u00e9rted,<br \/>\nmi\u00e9rt is nem lehetsz eny\u00e9m.<br \/>\nV\u00e1laszolj nekem, k\u00e9rlek, v\u00e1laszolj nekem,<br \/>\nv\u00e1laszold, mit r\u00e9gen v\u00e1rok \u00e9n.<br \/>\nV\u00e1laszolj nekem, k\u00e9rlek, v\u00e1laszolj nekem,<br \/>\nv\u00e1laszold, hogy m\u00e9gis van rem\u00e9ny.<br \/>\nV\u00e1laszolj nekem, k\u00e9rlek, v\u00e1laszolj nekem,<br \/>\nv\u00e1laszold, mit r\u00e9gen v\u00e1rok \u00e9n.<br \/>\nV\u00e1laszolj nekem, k\u00e9rlek, v\u00e1laszolj nekem,<br \/>\nv\u00e1laszold, hogy m\u00e9gis van rem\u00e9ny.<br \/>\n&#8212;V\u00e9ge&#8212;<\/p>\n","protected":false},"featured_media":9629,"template":"","meta":{"site-sidebar-layout":"default","site-content-layout":"default","ast-site-content-layout":"","site-content-style":"default","site-sidebar-style":"default","ast-global-header-display":"","ast-banner-title-visibility":"","ast-main-header-display":"","ast-hfb-above-header-display":"","ast-hfb-below-header-display":"","ast-hfb-mobile-header-display":"","site-post-title":"","ast-breadcrumbs-content":"","ast-featured-img":"","footer-sml-layout":"","theme-transparent-header-meta":"default","adv-header-id-meta":"","stick-header-meta":"","header-above-stick-meta":"","header-main-stick-meta":"","header-below-stick-meta":"","astra-migrate-meta-layouts":"default","ast-page-background-enabled":"default","ast-page-background-meta":{"desktop":{"background-color":"var(--ast-global-color-4)","background-image":"","background-repeat":"repeat","background-position":"center center","background-size":"auto","background-attachment":"scroll","background-type":"","background-media":"","overlay-type":"","overlay-color":"","overlay-opacity":"","overlay-gradient":""},"tablet":{"background-color":"","background-image":"","background-repeat":"repeat","background-position":"center center","background-size":"auto","background-attachment":"scroll","background-type":"","background-media":"","overlay-type":"","overlay-color":"","overlay-opacity":"","overlay-gradient":""},"mobile":{"background-color":"","background-image":"","background-repeat":"repeat","background-position":"center center","background-size":"auto","background-attachment":"scroll","background-type":"","background-media":"","overlay-type":"","overlay-color":"","overlay-opacity":"","overlay-gradient":""}},"ast-content-background-meta":{"desktop":{"background-color":"var(--ast-global-color-5)","background-image":"","background-repeat":"repeat","background-position":"center center","background-size":"auto","background-attachment":"scroll","background-type":"","background-media":"","overlay-type":"","overlay-color":"","overlay-opacity":"","overlay-gradient":""},"tablet":{"background-color":"var(--ast-global-color-5)","background-image":"","background-repeat":"repeat","background-position":"center center","background-size":"auto","background-attachment":"scroll","background-type":"","background-media":"","overlay-type":"","overlay-color":"","overlay-opacity":"","overlay-gradient":""},"mobile":{"background-color":"var(--ast-global-color-5)","background-image":"","background-repeat":"repeat","background-position":"center center","background-size":"auto","background-attachment":"scroll","background-type":"","background-media":"","overlay-type":"","overlay-color":"","overlay-opacity":"","overlay-gradient":""}}},"product_cat":[48],"product_tag":[],"class_list":["post-10784","product","type-product","status-publish","has-post-thumbnail","hentry","product_cat-sunkaraoke-dalok","desktop-align-left","tablet-align-left","mobile-align-left"],"_links":{"self":[{"href":"https:\/\/www.sunkaraoke.hu\/index.php\/wp-json\/wp\/v2\/product\/10784","targetHints":{"allow":["GET"]}}],"collection":[{"href":"https:\/\/www.sunkaraoke.hu\/index.php\/wp-json\/wp\/v2\/product"}],"about":[{"href":"https:\/\/www.sunkaraoke.hu\/index.php\/wp-json\/wp\/v2\/types\/product"}],"wp:featuredmedia":[{"embeddable":true,"href":"https:\/\/www.sunkaraoke.hu\/index.php\/wp-json\/wp\/v2\/media\/9629"}],"wp:attachment":[{"href":"https:\/\/www.sunkaraoke.hu\/index.php\/wp-json\/wp\/v2\/media?parent=10784"}],"wp:term":[{"taxonomy":"product_cat","embeddable":true,"href":"https:\/\/www.sunkaraoke.hu\/index.php\/wp-json\/wp\/v2\/product_cat?post=10784"},{"taxonomy":"product_tag","embeddable":true,"href":"https:\/\/www.sunkaraoke.hu\/index.php\/wp-json\/wp\/v2\/product_tag?post=10784"}],"curies":[{"name":"wp","href":"https:\/\/api.w.org\/{rel}","templated":true}]}}