{"id":10765,"date":"2023-02-18T11:09:07","date_gmt":"2023-02-18T11:09:07","guid":{"rendered":"https:\/\/www.sunkaraoke.hu\/?post_type=product&#038;p=10765"},"modified":"2025-08-16T06:09:12","modified_gmt":"2025-08-16T04:09:12","slug":"zambo-jimmy-barhol-es-barmikor-2023","status":"publish","type":"product","link":"https:\/\/www.sunkaraoke.hu\/index.php\/termek\/zambo-jimmy-barhol-es-barmikor-2023\/","title":{"rendered":"<div class=\"wcmp-player-container product-10765\"><audio controlslist=\"nodownload\" data-product=\"10765\"  volume=\"1\"  preload=\"none\" data-lazyloading=\"none\" class=\"wcmp-player track mejs-classic\" data-duration=\"0:32\" data-estimated_duration=\"4\"><source src=\"https:\/\/www.sunkaraoke.hu\/wp-content\/uploads\/2023\/02\/Barhol-es-barmikor-transzp_demo.mp3\" type=\"audio\/mp3\" \/><\/audio><\/div>Z\u00e1mb\u00f3 Jimmy &#8211; B\u00e1rhol \u00e9s b\u00e1rmikor (PB Edition)"},"content":{"rendered":"<p><strong>04:34<\/strong>\u00a0| <strong><img loading=\"lazy\" decoding=\"async\" class=\"alignnone size-full wp-image-467\" src=\"https:\/\/www.sunkaraoke.hu\/wp-content\/uploads\/2022\/07\/choir_2-copy.webp\" alt=\"\" width=\"30\" height=\"30\" \/> <strong> | <img decoding=\"async\" src=\"https:\/\/www.sunkaraoke.hu\/wp-content\/uploads\/2022\/07\/transzponalas.webp\" \/>\u00a0 -4<\/strong><\/strong><\/p>\n<p>&nbsp;<\/p>\n<p>&nbsp;<\/p>\n","protected":false},"excerpt":{"rendered":"<h6><strong>Bits\u0171r\u0171s\u00e9g: 320kb\/s<\/strong><br \/>\n<strong>Hossz: 04:34<\/strong><\/h6>\n<h6><strong>Vok\u00e1t tartalmaz: Nem\u00a0 <img loading=\"lazy\" decoding=\"async\" class=\"alignnone size-full wp-image-467\" src=\"http:\/\/www.sunkaraoke.hu\/wp-content\/uploads\/2022\/07\/choir_2-copy.png\" alt=\"\" width=\"30\" height=\"30\" \/> \u00a0<\/strong><\/h6>\n<h6><strong>Transzpon\u00e1l\u00e1s\u00a0 \u00a0 <img decoding=\"async\" src=\"https:\/\/www.sunkaraoke.hu\/wp-content\/uploads\/2022\/07\/transzponalas.png\" \/> -4\u00a0<\/strong><\/h6>\n<p>Sunkaraoke mp3 st\u00fadi\u00f3 \/ www.sunkaraoke.hu \/ Inf: Tel: 06 20 4275001<\/p>\n<p>&#8212;Intr\u00f3&#8212;\/\/00:27\/\/ (( G ))<br \/>\nEgy nagy titkot \u0151rz\u00f6k a sz\u00edvemben,<br \/>\negyed\u00fcl nem tudok s\u00edrni sem,<br \/>\nhogy valami t\u00f6rt\u00e9nt, ezt tudnod kell,<br \/>\nhisz te vagy, ki j\u00e1tszol a sz\u00edvemmel.<br \/>\nTe volt\u00e1l minden,ami boldogg\u00e1 tett engem.<br \/>\nBocs\u00e1ss meg mindent,\u00e9s kezdj\u00fck \u00fajra el.<br \/>\nB\u00e1rhol, \u00e9s b\u00e1rmikor,<br \/>\nmindig hozz\u00e1m tartozol.<br \/>\nMaradj h\u00e1t egy \u00e9leten \u00e1t,<br \/>\nne menj el, hogyha h\u00edv a vil\u00e1g.<br \/>\nB\u00e1rhol \u00e9s b\u00e1rmikor,<br \/>\nte m\u00e1r hozz\u00e1m tartozol.<br \/>\nVeled sz\u00e9p volt, minden \u00e9jszak\u00e1m,<br \/>\nhisz \u00e9n nem szerettem \u00edgy m\u00e9g senki m\u00e1st.<br \/>\nEgy nagy titkot \u0151rz\u00f6k a sz\u00edvemben,<br \/>\negyed\u00fcl nem tudok s\u00edrni sem.<br \/>\nKeresem mindig az arcodat,<br \/>\n\u00e1lmomban hallom a hangodat.<br \/>\nTe volt\u00e1l minden,<br \/>\nami boldogg\u00e1 tett engem.<br \/>\nBocs\u00e1ss meg mindent,<br \/>\n\u00e9s kezdj\u00fck \u00fajra el.<br \/>\nB\u00e1rhol, \u00e9s b\u00e1rmikor,<br \/>\nmindig hozz\u00e1m tartozol.<br \/>\nMaradj h\u00e1t egy \u00e9leten \u00e1t,<br \/>\nne menj el, hogyha h\u00edv a vil\u00e1g.<br \/>\nB\u00e1rhol \u00e9s b\u00e1rmikor,<br \/>\nte m\u00e1r hozz\u00e1m tartozol.<br \/>\nVeled sz\u00e9p volt, minden \u00e9jszak\u00e1m,<br \/>\nhisz \u00e9n nem szerettem \u00edgy m\u00e9g senki m\u00e1st.<br \/>\nB\u00e1rhol, \u00e9s b\u00e1rmikor,<br \/>\nmindig hozz\u00e1m tartozol.<br \/>\nMaradj h\u00e1t egy \u00e9leten \u00e1t,<br \/>\nne menj el, hogyha h\u00edv a vil\u00e1g.<br \/>\nB\u00e1rhol \u00e9s b\u00e1rmikor,<br \/>\nte m\u00e1r hozz\u00e1m tartozol.<br \/>\nVeled sz\u00e9p volt, minden \u00e9jszak\u00e1m,<br \/>\nhisz \u00e9n nem szerettem \u00edgy m\u00e9g senki m\u00e1st.<br \/>\n&#8212;V\u00e9ge&#8212;<\/p>\n","protected":false},"featured_media":9274,"template":"","meta":{"site-sidebar-layout":"default","site-content-layout":"default","ast-site-content-layout":"default","site-content-style":"default","site-sidebar-style":"default","ast-global-header-display":"","ast-banner-title-visibility":"","ast-main-header-display":"","ast-hfb-above-header-display":"","ast-hfb-below-header-display":"","ast-hfb-mobile-header-display":"","site-post-title":"","ast-breadcrumbs-content":"","ast-featured-img":"","footer-sml-layout":"","theme-transparent-header-meta":"default","adv-header-id-meta":"","stick-header-meta":"","header-above-stick-meta":"","header-main-stick-meta":"","header-below-stick-meta":"","astra-migrate-meta-layouts":"set","ast-page-background-enabled":"default","ast-page-background-meta":{"desktop":{"background-color":"var(--ast-global-color-4)","background-image":"","background-repeat":"repeat","background-position":"center center","background-size":"auto","background-attachment":"scroll","background-type":"","background-media":"","overlay-type":"","overlay-color":"","overlay-opacity":"","overlay-gradient":""},"tablet":{"background-color":"","background-image":"","background-repeat":"repeat","background-position":"center center","background-size":"auto","background-attachment":"scroll","background-type":"","background-media":"","overlay-type":"","overlay-color":"","overlay-opacity":"","overlay-gradient":""},"mobile":{"background-color":"","background-image":"","background-repeat":"repeat","background-position":"center center","background-size":"auto","background-attachment":"scroll","background-type":"","background-media":"","overlay-type":"","overlay-color":"","overlay-opacity":"","overlay-gradient":""}},"ast-content-background-meta":{"desktop":{"background-color":"var(--ast-global-color-5)","background-image":"","background-repeat":"repeat","background-position":"center center","background-size":"auto","background-attachment":"scroll","background-type":"","background-media":"","overlay-type":"","overlay-color":"","overlay-opacity":"","overlay-gradient":""},"tablet":{"background-color":"var(--ast-global-color-5)","background-image":"","background-repeat":"repeat","background-position":"center center","background-size":"auto","background-attachment":"scroll","background-type":"","background-media":"","overlay-type":"","overlay-color":"","overlay-opacity":"","overlay-gradient":""},"mobile":{"background-color":"var(--ast-global-color-5)","background-image":"","background-repeat":"repeat","background-position":"center center","background-size":"auto","background-attachment":"scroll","background-type":"","background-media":"","overlay-type":"","overlay-color":"","overlay-opacity":"","overlay-gradient":""}}},"product_cat":[48],"product_tag":[],"class_list":["post-10765","product","type-product","status-publish","has-post-thumbnail","hentry","product_cat-sunkaraoke-dalok","desktop-align-left","tablet-align-left","mobile-align-left"],"_links":{"self":[{"href":"https:\/\/www.sunkaraoke.hu\/index.php\/wp-json\/wp\/v2\/product\/10765","targetHints":{"allow":["GET"]}}],"collection":[{"href":"https:\/\/www.sunkaraoke.hu\/index.php\/wp-json\/wp\/v2\/product"}],"about":[{"href":"https:\/\/www.sunkaraoke.hu\/index.php\/wp-json\/wp\/v2\/types\/product"}],"wp:featuredmedia":[{"embeddable":true,"href":"https:\/\/www.sunkaraoke.hu\/index.php\/wp-json\/wp\/v2\/media\/9274"}],"wp:attachment":[{"href":"https:\/\/www.sunkaraoke.hu\/index.php\/wp-json\/wp\/v2\/media?parent=10765"}],"wp:term":[{"taxonomy":"product_cat","embeddable":true,"href":"https:\/\/www.sunkaraoke.hu\/index.php\/wp-json\/wp\/v2\/product_cat?post=10765"},{"taxonomy":"product_tag","embeddable":true,"href":"https:\/\/www.sunkaraoke.hu\/index.php\/wp-json\/wp\/v2\/product_tag?post=10765"}],"curies":[{"name":"wp","href":"https:\/\/api.w.org\/{rel}","templated":true}]}}